{"id":30718,"date":"2020-05-21T13:19:46","date_gmt":"2020-05-21T13:19:46","guid":{"rendered":"https:\/\/www.iolife.eu\/trovo-l-alternativa-adatta-per-me\/egg-donation\/"},"modified":"2020-12-11T17:51:26","modified_gmt":"2020-12-11T15:51:26","slug":"donazione-di-ovociti","status":"publish","type":"page","link":"https:\/\/iolife.dope.studio\/it\/trovo-l-alternativa-adatta-per-me\/donazione-di-ovociti\/","title":{"rendered":"Donazione di ovociti"},"content":{"rendered":"<div class=\"wpb-content-wrapper\"><p>[vc_row equal_height=&#8221;yes&#8221; type=&#8221;color&#8221; vertical_align=&#8221;yes&#8221; column_gap=&#8221;no&#8221; padding_top=&#8221;0&#8243; padding_bottom=&#8221;&#8221; margin_top=&#8221;0&#8243;][vc_column width=&#8221;1\/3&#8243;][vc_column_text]<\/p>\n<h2>Donazione di ovociti<\/h2>\n<p>[\/vc_column_text][vc_empty_space height=&#8221;80&#8243;][\/vc_column][vc_column width=&#8221;1\/3&#8243; css=&#8221;.vc_custom_1585738318112{padding-right: 10% !important;padding-left: 10% !important;}&#8221;][\/vc_column][vc_column width=&#8221;1\/3&#8243;][vc_single_image image=&#8221;22885&#8243; img_size=&#8221;full&#8221; alignment=&#8221;right&#8221; full_width=&#8221;yes&#8221;][vc_empty_space height=&#8221;80&#8243;][\/vc_column][\/vc_row][vc_row type=&#8221;color&#8221; bg_color=&#8221;#e8e8e8&#8243;][vc_column width=&#8221;1\/3&#8243;][vc_column_text text_color=&#8221;#ffffff&#8221; el_class=&#8221;.iol_lead_text&#8221; css=&#8221;.vc_custom_1607701783830{margin-top: -150px !important;padding-top: 25% !important;padding-right: 12% !important;padding-bottom: 25% !important;padding-left: 12% !important;background-color: #ac6bbc !important;}&#8221;]C&#8217;\u00e8 speranza per ogni donna che vuole diventare madre, ma non produce propri ovociti.[\/vc_column_text][\/vc_column][vc_column width=&#8221;2\/3&#8243;][vc_column_text]La donazione di ovociti consente a ogni donna di soddisfare il desiderio di diventare madre utilizzando ovociti sani.<\/p>\n<h4>Quali donne pu\u00f2 aiutare?<\/h4>\n<p>Di solito \u00e8 rivolta a donne in et\u00e0 riproduttiva avanzata, senza ovociti o con pochi ovociti di scarsa qualit\u00e0. \u00c8 rivolta anche alle donne affette da tumore, insufficienza ovarica precoce o da una malattia genetica o autoimmune che potrebbe aver danneggiato le ovaie. In ogni caso, si pu\u00f2 trovare una soluzione.<\/p>\n<h4>Come?<\/h4>\n<p>All&#8217;inizio, la donatrice sana inizia il trattamento ormonale, come avviene in un ciclo naturale di fecondazione in vitro. Segue il prelievo degli ovociti e la fecondazione con il liquido seminale del partner della ricevente. Con la semplice procedura del trasferimento degli embrioni, gli embrioni fecondati vengono trasferiti nell&#8217;utero della ricevente o crioconservati per essere trasferiti ogni volta che la ricevente lo desidera.<\/p>\n<h4>Qual \u00e8 la situazione in Grecia?<\/h4>\n<p>Secondo la legge ellenica, la donazione di ovociti \u00e8 anonima ed \u00e8 protetta da un severo quadro di norme che tutelano la coppia e la donatrice; in base a essa, la donatrice deve avere meno di 35 anni, avere una anamnesi medica normale e risultati degli esami medici nella norma. In totale, \u00e8 possibile trasferire fino a 2 embrioni nell&#8217;utero della ricevente.[\/vc_column_text][\/vc_column][\/vc_row][vc_row][vc_column][vc_text_separator title=&#8221;Argomenti rilevanti&#8221;]\n\t<div class=\"kleo-carousel-container \">\n\t\t<div class=\"kleo-carousel-items kleo-carousel-post\" data-min-items=\"1\" data-max-items=\"6\">\n\t\t\t<ul class=\"kleo-carousel\">\n\n\t\t\t\t\n<li id=\"post-30721\" class=\"post-item col-sm-4 post-30721 page type-page status-publish has-post-thumbnail hentry category-alternatives-en-it\">\n    <article>\n\n\t\t<div class=\"post-image\"><a href=\"https:\/\/iolife.dope.studio\/it\/trovo-l-alternativa-adatta-per-me\/donazione-di-liquido-seminale\/\" class=\"element-wrap\"><img loading=\"lazy\" decoding=\"async\" width=\"480\" height=\"480\" src=\"https:\/\/iolife.dope.studio\/wp-content\/uploads\/2020\/07\/dwrea-spermatos.jpg\" class=\"attachment-kleo-post-gallery size-kleo-post-gallery wp-post-image\" alt=\"\" srcset=\"https:\/\/iolife.dope.studio\/wp-content\/uploads\/2020\/07\/dwrea-spermatos.jpg 1000w, https:\/\/iolife.dope.studio\/wp-content\/uploads\/2020\/07\/dwrea-spermatos-300x300.jpg 300w, https:\/\/iolife.dope.studio\/wp-content\/uploads\/2020\/07\/dwrea-spermatos-150x150.jpg 150w, https:\/\/iolife.dope.studio\/wp-content\/uploads\/2020\/07\/dwrea-spermatos-768x768.jpg 768w, https:\/\/iolife.dope.studio\/wp-content\/uploads\/2020\/07\/dwrea-spermatos-672x672.jpg 672w\" sizes=\"auto, (max-width: 480px) 100vw, 480px\" \/><span class=\"hover-element\"><i>+<\/i><\/span><\/a><\/div><!--end post-image-->\n        <div class=\"entry-content\">\n            <h4 class=\"post-title entry-title\"><a href=\"https:\/\/iolife.dope.studio\/it\/trovo-l-alternativa-adatta-per-me\/donazione-di-liquido-seminale\/\">Donazione di liquido seminale<\/a><\/h4>\n\n\t\t\t                <hr>\n                <div class=\"entry-summary\">\n\t\t\t\t\t<p> Donazione di liquido seminale  Quando il liquido seminale del partner non \u00e8 in grado di fecondare gli...<\/p>                <\/div><!-- .entry-summary -->\n\t\t\t        <\/div><!--end post-info-->\n\n    <\/article>\n<\/li>\n<li id=\"post-30718\" class=\"post-item col-sm-4 post-30718 page type-page status-publish has-post-thumbnail hentry category-alternatives-en-it\">\n    <article>\n\n\t\t<div class=\"post-image\"><a href=\"https:\/\/iolife.dope.studio\/it\/trovo-l-alternativa-adatta-per-me\/donazione-di-ovociti\/\" class=\"element-wrap\"><img loading=\"lazy\" decoding=\"async\" width=\"480\" height=\"480\" src=\"https:\/\/iolife.dope.studio\/wp-content\/uploads\/2020\/06\/dwrea-wariwn.jpg\" class=\"attachment-kleo-post-gallery size-kleo-post-gallery wp-post-image\" alt=\"\" srcset=\"https:\/\/iolife.dope.studio\/wp-content\/uploads\/2020\/06\/dwrea-wariwn.jpg 1000w, https:\/\/iolife.dope.studio\/wp-content\/uploads\/2020\/06\/dwrea-wariwn-300x300.jpg 300w, https:\/\/iolife.dope.studio\/wp-content\/uploads\/2020\/06\/dwrea-wariwn-150x150.jpg 150w, https:\/\/iolife.dope.studio\/wp-content\/uploads\/2020\/06\/dwrea-wariwn-768x768.jpg 768w, https:\/\/iolife.dope.studio\/wp-content\/uploads\/2020\/06\/dwrea-wariwn-672x672.jpg 672w\" sizes=\"auto, (max-width: 480px) 100vw, 480px\" \/><span class=\"hover-element\"><i>+<\/i><\/span><\/a><\/div><!--end post-image-->\n        <div class=\"entry-content\">\n            <h4 class=\"post-title entry-title\"><a href=\"https:\/\/iolife.dope.studio\/it\/trovo-l-alternativa-adatta-per-me\/donazione-di-ovociti\/\">Donazione di ovociti<\/a><\/h4>\n\n\t\t\t                <hr>\n                <div class=\"entry-summary\">\n\t\t\t\t\t<p> Donazione di ovociti C&#8217;\u00e8 speranza per ogni donna che vuole diventare madre, ma non produce propri ovociti.La donazione...<\/p>                <\/div><!-- .entry-summary -->\n\t\t\t        <\/div><!--end post-info-->\n\n    <\/article>\n<\/li>\n<li id=\"post-30715\" class=\"post-item col-sm-4 post-30715 page type-page status-publish has-post-thumbnail hentry category-alternatives-en-it\">\n    <article>\n\n\t\t<div class=\"post-image\"><a href=\"https:\/\/iolife.dope.studio\/it\/trovo-l-alternativa-adatta-per-me\/maternita-surrogata\/\" class=\"element-wrap\"><img loading=\"lazy\" decoding=\"async\" width=\"480\" height=\"480\" src=\"https:\/\/iolife.dope.studio\/wp-content\/uploads\/2020\/11\/parentheti-square-4-480x480.jpg\" class=\"attachment-kleo-post-gallery size-kleo-post-gallery wp-post-image\" alt=\"\" srcset=\"https:\/\/iolife.dope.studio\/wp-content\/uploads\/2020\/11\/parentheti-square-4-480x480.jpg 480w, https:\/\/iolife.dope.studio\/wp-content\/uploads\/2020\/11\/parentheti-square-4-300x300.jpg 300w, https:\/\/iolife.dope.studio\/wp-content\/uploads\/2020\/11\/parentheti-square-4-150x150.jpg 150w, https:\/\/iolife.dope.studio\/wp-content\/uploads\/2020\/11\/parentheti-square-4-768x768.jpg 768w, https:\/\/iolife.dope.studio\/wp-content\/uploads\/2020\/11\/parentheti-square-4-672x672.jpg 672w, https:\/\/iolife.dope.studio\/wp-content\/uploads\/2020\/11\/parentheti-square-4.jpg 1000w\" sizes=\"auto, (max-width: 480px) 100vw, 480px\" \/><span class=\"hover-element\"><i>+<\/i><\/span><\/a><\/div><!--end post-image-->\n        <div class=\"entry-content\">\n            <h4 class=\"post-title entry-title\"><a href=\"https:\/\/iolife.dope.studio\/it\/trovo-l-alternativa-adatta-per-me\/maternita-surrogata\/\">Maternit\u00e0 surrogata<\/a><\/h4>\n\n\t\t\t                <hr>\n                <div class=\"entry-summary\">\n\t\t\t\t\t<p> Maternit\u00e0 surrogata  La madre surrogata \u00e8 la donna che ha in gestazione il feto destinato a una...<\/p>                <\/div><!-- .entry-summary -->\n\t\t\t        <\/div><!--end post-info-->\n\n    <\/article>\n<\/li>\n\t\t\t<\/ul>\n\t\t<\/div>\n\t\t<div class=\"carousel-arrow\">\n\t\t\t<a class=\"carousel-prev\" href=\"#\"><i class=\"icon-angle-left\"><\/i><\/a>\n\t\t\t<a class=\"carousel-next\" href=\"#\"><i class=\"icon-angle-right\"><\/i><\/a>\n\t\t<\/div>\n\t\t<div class=\"kleo-carousel-post-pager carousel-pager\"><\/div>\n\t<\/div><!--end carousel-container-->\n\n[\/vc_column][\/vc_row]<\/p>\n<\/div>","protected":false},"excerpt":{"rendered":"<p>[vc_row equal_height=&#8221;yes&#8221; type=&#8221;color&#8221; vertical_align=&#8221;yes&#8221; column_gap=&#8221;no&#8221; padding_top=&#8221;0&#8243; padding_bottom=&#8221;&#8221; margin_top=&#8221;0&#8243;][vc_column width=&#8221;1\/3&#8243;][vc_column_text] Donazione di ovociti [\/vc_column_text][vc_empty_space height=&#8221;80&#8243;][\/vc_column][vc_column width=&#8221;1\/3&#8243; css=&#8221;.vc_custom_1585738318112{padding-right: 10% !important;padding-left: 10% !important;}&#8221;][\/vc_column][vc_column width=&#8221;1\/3&#8243;][vc_single_image image=&#8221;22885&#8243; img_size=&#8221;full&#8221; alignment=&#8221;right&#8221; full_width=&#8221;yes&#8221;][vc_empty_space height=&#8221;80&#8243;][\/vc_column][\/vc_row][vc_row type=&#8221;color&#8221; bg_color=&#8221;#e8e8e8&#8243;][vc_column width=&#8221;1\/3&#8243;][vc_column_text text_color=&#8221;#ffffff&#8221; el_class=&#8221;.iol_lead_text&#8221; css=&#8221;.vc_custom_1607701783830{margin-top: -150px !important;padding-top: 25% !important;padding-right: 12% !important;padding-bottom: 25% !important;padding-left: 12% !important;background-color: #ac6bbc !important;}&#8221;]C&#8217;\u00e8 speranza per ogni donna che vuole diventare madre, ma non produce propri ovociti.[\/vc_column_text][\/vc_column][vc_column width=&#8221;2\/3&#8243;][vc_column_text]La donazione di [&hellip;]<\/p>\n","protected":false},"author":1,"featured_media":22882,"parent":30706,"menu_order":0,"comment_status":"closed","ping_status":"closed","template":"page-templates\/full-width.php","meta":{"footnotes":""},"categories":[440],"tags":[],"class_list":["post-30718","page","type-page","status-publish","has-post-thumbnail","hentry","category-alternatives-en-it"],"yoast_head":"<!-- This site is optimized with the Yoast SEO Premium plugin v27.3 (Yoast SEO v27.3) - https:\/\/yoast.com\/product\/yoast-seo-premium-wordpress\/ -->\n<title>Donazione di ovociti - Institute of Life<\/title>\n<meta name=\"robots\" content=\"index, follow, max-snippet:-1, max-image-preview:large, max-video-preview:-1\" \/>\n<link rel=\"canonical\" href=\"https:\/\/iolife.dope.studio\/it\/trovo-l-alternativa-adatta-per-me\/donazione-di-ovociti\/\" \/>\n<meta property=\"og:locale\" content=\"it_IT\" \/>\n<meta property=\"og:type\" content=\"article\" \/>\n<meta property=\"og:title\" content=\"Donazione di ovociti\" \/>\n<meta property=\"og:description\" content=\"[vc_row equal_height=&#8221;yes&#8221; type=&#8221;color&#8221; vertical_align=&#8221;yes&#8221; column_gap=&#8221;no&#8221; padding_top=&#8221;0&#8243; padding_bottom=&#8221;&#8221; margin_top=&#8221;0&#8243;][vc_column width=&#8221;1\/3&#8243;][vc_column_text] Donazione di ovociti [\/vc_column_text][vc_empty_space height=&#8221;80&#8243;][\/vc_column][vc_column width=&#8221;1\/3&#8243; css=&#8221;.vc_custom_1585738318112{padding-right: 10% !important;padding-left: 10% !important;}&#8221;][\/vc_column][vc_column width=&#8221;1\/3&#8243;][vc_single_image image=&#8221;22885&#8243; img_size=&#8221;full&#8221; alignment=&#8221;right&#8221; full_width=&#8221;yes&#8221;][vc_empty_space height=&#8221;80&#8243;][\/vc_column][\/vc_row][vc_row type=&#8221;color&#8221; bg_color=&#8221;#e8e8e8&#8243;][vc_column width=&#8221;1\/3&#8243;][vc_column_text text_color=&#8221;#ffffff&#8221; el_class=&#8221;.iol_lead_text&#8221; css=&#8221;.vc_custom_1607701783830{margin-top: -150px !important;padding-top: 25% !important;padding-right: 12% !important;padding-bottom: 25% !important;padding-left: 12% !important;background-color: #ac6bbc !important;}&#8221;]C&#8217;\u00e8 speranza per ogni donna che vuole diventare madre, ma non produce propri ovociti.[\/vc_column_text][\/vc_column][vc_column width=&#8221;2\/3&#8243;][vc_column_text]La donazione di [&hellip;]\" \/>\n<meta property=\"og:url\" content=\"https:\/\/iolife.dope.studio\/it\/trovo-l-alternativa-adatta-per-me\/donazione-di-ovociti\/\" \/>\n<meta property=\"og:site_name\" content=\"Institute of Life\" \/>\n<meta property=\"article:publisher\" content=\"https:\/\/web.facebook.com\/iolifeiaso?_rdc=1&amp;amp%3bamp%3bamp%3bamp%3bamp%3bamp%3bamp%3bamp%3bamp%3bamp%3bamp%3bamp%3bamp%3bamp%3bamp%3bamp%3bamp%3b_rdr\" \/>\n<meta property=\"article:modified_time\" content=\"2020-12-11T15:51:26+00:00\" \/>\n<meta property=\"og:image\" content=\"https:\/\/iolife.dope.studio\/wp-content\/uploads\/2020\/06\/dwrea-wariwn.jpg\" \/>\n\t<meta property=\"og:image:width\" content=\"1000\" \/>\n\t<meta property=\"og:image:height\" content=\"1000\" \/>\n\t<meta property=\"og:image:type\" content=\"image\/jpeg\" \/>\n<meta name=\"twitter:card\" content=\"summary_large_image\" \/>\n<meta name=\"twitter:label1\" content=\"Tempo di lettura stimato\" \/>\n\t<meta name=\"twitter:data1\" content=\"2 minuti\" \/>\n<script type=\"application\/ld+json\" class=\"yoast-schema-graph\">{\"@context\":\"https:\\\/\\\/schema.org\",\"@graph\":[{\"@type\":\"WebPage\",\"@id\":\"https:\\\/\\\/iolife.dope.studio\\\/it\\\/trovo-l-alternativa-adatta-per-me\\\/donazione-di-ovociti\\\/\",\"url\":\"https:\\\/\\\/iolife.dope.studio\\\/it\\\/trovo-l-alternativa-adatta-per-me\\\/donazione-di-ovociti\\\/\",\"name\":\"Donazione di ovociti - Institute of Life\",\"isPartOf\":{\"@id\":\"https:\\\/\\\/iolife.dope.studio\\\/it\\\/#website\"},\"primaryImageOfPage\":{\"@id\":\"https:\\\/\\\/iolife.dope.studio\\\/it\\\/trovo-l-alternativa-adatta-per-me\\\/donazione-di-ovociti\\\/#primaryimage\"},\"image\":{\"@id\":\"https:\\\/\\\/iolife.dope.studio\\\/it\\\/trovo-l-alternativa-adatta-per-me\\\/donazione-di-ovociti\\\/#primaryimage\"},\"thumbnailUrl\":\"https:\\\/\\\/iolife.dope.studio\\\/wp-content\\\/uploads\\\/2020\\\/06\\\/dwrea-wariwn.jpg\",\"datePublished\":\"2020-05-21T13:19:46+00:00\",\"dateModified\":\"2020-12-11T15:51:26+00:00\",\"breadcrumb\":{\"@id\":\"https:\\\/\\\/iolife.dope.studio\\\/it\\\/trovo-l-alternativa-adatta-per-me\\\/donazione-di-ovociti\\\/#breadcrumb\"},\"inLanguage\":\"it-IT\",\"potentialAction\":[{\"@type\":\"ReadAction\",\"target\":[\"https:\\\/\\\/iolife.dope.studio\\\/it\\\/trovo-l-alternativa-adatta-per-me\\\/donazione-di-ovociti\\\/\"]}]},{\"@type\":\"ImageObject\",\"inLanguage\":\"it-IT\",\"@id\":\"https:\\\/\\\/iolife.dope.studio\\\/it\\\/trovo-l-alternativa-adatta-per-me\\\/donazione-di-ovociti\\\/#primaryimage\",\"url\":\"https:\\\/\\\/iolife.dope.studio\\\/wp-content\\\/uploads\\\/2020\\\/06\\\/dwrea-wariwn.jpg\",\"contentUrl\":\"https:\\\/\\\/iolife.dope.studio\\\/wp-content\\\/uploads\\\/2020\\\/06\\\/dwrea-wariwn.jpg\",\"width\":1000,\"height\":1000},{\"@type\":\"BreadcrumbList\",\"@id\":\"https:\\\/\\\/iolife.dope.studio\\\/it\\\/trovo-l-alternativa-adatta-per-me\\\/donazione-di-ovociti\\\/#breadcrumb\",\"itemListElement\":[{\"@type\":\"ListItem\",\"position\":1,\"name\":\"Home\",\"item\":\"https:\\\/\\\/iolife.dope.studio\\\/it\\\/\"},{\"@type\":\"ListItem\",\"position\":2,\"name\":\"Trovo l&#8217;alternativa adatta per me\",\"item\":\"https:\\\/\\\/iolife.dope.studio\\\/it\\\/trovo-l-alternativa-adatta-per-me\\\/\"},{\"@type\":\"ListItem\",\"position\":3,\"name\":\"Donazione di ovociti\"}]},{\"@type\":\"WebSite\",\"@id\":\"https:\\\/\\\/iolife.dope.studio\\\/it\\\/#website\",\"url\":\"https:\\\/\\\/iolife.dope.studio\\\/it\\\/\",\"name\":\"Institute of Life\",\"description\":\"\",\"publisher\":{\"@id\":\"https:\\\/\\\/iolife.dope.studio\\\/it\\\/#organization\"},\"potentialAction\":[{\"@type\":\"SearchAction\",\"target\":{\"@type\":\"EntryPoint\",\"urlTemplate\":\"https:\\\/\\\/iolife.dope.studio\\\/it\\\/?s={search_term_string}\"},\"query-input\":{\"@type\":\"PropertyValueSpecification\",\"valueRequired\":true,\"valueName\":\"search_term_string\"}}],\"inLanguage\":\"it-IT\"},{\"@type\":\"Organization\",\"@id\":\"https:\\\/\\\/iolife.dope.studio\\\/it\\\/#organization\",\"name\":\"Institute of Life\",\"url\":\"https:\\\/\\\/iolife.dope.studio\\\/it\\\/\",\"logo\":{\"@type\":\"ImageObject\",\"inLanguage\":\"it-IT\",\"@id\":\"https:\\\/\\\/iolife.dope.studio\\\/it\\\/#\\\/schema\\\/logo\\\/image\\\/\",\"url\":\"https:\\\/\\\/iolife.dope.studiowp-content\\\/uploads\\\/2020\\\/05\\\/4.png\",\"contentUrl\":\"https:\\\/\\\/iolife.dope.studiowp-content\\\/uploads\\\/2020\\\/05\\\/4.png\",\"width\":908,\"height\":908,\"caption\":\"Institute of Life\"},\"image\":{\"@id\":\"https:\\\/\\\/iolife.dope.studio\\\/it\\\/#\\\/schema\\\/logo\\\/image\\\/\"},\"sameAs\":[\"https:\\\/\\\/web.facebook.com\\\/iolifeiaso?_rdc=1&amp;amp;amp;amp;amp;amp;amp;amp;amp;amp;amp;amp;amp;amp;amp;amp;amp;_rdr\",\"https:\\\/\\\/www.youtube.com\\\/channel\\\/UCyIFMT16nMiZR0jGOyAJBTw\"]}]}<\/script>\n<!-- \/ Yoast SEO Premium plugin. -->","yoast_head_json":{"title":"Donazione di ovociti - Institute of Life","robots":{"index":"index","follow":"follow","max-snippet":"max-snippet:-1","max-image-preview":"max-image-preview:large","max-video-preview":"max-video-preview:-1"},"canonical":"https:\/\/iolife.dope.studio\/it\/trovo-l-alternativa-adatta-per-me\/donazione-di-ovociti\/","og_locale":"it_IT","og_type":"article","og_title":"Donazione di ovociti","og_description":"[vc_row equal_height=&#8221;yes&#8221; type=&#8221;color&#8221; vertical_align=&#8221;yes&#8221; column_gap=&#8221;no&#8221; padding_top=&#8221;0&#8243; padding_bottom=&#8221;&#8221; margin_top=&#8221;0&#8243;][vc_column width=&#8221;1\/3&#8243;][vc_column_text] Donazione di ovociti [\/vc_column_text][vc_empty_space height=&#8221;80&#8243;][\/vc_column][vc_column width=&#8221;1\/3&#8243; css=&#8221;.vc_custom_1585738318112{padding-right: 10% !important;padding-left: 10% !important;}&#8221;][\/vc_column][vc_column width=&#8221;1\/3&#8243;][vc_single_image image=&#8221;22885&#8243; img_size=&#8221;full&#8221; alignment=&#8221;right&#8221; full_width=&#8221;yes&#8221;][vc_empty_space height=&#8221;80&#8243;][\/vc_column][\/vc_row][vc_row type=&#8221;color&#8221; bg_color=&#8221;#e8e8e8&#8243;][vc_column width=&#8221;1\/3&#8243;][vc_column_text text_color=&#8221;#ffffff&#8221; el_class=&#8221;.iol_lead_text&#8221; css=&#8221;.vc_custom_1607701783830{margin-top: -150px !important;padding-top: 25% !important;padding-right: 12% !important;padding-bottom: 25% !important;padding-left: 12% !important;background-color: #ac6bbc !important;}&#8221;]C&#8217;\u00e8 speranza per ogni donna che vuole diventare madre, ma non produce propri ovociti.[\/vc_column_text][\/vc_column][vc_column width=&#8221;2\/3&#8243;][vc_column_text]La donazione di [&hellip;]","og_url":"https:\/\/iolife.dope.studio\/it\/trovo-l-alternativa-adatta-per-me\/donazione-di-ovociti\/","og_site_name":"Institute of Life","article_publisher":"https:\/\/web.facebook.com\/iolifeiaso?_rdc=1&amp%3bamp%3bamp%3bamp%3bamp%3bamp%3bamp%3bamp%3bamp%3bamp%3bamp%3bamp%3bamp%3bamp%3bamp%3bamp%3bamp%3b_rdr","article_modified_time":"2020-12-11T15:51:26+00:00","og_image":[{"width":1000,"height":1000,"url":"https:\/\/iolife.dope.studio\/wp-content\/uploads\/2020\/06\/dwrea-wariwn.jpg","type":"image\/jpeg"}],"twitter_card":"summary_large_image","twitter_misc":{"Tempo di lettura stimato":"2 minuti"},"schema":{"@context":"https:\/\/schema.org","@graph":[{"@type":"WebPage","@id":"https:\/\/iolife.dope.studio\/it\/trovo-l-alternativa-adatta-per-me\/donazione-di-ovociti\/","url":"https:\/\/iolife.dope.studio\/it\/trovo-l-alternativa-adatta-per-me\/donazione-di-ovociti\/","name":"Donazione di ovociti - Institute of Life","isPartOf":{"@id":"https:\/\/iolife.dope.studio\/it\/#website"},"primaryImageOfPage":{"@id":"https:\/\/iolife.dope.studio\/it\/trovo-l-alternativa-adatta-per-me\/donazione-di-ovociti\/#primaryimage"},"image":{"@id":"https:\/\/iolife.dope.studio\/it\/trovo-l-alternativa-adatta-per-me\/donazione-di-ovociti\/#primaryimage"},"thumbnailUrl":"https:\/\/iolife.dope.studio\/wp-content\/uploads\/2020\/06\/dwrea-wariwn.jpg","datePublished":"2020-05-21T13:19:46+00:00","dateModified":"2020-12-11T15:51:26+00:00","breadcrumb":{"@id":"https:\/\/iolife.dope.studio\/it\/trovo-l-alternativa-adatta-per-me\/donazione-di-ovociti\/#breadcrumb"},"inLanguage":"it-IT","potentialAction":[{"@type":"ReadAction","target":["https:\/\/iolife.dope.studio\/it\/trovo-l-alternativa-adatta-per-me\/donazione-di-ovociti\/"]}]},{"@type":"ImageObject","inLanguage":"it-IT","@id":"https:\/\/iolife.dope.studio\/it\/trovo-l-alternativa-adatta-per-me\/donazione-di-ovociti\/#primaryimage","url":"https:\/\/iolife.dope.studio\/wp-content\/uploads\/2020\/06\/dwrea-wariwn.jpg","contentUrl":"https:\/\/iolife.dope.studio\/wp-content\/uploads\/2020\/06\/dwrea-wariwn.jpg","width":1000,"height":1000},{"@type":"BreadcrumbList","@id":"https:\/\/iolife.dope.studio\/it\/trovo-l-alternativa-adatta-per-me\/donazione-di-ovociti\/#breadcrumb","itemListElement":[{"@type":"ListItem","position":1,"name":"Home","item":"https:\/\/iolife.dope.studio\/it\/"},{"@type":"ListItem","position":2,"name":"Trovo l&#8217;alternativa adatta per me","item":"https:\/\/iolife.dope.studio\/it\/trovo-l-alternativa-adatta-per-me\/"},{"@type":"ListItem","position":3,"name":"Donazione di ovociti"}]},{"@type":"WebSite","@id":"https:\/\/iolife.dope.studio\/it\/#website","url":"https:\/\/iolife.dope.studio\/it\/","name":"Institute of Life","description":"","publisher":{"@id":"https:\/\/iolife.dope.studio\/it\/#organization"},"potentialAction":[{"@type":"SearchAction","target":{"@type":"EntryPoint","urlTemplate":"https:\/\/iolife.dope.studio\/it\/?s={search_term_string}"},"query-input":{"@type":"PropertyValueSpecification","valueRequired":true,"valueName":"search_term_string"}}],"inLanguage":"it-IT"},{"@type":"Organization","@id":"https:\/\/iolife.dope.studio\/it\/#organization","name":"Institute of Life","url":"https:\/\/iolife.dope.studio\/it\/","logo":{"@type":"ImageObject","inLanguage":"it-IT","@id":"https:\/\/iolife.dope.studio\/it\/#\/schema\/logo\/image\/","url":"https:\/\/iolife.dope.studiowp-content\/uploads\/2020\/05\/4.png","contentUrl":"https:\/\/iolife.dope.studiowp-content\/uploads\/2020\/05\/4.png","width":908,"height":908,"caption":"Institute of Life"},"image":{"@id":"https:\/\/iolife.dope.studio\/it\/#\/schema\/logo\/image\/"},"sameAs":["https:\/\/web.facebook.com\/iolifeiaso?_rdc=1&amp;amp;amp;amp;amp;amp;amp;amp;amp;amp;amp;amp;amp;amp;amp;amp;amp;_rdr","https:\/\/www.youtube.com\/channel\/UCyIFMT16nMiZR0jGOyAJBTw"]}]}},"_links":{"self":[{"href":"https:\/\/iolife.dope.studio\/it\/wp-json\/wp\/v2\/pages\/30718","targetHints":{"allow":["GET"]}}],"collection":[{"href":"https:\/\/iolife.dope.studio\/it\/wp-json\/wp\/v2\/pages"}],"about":[{"href":"https:\/\/iolife.dope.studio\/it\/wp-json\/wp\/v2\/types\/page"}],"author":[{"embeddable":true,"href":"https:\/\/iolife.dope.studio\/it\/wp-json\/wp\/v2\/users\/1"}],"replies":[{"embeddable":true,"href":"https:\/\/iolife.dope.studio\/it\/wp-json\/wp\/v2\/comments?post=30718"}],"version-history":[{"count":0,"href":"https:\/\/iolife.dope.studio\/it\/wp-json\/wp\/v2\/pages\/30718\/revisions"}],"up":[{"embeddable":true,"href":"https:\/\/iolife.dope.studio\/it\/wp-json\/wp\/v2\/pages\/30706"}],"wp:featuredmedia":[{"embeddable":true,"href":"https:\/\/iolife.dope.studio\/it\/wp-json\/wp\/v2\/media\/22882"}],"wp:attachment":[{"href":"https:\/\/iolife.dope.studio\/it\/wp-json\/wp\/v2\/media?parent=30718"}],"wp:term":[{"taxonomy":"category","embeddable":true,"href":"https:\/\/iolife.dope.studio\/it\/wp-json\/wp\/v2\/categories?post=30718"},{"taxonomy":"post_tag","embeddable":true,"href":"https:\/\/iolife.dope.studio\/it\/wp-json\/wp\/v2\/tags?post=30718"}],"curies":[{"name":"wp","href":"https:\/\/api.w.org\/{rel}","templated":true}]}}