{"id":30390,"date":"2020-05-21T09:57:01","date_gmt":"2020-05-21T09:57:01","guid":{"rendered":"https:\/\/www.iolife.eu\/voglio-rimanere-incinta\/when-to-seek-advice\/"},"modified":"2020-12-13T12:49:00","modified_gmt":"2020-12-13T10:49:00","slug":"quando-ho-bisogno-di-consulenza","status":"publish","type":"page","link":"https:\/\/iolife.dope.studio\/it\/voglio-rimanere-incinta\/quando-ho-bisogno-di-consulenza\/","title":{"rendered":"Quando ho bisogno di consulenza?"},"content":{"rendered":"<div class=\"wpb-content-wrapper\"><p>[vc_row equal_height=&#8221;yes&#8221; type=&#8221;color&#8221; vertical_align=&#8221;yes&#8221; column_gap=&#8221;no&#8221; padding_top=&#8221;0&#8243; padding_bottom=&#8221;&#8221; margin_top=&#8221;0&#8243;][vc_column width=&#8221;1\/3&#8243;][vc_column_text]<\/p>\n<h2>Quando ho bisogno di consulenza?<\/h2>\n<p>[\/vc_column_text][vc_empty_space height=&#8221;80&#8243;][\/vc_column][vc_column width=&#8221;1\/3&#8243; css=&#8221;.vc_custom_1585738318112{padding-right: 10% !important;padding-left: 10% !important;}&#8221;][\/vc_column][vc_column width=&#8221;1\/3&#8243;][vc_single_image image=&#8221;14068&#8243; img_size=&#8221;full&#8221; alignment=&#8221;right&#8221; full_width=&#8221;yes&#8221;][vc_empty_space height=&#8221;80&#8243;][\/vc_column][\/vc_row][vc_row type=&#8221;color&#8221; bg_color=&#8221;#e8e8e8&#8243;][vc_column width=&#8221;1\/3&#8243;][vc_column_text text_color=&#8221;#ffffff&#8221; css=&#8221;.vc_custom_1607676781277{margin-top: -150px !important;padding-top: 25% !important;padding-right: 12% !important;padding-bottom: 25% !important;padding-left: 12% !important;background-color: #ac6bbc !important;}&#8221;]<\/p>\n<h3><span style=\"color: #f7f5f5;\">Con il termine infertilit\u00e0 si descrive il mancato raggiungimento della gravidanza dopo 1 anno (12 mesi) di frequenti rapporti sessuali non protetti.<\/span><\/h3>\n<p>[\/vc_column_text][\/vc_column][vc_column width=&#8221;2\/3&#8243;][vc_column_text]Programmare la gravidanza pu\u00f2 essere difficile. Se siete pronti a diventare genitori ma sembra che abbiate problemi nel raggiungere una gravidanza, forse \u00e8 il momento di chiedere il parere di uno specialista della fertilit\u00e0.<\/p>\n<p>L&#8217;infertilit\u00e0 non \u00e8 una questione prettamente femminile; anche gli uomini possono avere problemi di infertilit\u00e0. Quando una coppia chiede consulenza per la procedura di riproduzione assistita devono applicarsi i seguenti criteri:<\/p>\n<ul>\n<li>La coppia deve tentare di procreare per almeno 12 mesi (se l\u2019et\u00e0 della donna \u00e8 superiore ai 36 anni, il periodo di tempo deve essere limitato a 6-8 mesi)<\/li>\n<li>la coppia deve avere rapporti sessuali non protetti<\/li>\n<li>durante il ciclo ci deve essere una frequenza di rapporti ogni 2 o 3 giorni<\/li>\n<li>devono essersi verificati tre o pi\u00f9 aborti spontanei<\/li>\n<li>Aver avuto aborti spontanei in precedenza<\/li>\n<\/ul>\n<p>[\/vc_column_text][\/vc_column][\/vc_row][vc_row][vc_column][vc_column_text]Il termine infertilit\u00e0 acquista significato quando abbiamo esaurito le possibilit\u00e0 di concepimento naturale e sono soddisfatti e suddetti criteri. A questo punto la coppia deve iniziare a indagare sull&#8217;infertilit\u00e0. L&#8217;indagine deve iniziare dopo almeno 12 mesi di tentativi, salvo che non vi sia gi\u00e0 una ragione medica nota.<\/p>\n<p>Se una coppia presenta un evidente problema medico che influisce sulla sua capacit\u00e0 di concepire, come assenza di ciclo mestruale, disfunzioni sessuali, anamnesi di malattia pelvica o un precedente intervento chirurgico, deve iniziare immediatamente la valutazione dell&#8217;infertilit\u00e0.<\/p>\n<p>Va notato che nei casi di donne di et\u00e0 superiore ai 36 anni e poich\u00e9 le probabilit\u00e0 di concepimento naturale diminuiscono, l&#8217;indagine sulle cause dell&#8217;infertilit\u00e0 dovrebbe iniziare prima dei 12 mesi. In questi casi si consiglia di iniziare a chiedere un parere medico dopo 6-8 mesi di tentativi falliti. La diagnosi precoce delle possibili cause della difficolt\u00e0 di concepimento, vi aiuter\u00e0 a scegliere con calma il trattamento giusto e ad avere maggiori possibilit\u00e0 di raggiungere la gravidanza.<\/p>\n<p>.[\/vc_column_text][vc_text_separator title=&#8221;Argomenti rilevanti&#8221;]\n\t<div class=\"kleo-carousel-container \">\n\t\t<div class=\"kleo-carousel-items kleo-carousel-post\" data-min-items=\"1\" data-max-items=\"6\">\n\t\t\t<ul class=\"kleo-carousel\">\n\n\t\t\t\t\n<li id=\"post-30393\" class=\"post-item col-sm-4 post-30393 page type-page status-publish has-post-thumbnail hentry category-i-want-to-get-pregnent-en-it\">\n    <article>\n\n\t\t<div class=\"post-image\"><a href=\"https:\/\/iolife.dope.studio\/it\/voglio-rimanere-incinta\/esami-prima-della-fiv\/\" class=\"element-wrap\"><img loading=\"lazy\" decoding=\"async\" width=\"480\" height=\"480\" src=\"https:\/\/iolife.dope.studio\/wp-content\/uploads\/2020\/05\/examinations-before-ivf.jpg\" class=\"attachment-kleo-post-gallery size-kleo-post-gallery wp-post-image\" alt=\"\u03b3\u03b9\u03b1\u03c4\u03c1\u03cc\u03c2 \u03bc\u03b5 \u03ac\u03c3\u03c0\u03c1\u03b7 \u03c0\u03bf\u03b4\u03b9\u03ac \u03ba\u03c1\u03b1\u03c4\u03ac\u03b5\u03b9 \u03c3\u03b7\u03bc\u03b5\u03b9\u03ce\u03c3\u03b5\u03b9\u03c2 \u03ba\u03b1\u03b9 \u03c3\u03c5\u03bc\u03b2\u03bf\u03c5\u03bb\u03b5\u03cd\u03b5\u03b9 \u03b1\u03c3\u03b8\u03b5\u03bd\u03ae\" srcset=\"https:\/\/iolife.dope.studio\/wp-content\/uploads\/2020\/05\/examinations-before-ivf.jpg 1000w, https:\/\/iolife.dope.studio\/wp-content\/uploads\/2020\/05\/examinations-before-ivf-300x300.jpg 300w, https:\/\/iolife.dope.studio\/wp-content\/uploads\/2020\/05\/examinations-before-ivf-150x150.jpg 150w, https:\/\/iolife.dope.studio\/wp-content\/uploads\/2020\/05\/examinations-before-ivf-768x768.jpg 768w, https:\/\/iolife.dope.studio\/wp-content\/uploads\/2020\/05\/examinations-before-ivf-672x672.jpg 672w\" sizes=\"auto, (max-width: 480px) 100vw, 480px\" \/><span class=\"hover-element\"><i>+<\/i><\/span><\/a><\/div><!--end post-image-->\n        <div class=\"entry-content\">\n            <h4 class=\"post-title entry-title\"><a href=\"https:\/\/iolife.dope.studio\/it\/voglio-rimanere-incinta\/esami-prima-della-fiv\/\">Esami prima della FIV<\/a><\/h4>\n\n\t\t\t                <hr>\n                <div class=\"entry-summary\">\n\t\t\t\t\t<p> Esami prima della FIV  Per ottenere i migliori risultati, prima di iniziare la procedura della fecondazione in...<\/p>                <\/div><!-- .entry-summary -->\n\t\t\t        <\/div><!--end post-info-->\n\n    <\/article>\n<\/li>\n<li id=\"post-30390\" class=\"post-item col-sm-4 post-30390 page type-page status-publish has-post-thumbnail hentry category-i-want-to-get-pregnent-en-it\">\n    <article>\n\n\t\t<div class=\"post-image\"><a href=\"https:\/\/iolife.dope.studio\/it\/voglio-rimanere-incinta\/quando-ho-bisogno-di-consulenza\/\" class=\"element-wrap\"><img loading=\"lazy\" decoding=\"async\" width=\"480\" height=\"480\" src=\"https:\/\/iolife.dope.studio\/wp-content\/uploads\/2020\/04\/sec02_photo02c.jpg\" class=\"attachment-kleo-post-gallery size-kleo-post-gallery wp-post-image\" alt=\"\u03c7\u03b1\u03c1\u03bf\u03cd\u03bc\u03b5\u03bd\u03bf \u03b6\u03b5\u03c5\u03b3\u03ac\u03c1\u03b9 \u03b1\u03b3\u03ba\u03b1\u03bb\u03b9\u03ac \u03c3\u03c5\u03bc\u03b2\u03bf\u03c5\u03bb\u03b5\u03cd\u03b5\u03c4\u03b1\u03b9 \u03b3\u03b9\u03b1\u03c4\u03c1\u03cc Institute of Life \u03b3\u03b9\u03b1\u03c4\u03c1\u03cc\u03c2 \u03ba\u03c1\u03b1\u03c4\u03ac\u03b5\u03b9 \u03c3\u03b7\u03bc\u03b5\u03b9\u03ce\u03c3\u03b5\u03b9\u03c2\" srcset=\"https:\/\/iolife.dope.studio\/wp-content\/uploads\/2020\/04\/sec02_photo02c.jpg 1000w, https:\/\/iolife.dope.studio\/wp-content\/uploads\/2020\/04\/sec02_photo02c-300x300.jpg 300w, https:\/\/iolife.dope.studio\/wp-content\/uploads\/2020\/04\/sec02_photo02c-150x150.jpg 150w, https:\/\/iolife.dope.studio\/wp-content\/uploads\/2020\/04\/sec02_photo02c-768x768.jpg 768w, https:\/\/iolife.dope.studio\/wp-content\/uploads\/2020\/04\/sec02_photo02c-672x672.jpg 672w\" sizes=\"auto, (max-width: 480px) 100vw, 480px\" \/><span class=\"hover-element\"><i>+<\/i><\/span><\/a><\/div><!--end post-image-->\n        <div class=\"entry-content\">\n            <h4 class=\"post-title entry-title\"><a href=\"https:\/\/iolife.dope.studio\/it\/voglio-rimanere-incinta\/quando-ho-bisogno-di-consulenza\/\">Quando ho bisogno di consulenza?<\/a><\/h4>\n\n\t\t\t                <hr>\n                <div class=\"entry-summary\">\n\t\t\t\t\t<p> Quando ho bisogno di consulenza?  Con il termine infertilit\u00e0 si descrive il mancato raggiungimento della gravidanza dopo...<\/p>                <\/div><!-- .entry-summary -->\n\t\t\t        <\/div><!--end post-info-->\n\n    <\/article>\n<\/li>\n<li id=\"post-30387\" class=\"post-item col-sm-4 post-30387 page type-page status-publish has-post-thumbnail hentry category-i-want-to-get-pregnent-en-it\">\n    <article>\n\n\t\t<div class=\"post-image\"><a href=\"https:\/\/iolife.dope.studio\/it\/voglio-rimanere-incinta\/calcolo-i-giorni-fertili\/\" class=\"element-wrap\"><img loading=\"lazy\" decoding=\"async\" width=\"480\" height=\"480\" src=\"https:\/\/iolife.dope.studio\/wp-content\/uploads\/2020\/11\/Ovul2-480x480.jpg\" class=\"attachment-kleo-post-gallery size-kleo-post-gallery wp-post-image\" alt=\"\u03c4\u03b5\u03c3\u03c4 \u03b5\u03b3\u03ba\u03c5\u03bc\u03bf\u03c3\u03cd\u03bd\u03b7\u03c2 \u03c0\u03ac\u03bd\u03c9 \u03c3\u03b5 \u03b7\u03bc\u03b5\u03c1\u03bf\u03bb\u03cc\u03b3\u03b9\u03bf\" srcset=\"https:\/\/iolife.dope.studio\/wp-content\/uploads\/2020\/11\/Ovul2-480x480.jpg 480w, https:\/\/iolife.dope.studio\/wp-content\/uploads\/2020\/11\/Ovul2-300x300.jpg 300w, https:\/\/iolife.dope.studio\/wp-content\/uploads\/2020\/11\/Ovul2-150x150.jpg 150w, https:\/\/iolife.dope.studio\/wp-content\/uploads\/2020\/11\/Ovul2-768x768.jpg 768w, https:\/\/iolife.dope.studio\/wp-content\/uploads\/2020\/11\/Ovul2-672x672.jpg 672w, https:\/\/iolife.dope.studio\/wp-content\/uploads\/2020\/11\/Ovul2.jpg 1000w\" sizes=\"auto, (max-width: 480px) 100vw, 480px\" \/><span class=\"hover-element\"><i>+<\/i><\/span><\/a><\/div><!--end post-image-->\n        <div class=\"entry-content\">\n            <h4 class=\"post-title entry-title\"><a href=\"https:\/\/iolife.dope.studio\/it\/voglio-rimanere-incinta\/calcolo-i-giorni-fertili\/\">Calcolo i giorni fertili<\/a><\/h4>\n\n\t\t\t                <hr>\n                <div class=\"entry-summary\">\n\t\t\t\t\t<p> Calcolo i giorni fertili I giorni fertili possono variare da donna a donna, a seconda del ciclo. Conoscendo...<\/p>                <\/div><!-- .entry-summary -->\n\t\t\t        <\/div><!--end post-info-->\n\n    <\/article>\n<\/li>\n\t\t\t<\/ul>\n\t\t<\/div>\n\t\t<div class=\"carousel-arrow\">\n\t\t\t<a class=\"carousel-prev\" href=\"#\"><i class=\"icon-angle-left\"><\/i><\/a>\n\t\t\t<a class=\"carousel-next\" href=\"#\"><i class=\"icon-angle-right\"><\/i><\/a>\n\t\t<\/div>\n\t\t<div class=\"kleo-carousel-post-pager carousel-pager\"><\/div>\n\t<\/div><!--end carousel-container-->\n\n[\/vc_column][\/vc_row]<\/p>\n<\/div>","protected":false},"excerpt":{"rendered":"<p>[vc_row equal_height=&#8221;yes&#8221; type=&#8221;color&#8221; vertical_align=&#8221;yes&#8221; column_gap=&#8221;no&#8221; padding_top=&#8221;0&#8243; padding_bottom=&#8221;&#8221; margin_top=&#8221;0&#8243;][vc_column width=&#8221;1\/3&#8243;][vc_column_text] Quando ho bisogno di consulenza? [\/vc_column_text][vc_empty_space height=&#8221;80&#8243;][\/vc_column][vc_column width=&#8221;1\/3&#8243; css=&#8221;.vc_custom_1585738318112{padding-right: 10% !important;padding-left: 10% !important;}&#8221;][\/vc_column][vc_column width=&#8221;1\/3&#8243;][vc_single_image image=&#8221;14068&#8243; img_size=&#8221;full&#8221; alignment=&#8221;right&#8221; full_width=&#8221;yes&#8221;][vc_empty_space height=&#8221;80&#8243;][\/vc_column][\/vc_row][vc_row type=&#8221;color&#8221; bg_color=&#8221;#e8e8e8&#8243;][vc_column width=&#8221;1\/3&#8243;][vc_column_text text_color=&#8221;#ffffff&#8221; css=&#8221;.vc_custom_1607676781277{margin-top: -150px !important;padding-top: 25% !important;padding-right: 12% !important;padding-bottom: 25% !important;padding-left: 12% !important;background-color: #ac6bbc !important;}&#8221;] Con il termine infertilit\u00e0 si descrive il mancato raggiungimento della gravidanza dopo 1 anno (12 [&hellip;]<\/p>\n","protected":false},"author":1,"featured_media":24577,"parent":30384,"menu_order":0,"comment_status":"closed","ping_status":"closed","template":"page-templates\/full-width.php","meta":{"footnotes":""},"categories":[435],"tags":[],"class_list":["post-30390","page","type-page","status-publish","has-post-thumbnail","hentry","category-i-want-to-get-pregnent-en-it"],"yoast_head":"<!-- This site is optimized with the Yoast SEO Premium plugin v27.3 (Yoast SEO v27.3) - https:\/\/yoast.com\/product\/yoast-seo-premium-wordpress\/ -->\n<title>Quando ho bisogno di consulenza? - Institute of Life<\/title>\n<meta name=\"robots\" content=\"index, follow, max-snippet:-1, max-image-preview:large, max-video-preview:-1\" \/>\n<link rel=\"canonical\" href=\"https:\/\/iolife.dope.studio\/it\/voglio-rimanere-incinta\/quando-ho-bisogno-di-consulenza\/\" \/>\n<meta property=\"og:locale\" content=\"it_IT\" \/>\n<meta property=\"og:type\" content=\"article\" \/>\n<meta property=\"og:title\" content=\"Quando ho bisogno di consulenza?\" \/>\n<meta property=\"og:description\" content=\"[vc_row equal_height=&#8221;yes&#8221; type=&#8221;color&#8221; vertical_align=&#8221;yes&#8221; column_gap=&#8221;no&#8221; padding_top=&#8221;0&#8243; padding_bottom=&#8221;&#8221; margin_top=&#8221;0&#8243;][vc_column width=&#8221;1\/3&#8243;][vc_column_text] Quando ho bisogno di consulenza? [\/vc_column_text][vc_empty_space height=&#8221;80&#8243;][\/vc_column][vc_column width=&#8221;1\/3&#8243; css=&#8221;.vc_custom_1585738318112{padding-right: 10% !important;padding-left: 10% !important;}&#8221;][\/vc_column][vc_column width=&#8221;1\/3&#8243;][vc_single_image image=&#8221;14068&#8243; img_size=&#8221;full&#8221; alignment=&#8221;right&#8221; full_width=&#8221;yes&#8221;][vc_empty_space height=&#8221;80&#8243;][\/vc_column][\/vc_row][vc_row type=&#8221;color&#8221; bg_color=&#8221;#e8e8e8&#8243;][vc_column width=&#8221;1\/3&#8243;][vc_column_text text_color=&#8221;#ffffff&#8221; css=&#8221;.vc_custom_1607676781277{margin-top: -150px !important;padding-top: 25% !important;padding-right: 12% !important;padding-bottom: 25% !important;padding-left: 12% !important;background-color: #ac6bbc !important;}&#8221;] Con il termine infertilit\u00e0 si descrive il mancato raggiungimento della gravidanza dopo 1 anno (12 [&hellip;]\" \/>\n<meta property=\"og:url\" content=\"https:\/\/iolife.dope.studio\/it\/voglio-rimanere-incinta\/quando-ho-bisogno-di-consulenza\/\" \/>\n<meta property=\"og:site_name\" content=\"Institute of Life\" \/>\n<meta property=\"article:publisher\" content=\"https:\/\/web.facebook.com\/iolifeiaso?_rdc=1&amp;amp%3bamp%3bamp%3bamp%3bamp%3bamp%3bamp%3bamp%3bamp%3bamp%3bamp%3bamp%3bamp%3bamp%3bamp%3bamp%3bamp%3b_rdr\" \/>\n<meta property=\"article:modified_time\" content=\"2020-12-13T10:49:00+00:00\" \/>\n<meta property=\"og:image\" content=\"https:\/\/iolife.dope.studio\/wp-content\/uploads\/2020\/04\/sec02_photo02c.jpg\" \/>\n\t<meta property=\"og:image:width\" content=\"1000\" \/>\n\t<meta property=\"og:image:height\" content=\"1000\" \/>\n\t<meta property=\"og:image:type\" content=\"image\/jpeg\" \/>\n<meta name=\"twitter:card\" content=\"summary_large_image\" \/>\n<meta name=\"twitter:label1\" content=\"Tempo di lettura stimato\" \/>\n\t<meta name=\"twitter:data1\" content=\"2 minuti\" \/>\n<script type=\"application\/ld+json\" class=\"yoast-schema-graph\">{\"@context\":\"https:\\\/\\\/schema.org\",\"@graph\":[{\"@type\":\"WebPage\",\"@id\":\"https:\\\/\\\/iolife.dope.studio\\\/it\\\/voglio-rimanere-incinta\\\/quando-ho-bisogno-di-consulenza\\\/\",\"url\":\"https:\\\/\\\/iolife.dope.studio\\\/it\\\/voglio-rimanere-incinta\\\/quando-ho-bisogno-di-consulenza\\\/\",\"name\":\"Quando ho bisogno di consulenza? - Institute of Life\",\"isPartOf\":{\"@id\":\"https:\\\/\\\/iolife.dope.studio\\\/it\\\/#website\"},\"primaryImageOfPage\":{\"@id\":\"https:\\\/\\\/iolife.dope.studio\\\/it\\\/voglio-rimanere-incinta\\\/quando-ho-bisogno-di-consulenza\\\/#primaryimage\"},\"image\":{\"@id\":\"https:\\\/\\\/iolife.dope.studio\\\/it\\\/voglio-rimanere-incinta\\\/quando-ho-bisogno-di-consulenza\\\/#primaryimage\"},\"thumbnailUrl\":\"https:\\\/\\\/iolife.dope.studio\\\/wp-content\\\/uploads\\\/2020\\\/04\\\/sec02_photo02c.jpg\",\"datePublished\":\"2020-05-21T09:57:01+00:00\",\"dateModified\":\"2020-12-13T10:49:00+00:00\",\"breadcrumb\":{\"@id\":\"https:\\\/\\\/iolife.dope.studio\\\/it\\\/voglio-rimanere-incinta\\\/quando-ho-bisogno-di-consulenza\\\/#breadcrumb\"},\"inLanguage\":\"it-IT\",\"potentialAction\":[{\"@type\":\"ReadAction\",\"target\":[\"https:\\\/\\\/iolife.dope.studio\\\/it\\\/voglio-rimanere-incinta\\\/quando-ho-bisogno-di-consulenza\\\/\"]}]},{\"@type\":\"ImageObject\",\"inLanguage\":\"it-IT\",\"@id\":\"https:\\\/\\\/iolife.dope.studio\\\/it\\\/voglio-rimanere-incinta\\\/quando-ho-bisogno-di-consulenza\\\/#primaryimage\",\"url\":\"https:\\\/\\\/iolife.dope.studio\\\/wp-content\\\/uploads\\\/2020\\\/04\\\/sec02_photo02c.jpg\",\"contentUrl\":\"https:\\\/\\\/iolife.dope.studio\\\/wp-content\\\/uploads\\\/2020\\\/04\\\/sec02_photo02c.jpg\",\"width\":1000,\"height\":1000,\"caption\":\"\u03c7\u03b1\u03c1\u03bf\u03cd\u03bc\u03b5\u03bd\u03bf \u03b6\u03b5\u03c5\u03b3\u03ac\u03c1\u03b9 \u03b1\u03b3\u03ba\u03b1\u03bb\u03b9\u03ac \u03c3\u03c5\u03bc\u03b2\u03bf\u03c5\u03bb\u03b5\u03cd\u03b5\u03c4\u03b1\u03b9 \u03b3\u03b9\u03b1\u03c4\u03c1\u03cc Institute of Life \u03b3\u03b9\u03b1\u03c4\u03c1\u03cc\u03c2 \u03ba\u03c1\u03b1\u03c4\u03ac\u03b5\u03b9 \u03c3\u03b7\u03bc\u03b5\u03b9\u03ce\u03c3\u03b5\u03b9\u03c2\"},{\"@type\":\"BreadcrumbList\",\"@id\":\"https:\\\/\\\/iolife.dope.studio\\\/it\\\/voglio-rimanere-incinta\\\/quando-ho-bisogno-di-consulenza\\\/#breadcrumb\",\"itemListElement\":[{\"@type\":\"ListItem\",\"position\":1,\"name\":\"Home\",\"item\":\"https:\\\/\\\/iolife.dope.studio\\\/it\\\/\"},{\"@type\":\"ListItem\",\"position\":2,\"name\":\"Voglio rimanere incinta\",\"item\":\"https:\\\/\\\/iolife.dope.studio\\\/it\\\/voglio-rimanere-incinta\\\/\"},{\"@type\":\"ListItem\",\"position\":3,\"name\":\"Quando ho bisogno di consulenza?\"}]},{\"@type\":\"WebSite\",\"@id\":\"https:\\\/\\\/iolife.dope.studio\\\/it\\\/#website\",\"url\":\"https:\\\/\\\/iolife.dope.studio\\\/it\\\/\",\"name\":\"Institute of Life\",\"description\":\"\",\"publisher\":{\"@id\":\"https:\\\/\\\/iolife.dope.studio\\\/it\\\/#organization\"},\"potentialAction\":[{\"@type\":\"SearchAction\",\"target\":{\"@type\":\"EntryPoint\",\"urlTemplate\":\"https:\\\/\\\/iolife.dope.studio\\\/it\\\/?s={search_term_string}\"},\"query-input\":{\"@type\":\"PropertyValueSpecification\",\"valueRequired\":true,\"valueName\":\"search_term_string\"}}],\"inLanguage\":\"it-IT\"},{\"@type\":\"Organization\",\"@id\":\"https:\\\/\\\/iolife.dope.studio\\\/it\\\/#organization\",\"name\":\"Institute of Life\",\"url\":\"https:\\\/\\\/iolife.dope.studio\\\/it\\\/\",\"logo\":{\"@type\":\"ImageObject\",\"inLanguage\":\"it-IT\",\"@id\":\"https:\\\/\\\/iolife.dope.studio\\\/it\\\/#\\\/schema\\\/logo\\\/image\\\/\",\"url\":\"https:\\\/\\\/iolife.dope.studiowp-content\\\/uploads\\\/2020\\\/05\\\/4.png\",\"contentUrl\":\"https:\\\/\\\/iolife.dope.studiowp-content\\\/uploads\\\/2020\\\/05\\\/4.png\",\"width\":908,\"height\":908,\"caption\":\"Institute of Life\"},\"image\":{\"@id\":\"https:\\\/\\\/iolife.dope.studio\\\/it\\\/#\\\/schema\\\/logo\\\/image\\\/\"},\"sameAs\":[\"https:\\\/\\\/web.facebook.com\\\/iolifeiaso?_rdc=1&amp;amp;amp;amp;amp;amp;amp;amp;amp;amp;amp;amp;amp;amp;amp;amp;amp;_rdr\",\"https:\\\/\\\/www.youtube.com\\\/channel\\\/UCyIFMT16nMiZR0jGOyAJBTw\"]}]}<\/script>\n<!-- \/ Yoast SEO Premium plugin. -->","yoast_head_json":{"title":"Quando ho bisogno di consulenza? - Institute of Life","robots":{"index":"index","follow":"follow","max-snippet":"max-snippet:-1","max-image-preview":"max-image-preview:large","max-video-preview":"max-video-preview:-1"},"canonical":"https:\/\/iolife.dope.studio\/it\/voglio-rimanere-incinta\/quando-ho-bisogno-di-consulenza\/","og_locale":"it_IT","og_type":"article","og_title":"Quando ho bisogno di consulenza?","og_description":"[vc_row equal_height=&#8221;yes&#8221; type=&#8221;color&#8221; vertical_align=&#8221;yes&#8221; column_gap=&#8221;no&#8221; padding_top=&#8221;0&#8243; padding_bottom=&#8221;&#8221; margin_top=&#8221;0&#8243;][vc_column width=&#8221;1\/3&#8243;][vc_column_text] Quando ho bisogno di consulenza? [\/vc_column_text][vc_empty_space height=&#8221;80&#8243;][\/vc_column][vc_column width=&#8221;1\/3&#8243; css=&#8221;.vc_custom_1585738318112{padding-right: 10% !important;padding-left: 10% !important;}&#8221;][\/vc_column][vc_column width=&#8221;1\/3&#8243;][vc_single_image image=&#8221;14068&#8243; img_size=&#8221;full&#8221; alignment=&#8221;right&#8221; full_width=&#8221;yes&#8221;][vc_empty_space height=&#8221;80&#8243;][\/vc_column][\/vc_row][vc_row type=&#8221;color&#8221; bg_color=&#8221;#e8e8e8&#8243;][vc_column width=&#8221;1\/3&#8243;][vc_column_text text_color=&#8221;#ffffff&#8221; css=&#8221;.vc_custom_1607676781277{margin-top: -150px !important;padding-top: 25% !important;padding-right: 12% !important;padding-bottom: 25% !important;padding-left: 12% !important;background-color: #ac6bbc !important;}&#8221;] Con il termine infertilit\u00e0 si descrive il mancato raggiungimento della gravidanza dopo 1 anno (12 [&hellip;]","og_url":"https:\/\/iolife.dope.studio\/it\/voglio-rimanere-incinta\/quando-ho-bisogno-di-consulenza\/","og_site_name":"Institute of Life","article_publisher":"https:\/\/web.facebook.com\/iolifeiaso?_rdc=1&amp%3bamp%3bamp%3bamp%3bamp%3bamp%3bamp%3bamp%3bamp%3bamp%3bamp%3bamp%3bamp%3bamp%3bamp%3bamp%3bamp%3b_rdr","article_modified_time":"2020-12-13T10:49:00+00:00","og_image":[{"width":1000,"height":1000,"url":"https:\/\/iolife.dope.studio\/wp-content\/uploads\/2020\/04\/sec02_photo02c.jpg","type":"image\/jpeg"}],"twitter_card":"summary_large_image","twitter_misc":{"Tempo di lettura stimato":"2 minuti"},"schema":{"@context":"https:\/\/schema.org","@graph":[{"@type":"WebPage","@id":"https:\/\/iolife.dope.studio\/it\/voglio-rimanere-incinta\/quando-ho-bisogno-di-consulenza\/","url":"https:\/\/iolife.dope.studio\/it\/voglio-rimanere-incinta\/quando-ho-bisogno-di-consulenza\/","name":"Quando ho bisogno di consulenza? - Institute of Life","isPartOf":{"@id":"https:\/\/iolife.dope.studio\/it\/#website"},"primaryImageOfPage":{"@id":"https:\/\/iolife.dope.studio\/it\/voglio-rimanere-incinta\/quando-ho-bisogno-di-consulenza\/#primaryimage"},"image":{"@id":"https:\/\/iolife.dope.studio\/it\/voglio-rimanere-incinta\/quando-ho-bisogno-di-consulenza\/#primaryimage"},"thumbnailUrl":"https:\/\/iolife.dope.studio\/wp-content\/uploads\/2020\/04\/sec02_photo02c.jpg","datePublished":"2020-05-21T09:57:01+00:00","dateModified":"2020-12-13T10:49:00+00:00","breadcrumb":{"@id":"https:\/\/iolife.dope.studio\/it\/voglio-rimanere-incinta\/quando-ho-bisogno-di-consulenza\/#breadcrumb"},"inLanguage":"it-IT","potentialAction":[{"@type":"ReadAction","target":["https:\/\/iolife.dope.studio\/it\/voglio-rimanere-incinta\/quando-ho-bisogno-di-consulenza\/"]}]},{"@type":"ImageObject","inLanguage":"it-IT","@id":"https:\/\/iolife.dope.studio\/it\/voglio-rimanere-incinta\/quando-ho-bisogno-di-consulenza\/#primaryimage","url":"https:\/\/iolife.dope.studio\/wp-content\/uploads\/2020\/04\/sec02_photo02c.jpg","contentUrl":"https:\/\/iolife.dope.studio\/wp-content\/uploads\/2020\/04\/sec02_photo02c.jpg","width":1000,"height":1000,"caption":"\u03c7\u03b1\u03c1\u03bf\u03cd\u03bc\u03b5\u03bd\u03bf \u03b6\u03b5\u03c5\u03b3\u03ac\u03c1\u03b9 \u03b1\u03b3\u03ba\u03b1\u03bb\u03b9\u03ac \u03c3\u03c5\u03bc\u03b2\u03bf\u03c5\u03bb\u03b5\u03cd\u03b5\u03c4\u03b1\u03b9 \u03b3\u03b9\u03b1\u03c4\u03c1\u03cc Institute of Life \u03b3\u03b9\u03b1\u03c4\u03c1\u03cc\u03c2 \u03ba\u03c1\u03b1\u03c4\u03ac\u03b5\u03b9 \u03c3\u03b7\u03bc\u03b5\u03b9\u03ce\u03c3\u03b5\u03b9\u03c2"},{"@type":"BreadcrumbList","@id":"https:\/\/iolife.dope.studio\/it\/voglio-rimanere-incinta\/quando-ho-bisogno-di-consulenza\/#breadcrumb","itemListElement":[{"@type":"ListItem","position":1,"name":"Home","item":"https:\/\/iolife.dope.studio\/it\/"},{"@type":"ListItem","position":2,"name":"Voglio rimanere incinta","item":"https:\/\/iolife.dope.studio\/it\/voglio-rimanere-incinta\/"},{"@type":"ListItem","position":3,"name":"Quando ho bisogno di consulenza?"}]},{"@type":"WebSite","@id":"https:\/\/iolife.dope.studio\/it\/#website","url":"https:\/\/iolife.dope.studio\/it\/","name":"Institute of Life","description":"","publisher":{"@id":"https:\/\/iolife.dope.studio\/it\/#organization"},"potentialAction":[{"@type":"SearchAction","target":{"@type":"EntryPoint","urlTemplate":"https:\/\/iolife.dope.studio\/it\/?s={search_term_string}"},"query-input":{"@type":"PropertyValueSpecification","valueRequired":true,"valueName":"search_term_string"}}],"inLanguage":"it-IT"},{"@type":"Organization","@id":"https:\/\/iolife.dope.studio\/it\/#organization","name":"Institute of Life","url":"https:\/\/iolife.dope.studio\/it\/","logo":{"@type":"ImageObject","inLanguage":"it-IT","@id":"https:\/\/iolife.dope.studio\/it\/#\/schema\/logo\/image\/","url":"https:\/\/iolife.dope.studiowp-content\/uploads\/2020\/05\/4.png","contentUrl":"https:\/\/iolife.dope.studiowp-content\/uploads\/2020\/05\/4.png","width":908,"height":908,"caption":"Institute of Life"},"image":{"@id":"https:\/\/iolife.dope.studio\/it\/#\/schema\/logo\/image\/"},"sameAs":["https:\/\/web.facebook.com\/iolifeiaso?_rdc=1&amp;amp;amp;amp;amp;amp;amp;amp;amp;amp;amp;amp;amp;amp;amp;amp;amp;_rdr","https:\/\/www.youtube.com\/channel\/UCyIFMT16nMiZR0jGOyAJBTw"]}]}},"_links":{"self":[{"href":"https:\/\/iolife.dope.studio\/it\/wp-json\/wp\/v2\/pages\/30390","targetHints":{"allow":["GET"]}}],"collection":[{"href":"https:\/\/iolife.dope.studio\/it\/wp-json\/wp\/v2\/pages"}],"about":[{"href":"https:\/\/iolife.dope.studio\/it\/wp-json\/wp\/v2\/types\/page"}],"author":[{"embeddable":true,"href":"https:\/\/iolife.dope.studio\/it\/wp-json\/wp\/v2\/users\/1"}],"replies":[{"embeddable":true,"href":"https:\/\/iolife.dope.studio\/it\/wp-json\/wp\/v2\/comments?post=30390"}],"version-history":[{"count":0,"href":"https:\/\/iolife.dope.studio\/it\/wp-json\/wp\/v2\/pages\/30390\/revisions"}],"up":[{"embeddable":true,"href":"https:\/\/iolife.dope.studio\/it\/wp-json\/wp\/v2\/pages\/30384"}],"wp:featuredmedia":[{"embeddable":true,"href":"https:\/\/iolife.dope.studio\/it\/wp-json\/wp\/v2\/media\/24577"}],"wp:attachment":[{"href":"https:\/\/iolife.dope.studio\/it\/wp-json\/wp\/v2\/media?parent=30390"}],"wp:term":[{"taxonomy":"category","embeddable":true,"href":"https:\/\/iolife.dope.studio\/it\/wp-json\/wp\/v2\/categories?post=30390"},{"taxonomy":"post_tag","embeddable":true,"href":"https:\/\/iolife.dope.studio\/it\/wp-json\/wp\/v2\/tags?post=30390"}],"curies":[{"name":"wp","href":"https:\/\/api.w.org\/{rel}","templated":true}]}}