{"id":30031,"date":"2019-07-11T08:08:58","date_gmt":"2019-07-11T08:08:58","guid":{"rendered":"https:\/\/www.iolife.eu\/contact\/"},"modified":"2025-03-31T12:53:52","modified_gmt":"2025-03-31T09:53:52","slug":"contatti","status":"publish","type":"page","link":"https:\/\/iolife.dope.studio\/it\/contatti\/","title":{"rendered":"Contatti"},"content":{"rendered":"<div class=\"wpb-content-wrapper\"><p>[vc_row equal_height=&#8221;yes&#8221; content_placement=&#8221;top&#8221; inner_container=&#8221;no&#8221; text_color=&#8221;#ffffff&#8221; type=&#8221;image&#8221; bg_color=&#8221;rgba(221,221,221,0.43)&#8221; bg_position_horizontal=&#8221;center&#8221; enable_parallax=&#8221;false&#8221; padding_top=&#8221;&#8221; padding_bottom=&#8221;&#8221;][vc_column width=&#8221;1\/6&#8243;][\/vc_column][vc_column width=&#8221;2\/3&#8243; css=&#8221;.vc_custom_1594119366073{margin-bottom: 0px !important;border-right-width: 0px !important;background-color: #ac6bbc !important;}&#8221;][vc_empty_space height=&#8221;100px&#8221;][vc_column_text css=&#8221;.vc_custom_1607618110314{padding-right: 50px !important;padding-left: 50px !important;}&#8221;]<\/p>\n<h3 style=\"text-align: center;\">Fissate subito un appuntamento per un aggiornamento da parte dei nostri specialisti.<\/h3>\n<p>[\/vc_column_text][vc_row_inner content_placement=&#8221;middle&#8221; css=&#8221;.vc_custom_1579035965915{border-top-width: 1px !important;border-top-color: rgba(234,234,234,0.72) !important;border-top-style: solid !important;}&#8221;][vc_column_inner width=&#8221;1\/2&#8243; css=&#8221;.vc_custom_1608223090131{background-image: url(https:\/\/iolife.dope.studiowp-content\/uploads\/2020\/12\/iolife-epikoinonia.jpg?id=31060) !important;background-position: center !important;background-repeat: no-repeat !important;background-size: cover !important;}&#8221;][vc_empty_space height=&#8221;402px&#8221;][\/vc_column_inner][vc_column_inner width=&#8221;1\/2&#8243;][vc_column_text css=&#8221;.vc_custom_1607618137883{padding-top: 50px !important;padding-right: 50px !important;padding-bottom: 50px !important;padding-left: 50px !important;}&#8221;]A Institute of Life vi attende un team di medici esperti e specializzati, in un laboratorio all&#8217;avanguardia, pronto a guidarvi sin dal primo appuntamento. Siamo al vostro fianco in ogni momento per risolvere ogni domanda e per scegliere insieme il trattamento appropriato.<\/p>\n<p>Know-how, esperienza, velocit\u00e0 e soprattutto affidabilit\u00e0 sono ci\u00f2 che fanno di Institute of Life l&#8217;unit\u00e0 pi\u00f9 completa per l&#8217;infertilit\u00e0 di entrambi i sessi.[\/vc_column_text][\/vc_column_inner][\/vc_row_inner][vc_row_inner css=&#8221;.vc_custom_1579036105444{padding-top: 60px !important;padding-right: 50px !important;padding-bottom: 20px !important;padding-left: 50px !important;background-color: #ffffff !important;}&#8221;][vc_column_inner width=&#8221;1\/3&#8243;][vc_column_text]<img loading=\"lazy\" decoding=\"async\" class=\"wp-image-9821 aligncenter\" src=\"https:\/\/iolife.dope.studiowp-content\/uploads\/2019\/05\/logo-new-big-300x300.png\" alt=\"\" width=\"141\" height=\"141\" srcset=\"https:\/\/iolife.dope.studio\/wp-content\/uploads\/2019\/05\/logo-new-big-300x300.png 300w, https:\/\/iolife.dope.studio\/wp-content\/uploads\/2019\/05\/logo-new-big-150x150.png 150w, https:\/\/iolife.dope.studio\/wp-content\/uploads\/2019\/05\/logo-new-big-100x100.png 100w, https:\/\/iolife.dope.studio\/wp-content\/uploads\/2019\/05\/logo-new-big-480x480.png 480w, https:\/\/iolife.dope.studio\/wp-content\/uploads\/2019\/05\/logo-new-big-44x44.png 44w, https:\/\/iolife.dope.studio\/wp-content\/uploads\/2019\/05\/logo-new-big.png 528w\" sizes=\"auto, (max-width: 141px) 100vw, 141px\" \/>[\/vc_column_text][vc_column_text text_color=&#8221;#595959&#8243;]<\/p>\n<p style=\"text-align: center;\">Clinica ostetrica Iaso<br \/>\nViale Kifisias 37-39,<br \/>\nMarousi, Atene, Grecia<\/p>\n<p>[\/vc_column_text][vc_column_text text_color=&#8221;#595959&#8243;]<\/p>\n<div class=\"adr adress_wrap cmsmasters_theme_icon_user_address\" style=\"text-align: center;\">Tel.: +30 210 61 84 030<\/div>\n<p style=\"text-align: center;\"><span class=\"contact_widget_email cmsmasters_theme_icon_user_mail\" style=\"color: #333333;\"><a class=\"email\" style=\"color: #333333;\" href=\"mailto:ivf@iaso.gr\">ivf@iaso.gr<\/a><\/span><\/p>\n<p style=\"text-align: center;\"><span class=\"contact_widget_url cmsmasters_theme_icon_user_website\" style=\"color: #333333;\"><a class=\"url\" style=\"color: #333333;\" href=\"https:\/\/iolife.dope.studioen\/\">www.iolife.eu<\/a><\/span><\/p>\n<p>[\/vc_column_text][vc_raw_html]JTNDZGl2JTIwY2xhc3MlM0QlMjJmYi1wYWdlJTIyJTIwZGF0YS1ocmVmJTNEJTIyaHR0cHMlM0ElMkYlMkZ3d3cuZmFjZWJvb2suY29tJTJGaW9saWZlaWFzbyUyRiUyMiUyMGRhdGEtdGFicyUzRCUyMmxpa2UlMjIlMjBkYXRhLXdpZHRoJTNEJTIyMzAwJTIyJTIwZGF0YS1oZWlnaHQlM0QlMjIxMDAlMjIlMjBkYXRhLXNtYWxsLWhlYWRlciUzRCUyMnRydWUlMjIlMjBkYXRhLWFkYXB0LWNvbnRhaW5lci13aWR0aCUzRCUyMnRydWUlMjIlMjBkYXRhLWhpZGUtY292ZXIlM0QlMjJ0cnVlJTIyJTIwZGF0YS1zaG93LWZhY2VwaWxlJTNEJTIyZmFsc2UlMjIlM0UlM0NibG9ja3F1b3RlJTIwY2l0ZSUzRCUyMmh0dHBzJTNBJTJGJTJGd3d3LmZhY2Vib29rLmNvbSUyRmlvbGlmZWlhc28lMkYlMjIlMjBjbGFzcyUzRCUyMmZiLXhmYm1sLXBhcnNlLWlnbm9yZSUyMiUzRSUzQ2ElMjBocmVmJTNEJTIyaHR0cHMlM0ElMkYlMkZ3d3cuZmFjZWJvb2suY29tJTJGaW9saWZlaWFzbyUyRiUyMiUzRUluc3RpdHV0ZSUyMG9mJTIwTGlmZSUyMC0lMjBJQVNPJTNDJTJGYSUzRSUzQyUyRmJsb2NrcXVvdGUlM0UlM0MlMkZkaXYlM0U=[\/vc_raw_html][vc_column_text css=&#8221;&#8221; el_class=&#8221;address_others&#8221;]Institute of Life- Kalamata<br \/>\nFertility Office<\/p>\n<p>21 Andrea Skia<br \/>\nKalamata 24100<\/p>\n<p>Tel: 27210 98315<br \/>\nemail: <a href=\"mailto:iolifekalamata@gmail.com\">iolifekalamata@gmail.com<\/a>[\/vc_column_text][\/vc_column_inner][vc_column_inner width=&#8221;2\/3&#8243;]\n<div class=\"wpcf7 no-js\" id=\"wpcf7-f29731-o1\" lang=\"it-IT\" dir=\"ltr\" data-wpcf7-id=\"29731\">\n<div class=\"screen-reader-response\"><p role=\"status\" aria-live=\"polite\" aria-atomic=\"true\"><\/p> <ul><\/ul><\/div>\n<form action=\"\/it\/wp-json\/wp\/v2\/pages\/30031#wpcf7-f29731-o1\" method=\"post\" class=\"wpcf7-form init\" aria-label=\"Modulo di contatto\" novalidate=\"novalidate\" data-status=\"init\">\n<fieldset class=\"hidden-fields-container\"><input type=\"hidden\" name=\"_wpcf7\" value=\"29731\" \/><input type=\"hidden\" name=\"_wpcf7_version\" value=\"6.1.5\" \/><input type=\"hidden\" name=\"_wpcf7_locale\" value=\"it_IT\" \/><input type=\"hidden\" name=\"_wpcf7_unit_tag\" value=\"wpcf7-f29731-o1\" \/><input type=\"hidden\" name=\"_wpcf7_container_post\" value=\"0\" \/><input type=\"hidden\" name=\"_wpcf7_posted_data_hash\" value=\"\" \/>\n<\/fieldset>\n<p><span class=\"wpcf7-form-control-wrap\" data-name=\"your-name\"><input size=\"40\" maxlength=\"400\" class=\"wpcf7-form-control wpcf7-text wpcf7-validates-as-required\" aria-required=\"true\" aria-invalid=\"false\" placeholder=\"Nome e cognome*\" value=\"\" type=\"text\" name=\"your-name\" \/><\/span>\n<\/p>\n<div class=\"row\">\n\t<div class=\"col-sm-6 first-col\">\n\t\t<p><span class=\"wpcf7-form-control-wrap\" data-name=\"your-email\"><input size=\"40\" maxlength=\"400\" class=\"wpcf7-form-control wpcf7-email wpcf7-validates-as-required wpcf7-text wpcf7-validates-as-email\" aria-required=\"true\" aria-invalid=\"false\" placeholder=\"Email*\" value=\"\" type=\"email\" name=\"your-email\" \/><\/span>\n\t\t<\/p>\n\t<\/div>\n\t<div class=\"col-sm-6 last-col\">\n\t\t<p><span class=\"wpcf7-form-control-wrap\" data-name=\"tel-425\"><input size=\"40\" maxlength=\"400\" class=\"wpcf7-form-control wpcf7-tel wpcf7-validates-as-required wpcf7-text wpcf7-validates-as-tel\" aria-required=\"true\" aria-invalid=\"false\" placeholder=\"Tel*\" value=\"\" type=\"tel\" name=\"tel-425\" \/><\/span>\n\t\t<\/p>\n\t<\/div>\n<\/div>\n<div class=\"row\">\n\t<div class=\"col-sm-12 first-col\">\n\t\t<h5><span style = \"FONT-SIZE:13PX;color:grey;\">Vorrei essere contattato\/a tramite: <span class=\"wpcf7-form-control-wrap\" data-name=\"checkbox-373\"><span class=\"wpcf7-form-control wpcf7-checkbox\"><span class=\"wpcf7-list-item first\"><input type=\"checkbox\" name=\"checkbox-373[]\" value=\"Skype\" \/><span class=\"wpcf7-list-item-label\">Skype<\/span><\/span><span class=\"wpcf7-list-item last\"><input type=\"checkbox\" name=\"checkbox-373[]\" value=\"Telefono\" \/><span class=\"wpcf7-list-item-label\">Telefono<\/span><\/span><\/span><\/span><\/span><br \/>\n\t\t\t<p><span style = \"FONT-SIZE:11PX;color:grey;line-height:9px !important;\">(!) Si prega di NON inserire informazioni personali e dati sanitari in questo campo.<br \/>\n<\/span>\n\t\t\t<\/p><br \/>\n<span class=\"wpcf7-form-control-wrap\" data-name=\"your-message\"><textarea cols=\"20\" rows=\"5\" maxlength=\"2000\" class=\"wpcf7-form-control wpcf7-textarea\" aria-invalid=\"false\" placeholder=\"Messaggio\" name=\"your-message\"><\/textarea><\/span> <br \/>\n\t\t\t<div class=\"row\">\n\t\t\t\t<div class=\"col-sm-12 first-col\">\n\t\t\t\t\t<p><label><span class=\"wpcf7-form-control-wrap\" data-name=\"acceptance-488\"><span class=\"wpcf7-form-control wpcf7-acceptance\"><span class=\"wpcf7-list-item\"><label><input type=\"checkbox\" name=\"acceptance-488\" value=\"1\" aria-invalid=\"false\" \/><span class=\"wpcf7-list-item-label\"><span style=\"color: #919091; FONT-SIZE:13PX;\"> Ho letto e compreso la <a style=\"color:#800080 ;\" href=\"https:\/\/iolife.dope.studioit\/policy\/\">Politica sulla protezione dei dati personali <\/a> di Institute of Life.<\/span><\/span><\/label><\/span><\/span><\/span><\/label>\n\t\t\t\t\t<\/p>\n\t\t\t\t<\/div>\n\t\t\t<\/div><br \/>\n<input class=\"wpcf7-form-control wpcf7-submit has-spinner\" type=\"submit\" value=\"Invia\" \/>\n\t\t<\/h5>\n\t<\/div>\n<\/div><input type='hidden' class='wpcf7-pum' value='{\"closepopup\":false,\"closedelay\":0,\"openpopup\":false,\"openpopup_id\":0}' \/><div class=\"wpcf7-response-output\" aria-hidden=\"true\"><\/div>\n<\/form>\n<\/div>\n[\/vc_column_inner][\/vc_row_inner][\/vc_column][vc_column width=&#8221;1\/6&#8243;][\/vc_column][\/vc_row][vc_row content_placement=&#8221;top&#8221; inner_container=&#8221;no&#8221; text_color=&#8221;#ffffff&#8221; type=&#8221;image&#8221; bg_color=&#8221;rgba(221,221,221,0.43)&#8221; bg_position_horizontal=&#8221;center&#8221; enable_parallax=&#8221;false&#8221; column_gap=&#8221;no&#8221; padding_top=&#8221;&#8221; padding_bottom=&#8221;&#8221;][vc_column width=&#8221;1\/6&#8243; css=&#8221;.vc_custom_1597162360402{margin-right: -20px !important;}&#8221;][\/vc_column][vc_column width=&#8221;2\/3&#8243; css=&#8221;.vc_custom_1597161899684{background-color: #ac6bbc !important;}&#8221;][vc_raw_html]JTVCaG1hcHNwcmVtJTIwaWQlM0QxMSU1RA==[\/vc_raw_html][\/vc_column][vc_column width=&#8221;1\/6&#8243;][\/vc_column][\/vc_row]<\/p>\n<\/div>","protected":false},"excerpt":{"rendered":"<p>[vc_row equal_height=&#8221;yes&#8221; content_placement=&#8221;top&#8221; inner_container=&#8221;no&#8221; text_color=&#8221;#ffffff&#8221; type=&#8221;image&#8221; bg_color=&#8221;rgba(221,221,221,0.43)&#8221; bg_position_horizontal=&#8221;center&#8221; enable_parallax=&#8221;false&#8221; padding_top=&#8221;&#8221; padding_bottom=&#8221;&#8221;][vc_column width=&#8221;1\/6&#8243;][\/vc_column][vc_column width=&#8221;2\/3&#8243; css=&#8221;.vc_custom_1594119366073{margin-bottom: 0px !important;border-right-width: 0px !important;background-color: #ac6bbc !important;}&#8221;][vc_empty_space height=&#8221;100px&#8221;][vc_column_text css=&#8221;.vc_custom_1607618110314{padding-right: 50px !important;padding-left: 50px !important;}&#8221;] Fissate subito un appuntamento per un aggiornamento da parte dei nostri specialisti. [\/vc_column_text][vc_row_inner content_placement=&#8221;middle&#8221; css=&#8221;.vc_custom_1579035965915{border-top-width: 1px !important;border-top-color: rgba(234,234,234,0.72) !important;border-top-style: solid !important;}&#8221;][vc_column_inner width=&#8221;1\/2&#8243; css=&#8221;.vc_custom_1608223090131{background-image: url(https:\/\/iolife.dope.studiowp-content\/uploads\/2020\/12\/iolife-epikoinonia.jpg?id=31060) !important;background-position: center !important;background-repeat: no-repeat !important;background-size: cover !important;}&#8221;][vc_empty_space height=&#8221;402px&#8221;][\/vc_column_inner][vc_column_inner width=&#8221;1\/2&#8243;][vc_column_text css=&#8221;.vc_custom_1607618137883{padding-top: [&hellip;]<\/p>\n","protected":false},"author":1,"featured_media":0,"parent":0,"menu_order":0,"comment_status":"closed","ping_status":"closed","template":"","meta":{"footnotes":""},"categories":[],"tags":[],"class_list":["post-30031","page","type-page","status-publish","hentry"],"yoast_head":"<!-- This site is optimized with the Yoast SEO Premium plugin v27.3 (Yoast SEO v27.3) - https:\/\/yoast.com\/product\/yoast-seo-premium-wordpress\/ -->\n<title>Contatti - Institute of Life<\/title>\n<meta name=\"robots\" content=\"index, follow, max-snippet:-1, max-image-preview:large, max-video-preview:-1\" \/>\n<link rel=\"canonical\" href=\"https:\/\/iolife.dope.studio\/it\/contatti\/\" \/>\n<meta property=\"og:locale\" content=\"it_IT\" \/>\n<meta property=\"og:type\" content=\"article\" \/>\n<meta property=\"og:title\" content=\"Contatti\" \/>\n<meta property=\"og:description\" content=\"[vc_row equal_height=&#8221;yes&#8221; content_placement=&#8221;top&#8221; inner_container=&#8221;no&#8221; text_color=&#8221;#ffffff&#8221; type=&#8221;image&#8221; bg_color=&#8221;rgba(221,221,221,0.43)&#8221; bg_position_horizontal=&#8221;center&#8221; enable_parallax=&#8221;false&#8221; padding_top=&#8221;&#8221; padding_bottom=&#8221;&#8221;][vc_column width=&#8221;1\/6&#8243;][\/vc_column][vc_column width=&#8221;2\/3&#8243; css=&#8221;.vc_custom_1594119366073{margin-bottom: 0px !important;border-right-width: 0px !important;background-color: #ac6bbc !important;}&#8221;][vc_empty_space height=&#8221;100px&#8221;][vc_column_text css=&#8221;.vc_custom_1607618110314{padding-right: 50px !important;padding-left: 50px !important;}&#8221;] Fissate subito un appuntamento per un aggiornamento da parte dei nostri specialisti. [\/vc_column_text][vc_row_inner content_placement=&#8221;middle&#8221; css=&#8221;.vc_custom_1579035965915{border-top-width: 1px !important;border-top-color: rgba(234,234,234,0.72) !important;border-top-style: solid !important;}&#8221;][vc_column_inner width=&#8221;1\/2&#8243; css=&#8221;.vc_custom_1608223090131{background-image: url(https:\/\/iolife.dope.studiowp-content\/uploads\/2020\/12\/iolife-epikoinonia.jpg?id=31060) !important;background-position: center !important;background-repeat: no-repeat !important;background-size: cover !important;}&#8221;][vc_empty_space height=&#8221;402px&#8221;][\/vc_column_inner][vc_column_inner width=&#8221;1\/2&#8243;][vc_column_text css=&#8221;.vc_custom_1607618137883{padding-top: [&hellip;]\" \/>\n<meta property=\"og:url\" content=\"https:\/\/iolife.dope.studio\/it\/contatti\/\" \/>\n<meta property=\"og:site_name\" content=\"Institute of Life\" \/>\n<meta property=\"article:publisher\" content=\"https:\/\/web.facebook.com\/iolifeiaso?_rdc=1&amp;amp%3bamp%3bamp%3bamp%3bamp%3bamp%3bamp%3bamp%3bamp%3bamp%3bamp%3bamp%3bamp%3bamp%3bamp%3bamp%3bamp%3b_rdr\" \/>\n<meta property=\"article:modified_time\" content=\"2025-03-31T09:53:52+00:00\" \/>\n<meta property=\"og:image\" content=\"https:\/\/iolife.dope.studiowp-content\/uploads\/2019\/05\/logo-new-big-300x300.png\" \/>\n<meta name=\"twitter:card\" content=\"summary_large_image\" \/>\n<meta name=\"twitter:label1\" content=\"Tempo di lettura stimato\" \/>\n\t<meta name=\"twitter:data1\" content=\"2 minuti\" \/>\n<script type=\"application\/ld+json\" class=\"yoast-schema-graph\">{\"@context\":\"https:\\\/\\\/schema.org\",\"@graph\":[{\"@type\":\"WebPage\",\"@id\":\"https:\\\/\\\/iolife.dope.studio\\\/it\\\/contatti\\\/\",\"url\":\"https:\\\/\\\/iolife.dope.studio\\\/it\\\/contatti\\\/\",\"name\":\"Contatti - Institute of Life\",\"isPartOf\":{\"@id\":\"https:\\\/\\\/iolife.dope.studio\\\/it\\\/#website\"},\"primaryImageOfPage\":{\"@id\":\"https:\\\/\\\/iolife.dope.studio\\\/it\\\/contatti\\\/#primaryimage\"},\"image\":{\"@id\":\"https:\\\/\\\/iolife.dope.studio\\\/it\\\/contatti\\\/#primaryimage\"},\"thumbnailUrl\":\"https:\\\/\\\/iolife.dope.studiowp-content\\\/uploads\\\/2019\\\/05\\\/logo-new-big-300x300.png\",\"datePublished\":\"2019-07-11T08:08:58+00:00\",\"dateModified\":\"2025-03-31T09:53:52+00:00\",\"breadcrumb\":{\"@id\":\"https:\\\/\\\/iolife.dope.studio\\\/it\\\/contatti\\\/#breadcrumb\"},\"inLanguage\":\"it-IT\",\"potentialAction\":[{\"@type\":\"ReadAction\",\"target\":[\"https:\\\/\\\/iolife.dope.studio\\\/it\\\/contatti\\\/\"]}]},{\"@type\":\"ImageObject\",\"inLanguage\":\"it-IT\",\"@id\":\"https:\\\/\\\/iolife.dope.studio\\\/it\\\/contatti\\\/#primaryimage\",\"url\":\"https:\\\/\\\/iolife.dope.studiowp-content\\\/uploads\\\/2019\\\/05\\\/logo-new-big-300x300.png\",\"contentUrl\":\"https:\\\/\\\/iolife.dope.studiowp-content\\\/uploads\\\/2019\\\/05\\\/logo-new-big-300x300.png\"},{\"@type\":\"BreadcrumbList\",\"@id\":\"https:\\\/\\\/iolife.dope.studio\\\/it\\\/contatti\\\/#breadcrumb\",\"itemListElement\":[{\"@type\":\"ListItem\",\"position\":1,\"name\":\"Home\",\"item\":\"https:\\\/\\\/iolife.dope.studio\\\/it\\\/\"},{\"@type\":\"ListItem\",\"position\":2,\"name\":\"Contatti\"}]},{\"@type\":\"WebSite\",\"@id\":\"https:\\\/\\\/iolife.dope.studio\\\/it\\\/#website\",\"url\":\"https:\\\/\\\/iolife.dope.studio\\\/it\\\/\",\"name\":\"Institute of Life\",\"description\":\"\",\"publisher\":{\"@id\":\"https:\\\/\\\/iolife.dope.studio\\\/it\\\/#organization\"},\"potentialAction\":[{\"@type\":\"SearchAction\",\"target\":{\"@type\":\"EntryPoint\",\"urlTemplate\":\"https:\\\/\\\/iolife.dope.studio\\\/it\\\/?s={search_term_string}\"},\"query-input\":{\"@type\":\"PropertyValueSpecification\",\"valueRequired\":true,\"valueName\":\"search_term_string\"}}],\"inLanguage\":\"it-IT\"},{\"@type\":\"Organization\",\"@id\":\"https:\\\/\\\/iolife.dope.studio\\\/it\\\/#organization\",\"name\":\"Institute of Life\",\"url\":\"https:\\\/\\\/iolife.dope.studio\\\/it\\\/\",\"logo\":{\"@type\":\"ImageObject\",\"inLanguage\":\"it-IT\",\"@id\":\"https:\\\/\\\/iolife.dope.studio\\\/it\\\/#\\\/schema\\\/logo\\\/image\\\/\",\"url\":\"https:\\\/\\\/iolife.dope.studiowp-content\\\/uploads\\\/2020\\\/05\\\/4.png\",\"contentUrl\":\"https:\\\/\\\/iolife.dope.studiowp-content\\\/uploads\\\/2020\\\/05\\\/4.png\",\"width\":908,\"height\":908,\"caption\":\"Institute of Life\"},\"image\":{\"@id\":\"https:\\\/\\\/iolife.dope.studio\\\/it\\\/#\\\/schema\\\/logo\\\/image\\\/\"},\"sameAs\":[\"https:\\\/\\\/web.facebook.com\\\/iolifeiaso?_rdc=1&amp;amp;amp;amp;amp;amp;amp;amp;amp;amp;amp;amp;amp;amp;amp;amp;amp;_rdr\",\"https:\\\/\\\/www.youtube.com\\\/channel\\\/UCyIFMT16nMiZR0jGOyAJBTw\"]}]}<\/script>\n<!-- \/ Yoast SEO Premium plugin. -->","yoast_head_json":{"title":"Contatti - Institute of Life","robots":{"index":"index","follow":"follow","max-snippet":"max-snippet:-1","max-image-preview":"max-image-preview:large","max-video-preview":"max-video-preview:-1"},"canonical":"https:\/\/iolife.dope.studio\/it\/contatti\/","og_locale":"it_IT","og_type":"article","og_title":"Contatti","og_description":"[vc_row equal_height=&#8221;yes&#8221; content_placement=&#8221;top&#8221; inner_container=&#8221;no&#8221; text_color=&#8221;#ffffff&#8221; type=&#8221;image&#8221; bg_color=&#8221;rgba(221,221,221,0.43)&#8221; bg_position_horizontal=&#8221;center&#8221; enable_parallax=&#8221;false&#8221; padding_top=&#8221;&#8221; padding_bottom=&#8221;&#8221;][vc_column width=&#8221;1\/6&#8243;][\/vc_column][vc_column width=&#8221;2\/3&#8243; css=&#8221;.vc_custom_1594119366073{margin-bottom: 0px !important;border-right-width: 0px !important;background-color: #ac6bbc !important;}&#8221;][vc_empty_space height=&#8221;100px&#8221;][vc_column_text css=&#8221;.vc_custom_1607618110314{padding-right: 50px !important;padding-left: 50px !important;}&#8221;] Fissate subito un appuntamento per un aggiornamento da parte dei nostri specialisti. [\/vc_column_text][vc_row_inner content_placement=&#8221;middle&#8221; css=&#8221;.vc_custom_1579035965915{border-top-width: 1px !important;border-top-color: rgba(234,234,234,0.72) !important;border-top-style: solid !important;}&#8221;][vc_column_inner width=&#8221;1\/2&#8243; css=&#8221;.vc_custom_1608223090131{background-image: url(https:\/\/iolife.dope.studiowp-content\/uploads\/2020\/12\/iolife-epikoinonia.jpg?id=31060) !important;background-position: center !important;background-repeat: no-repeat !important;background-size: cover !important;}&#8221;][vc_empty_space height=&#8221;402px&#8221;][\/vc_column_inner][vc_column_inner width=&#8221;1\/2&#8243;][vc_column_text css=&#8221;.vc_custom_1607618137883{padding-top: [&hellip;]","og_url":"https:\/\/iolife.dope.studio\/it\/contatti\/","og_site_name":"Institute of Life","article_publisher":"https:\/\/web.facebook.com\/iolifeiaso?_rdc=1&amp%3bamp%3bamp%3bamp%3bamp%3bamp%3bamp%3bamp%3bamp%3bamp%3bamp%3bamp%3bamp%3bamp%3bamp%3bamp%3bamp%3b_rdr","article_modified_time":"2025-03-31T09:53:52+00:00","og_image":[{"url":"https:\/\/iolife.dope.studiowp-content\/uploads\/2019\/05\/logo-new-big-300x300.png","type":"","width":"","height":""}],"twitter_card":"summary_large_image","twitter_misc":{"Tempo di lettura stimato":"2 minuti"},"schema":{"@context":"https:\/\/schema.org","@graph":[{"@type":"WebPage","@id":"https:\/\/iolife.dope.studio\/it\/contatti\/","url":"https:\/\/iolife.dope.studio\/it\/contatti\/","name":"Contatti - Institute of Life","isPartOf":{"@id":"https:\/\/iolife.dope.studio\/it\/#website"},"primaryImageOfPage":{"@id":"https:\/\/iolife.dope.studio\/it\/contatti\/#primaryimage"},"image":{"@id":"https:\/\/iolife.dope.studio\/it\/contatti\/#primaryimage"},"thumbnailUrl":"https:\/\/iolife.dope.studiowp-content\/uploads\/2019\/05\/logo-new-big-300x300.png","datePublished":"2019-07-11T08:08:58+00:00","dateModified":"2025-03-31T09:53:52+00:00","breadcrumb":{"@id":"https:\/\/iolife.dope.studio\/it\/contatti\/#breadcrumb"},"inLanguage":"it-IT","potentialAction":[{"@type":"ReadAction","target":["https:\/\/iolife.dope.studio\/it\/contatti\/"]}]},{"@type":"ImageObject","inLanguage":"it-IT","@id":"https:\/\/iolife.dope.studio\/it\/contatti\/#primaryimage","url":"https:\/\/iolife.dope.studiowp-content\/uploads\/2019\/05\/logo-new-big-300x300.png","contentUrl":"https:\/\/iolife.dope.studiowp-content\/uploads\/2019\/05\/logo-new-big-300x300.png"},{"@type":"BreadcrumbList","@id":"https:\/\/iolife.dope.studio\/it\/contatti\/#breadcrumb","itemListElement":[{"@type":"ListItem","position":1,"name":"Home","item":"https:\/\/iolife.dope.studio\/it\/"},{"@type":"ListItem","position":2,"name":"Contatti"}]},{"@type":"WebSite","@id":"https:\/\/iolife.dope.studio\/it\/#website","url":"https:\/\/iolife.dope.studio\/it\/","name":"Institute of Life","description":"","publisher":{"@id":"https:\/\/iolife.dope.studio\/it\/#organization"},"potentialAction":[{"@type":"SearchAction","target":{"@type":"EntryPoint","urlTemplate":"https:\/\/iolife.dope.studio\/it\/?s={search_term_string}"},"query-input":{"@type":"PropertyValueSpecification","valueRequired":true,"valueName":"search_term_string"}}],"inLanguage":"it-IT"},{"@type":"Organization","@id":"https:\/\/iolife.dope.studio\/it\/#organization","name":"Institute of Life","url":"https:\/\/iolife.dope.studio\/it\/","logo":{"@type":"ImageObject","inLanguage":"it-IT","@id":"https:\/\/iolife.dope.studio\/it\/#\/schema\/logo\/image\/","url":"https:\/\/iolife.dope.studiowp-content\/uploads\/2020\/05\/4.png","contentUrl":"https:\/\/iolife.dope.studiowp-content\/uploads\/2020\/05\/4.png","width":908,"height":908,"caption":"Institute of Life"},"image":{"@id":"https:\/\/iolife.dope.studio\/it\/#\/schema\/logo\/image\/"},"sameAs":["https:\/\/web.facebook.com\/iolifeiaso?_rdc=1&amp;amp;amp;amp;amp;amp;amp;amp;amp;amp;amp;amp;amp;amp;amp;amp;amp;_rdr","https:\/\/www.youtube.com\/channel\/UCyIFMT16nMiZR0jGOyAJBTw"]}]}},"_links":{"self":[{"href":"https:\/\/iolife.dope.studio\/it\/wp-json\/wp\/v2\/pages\/30031","targetHints":{"allow":["GET"]}}],"collection":[{"href":"https:\/\/iolife.dope.studio\/it\/wp-json\/wp\/v2\/pages"}],"about":[{"href":"https:\/\/iolife.dope.studio\/it\/wp-json\/wp\/v2\/types\/page"}],"author":[{"embeddable":true,"href":"https:\/\/iolife.dope.studio\/it\/wp-json\/wp\/v2\/users\/1"}],"replies":[{"embeddable":true,"href":"https:\/\/iolife.dope.studio\/it\/wp-json\/wp\/v2\/comments?post=30031"}],"version-history":[{"count":3,"href":"https:\/\/iolife.dope.studio\/it\/wp-json\/wp\/v2\/pages\/30031\/revisions"}],"predecessor-version":[{"id":35549,"href":"https:\/\/iolife.dope.studio\/it\/wp-json\/wp\/v2\/pages\/30031\/revisions\/35549"}],"wp:attachment":[{"href":"https:\/\/iolife.dope.studio\/it\/wp-json\/wp\/v2\/media?parent=30031"}],"wp:term":[{"taxonomy":"category","embeddable":true,"href":"https:\/\/iolife.dope.studio\/it\/wp-json\/wp\/v2\/categories?post=30031"},{"taxonomy":"post_tag","embeddable":true,"href":"https:\/\/iolife.dope.studio\/it\/wp-json\/wp\/v2\/tags?post=30031"}],"curies":[{"name":"wp","href":"https:\/\/api.w.org\/{rel}","templated":true}]}}