{"id":29967,"date":"2020-07-02T10:16:18","date_gmt":"2020-07-02T10:16:18","guid":{"rendered":"https:\/\/www.iolife.eu\/articles\/"},"modified":"2020-12-10T17:19:07","modified_gmt":"2020-12-10T15:19:07","slug":"articoli","status":"publish","type":"page","link":"https:\/\/iolife.dope.studio\/it\/articoli\/","title":{"rendered":"Articoli"},"content":{"rendered":"<div class=\"wpb-content-wrapper\"><p>[vc_row][vc_column]\n\t<div class=\"sq-posts-data\" style=\"display: none;\">\n\t\t\t\t<input type=\"hidden\" name=\"pitem\" value=\"0\">\n\t\t<input type=\"hidden\" name=\"post_id\" value=\"29967\">\n\t<\/div>\n\n\t\n\t\t<div class=\"kleo-view-switch\" data-identifier=\"29967\"><ul><li><span data-type=\"masonry\" class=\"switch-masonry active\"><\/span><\/li><li><span data-type=\"small\" class=\"switch-small\"><\/span><\/li><li><span data-type=\"standard\" class=\"switch-standard\"><\/span><\/li><\/ul><\/div><div class=\"clearfix\"><\/div>\n\t\t\n\t\n\t\n\t\t<div class=\"posts-listing responsive-cols kleo-masonry per-row-4 with-meta masonry-listing\">\n\n\t\n\t\n<article id=\"post-29973\" class=\"post-item post-29973 post type-post status-publish format-standard has-post-thumbnail hentry category-male-infertility-en-arthra-en-it\">\n    <div class=\"post-content animated animate-when-almost-visible el-appear\">\n\n\t\t<div class=\"post-image\"><a href=\"https:\/\/iolife.dope.studio\/it\/i-tassi-di-fertilita-maschile-stanno-diminuendo-progressivamente-a-causa-della-scelta-di-uno-stile-di-vita-sbagliato\/\" class=\"element-wrap\"><img loading=\"lazy\" decoding=\"async\" width=\"480\" height=\"321\" src=\"https:\/\/iolife.dope.studio\/wp-content\/uploads\/2019\/07\/4.jpg\" class=\"attachment-kleo-post-grid size-kleo-post-grid wp-post-image\" alt=\"\" srcset=\"https:\/\/iolife.dope.studio\/wp-content\/uploads\/2019\/07\/4.jpg 1267w, https:\/\/iolife.dope.studio\/wp-content\/uploads\/2019\/07\/4-300x200.jpg 300w, https:\/\/iolife.dope.studio\/wp-content\/uploads\/2019\/07\/4-1024x684.jpg 1024w, https:\/\/iolife.dope.studio\/wp-content\/uploads\/2019\/07\/4-768x513.jpg 768w, https:\/\/iolife.dope.studio\/wp-content\/uploads\/2019\/07\/4-800x534.jpg 800w, https:\/\/iolife.dope.studio\/wp-content\/uploads\/2019\/07\/4-672x449.jpg 672w, https:\/\/iolife.dope.studio\/wp-content\/uploads\/2019\/07\/4-1038x693.jpg 1038w, https:\/\/iolife.dope.studio\/wp-content\/uploads\/2019\/07\/4-480x320.jpg 480w\" sizes=\"auto, (max-width: 480px) 100vw, 480px\" \/><span class=\"hover-element\"><i>+<\/i><\/span><\/a><\/div><!--end post-image-->\n\t\t\n            <div class=\"post-header\">\n\n\t\t\t\t                    <h3 class=\"post-title entry-title\"><a href=\"https:\/\/iolife.dope.studio\/it\/i-tassi-di-fertilita-maschile-stanno-diminuendo-progressivamente-a-causa-della-scelta-di-uno-stile-di-vita-sbagliato\/\">I tassi di fertilit\u00e0 maschile stanno diminuendo progressivamente a causa della scelta di uno stile di vita sbagliato<\/a>\n                    <\/h3>\n\t\t\t\t\n                <span class=\"post-meta\">\n                    <small class=\"meta-author author vcard\"><a class=\"url fn n\" href=\"https:\/\/iolife.dope.studio\/it\/author\/artcom\/\" title=\"View all POSTS by artcom\" rel=\"author\"> <span class=\"author-name\">artcom<\/span><\/a><\/small>, <small><a href=\"https:\/\/iolife.dope.studio\/it\/i-tassi-di-fertilita-maschile-stanno-diminuendo-progressivamente-a-causa-della-scelta-di-uno-stile-di-vita-sbagliato\/\" rel=\"bookmark\" class=\"post-time\"><time class=\"entry-date\" datetime=\"2019-07-15T17:04:29+03:00\">15 Luglio 2019<\/time><time class=\"modify-date hide hidden updated\" datetime=\"2020-12-10T17:49:27+02:00\">10 Dicembre 2020<\/time><\/a><\/small>, <small class=\"meta-category\"><a href=\"https:\/\/iolife.dope.studio\/it\/category\/male-infertility-en-arthra-en-it\/\" rel=\"category tag\">Male Inferitlity<\/a><\/small>, <small class=\"meta-comment-count\"><a href=\"https:\/\/iolife.dope.studio\/it\/i-tassi-di-fertilita-maschile-stanno-diminuendo-progressivamente-a-causa-della-scelta-di-uno-stile-di-vita-sbagliato\/#comments\">0 <i class=\"icon-chat-1 hover-tip\" data-original-title=\"This article has 0 comments\" data-toggle=\"tooltip\" data-placement=\"top\"><\/i><\/a><\/small>                <\/span>\n\n            <\/div><!--end post-header-->\n\n\t\t\t\n\t\t\t\t                    <div class=\"post-info\">\n\n                        <div class=\"entry-summary\">\n\t\t\t\t\t\t\t<p>I tassi di fertilit\u00e0 maschile stanno gradualmente peggiorando a causa della scelta di uno stile di vita sbagliato. I...<\/p>                        <\/div><!-- .entry-summary -->\n\n                    <\/div><!--end post-info-->\n\t\t\t\t\n\t\t\t\n\t\t\n        <div class=\"post-footer\">\n            <small>\n\t\t\t\t<a href=\"#\" class=\"item-likes\" id=\"item-likes-10324\" title=\"Like this\"><span class=\"item-likes-count\">1<\/span> <span class=\"item-likes-postfix\">like<\/span><\/a>\n\t\t\t\t                    <a href=\"https:\/\/iolife.dope.studio\/it\/i-tassi-di-fertilita-maschile-stanno-diminuendo-progressivamente-a-causa-della-scelta-di-uno-stile-di-vita-sbagliato\/\"><span class=\"muted pull-right\">\n\t\t\t\t\t\tRead more<\/span>\n                    <\/a>\n\t\t\t\t\n            <\/small>\n        <\/div><!--end post-footer-->\n\n    <\/div><!--end post-content-->\n<\/article>\n\n\n<article id=\"post-29987\" class=\"post-item post-29987 post type-post status-publish format-standard has-post-thumbnail hentry category-articles-en-it category-male-infertility-en-arthra-en-it\">\n    <div class=\"post-content animated animate-when-almost-visible el-appear\">\n\n\t\t<div class=\"post-image\"><a href=\"https:\/\/iolife.dope.studio\/it\/in-che-modo-i-dispositivi-wifi-hanno-ripercussioni-sul-liquido-seminale\/\" class=\"element-wrap\"><img loading=\"lazy\" decoding=\"async\" width=\"480\" height=\"320\" src=\"https:\/\/iolife.dope.studio\/wp-content\/uploads\/2019\/07\/3.jpg\" class=\"attachment-kleo-post-grid size-kleo-post-grid wp-post-image\" alt=\"\" srcset=\"https:\/\/iolife.dope.studio\/wp-content\/uploads\/2019\/07\/3.jpg 1269w, https:\/\/iolife.dope.studio\/wp-content\/uploads\/2019\/07\/3-300x200.jpg 300w, https:\/\/iolife.dope.studio\/wp-content\/uploads\/2019\/07\/3-1024x682.jpg 1024w, https:\/\/iolife.dope.studio\/wp-content\/uploads\/2019\/07\/3-768x511.jpg 768w, https:\/\/iolife.dope.studio\/wp-content\/uploads\/2019\/07\/3-800x533.jpg 800w, https:\/\/iolife.dope.studio\/wp-content\/uploads\/2019\/07\/3-672x447.jpg 672w, https:\/\/iolife.dope.studio\/wp-content\/uploads\/2019\/07\/3-1038x691.jpg 1038w, https:\/\/iolife.dope.studio\/wp-content\/uploads\/2019\/07\/3-480x319.jpg 480w\" sizes=\"auto, (max-width: 480px) 100vw, 480px\" \/><span class=\"hover-element\"><i>+<\/i><\/span><\/a><\/div><!--end post-image-->\n\t\t\n            <div class=\"post-header\">\n\n\t\t\t\t                    <h3 class=\"post-title entry-title\"><a href=\"https:\/\/iolife.dope.studio\/it\/in-che-modo-i-dispositivi-wifi-hanno-ripercussioni-sul-liquido-seminale\/\">In che modo i dispositivi WiFi hanno ripercussioni sul liquido seminale?<\/a>\n                    <\/h3>\n\t\t\t\t\n                <span class=\"post-meta\">\n                    <small class=\"meta-author author vcard\"><a class=\"url fn n\" href=\"https:\/\/iolife.dope.studio\/it\/author\/artcom\/\" title=\"View all POSTS by artcom\" rel=\"author\"> <span class=\"author-name\">artcom<\/span><\/a><\/small>, <small><a href=\"https:\/\/iolife.dope.studio\/it\/in-che-modo-i-dispositivi-wifi-hanno-ripercussioni-sul-liquido-seminale\/\" rel=\"bookmark\" class=\"post-time\"><time class=\"entry-date\" datetime=\"2019-07-15T17:03:56+03:00\">15 Luglio 2019<\/time><time class=\"modify-date hide hidden updated\" datetime=\"2020-12-10T17:55:16+02:00\">10 Dicembre 2020<\/time><\/a><\/small>, <small class=\"meta-category\"><a href=\"https:\/\/iolife.dope.studio\/it\/category\/articles-en-it\/\" rel=\"category tag\">Articles<\/a>, <a href=\"https:\/\/iolife.dope.studio\/it\/category\/male-infertility-en-arthra-en-it\/\" rel=\"category tag\">Male Inferitlity<\/a><\/small>, <small class=\"meta-comment-count\"><a href=\"https:\/\/iolife.dope.studio\/it\/in-che-modo-i-dispositivi-wifi-hanno-ripercussioni-sul-liquido-seminale\/#comments\">0 <i class=\"icon-chat-1 hover-tip\" data-original-title=\"This article has 0 comments\" data-toggle=\"tooltip\" data-placement=\"top\"><\/i><\/a><\/small>                <\/span>\n\n            <\/div><!--end post-header-->\n\n\t\t\t\n\t\t\t\t                    <div class=\"post-info\">\n\n                        <div class=\"entry-summary\">\n\t\t\t\t\t\t\t<p>Un piccolo studio condotto da ricercatori in Giappone ha dimostrato che l&#8217;esposizione al WiFi pu\u00f2 avere un effetto negativo...<\/p>                        <\/div><!-- .entry-summary -->\n\n                    <\/div><!--end post-info-->\n\t\t\t\t\n\t\t\t\n\t\t\n        <div class=\"post-footer\">\n            <small>\n\t\t\t\t<a href=\"#\" class=\"item-likes\" id=\"item-likes-10322\" title=\"Like this\"><span class=\"item-likes-count\">0<\/span> <span class=\"item-likes-postfix\">likes<\/span><\/a>\n\t\t\t\t                    <a href=\"https:\/\/iolife.dope.studio\/it\/in-che-modo-i-dispositivi-wifi-hanno-ripercussioni-sul-liquido-seminale\/\"><span class=\"muted pull-right\">\n\t\t\t\t\t\tRead more<\/span>\n                    <\/a>\n\t\t\t\t\n            <\/small>\n        <\/div><!--end post-footer-->\n\n    <\/div><!--end post-content-->\n<\/article>\n\n\n<article id=\"post-29996\" class=\"post-item post-29996 post type-post status-publish format-standard has-post-thumbnail hentry category-articles-en-it category-male-infertility-en-arthra-en-it\">\n    <div class=\"post-content animated animate-when-almost-visible el-appear\">\n\n\t\t<div class=\"post-image\"><a href=\"https:\/\/iolife.dope.studio\/it\/quali-sono-le-cause-dell-infertilita-maschile-e-quanto-e-comune-l-infertilita-negli-uomini\/\" class=\"element-wrap\"><img loading=\"lazy\" decoding=\"async\" width=\"480\" height=\"320\" src=\"https:\/\/iolife.dope.studio\/wp-content\/uploads\/2019\/07\/1.jpg\" class=\"attachment-kleo-post-grid size-kleo-post-grid wp-post-image\" alt=\"Concerned Man Institute of Life IASO Heart Logo\" srcset=\"https:\/\/iolife.dope.studio\/wp-content\/uploads\/2019\/07\/1.jpg 1320w, https:\/\/iolife.dope.studio\/wp-content\/uploads\/2019\/07\/1-300x200.jpg 300w, https:\/\/iolife.dope.studio\/wp-content\/uploads\/2019\/07\/1-1024x683.jpg 1024w, https:\/\/iolife.dope.studio\/wp-content\/uploads\/2019\/07\/1-768x512.jpg 768w, https:\/\/iolife.dope.studio\/wp-content\/uploads\/2019\/07\/1-800x533.jpg 800w, https:\/\/iolife.dope.studio\/wp-content\/uploads\/2019\/07\/1-672x448.jpg 672w, https:\/\/iolife.dope.studio\/wp-content\/uploads\/2019\/07\/1-1038x692.jpg 1038w, https:\/\/iolife.dope.studio\/wp-content\/uploads\/2019\/07\/1-480x320.jpg 480w\" sizes=\"auto, (max-width: 480px) 100vw, 480px\" \/><span class=\"hover-element\"><i>+<\/i><\/span><\/a><\/div><!--end post-image-->\n\t\t\n            <div class=\"post-header\">\n\n\t\t\t\t                    <h3 class=\"post-title entry-title\"><a href=\"https:\/\/iolife.dope.studio\/it\/quali-sono-le-cause-dell-infertilita-maschile-e-quanto-e-comune-l-infertilita-negli-uomini\/\">Quali sono le cause dell&#8217;infertilit\u00e0 maschile e quanto \u00e8 comune l&#8217;infertilit\u00e0 negli uomini?<\/a>\n                    <\/h3>\n\t\t\t\t\n                <span class=\"post-meta\">\n                    <small class=\"meta-author author vcard\"><a class=\"url fn n\" href=\"https:\/\/iolife.dope.studio\/it\/author\/artcom\/\" title=\"View all POSTS by artcom\" rel=\"author\"> <span class=\"author-name\">artcom<\/span><\/a><\/small>, <small><a href=\"https:\/\/iolife.dope.studio\/it\/quali-sono-le-cause-dell-infertilita-maschile-e-quanto-e-comune-l-infertilita-negli-uomini\/\" rel=\"bookmark\" class=\"post-time\"><time class=\"entry-date\" datetime=\"2019-07-15T17:02:42+03:00\">15 Luglio 2019<\/time><time class=\"modify-date hide hidden updated\" datetime=\"2020-12-10T18:00:44+02:00\">10 Dicembre 2020<\/time><\/a><\/small>, <small class=\"meta-category\"><a href=\"https:\/\/iolife.dope.studio\/it\/category\/articles-en-it\/\" rel=\"category tag\">Articles<\/a>, <a href=\"https:\/\/iolife.dope.studio\/it\/category\/male-infertility-en-arthra-en-it\/\" rel=\"category tag\">Male Inferitlity<\/a><\/small>, <small class=\"meta-comment-count\"><a href=\"https:\/\/iolife.dope.studio\/it\/quali-sono-le-cause-dell-infertilita-maschile-e-quanto-e-comune-l-infertilita-negli-uomini\/#comments\">0 <i class=\"icon-chat-1 hover-tip\" data-original-title=\"This article has 0 comments\" data-toggle=\"tooltip\" data-placement=\"top\"><\/i><\/a><\/small>                <\/span>\n\n            <\/div><!--end post-header-->\n\n\t\t\t\n\t\t\t\t                    <div class=\"post-info\">\n\n                        <div class=\"entry-summary\">\n\t\t\t\t\t\t\t<p>Pi\u00f9 del 90% dell&#8217;infertilit\u00e0 maschile \u00e8 causato da anomalie negli spermatozoi, tra cui scarsa qualit\u00e0, basso numero, morfologia anormale...<\/p>                        <\/div><!-- .entry-summary -->\n\n                    <\/div><!--end post-info-->\n\t\t\t\t\n\t\t\t\n\t\t\n        <div class=\"post-footer\">\n            <small>\n\t\t\t\t<a href=\"#\" class=\"item-likes\" id=\"item-likes-10314\" title=\"Like this\"><span class=\"item-likes-count\">1<\/span> <span class=\"item-likes-postfix\">like<\/span><\/a>\n\t\t\t\t                    <a href=\"https:\/\/iolife.dope.studio\/it\/quali-sono-le-cause-dell-infertilita-maschile-e-quanto-e-comune-l-infertilita-negli-uomini\/\"><span class=\"muted pull-right\">\n\t\t\t\t\t\tRead more<\/span>\n                    <\/a>\n\t\t\t\t\n            <\/small>\n        <\/div><!--end post-footer-->\n\n    <\/div><!--end post-content-->\n<\/article>\n\n\n\t<\/div> <!-- END post listing -->\n\n\t\n[\/vc_column][\/vc_row]<\/p>\n<\/div>","protected":false},"excerpt":{"rendered":"<p>[vc_row][vc_column][\/vc_column][\/vc_row]<\/p>\n","protected":false},"author":1,"featured_media":0,"parent":0,"menu_order":0,"comment_status":"closed","ping_status":"closed","template":"","meta":{"footnotes":""},"categories":[],"tags":[],"class_list":["post-29967","page","type-page","status-publish","hentry"],"yoast_head":"<!-- This site is optimized with the Yoast SEO Premium plugin v27.3 (Yoast SEO v27.3) - https:\/\/yoast.com\/product\/yoast-seo-premium-wordpress\/ -->\n<title>Articoli - Institute of Life<\/title>\n<meta name=\"robots\" content=\"index, follow, max-snippet:-1, max-image-preview:large, max-video-preview:-1\" \/>\n<link rel=\"canonical\" href=\"https:\/\/iolife.dope.studio\/it\/articoli\/\" \/>\n<meta property=\"og:locale\" content=\"it_IT\" \/>\n<meta property=\"og:type\" content=\"article\" \/>\n<meta property=\"og:title\" content=\"Articoli\" \/>\n<meta property=\"og:description\" content=\"[vc_row][vc_column][\/vc_column][\/vc_row]\" \/>\n<meta property=\"og:url\" content=\"https:\/\/iolife.dope.studio\/it\/articoli\/\" \/>\n<meta property=\"og:site_name\" content=\"Institute of Life\" \/>\n<meta property=\"article:publisher\" content=\"https:\/\/web.facebook.com\/iolifeiaso?_rdc=1&amp;amp%3bamp%3bamp%3bamp%3bamp%3bamp%3bamp%3bamp%3bamp%3bamp%3bamp%3bamp%3bamp%3bamp%3bamp%3bamp%3bamp%3b_rdr\" \/>\n<meta property=\"article:modified_time\" content=\"2020-12-10T15:19:07+00:00\" \/>\n<meta name=\"twitter:card\" content=\"summary_large_image\" \/>\n<script type=\"application\/ld+json\" class=\"yoast-schema-graph\">{\"@context\":\"https:\\\/\\\/schema.org\",\"@graph\":[{\"@type\":\"WebPage\",\"@id\":\"https:\\\/\\\/iolife.dope.studio\\\/it\\\/articoli\\\/\",\"url\":\"https:\\\/\\\/iolife.dope.studio\\\/it\\\/articoli\\\/\",\"name\":\"Articoli - Institute of Life\",\"isPartOf\":{\"@id\":\"https:\\\/\\\/iolife.dope.studio\\\/it\\\/#website\"},\"datePublished\":\"2020-07-02T10:16:18+00:00\",\"dateModified\":\"2020-12-10T15:19:07+00:00\",\"breadcrumb\":{\"@id\":\"https:\\\/\\\/iolife.dope.studio\\\/it\\\/articoli\\\/#breadcrumb\"},\"inLanguage\":\"it-IT\",\"potentialAction\":[{\"@type\":\"ReadAction\",\"target\":[\"https:\\\/\\\/iolife.dope.studio\\\/it\\\/articoli\\\/\"]}]},{\"@type\":\"BreadcrumbList\",\"@id\":\"https:\\\/\\\/iolife.dope.studio\\\/it\\\/articoli\\\/#breadcrumb\",\"itemListElement\":[{\"@type\":\"ListItem\",\"position\":1,\"name\":\"Home\",\"item\":\"https:\\\/\\\/iolife.dope.studio\\\/it\\\/\"},{\"@type\":\"ListItem\",\"position\":2,\"name\":\"Articoli\"}]},{\"@type\":\"WebSite\",\"@id\":\"https:\\\/\\\/iolife.dope.studio\\\/it\\\/#website\",\"url\":\"https:\\\/\\\/iolife.dope.studio\\\/it\\\/\",\"name\":\"Institute of Life\",\"description\":\"\",\"publisher\":{\"@id\":\"https:\\\/\\\/iolife.dope.studio\\\/it\\\/#organization\"},\"potentialAction\":[{\"@type\":\"SearchAction\",\"target\":{\"@type\":\"EntryPoint\",\"urlTemplate\":\"https:\\\/\\\/iolife.dope.studio\\\/it\\\/?s={search_term_string}\"},\"query-input\":{\"@type\":\"PropertyValueSpecification\",\"valueRequired\":true,\"valueName\":\"search_term_string\"}}],\"inLanguage\":\"it-IT\"},{\"@type\":\"Organization\",\"@id\":\"https:\\\/\\\/iolife.dope.studio\\\/it\\\/#organization\",\"name\":\"Institute of Life\",\"url\":\"https:\\\/\\\/iolife.dope.studio\\\/it\\\/\",\"logo\":{\"@type\":\"ImageObject\",\"inLanguage\":\"it-IT\",\"@id\":\"https:\\\/\\\/iolife.dope.studio\\\/it\\\/#\\\/schema\\\/logo\\\/image\\\/\",\"url\":\"https:\\\/\\\/iolife.dope.studiowp-content\\\/uploads\\\/2020\\\/05\\\/4.png\",\"contentUrl\":\"https:\\\/\\\/iolife.dope.studiowp-content\\\/uploads\\\/2020\\\/05\\\/4.png\",\"width\":908,\"height\":908,\"caption\":\"Institute of Life\"},\"image\":{\"@id\":\"https:\\\/\\\/iolife.dope.studio\\\/it\\\/#\\\/schema\\\/logo\\\/image\\\/\"},\"sameAs\":[\"https:\\\/\\\/web.facebook.com\\\/iolifeiaso?_rdc=1&amp;amp;amp;amp;amp;amp;amp;amp;amp;amp;amp;amp;amp;amp;amp;amp;amp;_rdr\",\"https:\\\/\\\/www.youtube.com\\\/channel\\\/UCyIFMT16nMiZR0jGOyAJBTw\"]}]}<\/script>\n<!-- \/ Yoast SEO Premium plugin. -->","yoast_head_json":{"title":"Articoli - Institute of Life","robots":{"index":"index","follow":"follow","max-snippet":"max-snippet:-1","max-image-preview":"max-image-preview:large","max-video-preview":"max-video-preview:-1"},"canonical":"https:\/\/iolife.dope.studio\/it\/articoli\/","og_locale":"it_IT","og_type":"article","og_title":"Articoli","og_description":"[vc_row][vc_column][\/vc_column][\/vc_row]","og_url":"https:\/\/iolife.dope.studio\/it\/articoli\/","og_site_name":"Institute of Life","article_publisher":"https:\/\/web.facebook.com\/iolifeiaso?_rdc=1&amp%3bamp%3bamp%3bamp%3bamp%3bamp%3bamp%3bamp%3bamp%3bamp%3bamp%3bamp%3bamp%3bamp%3bamp%3bamp%3bamp%3b_rdr","article_modified_time":"2020-12-10T15:19:07+00:00","twitter_card":"summary_large_image","schema":{"@context":"https:\/\/schema.org","@graph":[{"@type":"WebPage","@id":"https:\/\/iolife.dope.studio\/it\/articoli\/","url":"https:\/\/iolife.dope.studio\/it\/articoli\/","name":"Articoli - Institute of Life","isPartOf":{"@id":"https:\/\/iolife.dope.studio\/it\/#website"},"datePublished":"2020-07-02T10:16:18+00:00","dateModified":"2020-12-10T15:19:07+00:00","breadcrumb":{"@id":"https:\/\/iolife.dope.studio\/it\/articoli\/#breadcrumb"},"inLanguage":"it-IT","potentialAction":[{"@type":"ReadAction","target":["https:\/\/iolife.dope.studio\/it\/articoli\/"]}]},{"@type":"BreadcrumbList","@id":"https:\/\/iolife.dope.studio\/it\/articoli\/#breadcrumb","itemListElement":[{"@type":"ListItem","position":1,"name":"Home","item":"https:\/\/iolife.dope.studio\/it\/"},{"@type":"ListItem","position":2,"name":"Articoli"}]},{"@type":"WebSite","@id":"https:\/\/iolife.dope.studio\/it\/#website","url":"https:\/\/iolife.dope.studio\/it\/","name":"Institute of Life","description":"","publisher":{"@id":"https:\/\/iolife.dope.studio\/it\/#organization"},"potentialAction":[{"@type":"SearchAction","target":{"@type":"EntryPoint","urlTemplate":"https:\/\/iolife.dope.studio\/it\/?s={search_term_string}"},"query-input":{"@type":"PropertyValueSpecification","valueRequired":true,"valueName":"search_term_string"}}],"inLanguage":"it-IT"},{"@type":"Organization","@id":"https:\/\/iolife.dope.studio\/it\/#organization","name":"Institute of Life","url":"https:\/\/iolife.dope.studio\/it\/","logo":{"@type":"ImageObject","inLanguage":"it-IT","@id":"https:\/\/iolife.dope.studio\/it\/#\/schema\/logo\/image\/","url":"https:\/\/iolife.dope.studiowp-content\/uploads\/2020\/05\/4.png","contentUrl":"https:\/\/iolife.dope.studiowp-content\/uploads\/2020\/05\/4.png","width":908,"height":908,"caption":"Institute of Life"},"image":{"@id":"https:\/\/iolife.dope.studio\/it\/#\/schema\/logo\/image\/"},"sameAs":["https:\/\/web.facebook.com\/iolifeiaso?_rdc=1&amp;amp;amp;amp;amp;amp;amp;amp;amp;amp;amp;amp;amp;amp;amp;amp;amp;_rdr","https:\/\/www.youtube.com\/channel\/UCyIFMT16nMiZR0jGOyAJBTw"]}]}},"_links":{"self":[{"href":"https:\/\/iolife.dope.studio\/it\/wp-json\/wp\/v2\/pages\/29967","targetHints":{"allow":["GET"]}}],"collection":[{"href":"https:\/\/iolife.dope.studio\/it\/wp-json\/wp\/v2\/pages"}],"about":[{"href":"https:\/\/iolife.dope.studio\/it\/wp-json\/wp\/v2\/types\/page"}],"author":[{"embeddable":true,"href":"https:\/\/iolife.dope.studio\/it\/wp-json\/wp\/v2\/users\/1"}],"replies":[{"embeddable":true,"href":"https:\/\/iolife.dope.studio\/it\/wp-json\/wp\/v2\/comments?post=29967"}],"version-history":[{"count":0,"href":"https:\/\/iolife.dope.studio\/it\/wp-json\/wp\/v2\/pages\/29967\/revisions"}],"wp:attachment":[{"href":"https:\/\/iolife.dope.studio\/it\/wp-json\/wp\/v2\/media?parent=29967"}],"wp:term":[{"taxonomy":"category","embeddable":true,"href":"https:\/\/iolife.dope.studio\/it\/wp-json\/wp\/v2\/categories?post=29967"},{"taxonomy":"post_tag","embeddable":true,"href":"https:\/\/iolife.dope.studio\/it\/wp-json\/wp\/v2\/tags?post=29967"}],"curies":[{"name":"wp","href":"https:\/\/api.w.org\/{rel}","templated":true}]}}