{"id":29911,"date":"2020-07-13T10:03:40","date_gmt":"2020-07-13T10:03:40","guid":{"rendered":"https:\/\/www.iolife.eu\/creiamo-insieme\/psychological-support\/"},"modified":"2020-12-11T12:46:48","modified_gmt":"2020-12-11T10:46:48","slug":"sostegno-psicologico","status":"publish","type":"page","link":"https:\/\/iolife.dope.studio\/it\/creiamo-insieme\/sostegno-psicologico\/","title":{"rendered":"Sostegno psicologico"},"content":{"rendered":"<div class=\"wpb-content-wrapper\"><p>[vc_row][vc_column width=&#8221;1\/2&#8243;][vc_single_image image=&#8221;26112&#8243; img_size=&#8221;large&#8221; full_width=&#8221;yes&#8221;][\/vc_column][vc_column width=&#8221;1\/2&#8243;][vc_column_text]La fecondazione in vitro \u00e8 una procedura che d\u00e0 grande speranza alle coppie che affrontano problemi di infertilit\u00e0, di avere finalmente il figlio che tanto desiderano. I continui sviluppi scientifici e miglioramenti in questo campo rendono sempre pi\u00f9 probabile un risultato positivo.<\/p>\n<p>L&#8217;infertilit\u00e0 e il suo trattamento possono talvolta causare un aumento dei livelli di stress e ansia, che sono spiacevoli e dolorosi per la salute mentale della coppia. Molti vivono l&#8217;infertilit\u00e0 come un fallimento del proprio ruolo, interpretandolo come una sfida alla propria femminilit\u00e0 o mascolinit\u00e0.<\/p>\n<p>In questa procedura non siete soli. A Institute of Life vi siamo accanto con i servizi di consulenza, che giovano alla salute e allo stesso tempo migliorano l&#8217;equilibrio mentale delle coppie infertili sia durante il trattamento sia dopo il suo completamento.[\/vc_column_text][\/vc_column][\/vc_row][vc_row padding_top=&#8221;&#8221;][vc_column][vc_separator][vc_row_inner equal_height=&#8221;yes&#8221; content_placement=&#8221;top&#8221; gap=&#8221;20&#8243;][vc_column_inner width=&#8221;1\/2&#8243; css=&#8221;.vc_custom_1594637655735{border-top-width: 2px !important;border-right-width: 2px !important;border-bottom-width: 2px !important;border-left-width: 2px !important;border-left-color: #eaeaea !important;border-left-style: solid !important;border-right-color: #eaeaea !important;border-right-style: solid !important;border-top-color: #eaeaea !important;border-top-style: solid !important;border-bottom-color: #eaeaea !important;border-bottom-style: solid !important;}&#8221;][vc_column_text css=&#8221;.vc_custom_1607683605496{padding-top: 10px !important;padding-bottom: 20px !important;}&#8221;]<\/p>\n<h3>In che modo mi pu\u00f2 aiutare lo psicologo specializzato?<\/h3>\n<p>Il dipartimento di assistenza\/consulenza psicologica di Institute of Life si occupa di informare la coppia su come gestire pensieri ed emozioni (gestione dei pensieri negativi, apprendimento di tecniche di rilassamento) promuovendone cos\u00ec la salute mentale e l&#8217;equilibrio.<\/p>\n<p>L&#8217;obiettivo principale dello specialista \u00e8 aiutare le donne individualmente o le coppie ad apprendere come:<\/p>\n<ul>\n<li>Elaborare gli intensi cambiamenti emotivi che vivono (ansia, stress)<\/li>\n<li>Adattarsi alle circostanze del trattamento, rispondendo a esse con realismo e ottimismo<\/li>\n<li>Elaborare i sentimenti di colpa e tristezza, soprattutto dopo un tentativo fallito<\/li>\n<li>Rafforzare l&#8217;autostima e fiducia in se stessi<\/li>\n<li>Affrontare efficacemente le pressioni esterne (ad esempio famiglia, ambiente sociale) che possono esacerbare lo stress<\/li>\n<\/ul>\n<p>[\/vc_column_text][\/vc_column_inner][vc_column_inner width=&#8221;1\/2&#8243; css=&#8221;.vc_custom_1594637591092{border-top-width: 2px !important;border-right-width: 2px !important;border-bottom-width: 2px !important;border-left-width: 2px !important;border-left-color: #ededed !important;border-left-style: solid !important;border-right-color: #ededed !important;border-right-style: solid !important;border-top-color: #ededed !important;border-top-style: solid !important;border-bottom-color: #ededed !important;border-bottom-style: solid !important;}&#8221;][vc_column_text css=&#8221;.vc_custom_1607595866332{padding-top: 10px !important;padding-bottom: 20px !important;}&#8221;]<\/p>\n<h3>Quali servizi di consulenza sono disponibili?<\/h3>\n<p>I seguenti servizi sono a disposizione di tutte le coppie presso Institute of Life:<\/p>\n<ul>\n<li>consulenza individuale<\/li>\n<li>consulenza di coppia<\/li>\n<\/ul>\n<p>Il servizio di consulenza \u00e8 un servizio <strong>gratuito e riservato<\/strong> per tutti i pazienti che giungono a Institute of Life per un trattamento.<\/p>\n<p>Gli appuntamenti con lo psicologo vengono fissati previo accordo con la segreteria del Centro al numero di telefono <strong>+30 210 6184030 e +30 2106184022<\/strong>.<\/p>\n<p>[\/vc_column_text][\/vc_column_inner][\/vc_row_inner][\/vc_column][\/vc_row]<\/p>\n<\/div>","protected":false},"excerpt":{"rendered":"<p>[vc_row][vc_column width=&#8221;1\/2&#8243;][vc_single_image image=&#8221;26112&#8243; img_size=&#8221;large&#8221; full_width=&#8221;yes&#8221;][\/vc_column][vc_column width=&#8221;1\/2&#8243;][vc_column_text]La fecondazione in vitro \u00e8 una procedura che d\u00e0 grande speranza alle coppie che affrontano problemi di infertilit\u00e0, di avere finalmente il figlio che tanto desiderano. I continui sviluppi scientifici e miglioramenti in questo campo rendono sempre pi\u00f9 probabile un risultato positivo. L&#8217;infertilit\u00e0 e il suo trattamento possono talvolta causare un aumento dei livelli di [&hellip;]<\/p>\n","protected":false},"author":1,"featured_media":0,"parent":29569,"menu_order":0,"comment_status":"closed","ping_status":"closed","template":"","meta":{"footnotes":""},"categories":[],"tags":[],"class_list":["post-29911","page","type-page","status-publish","hentry"],"yoast_head":"<!-- This site is optimized with the Yoast SEO Premium plugin v27.3 (Yoast SEO v27.3) - https:\/\/yoast.com\/product\/yoast-seo-premium-wordpress\/ -->\n<title>Sostegno psicologico - Institute of Life<\/title>\n<meta name=\"robots\" content=\"index, follow, max-snippet:-1, max-image-preview:large, max-video-preview:-1\" \/>\n<link rel=\"canonical\" href=\"https:\/\/iolife.dope.studio\/it\/creiamo-insieme\/sostegno-psicologico\/\" \/>\n<meta property=\"og:locale\" content=\"it_IT\" \/>\n<meta property=\"og:type\" content=\"article\" \/>\n<meta property=\"og:title\" content=\"Sostegno psicologico\" \/>\n<meta property=\"og:description\" content=\"[vc_row][vc_column width=&#8221;1\/2&#8243;][vc_single_image image=&#8221;26112&#8243; img_size=&#8221;large&#8221; full_width=&#8221;yes&#8221;][\/vc_column][vc_column width=&#8221;1\/2&#8243;][vc_column_text]La fecondazione in vitro \u00e8 una procedura che d\u00e0 grande speranza alle coppie che affrontano problemi di infertilit\u00e0, di avere finalmente il figlio che tanto desiderano. I continui sviluppi scientifici e miglioramenti in questo campo rendono sempre pi\u00f9 probabile un risultato positivo. L&#8217;infertilit\u00e0 e il suo trattamento possono talvolta causare un aumento dei livelli di [&hellip;]\" \/>\n<meta property=\"og:url\" content=\"https:\/\/iolife.dope.studio\/it\/creiamo-insieme\/sostegno-psicologico\/\" \/>\n<meta property=\"og:site_name\" content=\"Institute of Life\" \/>\n<meta property=\"article:publisher\" content=\"https:\/\/web.facebook.com\/iolifeiaso?_rdc=1&amp;amp%3bamp%3bamp%3bamp%3bamp%3bamp%3bamp%3bamp%3bamp%3bamp%3bamp%3bamp%3bamp%3bamp%3bamp%3bamp%3bamp%3b_rdr\" \/>\n<meta property=\"article:modified_time\" content=\"2020-12-11T10:46:48+00:00\" \/>\n<meta name=\"twitter:card\" content=\"summary_large_image\" \/>\n<meta name=\"twitter:label1\" content=\"Tempo di lettura stimato\" \/>\n\t<meta name=\"twitter:data1\" content=\"2 minuti\" \/>\n<script type=\"application\/ld+json\" class=\"yoast-schema-graph\">{\"@context\":\"https:\\\/\\\/schema.org\",\"@graph\":[{\"@type\":\"WebPage\",\"@id\":\"https:\\\/\\\/iolife.dope.studio\\\/it\\\/creiamo-insieme\\\/sostegno-psicologico\\\/\",\"url\":\"https:\\\/\\\/iolife.dope.studio\\\/it\\\/creiamo-insieme\\\/sostegno-psicologico\\\/\",\"name\":\"Sostegno psicologico - Institute of Life\",\"isPartOf\":{\"@id\":\"https:\\\/\\\/iolife.dope.studio\\\/it\\\/#website\"},\"datePublished\":\"2020-07-13T10:03:40+00:00\",\"dateModified\":\"2020-12-11T10:46:48+00:00\",\"breadcrumb\":{\"@id\":\"https:\\\/\\\/iolife.dope.studio\\\/it\\\/creiamo-insieme\\\/sostegno-psicologico\\\/#breadcrumb\"},\"inLanguage\":\"it-IT\",\"potentialAction\":[{\"@type\":\"ReadAction\",\"target\":[\"https:\\\/\\\/iolife.dope.studio\\\/it\\\/creiamo-insieme\\\/sostegno-psicologico\\\/\"]}]},{\"@type\":\"BreadcrumbList\",\"@id\":\"https:\\\/\\\/iolife.dope.studio\\\/it\\\/creiamo-insieme\\\/sostegno-psicologico\\\/#breadcrumb\",\"itemListElement\":[{\"@type\":\"ListItem\",\"position\":1,\"name\":\"Home\",\"item\":\"https:\\\/\\\/iolife.dope.studio\\\/it\\\/\"},{\"@type\":\"ListItem\",\"position\":2,\"name\":\"Creiamo Insieme\",\"item\":\"https:\\\/\\\/iolife.dope.studio\\\/it\\\/creiamo-insieme\\\/\"},{\"@type\":\"ListItem\",\"position\":3,\"name\":\"Sostegno psicologico\"}]},{\"@type\":\"WebSite\",\"@id\":\"https:\\\/\\\/iolife.dope.studio\\\/it\\\/#website\",\"url\":\"https:\\\/\\\/iolife.dope.studio\\\/it\\\/\",\"name\":\"Institute of Life\",\"description\":\"\",\"publisher\":{\"@id\":\"https:\\\/\\\/iolife.dope.studio\\\/it\\\/#organization\"},\"potentialAction\":[{\"@type\":\"SearchAction\",\"target\":{\"@type\":\"EntryPoint\",\"urlTemplate\":\"https:\\\/\\\/iolife.dope.studio\\\/it\\\/?s={search_term_string}\"},\"query-input\":{\"@type\":\"PropertyValueSpecification\",\"valueRequired\":true,\"valueName\":\"search_term_string\"}}],\"inLanguage\":\"it-IT\"},{\"@type\":\"Organization\",\"@id\":\"https:\\\/\\\/iolife.dope.studio\\\/it\\\/#organization\",\"name\":\"Institute of Life\",\"url\":\"https:\\\/\\\/iolife.dope.studio\\\/it\\\/\",\"logo\":{\"@type\":\"ImageObject\",\"inLanguage\":\"it-IT\",\"@id\":\"https:\\\/\\\/iolife.dope.studio\\\/it\\\/#\\\/schema\\\/logo\\\/image\\\/\",\"url\":\"https:\\\/\\\/iolife.dope.studiowp-content\\\/uploads\\\/2020\\\/05\\\/4.png\",\"contentUrl\":\"https:\\\/\\\/iolife.dope.studiowp-content\\\/uploads\\\/2020\\\/05\\\/4.png\",\"width\":908,\"height\":908,\"caption\":\"Institute of Life\"},\"image\":{\"@id\":\"https:\\\/\\\/iolife.dope.studio\\\/it\\\/#\\\/schema\\\/logo\\\/image\\\/\"},\"sameAs\":[\"https:\\\/\\\/web.facebook.com\\\/iolifeiaso?_rdc=1&amp;amp;amp;amp;amp;amp;amp;amp;amp;amp;amp;amp;amp;amp;amp;amp;amp;_rdr\",\"https:\\\/\\\/www.youtube.com\\\/channel\\\/UCyIFMT16nMiZR0jGOyAJBTw\"]}]}<\/script>\n<!-- \/ Yoast SEO Premium plugin. -->","yoast_head_json":{"title":"Sostegno psicologico - Institute of Life","robots":{"index":"index","follow":"follow","max-snippet":"max-snippet:-1","max-image-preview":"max-image-preview:large","max-video-preview":"max-video-preview:-1"},"canonical":"https:\/\/iolife.dope.studio\/it\/creiamo-insieme\/sostegno-psicologico\/","og_locale":"it_IT","og_type":"article","og_title":"Sostegno psicologico","og_description":"[vc_row][vc_column width=&#8221;1\/2&#8243;][vc_single_image image=&#8221;26112&#8243; img_size=&#8221;large&#8221; full_width=&#8221;yes&#8221;][\/vc_column][vc_column width=&#8221;1\/2&#8243;][vc_column_text]La fecondazione in vitro \u00e8 una procedura che d\u00e0 grande speranza alle coppie che affrontano problemi di infertilit\u00e0, di avere finalmente il figlio che tanto desiderano. I continui sviluppi scientifici e miglioramenti in questo campo rendono sempre pi\u00f9 probabile un risultato positivo. L&#8217;infertilit\u00e0 e il suo trattamento possono talvolta causare un aumento dei livelli di [&hellip;]","og_url":"https:\/\/iolife.dope.studio\/it\/creiamo-insieme\/sostegno-psicologico\/","og_site_name":"Institute of Life","article_publisher":"https:\/\/web.facebook.com\/iolifeiaso?_rdc=1&amp%3bamp%3bamp%3bamp%3bamp%3bamp%3bamp%3bamp%3bamp%3bamp%3bamp%3bamp%3bamp%3bamp%3bamp%3bamp%3bamp%3b_rdr","article_modified_time":"2020-12-11T10:46:48+00:00","twitter_card":"summary_large_image","twitter_misc":{"Tempo di lettura stimato":"2 minuti"},"schema":{"@context":"https:\/\/schema.org","@graph":[{"@type":"WebPage","@id":"https:\/\/iolife.dope.studio\/it\/creiamo-insieme\/sostegno-psicologico\/","url":"https:\/\/iolife.dope.studio\/it\/creiamo-insieme\/sostegno-psicologico\/","name":"Sostegno psicologico - Institute of Life","isPartOf":{"@id":"https:\/\/iolife.dope.studio\/it\/#website"},"datePublished":"2020-07-13T10:03:40+00:00","dateModified":"2020-12-11T10:46:48+00:00","breadcrumb":{"@id":"https:\/\/iolife.dope.studio\/it\/creiamo-insieme\/sostegno-psicologico\/#breadcrumb"},"inLanguage":"it-IT","potentialAction":[{"@type":"ReadAction","target":["https:\/\/iolife.dope.studio\/it\/creiamo-insieme\/sostegno-psicologico\/"]}]},{"@type":"BreadcrumbList","@id":"https:\/\/iolife.dope.studio\/it\/creiamo-insieme\/sostegno-psicologico\/#breadcrumb","itemListElement":[{"@type":"ListItem","position":1,"name":"Home","item":"https:\/\/iolife.dope.studio\/it\/"},{"@type":"ListItem","position":2,"name":"Creiamo Insieme","item":"https:\/\/iolife.dope.studio\/it\/creiamo-insieme\/"},{"@type":"ListItem","position":3,"name":"Sostegno psicologico"}]},{"@type":"WebSite","@id":"https:\/\/iolife.dope.studio\/it\/#website","url":"https:\/\/iolife.dope.studio\/it\/","name":"Institute of Life","description":"","publisher":{"@id":"https:\/\/iolife.dope.studio\/it\/#organization"},"potentialAction":[{"@type":"SearchAction","target":{"@type":"EntryPoint","urlTemplate":"https:\/\/iolife.dope.studio\/it\/?s={search_term_string}"},"query-input":{"@type":"PropertyValueSpecification","valueRequired":true,"valueName":"search_term_string"}}],"inLanguage":"it-IT"},{"@type":"Organization","@id":"https:\/\/iolife.dope.studio\/it\/#organization","name":"Institute of Life","url":"https:\/\/iolife.dope.studio\/it\/","logo":{"@type":"ImageObject","inLanguage":"it-IT","@id":"https:\/\/iolife.dope.studio\/it\/#\/schema\/logo\/image\/","url":"https:\/\/iolife.dope.studiowp-content\/uploads\/2020\/05\/4.png","contentUrl":"https:\/\/iolife.dope.studiowp-content\/uploads\/2020\/05\/4.png","width":908,"height":908,"caption":"Institute of Life"},"image":{"@id":"https:\/\/iolife.dope.studio\/it\/#\/schema\/logo\/image\/"},"sameAs":["https:\/\/web.facebook.com\/iolifeiaso?_rdc=1&amp;amp;amp;amp;amp;amp;amp;amp;amp;amp;amp;amp;amp;amp;amp;amp;amp;_rdr","https:\/\/www.youtube.com\/channel\/UCyIFMT16nMiZR0jGOyAJBTw"]}]}},"_links":{"self":[{"href":"https:\/\/iolife.dope.studio\/it\/wp-json\/wp\/v2\/pages\/29911","targetHints":{"allow":["GET"]}}],"collection":[{"href":"https:\/\/iolife.dope.studio\/it\/wp-json\/wp\/v2\/pages"}],"about":[{"href":"https:\/\/iolife.dope.studio\/it\/wp-json\/wp\/v2\/types\/page"}],"author":[{"embeddable":true,"href":"https:\/\/iolife.dope.studio\/it\/wp-json\/wp\/v2\/users\/1"}],"replies":[{"embeddable":true,"href":"https:\/\/iolife.dope.studio\/it\/wp-json\/wp\/v2\/comments?post=29911"}],"version-history":[{"count":0,"href":"https:\/\/iolife.dope.studio\/it\/wp-json\/wp\/v2\/pages\/29911\/revisions"}],"up":[{"embeddable":true,"href":"https:\/\/iolife.dope.studio\/it\/wp-json\/wp\/v2\/pages\/29569"}],"wp:attachment":[{"href":"https:\/\/iolife.dope.studio\/it\/wp-json\/wp\/v2\/media?parent=29911"}],"wp:term":[{"taxonomy":"category","embeddable":true,"href":"https:\/\/iolife.dope.studio\/it\/wp-json\/wp\/v2\/categories?post=29911"},{"taxonomy":"post_tag","embeddable":true,"href":"https:\/\/iolife.dope.studio\/it\/wp-json\/wp\/v2\/tags?post=29911"}],"curies":[{"name":"wp","href":"https:\/\/api.w.org\/{rel}","templated":true}]}}