{"id":29569,"date":"2020-04-23T16:22:38","date_gmt":"2020-04-23T16:22:38","guid":{"rendered":"https:\/\/www.iolife.eu\/together\/"},"modified":"2024-05-24T11:48:30","modified_gmt":"2024-05-24T08:48:30","slug":"creiamo-insieme","status":"publish","type":"page","link":"https:\/\/iolife.dope.studio\/it\/creiamo-insieme\/","title":{"rendered":"Creiamo Insieme"},"content":{"rendered":"<div class=\"wpb-content-wrapper\"><p>[vc_row full_height=&#8221;yes&#8221; type=&#8221;color&#8221; bg_color=&#8221;#000000&#8243; padding_top=&#8221;&#8221; padding_bottom=&#8221;&#8221;][vc_column]\n\t\t\t<!-- START togetherinternalen REVOLUTION SLIDER 6.7.38 --><p class=\"rs-p-wp-fix\"><\/p>\n\t\t\t<rs-module-wrap id=\"rev_slider_50_1_wrapper\" data-source=\"gallery\" style=\"visibility:hidden;background:transparent;padding:0;\">\n\t\t\t\t<rs-module id=\"rev_slider_50_1\" style=\"\" data-version=\"6.7.38\">\n\t\t\t\t\t<rs-slides style=\"overflow: hidden; position: absolute;\">\n\t\t\t\t\t\t<rs-slide style=\"position: absolute;\" data-key=\"rs-175\" data-title=\"Slide\" data-anim=\"ms:50,default;r:0;\" data-in=\"o:1;\" data-out=\"o:1;\">\n\t\t\t\t\t\t\t<img decoding=\"async\" src=\"\/\/iolife.dope.studio\/wp-content\/plugins\/revslider\/sr6\/assets\/assets\/dummy.png\" alt=\"\" title=\"iolifemitera 1459\" width=\"1732\" height=\"1200\" class=\"rev-slidebg tp-rs-img rs-lazyload\" data-lazyload=\"\/\/www.iolife.eu\/wp-content\/uploads\/2020\/03\/iolifemitera-1459.jpg\" data-bg=\"p:right bottom;\" data-parallax=\"off\" data-no-retina>\n<!--\n\t\t\t\t\t\t\t--><rs-group\n\t\t\t\t\t\t\t\tid=\"slider-50-slide-175-layer-8\" \n\t\t\t\t\t\t\t\tclass=\"rs-selectable\"\n\t\t\t\t\t\t\t\tdata-type=\"group\"\n\t\t\t\t\t\t\t\tdata-rsp_ch=\"on\"\n\t\t\t\t\t\t\t\tdata-xy=\"xo:-108px,0,0,-46px;y:m;yo:-42px,0,0,33px;\"\n\t\t\t\t\t\t\t\tdata-text=\"w:normal;s:20,13,7,4;l:0,17,9,6;\"\n\t\t\t\t\t\t\t\tdata-dim=\"w:1102,590px,456px,550px;h:1104px,631px,474px,554px;\"\n\t\t\t\t\t\t\t\tdata-frame_0=\"o:1;\"\n\t\t\t\t\t\t\t\tdata-frame_999=\"o:0;st:w;sA:8000;\"\n\t\t\t\t\t\t\t\tstyle=\"z-index:14;\"\n\t\t\t\t\t\t\t><!--\n\t\t\t\t\t\t\t\t--><rs-layer\n\t\t\t\t\t\t\t\t\tid=\"slider-50-slide-175-layer-4\" \n\t\t\t\t\t\t\t\t\tclass=\"rs-selectable\"\n\t\t\t\t\t\t\t\t\tdata-type=\"text\"\n\t\t\t\t\t\t\t\t\tdata-tsh=\"c:rgba(0,0,0,0.71);h:2px,2px,1px,2px;v:2px,2px,1px,2px;\"\n\t\t\t\t\t\t\t\t\tdata-rsp_ch=\"on\"\n\t\t\t\t\t\t\t\t\tdata-xy=\"x:l,l,l,c;xo:134px,165px,29px,5px;y:t,t,t,m;yo:236px,63px,61px,-140px;\"\n\t\t\t\t\t\t\t\t\tdata-pos=\"a\"\n\t\t\t\t\t\t\t\t\tdata-text=\"w:nowrap;s:87,44,38,42;l:87,46,42,46;ls:4,2,1,0;fw:300;a:right;\"\n\t\t\t\t\t\t\t\t\tdata-dim=\"w:693px,307px,324px,351px;\"\n\t\t\t\t\t\t\t\t\tdata-frame_1=\"sp:730;\"\n\t\t\t\t\t\t\t\t\tdata-frame_999=\"o:0;st:w;sR:7270;\"\n\t\t\t\t\t\t\t\t\tstyle=\"z-index:13;font-family:'Open Sans';\"\n\t\t\t\t\t\t\t\t>Creiamo<br>Insieme \n\t\t\t\t\t\t\t\t<\/rs-layer><!--\n\n\t\t\t\t\t\t\t\t--><rs-layer\n\t\t\t\t\t\t\t\t\tid=\"slider-50-slide-175-layer-10\" \n\t\t\t\t\t\t\t\t\tclass=\"rs-selectable\"\n\t\t\t\t\t\t\t\t\tdata-type=\"text\"\n\t\t\t\t\t\t\t\t\tdata-rsp_ch=\"on\"\n\t\t\t\t\t\t\t\t\tdata-xy=\"x:l,r,r,r;xo:121px,113px,106px,92px;y:t,m,m,m;yo:483px,21px,41px,41px;\"\n\t\t\t\t\t\t\t\t\tdata-pos=\"a\"\n\t\t\t\t\t\t\t\t\tdata-text=\"w:normal;s:28,19,14,16;l:39,25,20,22;fw:300;a:right;\"\n\t\t\t\t\t\t\t\t\tdata-dim=\"w:702,439px,314px,361px;h:507px,300px,221px,236px;\"\n\t\t\t\t\t\t\t\t\tdata-frame_1=\"st:590;sR:590;\"\n\t\t\t\t\t\t\t\t\tdata-frame_999=\"o:0;st:w;sR:7110;\"\n\t\t\t\t\t\t\t\t\tstyle=\"z-index:12;font-family:'Open Sans';\"\n\t\t\t\t\t\t\t\t>Insieme, attendiamo con trepidazione che arrivi il momento in cui creeremo una nuova vita. Per ottenere ci\u00f2, facciamo in modo di applicare le pi\u00f9 moderne tecniche di fecondazione in vitro ma anche di offrirvi trattamenti personalizzati, scegliendo sempre la tecnica appropriata. Con diagnosi in tempo utile, grazie a una gamma di esami specialistici e di esami della fertilit\u00e0, nonch\u00e9 screening genetico avanzato, aiutiamo centinaia di coppie infertili ad avere le migliori possibilit\u00e0 di vedere sorridere loro una nuova vita. \n\t\t\t\t\t\t\t\t<\/rs-layer><!--\n\n\t\t\t\t\t\t\t\t--><rs-layer\n\t\t\t\t\t\t\t\t\tid=\"slider-50-slide-175-layer-5\" \n\t\t\t\t\t\t\t\t\tclass=\"rs-selectable\"\n\t\t\t\t\t\t\t\t\tdata-type=\"shape\"\n\t\t\t\t\t\t\t\t\tdata-rsp_ch=\"on\"\n\t\t\t\t\t\t\t\t\tdata-xy=\"xo:52px,9px,14px,66px;y:m,t,t,t;yo:48px,36px,35px,67px;\"\n\t\t\t\t\t\t\t\t\tdata-pos=\"a\"\n\t\t\t\t\t\t\t\t\tdata-text=\"w:normal;s:20,13,7,4;l:0,17,9,6;\"\n\t\t\t\t\t\t\t\t\tdata-dim=\"w:855,502,363,407;h:855,502,363,407;\"\n\t\t\t\t\t\t\t\t\tdata-frame_999=\"o:0;st:w;\"\n\t\t\t\t\t\t\t\t\tstyle=\"z-index:11;background-color:rgba(106,17,119,0.8);\"\n\t\t\t\t\t\t\t\t> \n\t\t\t\t\t\t\t\t<\/rs-layer><!--\n\n\t\t\t\t\t\t\t\t--><rs-layer\n\t\t\t\t\t\t\t\t\tid=\"slider-50-slide-175-layer-7\" \n\t\t\t\t\t\t\t\t\tclass=\"rs-selectable\"\n\t\t\t\t\t\t\t\t\tdata-type=\"shape\"\n\t\t\t\t\t\t\t\t\tdata-rsp_ch=\"on\"\n\t\t\t\t\t\t\t\t\tdata-xy=\"x:r,l,l,l;xo:125px,178px,200px,258px;yo:1028px,537px,398px,474px;\"\n\t\t\t\t\t\t\t\t\tdata-pos=\"a\"\n\t\t\t\t\t\t\t\t\tdata-text=\"w:normal;s:20,13,7,4;l:0,17,9,6;\"\n\t\t\t\t\t\t\t\t\tdata-dim=\"w:556,383,202px,243px;h:74,51,26px,30px;\"\n\t\t\t\t\t\t\t\t\tdata-frame_999=\"o:0;st:w;\"\n\t\t\t\t\t\t\t\t\tstyle=\"z-index:10;background-color:rgba(191,118,167,0.9);\"\n\t\t\t\t\t\t\t\t> \n\t\t\t\t\t\t\t\t<\/rs-layer><!--\n\n\t\t\t\t\t\t\t\t--><rs-layer\n\t\t\t\t\t\t\t\t\tid=\"slider-50-slide-175-layer-3\" \n\t\t\t\t\t\t\t\t\tclass=\"rs-selectable\"\n\t\t\t\t\t\t\t\t\tdata-type=\"shape\"\n\t\t\t\t\t\t\t\t\tdata-rsp_ch=\"on\"\n\t\t\t\t\t\t\t\t\tdata-xy=\"x:r,l,l,l;xo:125px,512px,377px,473px;y:m,t,t,t;yo:234px,203px,223px,265px;\"\n\t\t\t\t\t\t\t\t\tdata-pos=\"a\"\n\t\t\t\t\t\t\t\t\tdata-text=\"w:normal;s:20,13,7,4;l:0,17,9,6;\"\n\t\t\t\t\t\t\t\t\tdata-dim=\"w:72,49,25px,28px;h:484,334,175px,209px;\"\n\t\t\t\t\t\t\t\t\tdata-frame_999=\"o:0;st:w;\"\n\t\t\t\t\t\t\t\t\tstyle=\"z-index:9;background-color:rgba(191,118,167,0.9);\"\n\t\t\t\t\t\t\t\t> \n\t\t\t\t\t\t\t\t<\/rs-layer><!--\n\t\t\t\t\t\t\t--><\/rs-group><!--\n\n\t\t\t\t\t\t\t--><rs-layer\n\t\t\t\t\t\t\t\tid=\"slider-50-slide-175-layer-13\" \n\t\t\t\t\t\t\t\tclass=\"rs-selectable\"\n\t\t\t\t\t\t\t\tdata-type=\"object\"\n\t\t\t\t\t\t\t\tdata-rsp_ch=\"on\"\n\t\t\t\t\t\t\t\tdata-xy=\"xo:50px,34px,19px,11px;yo:533px,367px,208px,128px;\"\n\t\t\t\t\t\t\t\tdata-text=\"w:normal;s:20,13,7,4;l:0,17,9,6;\"\n\t\t\t\t\t\t\t\tdata-frame_999=\"o:0;st:w;\"\n\t\t\t\t\t\t\t\tstyle=\"z-index:15;font-family:'Roboto';\"\n\t\t\t\t\t\t\t> \n\t\t\t\t\t\t\t<\/rs-layer><!--\n\n\t\t\t\t\t\t\t--><rs-layer\n\t\t\t\t\t\t\t\tid=\"slider-50-slide-175-layer-14\" \n\t\t\t\t\t\t\t\tclass=\"rev-scroll-btn rev-b-span-light rs-selectable\"\n\t\t\t\t\t\t\t\tdata-type=\"button\"\n\t\t\t\t\t\t\t\tdata-rsp_ch=\"on\"\n\t\t\t\t\t\t\t\tdata-xy=\"x:c;xo:1px,3px,0,0;y:b;yo:95px,25px,-89px,-100px;\"\n\t\t\t\t\t\t\t\tdata-text=\"w:normal;s:22,15,14,10;l:25,17,15,14;ls:1,0,0,0;\"\n\t\t\t\t\t\t\t\tdata-dim=\"w:44,30,29,24;h:70,48,46,38;minw:44,none,none,none;minh:70,none,none,none;\"\n\t\t\t\t\t\t\t\tdata-actions='o:click;a:scrollbelow;sp:1000ms;e:power1.inOut;'\n\t\t\t\t\t\t\t\tdata-padding=\"t:28,19,19,17;r:18,12,12,10;b:28,19,19,17;l:18,12,12,10;\"\n\t\t\t\t\t\t\t\tdata-border=\"bos:solid;boc:rgba(255,255,255,0.75);bow:3px,3px,3px,3px;bor:23px,23px,23px,23px;\"\n\t\t\t\t\t\t\t\tdata-frame_999=\"o:0;st:w;\"\n\t\t\t\t\t\t\t\tstyle=\"z-index:16;font-family:'Roboto';text-transform:uppercase;\"\n\t\t\t\t\t\t\t><span><\/span><span><\/span><span><\/span> \n\t\t\t\t\t\t\t<\/rs-layer><!--\n-->\t\t\t\t\t<\/rs-slide>\n\t\t\t\t\t<\/rs-slides>\n\t\t\t\t\t<rs-static-layers><!--\n\t\t\t\t\t--><\/rs-static-layers>\n\t\t\t\t<\/rs-module>\n\t\t\t\t<script>\n\t\t\t\t\tsetREVStartSize({c: 'rev_slider_50_1',rl:[1240,1024,778,480],el:[1080,1024,500,400],gw:[1980,1367,778,480],gh:[1080,1024,500,400],type:'standard',justify:'',layout:'fullscreen',offsetContainer:'',offset:'',mh:\"0\"});if (window.RS_MODULES!==undefined && window.RS_MODULES.modules!==undefined && window.RS_MODULES.modules[\"revslider501\"]!==undefined) {window.RS_MODULES.modules[\"revslider501\"].once = false;window.revapi50 = undefined;if (window.RS_MODULES.checkMinimal!==undefined) window.RS_MODULES.checkMinimal()}\n\t\t\t\t<\/script>\n\t\t\t<\/rs-module-wrap>\n\t\t\t<!-- END REVOLUTION SLIDER -->\n[\/vc_column][\/vc_row][vc_row equal_height=&#8221;yes&#8221; type=&#8221;color&#8221; bg_color=&#8221;#ededed&#8221; column_gap=&#8221;no&#8221; padding_top=&#8221;20&#8243; padding_bottom=&#8221;20&#8243;][vc_column width=&#8221;1\/3&#8243; css=&#8221;.vc_custom_1590671463982{margin-top: 20px !important;margin-right: 10px !important;margin-bottom: 20px !important;margin-left: 10px !important;border-top-width: 1px !important;border-right-width: 1px !important;border-bottom-width: 1px !important;border-left-width: 1px !important;padding-bottom: 20px !important;background-color: #ffffff !important;border-left-color: #dbdbdb !important;border-left-style: solid !important;border-right-color: #dbdbdb !important;border-right-style: solid !important;border-top-color: #dbdbdb !important;border-top-style: solid !important;border-bottom-color: #dbdbdb !important;border-bottom-style: solid !important;}&#8221;][vc_single_image image=&#8221;22357&#8243; img_size=&#8221;500&#215;500&#8243; full_width=&#8221;yes&#8221;][vc_custom_heading text=&#8221;Advanced lab techniques&#8221; font_container=&#8221;tag:h2|font_size:26|text_align:center|color:%23444444|line_height:1.2&#8243; use_theme_fonts=&#8221;yes&#8221; responsive_font=&#8221;yes&#8221; font_size_xs=&#8221;18&#8243; line_height_xs=&#8221;24&#8243; font_size_sm=&#8221;18&#8243; line_height_sm=&#8221;24&#8243; font_size_md=&#8221;22&#8243; line_height_md=&#8221;30&#8243; link=&#8221;url:https%3A%2F%2Fwww.iolife.eu%2Fen%2Ftogether%2Fadvanced-lab-techniques%2F|||&#8221; el_class=&#8221;iol-title-2&#8243;][vc_wp_custommenu nav_menu=&#8221;127&#8243; el_class=&#8221;iol-menu-2&#8243;][\/vc_column][vc_column width=&#8221;1\/3&#8243; css=&#8221;.vc_custom_1590671473040{margin-top: 20px !important;margin-right: 10px !important;margin-bottom: 20px !important;margin-left: 10px !important;border-top-width: 1px !important;border-right-width: 1px !important;border-bottom-width: 1px !important;border-left-width: 1px !important;padding-bottom: 20px !important;background-color: #ffffff !important;border-left-color: #dbdbdb !important;border-left-style: solid !important;border-right-color: #dbdbdb !important;border-right-style: solid !important;border-top-color: #dbdbdb !important;border-top-style: solid !important;border-bottom-color: #dbdbdb !important;border-bottom-style: solid !important;}&#8221;][vc_single_image image=&#8221;22280&#8243; img_size=&#8221;500&#215;500&#8243; alignment=&#8221;center&#8221; full_width=&#8221;yes&#8221;][vc_custom_heading text=&#8221;Advanced fertility tests&#8221; font_container=&#8221;tag:h2|font_size:26|text_align:center|color:%23444444|line_height:1.2&#8243; use_theme_fonts=&#8221;yes&#8221; responsive_font=&#8221;yes&#8221; font_size_xs=&#8221;18&#8243; line_height_xs=&#8221;24&#8243; font_size_sm=&#8221;18&#8243; line_height_sm=&#8221;24&#8243; font_size_md=&#8221;22&#8243; line_height_md=&#8221;30&#8243; el_class=&#8221;iol-title-2&#8243; link=&#8221;url:https%3A%2F%2Fwww.iolife.eu%2Fen%2Ftogether%2Fadvanced-fertility-tests%2F|||&#8221;][vc_wp_custommenu nav_menu=&#8221;126&#8243; el_class=&#8221;iol-menu-2&#8243;][\/vc_column][vc_column width=&#8221;1\/3&#8243; css=&#8221;.vc_custom_1590671487091{margin-top: 20px !important;margin-right: 10px !important;margin-bottom: 20px !important;margin-left: 10px !important;border-top-width: 1px !important;border-right-width: 1px !important;border-bottom-width: 1px !important;border-left-width: 1px !important;padding-bottom: 20px !important;background-color: #ffffff !important;}&#8221;][vc_single_image image=&#8221;15107&#8243; img_size=&#8221;500&#215;500&#8243; alignment=&#8221;center&#8221; full_width=&#8221;yes&#8221;][vc_custom_heading text=&#8221;Advanced genetic testing&#8221; font_container=&#8221;tag:h2|font_size:26|text_align:center|color:%23444444|line_height:1.2&#8243; use_theme_fonts=&#8221;yes&#8221; responsive_font=&#8221;yes&#8221; font_size_xs=&#8221;18&#8243; line_height_xs=&#8221;24&#8243; font_size_sm=&#8221;18&#8243; line_height_sm=&#8221;24&#8243; font_size_md=&#8221;22&#8243; line_height_md=&#8221;30&#8243; el_class=&#8221;iol-title-2&#8243; link=&#8221;url:https%3A%2F%2Fwww.iolife.eu%2Fen%2Ftogether%2Fadvanced-genetic-testing%2F|title:Advanced%20genetic%20testing||&#8221;][vc_wp_custommenu nav_menu=&#8221;125&#8243; el_class=&#8221;iol-menu-2&#8243;][\/vc_column][\/vc_row][vc_row equal_height=&#8221;yes&#8221; type=&#8221;color&#8221; bg_color=&#8221;#ededed&#8221; column_gap=&#8221;no&#8221; padding_top=&#8221;20&#8243; padding_bottom=&#8221;20&#8243;][vc_column width=&#8221;1\/3&#8243; css=&#8221;.vc_custom_1590671463982{margin-top: 20px !important;margin-right: 10px !important;margin-bottom: 20px !important;margin-left: 10px !important;border-top-width: 1px !important;border-right-width: 1px !important;border-bottom-width: 1px !important;border-left-width: 1px !important;padding-bottom: 20px !important;background-color: #ffffff !important;border-left-color: #dbdbdb !important;border-left-style: solid !important;border-right-color: #dbdbdb !important;border-right-style: solid !important;border-top-color: #dbdbdb !important;border-top-style: solid !important;border-bottom-color: #dbdbdb !important;border-bottom-style: solid !important;}&#8221;][vc_single_image image=&#8221;14043&#8243; img_size=&#8221;500&#215;500&#8243; alignment=&#8221;center&#8221; full_width=&#8221;yes&#8221;][vc_custom_heading text=&#8221;FAQ&#8221; font_container=&#8221;tag:h2|font_size:26|text_align:center|color:%23444444|line_height:1.2&#8243; use_theme_fonts=&#8221;yes&#8221; responsive_font=&#8221;yes&#8221; font_size_xs=&#8221;18&#8243; line_height_xs=&#8221;24&#8243; font_size_sm=&#8221;18&#8243; line_height_sm=&#8221;24&#8243; font_size_md=&#8221;22&#8243; line_height_md=&#8221;30&#8243; el_class=&#8221;iol-title-2&#8243; link=&#8221;url:https%3A%2F%2Fwww.iolife.eu%2Fen%2Ffaqs%2F&#8221;][\/vc_column][\/vc_row]<\/p>\n<\/div>","protected":false},"excerpt":{"rendered":"<p>[vc_row full_height=&#8221;yes&#8221; type=&#8221;color&#8221; bg_color=&#8221;#000000&#8243; padding_top=&#8221;&#8221; padding_bottom=&#8221;&#8221;][vc_column][\/vc_column][\/vc_row][vc_row equal_height=&#8221;yes&#8221; type=&#8221;color&#8221; bg_color=&#8221;#ededed&#8221; column_gap=&#8221;no&#8221; padding_top=&#8221;20&#8243; padding_bottom=&#8221;20&#8243;][vc_column width=&#8221;1\/3&#8243; css=&#8221;.vc_custom_1590671463982{margin-top: 20px !important;margin-right: 10px !important;margin-bottom: 20px !important;margin-left: 10px !important;border-top-width: 1px !important;border-right-width: 1px !important;border-bottom-width: 1px !important;border-left-width: 1px !important;padding-bottom: 20px !important;background-color: #ffffff !important;border-left-color: #dbdbdb !important;border-left-style: solid !important;border-right-color: #dbdbdb !important;border-right-style: solid !important;border-top-color: #dbdbdb !important;border-top-style: solid !important;border-bottom-color: #dbdbdb !important;border-bottom-style: solid !important;}&#8221;][vc_single_image image=&#8221;22357&#8243; img_size=&#8221;500&#215;500&#8243; full_width=&#8221;yes&#8221;][vc_custom_heading text=&#8221;Advanced lab techniques&#8221; font_container=&#8221;tag:h2|font_size:26|text_align:center|color:%23444444|line_height:1.2&#8243; use_theme_fonts=&#8221;yes&#8221; responsive_font=&#8221;yes&#8221; font_size_xs=&#8221;18&#8243; [&hellip;]<\/p>\n","protected":false},"author":1,"featured_media":0,"parent":0,"menu_order":0,"comment_status":"closed","ping_status":"closed","template":"","meta":{"footnotes":""},"categories":[],"tags":[],"class_list":["post-29569","page","type-page","status-publish","hentry"],"yoast_head":"<!-- This site is optimized with the Yoast SEO Premium plugin v27.3 (Yoast SEO v27.3) - https:\/\/yoast.com\/product\/yoast-seo-premium-wordpress\/ -->\n<title>Creiamo Insieme - Institute of Life<\/title>\n<meta name=\"robots\" content=\"index, follow, max-snippet:-1, max-image-preview:large, max-video-preview:-1\" \/>\n<link rel=\"canonical\" href=\"https:\/\/iolife.dope.studio\/it\/creiamo-insieme\/\" \/>\n<meta property=\"og:locale\" content=\"it_IT\" \/>\n<meta property=\"og:type\" content=\"article\" \/>\n<meta property=\"og:title\" content=\"Creiamo Insieme\" \/>\n<meta property=\"og:description\" content=\"[vc_row full_height=&#8221;yes&#8221; type=&#8221;color&#8221; bg_color=&#8221;#000000&#8243; padding_top=&#8221;&#8221; padding_bottom=&#8221;&#8221;][vc_column][\/vc_column][\/vc_row][vc_row equal_height=&#8221;yes&#8221; type=&#8221;color&#8221; bg_color=&#8221;#ededed&#8221; column_gap=&#8221;no&#8221; padding_top=&#8221;20&#8243; padding_bottom=&#8221;20&#8243;][vc_column width=&#8221;1\/3&#8243; css=&#8221;.vc_custom_1590671463982{margin-top: 20px !important;margin-right: 10px !important;margin-bottom: 20px !important;margin-left: 10px !important;border-top-width: 1px !important;border-right-width: 1px !important;border-bottom-width: 1px !important;border-left-width: 1px !important;padding-bottom: 20px !important;background-color: #ffffff !important;border-left-color: #dbdbdb !important;border-left-style: solid !important;border-right-color: #dbdbdb !important;border-right-style: solid !important;border-top-color: #dbdbdb !important;border-top-style: solid !important;border-bottom-color: #dbdbdb !important;border-bottom-style: solid !important;}&#8221;][vc_single_image image=&#8221;22357&#8243; img_size=&#8221;500&#215;500&#8243; full_width=&#8221;yes&#8221;][vc_custom_heading text=&#8221;Advanced lab techniques&#8221; font_container=&#8221;tag:h2|font_size:26|text_align:center|color:%23444444|line_height:1.2&#8243; use_theme_fonts=&#8221;yes&#8221; responsive_font=&#8221;yes&#8221; font_size_xs=&#8221;18&#8243; [&hellip;]\" \/>\n<meta property=\"og:url\" content=\"https:\/\/iolife.dope.studio\/it\/creiamo-insieme\/\" \/>\n<meta property=\"og:site_name\" content=\"Institute of Life\" \/>\n<meta property=\"article:publisher\" content=\"https:\/\/web.facebook.com\/iolifeiaso?_rdc=1&amp;amp%3bamp%3bamp%3bamp%3bamp%3bamp%3bamp%3bamp%3bamp%3bamp%3bamp%3bamp%3bamp%3bamp%3bamp%3bamp%3bamp%3b_rdr\" \/>\n<meta property=\"article:modified_time\" content=\"2024-05-24T08:48:30+00:00\" \/>\n<meta name=\"twitter:card\" content=\"summary_large_image\" \/>\n<meta name=\"twitter:label1\" content=\"Tempo di lettura stimato\" \/>\n\t<meta name=\"twitter:data1\" content=\"2 minuti\" \/>\n<script type=\"application\/ld+json\" class=\"yoast-schema-graph\">{\"@context\":\"https:\\\/\\\/schema.org\",\"@graph\":[{\"@type\":\"WebPage\",\"@id\":\"https:\\\/\\\/iolife.dope.studio\\\/it\\\/creiamo-insieme\\\/\",\"url\":\"https:\\\/\\\/iolife.dope.studio\\\/it\\\/creiamo-insieme\\\/\",\"name\":\"Creiamo Insieme - Institute of Life\",\"isPartOf\":{\"@id\":\"https:\\\/\\\/iolife.dope.studio\\\/it\\\/#website\"},\"datePublished\":\"2020-04-23T16:22:38+00:00\",\"dateModified\":\"2024-05-24T08:48:30+00:00\",\"breadcrumb\":{\"@id\":\"https:\\\/\\\/iolife.dope.studio\\\/it\\\/creiamo-insieme\\\/#breadcrumb\"},\"inLanguage\":\"it-IT\",\"potentialAction\":[{\"@type\":\"ReadAction\",\"target\":[\"https:\\\/\\\/iolife.dope.studio\\\/it\\\/creiamo-insieme\\\/\"]}]},{\"@type\":\"BreadcrumbList\",\"@id\":\"https:\\\/\\\/iolife.dope.studio\\\/it\\\/creiamo-insieme\\\/#breadcrumb\",\"itemListElement\":[{\"@type\":\"ListItem\",\"position\":1,\"name\":\"Home\",\"item\":\"https:\\\/\\\/iolife.dope.studio\\\/it\\\/\"},{\"@type\":\"ListItem\",\"position\":2,\"name\":\"Creiamo Insieme\"}]},{\"@type\":\"WebSite\",\"@id\":\"https:\\\/\\\/iolife.dope.studio\\\/it\\\/#website\",\"url\":\"https:\\\/\\\/iolife.dope.studio\\\/it\\\/\",\"name\":\"Institute of Life\",\"description\":\"\",\"publisher\":{\"@id\":\"https:\\\/\\\/iolife.dope.studio\\\/it\\\/#organization\"},\"potentialAction\":[{\"@type\":\"SearchAction\",\"target\":{\"@type\":\"EntryPoint\",\"urlTemplate\":\"https:\\\/\\\/iolife.dope.studio\\\/it\\\/?s={search_term_string}\"},\"query-input\":{\"@type\":\"PropertyValueSpecification\",\"valueRequired\":true,\"valueName\":\"search_term_string\"}}],\"inLanguage\":\"it-IT\"},{\"@type\":\"Organization\",\"@id\":\"https:\\\/\\\/iolife.dope.studio\\\/it\\\/#organization\",\"name\":\"Institute of Life\",\"url\":\"https:\\\/\\\/iolife.dope.studio\\\/it\\\/\",\"logo\":{\"@type\":\"ImageObject\",\"inLanguage\":\"it-IT\",\"@id\":\"https:\\\/\\\/iolife.dope.studio\\\/it\\\/#\\\/schema\\\/logo\\\/image\\\/\",\"url\":\"https:\\\/\\\/iolife.dope.studiowp-content\\\/uploads\\\/2020\\\/05\\\/4.png\",\"contentUrl\":\"https:\\\/\\\/iolife.dope.studiowp-content\\\/uploads\\\/2020\\\/05\\\/4.png\",\"width\":908,\"height\":908,\"caption\":\"Institute of Life\"},\"image\":{\"@id\":\"https:\\\/\\\/iolife.dope.studio\\\/it\\\/#\\\/schema\\\/logo\\\/image\\\/\"},\"sameAs\":[\"https:\\\/\\\/web.facebook.com\\\/iolifeiaso?_rdc=1&amp;amp;amp;amp;amp;amp;amp;amp;amp;amp;amp;amp;amp;amp;amp;amp;amp;_rdr\",\"https:\\\/\\\/www.youtube.com\\\/channel\\\/UCyIFMT16nMiZR0jGOyAJBTw\"]}]}<\/script>\n<!-- \/ Yoast SEO Premium plugin. -->","yoast_head_json":{"title":"Creiamo Insieme - Institute of Life","robots":{"index":"index","follow":"follow","max-snippet":"max-snippet:-1","max-image-preview":"max-image-preview:large","max-video-preview":"max-video-preview:-1"},"canonical":"https:\/\/iolife.dope.studio\/it\/creiamo-insieme\/","og_locale":"it_IT","og_type":"article","og_title":"Creiamo Insieme","og_description":"[vc_row full_height=&#8221;yes&#8221; type=&#8221;color&#8221; bg_color=&#8221;#000000&#8243; padding_top=&#8221;&#8221; padding_bottom=&#8221;&#8221;][vc_column][\/vc_column][\/vc_row][vc_row equal_height=&#8221;yes&#8221; type=&#8221;color&#8221; bg_color=&#8221;#ededed&#8221; column_gap=&#8221;no&#8221; padding_top=&#8221;20&#8243; padding_bottom=&#8221;20&#8243;][vc_column width=&#8221;1\/3&#8243; css=&#8221;.vc_custom_1590671463982{margin-top: 20px !important;margin-right: 10px !important;margin-bottom: 20px !important;margin-left: 10px !important;border-top-width: 1px !important;border-right-width: 1px !important;border-bottom-width: 1px !important;border-left-width: 1px !important;padding-bottom: 20px !important;background-color: #ffffff !important;border-left-color: #dbdbdb !important;border-left-style: solid !important;border-right-color: #dbdbdb !important;border-right-style: solid !important;border-top-color: #dbdbdb !important;border-top-style: solid !important;border-bottom-color: #dbdbdb !important;border-bottom-style: solid !important;}&#8221;][vc_single_image image=&#8221;22357&#8243; img_size=&#8221;500&#215;500&#8243; full_width=&#8221;yes&#8221;][vc_custom_heading text=&#8221;Advanced lab techniques&#8221; font_container=&#8221;tag:h2|font_size:26|text_align:center|color:%23444444|line_height:1.2&#8243; use_theme_fonts=&#8221;yes&#8221; responsive_font=&#8221;yes&#8221; font_size_xs=&#8221;18&#8243; [&hellip;]","og_url":"https:\/\/iolife.dope.studio\/it\/creiamo-insieme\/","og_site_name":"Institute of Life","article_publisher":"https:\/\/web.facebook.com\/iolifeiaso?_rdc=1&amp%3bamp%3bamp%3bamp%3bamp%3bamp%3bamp%3bamp%3bamp%3bamp%3bamp%3bamp%3bamp%3bamp%3bamp%3bamp%3bamp%3b_rdr","article_modified_time":"2024-05-24T08:48:30+00:00","twitter_card":"summary_large_image","twitter_misc":{"Tempo di lettura stimato":"2 minuti"},"schema":{"@context":"https:\/\/schema.org","@graph":[{"@type":"WebPage","@id":"https:\/\/iolife.dope.studio\/it\/creiamo-insieme\/","url":"https:\/\/iolife.dope.studio\/it\/creiamo-insieme\/","name":"Creiamo Insieme - Institute of Life","isPartOf":{"@id":"https:\/\/iolife.dope.studio\/it\/#website"},"datePublished":"2020-04-23T16:22:38+00:00","dateModified":"2024-05-24T08:48:30+00:00","breadcrumb":{"@id":"https:\/\/iolife.dope.studio\/it\/creiamo-insieme\/#breadcrumb"},"inLanguage":"it-IT","potentialAction":[{"@type":"ReadAction","target":["https:\/\/iolife.dope.studio\/it\/creiamo-insieme\/"]}]},{"@type":"BreadcrumbList","@id":"https:\/\/iolife.dope.studio\/it\/creiamo-insieme\/#breadcrumb","itemListElement":[{"@type":"ListItem","position":1,"name":"Home","item":"https:\/\/iolife.dope.studio\/it\/"},{"@type":"ListItem","position":2,"name":"Creiamo Insieme"}]},{"@type":"WebSite","@id":"https:\/\/iolife.dope.studio\/it\/#website","url":"https:\/\/iolife.dope.studio\/it\/","name":"Institute of Life","description":"","publisher":{"@id":"https:\/\/iolife.dope.studio\/it\/#organization"},"potentialAction":[{"@type":"SearchAction","target":{"@type":"EntryPoint","urlTemplate":"https:\/\/iolife.dope.studio\/it\/?s={search_term_string}"},"query-input":{"@type":"PropertyValueSpecification","valueRequired":true,"valueName":"search_term_string"}}],"inLanguage":"it-IT"},{"@type":"Organization","@id":"https:\/\/iolife.dope.studio\/it\/#organization","name":"Institute of Life","url":"https:\/\/iolife.dope.studio\/it\/","logo":{"@type":"ImageObject","inLanguage":"it-IT","@id":"https:\/\/iolife.dope.studio\/it\/#\/schema\/logo\/image\/","url":"https:\/\/iolife.dope.studiowp-content\/uploads\/2020\/05\/4.png","contentUrl":"https:\/\/iolife.dope.studiowp-content\/uploads\/2020\/05\/4.png","width":908,"height":908,"caption":"Institute of Life"},"image":{"@id":"https:\/\/iolife.dope.studio\/it\/#\/schema\/logo\/image\/"},"sameAs":["https:\/\/web.facebook.com\/iolifeiaso?_rdc=1&amp;amp;amp;amp;amp;amp;amp;amp;amp;amp;amp;amp;amp;amp;amp;amp;amp;_rdr","https:\/\/www.youtube.com\/channel\/UCyIFMT16nMiZR0jGOyAJBTw"]}]}},"_links":{"self":[{"href":"https:\/\/iolife.dope.studio\/it\/wp-json\/wp\/v2\/pages\/29569","targetHints":{"allow":["GET"]}}],"collection":[{"href":"https:\/\/iolife.dope.studio\/it\/wp-json\/wp\/v2\/pages"}],"about":[{"href":"https:\/\/iolife.dope.studio\/it\/wp-json\/wp\/v2\/types\/page"}],"author":[{"embeddable":true,"href":"https:\/\/iolife.dope.studio\/it\/wp-json\/wp\/v2\/users\/1"}],"replies":[{"embeddable":true,"href":"https:\/\/iolife.dope.studio\/it\/wp-json\/wp\/v2\/comments?post=29569"}],"version-history":[{"count":1,"href":"https:\/\/iolife.dope.studio\/it\/wp-json\/wp\/v2\/pages\/29569\/revisions"}],"predecessor-version":[{"id":34936,"href":"https:\/\/iolife.dope.studio\/it\/wp-json\/wp\/v2\/pages\/29569\/revisions\/34936"}],"wp:attachment":[{"href":"https:\/\/iolife.dope.studio\/it\/wp-json\/wp\/v2\/media?parent=29569"}],"wp:term":[{"taxonomy":"category","embeddable":true,"href":"https:\/\/iolife.dope.studio\/it\/wp-json\/wp\/v2\/categories?post=29569"},{"taxonomy":"post_tag","embeddable":true,"href":"https:\/\/iolife.dope.studio\/it\/wp-json\/wp\/v2\/tags?post=29569"}],"curies":[{"name":"wp","href":"https:\/\/api.w.org\/{rel}","templated":true}]}}