{"id":30029,"date":"2019-07-11T08:08:58","date_gmt":"2019-07-11T08:08:58","guid":{"rendered":"https:\/\/www.iolife.eu\/contact\/"},"modified":"2025-03-31T12:52:59","modified_gmt":"2025-03-31T09:52:59","slug":"contact","status":"publish","type":"page","link":"https:\/\/iolife.dope.studio\/fr\/contact\/","title":{"rendered":"Contact"},"content":{"rendered":"<div class=\"wpb-content-wrapper\"><p>[vc_row equal_height=\u00a0\u00bbyes\u00a0\u00bb content_placement=\u00a0\u00bbtop\u00a0\u00bb inner_container=\u00a0\u00bbno\u00a0\u00bb text_color=\u00a0\u00bb#ffffff\u00a0\u00bb type=\u00a0\u00bbimage\u00a0\u00bb bg_color=\u00a0\u00bbrgba(221,221,221,0.43)\u00a0\u00bb bg_position_horizontal=\u00a0\u00bbcenter\u00a0\u00bb enable_parallax=\u00a0\u00bbfalse\u00a0\u00bb padding_top=\u00a0\u00bb\u00a0\u00bb padding_bottom=\u00a0\u00bb\u00a0\u00bb][vc_column width=\u00a0\u00bb1\/6&Prime;][\/vc_column][vc_column width=\u00a0\u00bb2\/3&Prime; css=\u00a0\u00bb.vc_custom_1594119366073{margin-bottom: 0px !important;border-right-width: 0px !important;background-color: #ac6bbc !important;}\u00a0\u00bb][vc_empty_space height=\u00a0\u00bb100px\u00a0\u00bb][vc_column_text css=\u00a0\u00bb.vc_custom_1607617459846{padding-right: 50px !important;padding-left: 50px !important;}\u00a0\u00bb]<\/p>\n<h3 style=\"text-align: center;\">Prenez rendez-vous maintenant et informez-vous aupr\u00e8s de nos sp\u00e9cialistes.<\/h3>\n<p>[\/vc_column_text][vc_row_inner content_placement=\u00a0\u00bbmiddle\u00a0\u00bb css=\u00a0\u00bb.vc_custom_1579035965915{border-top-width: 1px !important;border-top-color: rgba(234,234,234,0.72) !important;border-top-style: solid !important;}\u00a0\u00bb][vc_column_inner width=\u00a0\u00bb1\/2&Prime; css=\u00a0\u00bb.vc_custom_1608223047064{background-image: url(https:\/\/iolife.dope.studiowp-content\/uploads\/2020\/12\/iolife-epikoinonia.jpg?id=31058) !important;background-position: center !important;background-repeat: no-repeat !important;background-size: cover !important;}\u00a0\u00bb][vc_empty_space height=\u00a0\u00bb402px\u00a0\u00bb][\/vc_column_inner][vc_column_inner width=\u00a0\u00bb1\/2&Prime;][vc_column_text css=\u00a0\u00bb.vc_custom_1607617490335{padding-top: 50px !important;padding-right: 50px !important;padding-bottom: 50px !important;padding-left: 50px !important;}\u00a0\u00bb]L\u2019Institute of Life vous attend, avec son \u00e9quipe de m\u00e9decins sp\u00e9cialis\u00e9s et exp\u00e9riment\u00e9s dans un laboratoire d&rsquo;andrologie ultramoderne, pr\u00eate \u00e0 vous accompagner, d\u00e8s le premier rendez-vous. Nous sommes \u00e0 tout instant \u00e0 vos c\u00f4t\u00e9s pour r\u00e9pondre \u00e0 chacune de vos questions et choisir avec vous le traitement ad\u00e9quat.<\/p>\n<p>L&rsquo;expertise, l&rsquo;exp\u00e9rience, la rapidit\u00e9 et surtout la fiabilit\u00e9 font de l&rsquo;Institute of Life l&rsquo;unit\u00e9 la plus compl\u00e8te de traitement de l&rsquo;infertilit\u00e9 chez les deux sexes.[\/vc_column_text][\/vc_column_inner][\/vc_row_inner][vc_row_inner css=\u00a0\u00bb.vc_custom_1579036105444{padding-top: 60px !important;padding-right: 50px !important;padding-bottom: 20px !important;padding-left: 50px !important;background-color: #ffffff !important;}\u00a0\u00bb][vc_column_inner width=\u00a0\u00bb1\/3&Prime;][vc_column_text]<img loading=\"lazy\" decoding=\"async\" class=\"wp-image-9821 aligncenter\" src=\"https:\/\/iolife.dope.studiowp-content\/uploads\/2019\/05\/logo-new-big-300x300.png\" alt=\"\" width=\"141\" height=\"141\" srcset=\"https:\/\/iolife.dope.studio\/wp-content\/uploads\/2019\/05\/logo-new-big-300x300.png 300w, https:\/\/iolife.dope.studio\/wp-content\/uploads\/2019\/05\/logo-new-big-150x150.png 150w, https:\/\/iolife.dope.studio\/wp-content\/uploads\/2019\/05\/logo-new-big-100x100.png 100w, https:\/\/iolife.dope.studio\/wp-content\/uploads\/2019\/05\/logo-new-big-480x480.png 480w, https:\/\/iolife.dope.studio\/wp-content\/uploads\/2019\/05\/logo-new-big-44x44.png 44w, https:\/\/iolife.dope.studio\/wp-content\/uploads\/2019\/05\/logo-new-big.png 528w\" sizes=\"auto, (max-width: 141px) 100vw, 141px\" \/>[\/vc_column_text][vc_column_text text_color=\u00a0\u00bb#595959&Prime;]<\/p>\n<p style=\"text-align: center;\">Clinique obst\u00e9trique Iaso<br \/>\nAve. Kifissias 37-39<br \/>\nMaroussi, Ath\u00e8nes<\/p>\n<p>[\/vc_column_text][vc_column_text text_color=\u00a0\u00bb#595959&Prime;]<\/p>\n<div class=\"adr adress_wrap cmsmasters_theme_icon_user_address\" style=\"text-align: center;\">T\u00e9l.: +30 210 61 84 030<\/div>\n<p style=\"text-align: center;\"><span class=\"contact_widget_email cmsmasters_theme_icon_user_mail\" style=\"color: #333333;\"><a class=\"email\" style=\"color: #333333;\" href=\"mailto:ivf@iaso.gr\">ivf@iaso.gr<\/a><\/span><\/p>\n<p style=\"text-align: center;\"><span class=\"contact_widget_url cmsmasters_theme_icon_user_website\" style=\"color: #333333;\"><a class=\"url\" style=\"color: #333333;\" href=\"https:\/\/iolife.dope.studioen\/\">www.iolife.eu<\/a><\/span><\/p>\n<p>[\/vc_column_text][vc_raw_html]JTNDZGl2JTIwY2xhc3MlM0QlMjJmYi1wYWdlJTIyJTIwZGF0YS1ocmVmJTNEJTIyaHR0cHMlM0ElMkYlMkZ3d3cuZmFjZWJvb2suY29tJTJGaW9saWZlaWFzbyUyRiUyMiUyMGRhdGEtdGFicyUzRCUyMmxpa2UlMjIlMjBkYXRhLXdpZHRoJTNEJTIyMzAwJTIyJTIwZGF0YS1oZWlnaHQlM0QlMjIxMDAlMjIlMjBkYXRhLXNtYWxsLWhlYWRlciUzRCUyMnRydWUlMjIlMjBkYXRhLWFkYXB0LWNvbnRhaW5lci13aWR0aCUzRCUyMnRydWUlMjIlMjBkYXRhLWhpZGUtY292ZXIlM0QlMjJ0cnVlJTIyJTIwZGF0YS1zaG93LWZhY2VwaWxlJTNEJTIyZmFsc2UlMjIlM0UlM0NibG9ja3F1b3RlJTIwY2l0ZSUzRCUyMmh0dHBzJTNBJTJGJTJGd3d3LmZhY2Vib29rLmNvbSUyRmlvbGlmZWlhc28lMkYlMjIlMjBjbGFzcyUzRCUyMmZiLXhmYm1sLXBhcnNlLWlnbm9yZSUyMiUzRSUzQ2ElMjBocmVmJTNEJTIyaHR0cHMlM0ElMkYlMkZ3d3cuZmFjZWJvb2suY29tJTJGaW9saWZlaWFzbyUyRiUyMiUzRUluc3RpdHV0ZSUyMG9mJTIwTGlmZSUyMC0lMjBJQVNPJTNDJTJGYSUzRSUzQyUyRmJsb2NrcXVvdGUlM0UlM0MlMkZkaXYlM0U=[\/vc_raw_html][vc_column_text css=\u00a0\u00bb\u00a0\u00bb el_class=\u00a0\u00bbaddress_others\u00a0\u00bb]Institute of Life- Kalamata<br \/>\nFertility Office<\/p>\n<p>21 Andrea Skia<br \/>\nKalamata 24100<\/p>\n<p>Tel: 27210 98315<br \/>\nemail: <a href=\"mailto:iolifekalamata@gmail.com\">iolifekalamata@gmail.com<\/a>[\/vc_column_text][\/vc_column_inner][vc_column_inner width=\u00a0\u00bb2\/3&Prime;]\n<div class=\"wpcf7 no-js\" id=\"wpcf7-f29683-o1\" lang=\"fr-FR\" dir=\"ltr\" data-wpcf7-id=\"29683\">\n<div class=\"screen-reader-response\"><p role=\"status\" aria-live=\"polite\" aria-atomic=\"true\"><\/p> <ul><\/ul><\/div>\n<form action=\"\/fr\/wp-json\/wp\/v2\/pages\/30029#wpcf7-f29683-o1\" method=\"post\" class=\"wpcf7-form init\" aria-label=\"Formulaire de contact\" novalidate=\"novalidate\" data-status=\"init\">\n<fieldset class=\"hidden-fields-container\"><input type=\"hidden\" name=\"_wpcf7\" value=\"29683\" \/><input type=\"hidden\" name=\"_wpcf7_version\" value=\"6.1.5\" \/><input type=\"hidden\" name=\"_wpcf7_locale\" value=\"fr_FR\" \/><input type=\"hidden\" name=\"_wpcf7_unit_tag\" value=\"wpcf7-f29683-o1\" \/><input type=\"hidden\" name=\"_wpcf7_container_post\" value=\"0\" \/><input type=\"hidden\" name=\"_wpcf7_posted_data_hash\" value=\"\" \/>\n<\/fieldset>\n<p><span class=\"wpcf7-form-control-wrap\" data-name=\"your-name\"><input size=\"40\" maxlength=\"400\" class=\"wpcf7-form-control wpcf7-text wpcf7-validates-as-required\" aria-required=\"true\" aria-invalid=\"false\" placeholder=\"Nome*\" value=\"\" type=\"text\" name=\"your-name\" \/><\/span>\n<\/p>\n<div class=\"row\">\n\t<div class=\"col-sm-6 first-col\">\n\t\t<p><span class=\"wpcf7-form-control-wrap\" data-name=\"your-email\"><input size=\"40\" maxlength=\"400\" class=\"wpcf7-form-control wpcf7-email wpcf7-validates-as-required wpcf7-text wpcf7-validates-as-email\" aria-required=\"true\" aria-invalid=\"false\" placeholder=\"Email*\" value=\"\" type=\"email\" name=\"your-email\" \/><\/span>\n\t\t<\/p>\n\t<\/div>\n\t<div class=\"col-sm-6 last-col\">\n\t\t<p><span class=\"wpcf7-form-control-wrap\" data-name=\"tel-425\"><input size=\"40\" maxlength=\"400\" class=\"wpcf7-form-control wpcf7-tel wpcf7-validates-as-required wpcf7-text wpcf7-validates-as-tel\" aria-required=\"true\" aria-invalid=\"false\" placeholder=\"Tel*\" value=\"\" type=\"tel\" name=\"tel-425\" \/><\/span>\n\t\t<\/p>\n\t<\/div>\n<\/div>\n<div class=\"row\">\n\t<div class=\"col-sm-12 first-col\">\n\t\t<h5><span style = \"FONT-SIZE:13PX;color:grey;\">Je pr\u00e9f\u00e9rerais que vous me contactiez via: <span class=\"wpcf7-form-control-wrap\" data-name=\"checkbox-373\"><span class=\"wpcf7-form-control wpcf7-checkbox\"><span class=\"wpcf7-list-item first\"><input type=\"checkbox\" name=\"checkbox-373[]\" value=\"Skype\" \/><span class=\"wpcf7-list-item-label\">Skype<\/span><\/span><span class=\"wpcf7-list-item last\"><input type=\"checkbox\" name=\"checkbox-373[]\" value=\"T\u00e9l\u00e9phone\" \/><span class=\"wpcf7-list-item-label\">T\u00e9l\u00e9phone<\/span><\/span><\/span><\/span><\/span><br \/>\n\t\t\t<p><span style = \"FONT-SIZE:11PX;color:grey;line-height:9px !important;\">(!) Veuillez NE PAS saisir dans ce champ des informations ou des donn\u00e9es de sant\u00e9 personnelles.<\/span>\n\t\t\t<\/p><br \/>\n<span class=\"wpcf7-form-control-wrap\" data-name=\"your-message\"><textarea cols=\"20\" rows=\"5\" maxlength=\"2000\" class=\"wpcf7-form-control wpcf7-textarea\" aria-invalid=\"false\" placeholder=\"Message\" name=\"your-message\"><\/textarea><\/span> <br \/>\n\t\t\t<div class=\"row\">\n\t\t\t\t<div class=\"col-sm-12 first-col\">\n\t\t\t\t\t<p><label><span class=\"wpcf7-form-control-wrap\" data-name=\"acceptance-218\"><span class=\"wpcf7-form-control wpcf7-acceptance\"><span class=\"wpcf7-list-item\"><label><input type=\"checkbox\" name=\"acceptance-218\" value=\"1\" aria-invalid=\"false\" \/><span class=\"wpcf7-list-item-label\"><span style=\"color: #919091; FONT-SIZE:13PX;\">J'ai lu et compris  <a style=\"color:#800080 ;\" href=\"https:\/\/iolife.dope.studioen\/policy\/\">la politique de protection des donn\u00e9es \u00e0 caract\u00e8re personnel<\/a> de l\u2019Institute of Life<\/span><\/span><\/label><\/span><\/span><\/span><\/label><br \/>\n<input class=\"wpcf7-form-control wpcf7-submit has-spinner\" type=\"submit\" value=\"Envoyer\" \/>\n\t\t\t\t\t<\/p>\n\t\t\t\t<\/div>\n\t\t\t<\/div>\n\t\t<\/h5>\n\t<\/div>\n<\/div><input type='hidden' class='wpcf7-pum' value='{\"closepopup\":false,\"closedelay\":0,\"openpopup\":false,\"openpopup_id\":0}' \/><div class=\"wpcf7-response-output\" aria-hidden=\"true\"><\/div>\n<\/form>\n<\/div>\n[\/vc_column_inner][\/vc_row_inner][\/vc_column][vc_column width=\u00a0\u00bb1\/6&Prime;][\/vc_column][\/vc_row][vc_row content_placement=\u00a0\u00bbtop\u00a0\u00bb inner_container=\u00a0\u00bbno\u00a0\u00bb text_color=\u00a0\u00bb#ffffff\u00a0\u00bb type=\u00a0\u00bbimage\u00a0\u00bb bg_color=\u00a0\u00bbrgba(221,221,221,0.43)\u00a0\u00bb bg_position_horizontal=\u00a0\u00bbcenter\u00a0\u00bb enable_parallax=\u00a0\u00bbfalse\u00a0\u00bb column_gap=\u00a0\u00bbno\u00a0\u00bb padding_top=\u00a0\u00bb\u00a0\u00bb padding_bottom=\u00a0\u00bb\u00a0\u00bb][vc_column width=\u00a0\u00bb1\/6&Prime; css=\u00a0\u00bb.vc_custom_1597162360402{margin-right: -20px !important;}\u00a0\u00bb][\/vc_column][vc_column width=\u00a0\u00bb2\/3&Prime; css=\u00a0\u00bb.vc_custom_1597161899684{background-color: #ac6bbc !important;}\u00a0\u00bb][vc_raw_html]JTVCaG1hcHNwcmVtJTIwaWQlM0QxMiU1RA==[\/vc_raw_html][\/vc_column][vc_column width=\u00a0\u00bb1\/6&Prime;][\/vc_column][\/vc_row]<\/p>\n<\/div>","protected":false},"excerpt":{"rendered":"<p>[vc_row equal_height=\u00a0\u00bbyes\u00a0\u00bb content_placement=\u00a0\u00bbtop\u00a0\u00bb inner_container=\u00a0\u00bbno\u00a0\u00bb text_color=\u00a0\u00bb#ffffff\u00a0\u00bb type=\u00a0\u00bbimage\u00a0\u00bb bg_color=\u00a0\u00bbrgba(221,221,221,0.43)\u00a0\u00bb bg_position_horizontal=\u00a0\u00bbcenter\u00a0\u00bb enable_parallax=\u00a0\u00bbfalse\u00a0\u00bb padding_top=\u00a0\u00bb\u00a0\u00bb padding_bottom=\u00a0\u00bb\u00a0\u00bb][vc_column width=\u00a0\u00bb1\/6&Prime;][\/vc_column][vc_column width=\u00a0\u00bb2\/3&Prime; css=\u00a0\u00bb.vc_custom_1594119366073{margin-bottom: 0px !important;border-right-width: 0px !important;background-color: #ac6bbc !important;}\u00a0\u00bb][vc_empty_space height=\u00a0\u00bb100px\u00a0\u00bb][vc_column_text css=\u00a0\u00bb.vc_custom_1607617459846{padding-right: 50px !important;padding-left: 50px !important;}\u00a0\u00bb] Prenez rendez-vous maintenant et informez-vous aupr\u00e8s de nos sp\u00e9cialistes. [\/vc_column_text][vc_row_inner content_placement=\u00a0\u00bbmiddle\u00a0\u00bb css=\u00a0\u00bb.vc_custom_1579035965915{border-top-width: 1px !important;border-top-color: rgba(234,234,234,0.72) !important;border-top-style: solid !important;}\u00a0\u00bb][vc_column_inner width=\u00a0\u00bb1\/2&Prime; css=\u00a0\u00bb.vc_custom_1608223047064{background-image: url(https:\/\/iolife.dope.studiowp-content\/uploads\/2020\/12\/iolife-epikoinonia.jpg?id=31058) !important;background-position: center !important;background-repeat: no-repeat !important;background-size: cover !important;}\u00a0\u00bb][vc_empty_space height=\u00a0\u00bb402px\u00a0\u00bb][\/vc_column_inner][vc_column_inner width=\u00a0\u00bb1\/2&Prime;][vc_column_text css=\u00a0\u00bb.vc_custom_1607617490335{padding-top: 50px !important;padding-right: 50px [&hellip;]<\/p>\n","protected":false},"author":1,"featured_media":0,"parent":0,"menu_order":0,"comment_status":"closed","ping_status":"closed","template":"","meta":{"footnotes":""},"categories":[],"tags":[],"class_list":["post-30029","page","type-page","status-publish","hentry"],"yoast_head":"<!-- This site is optimized with the Yoast SEO Premium plugin v27.3 (Yoast SEO v27.3) - https:\/\/yoast.com\/product\/yoast-seo-premium-wordpress\/ -->\n<title>Contact - Institute of Life<\/title>\n<meta name=\"robots\" content=\"index, follow, max-snippet:-1, max-image-preview:large, max-video-preview:-1\" \/>\n<link rel=\"canonical\" href=\"https:\/\/iolife.dope.studio\/fr\/contact\/\" \/>\n<meta property=\"og:locale\" content=\"fr_FR\" \/>\n<meta property=\"og:type\" content=\"article\" \/>\n<meta property=\"og:title\" content=\"Contact\" \/>\n<meta property=\"og:description\" content=\"[vc_row equal_height=\u00a0\u00bbyes\u00a0\u00bb content_placement=\u00a0\u00bbtop\u00a0\u00bb inner_container=\u00a0\u00bbno\u00a0\u00bb text_color=\u00a0\u00bb#ffffff\u00a0\u00bb type=\u00a0\u00bbimage\u00a0\u00bb bg_color=\u00a0\u00bbrgba(221,221,221,0.43)\u00a0\u00bb bg_position_horizontal=\u00a0\u00bbcenter\u00a0\u00bb enable_parallax=\u00a0\u00bbfalse\u00a0\u00bb padding_top=\u00a0\u00bb\u00a0\u00bb padding_bottom=\u00a0\u00bb\u00a0\u00bb][vc_column width=\u00a0\u00bb1\/6&Prime;][\/vc_column][vc_column width=\u00a0\u00bb2\/3&Prime; css=\u00a0\u00bb.vc_custom_1594119366073{margin-bottom: 0px !important;border-right-width: 0px !important;background-color: #ac6bbc !important;}\u00a0\u00bb][vc_empty_space height=\u00a0\u00bb100px\u00a0\u00bb][vc_column_text css=\u00a0\u00bb.vc_custom_1607617459846{padding-right: 50px !important;padding-left: 50px !important;}\u00a0\u00bb] Prenez rendez-vous maintenant et informez-vous aupr\u00e8s de nos sp\u00e9cialistes. [\/vc_column_text][vc_row_inner content_placement=\u00a0\u00bbmiddle\u00a0\u00bb css=\u00a0\u00bb.vc_custom_1579035965915{border-top-width: 1px !important;border-top-color: rgba(234,234,234,0.72) !important;border-top-style: solid !important;}\u00a0\u00bb][vc_column_inner width=\u00a0\u00bb1\/2&Prime; css=\u00a0\u00bb.vc_custom_1608223047064{background-image: url(https:\/\/iolife.dope.studiowp-content\/uploads\/2020\/12\/iolife-epikoinonia.jpg?id=31058) !important;background-position: center !important;background-repeat: no-repeat !important;background-size: cover !important;}\u00a0\u00bb][vc_empty_space height=\u00a0\u00bb402px\u00a0\u00bb][\/vc_column_inner][vc_column_inner width=\u00a0\u00bb1\/2&Prime;][vc_column_text css=\u00a0\u00bb.vc_custom_1607617490335{padding-top: 50px !important;padding-right: 50px [&hellip;]\" \/>\n<meta property=\"og:url\" content=\"https:\/\/iolife.dope.studio\/fr\/contact\/\" \/>\n<meta property=\"og:site_name\" content=\"Institute of Life\" \/>\n<meta property=\"article:publisher\" content=\"https:\/\/web.facebook.com\/iolifeiaso?_rdc=1&amp;amp%3bamp%3bamp%3bamp%3bamp%3bamp%3bamp%3bamp%3bamp%3bamp%3bamp%3bamp%3bamp%3bamp%3bamp%3bamp%3bamp%3b_rdr\" \/>\n<meta property=\"article:modified_time\" content=\"2025-03-31T09:52:59+00:00\" \/>\n<meta property=\"og:image\" content=\"https:\/\/iolife.dope.studiowp-content\/uploads\/2019\/05\/logo-new-big-300x300.png\" \/>\n<meta name=\"twitter:card\" content=\"summary_large_image\" \/>\n<meta name=\"twitter:label1\" content=\"Dur\u00e9e de lecture estim\u00e9e\" \/>\n\t<meta name=\"twitter:data1\" content=\"2 minutes\" \/>\n<script type=\"application\/ld+json\" class=\"yoast-schema-graph\">{\"@context\":\"https:\\\/\\\/schema.org\",\"@graph\":[{\"@type\":\"WebPage\",\"@id\":\"https:\\\/\\\/iolife.dope.studio\\\/fr\\\/contact\\\/\",\"url\":\"https:\\\/\\\/iolife.dope.studio\\\/fr\\\/contact\\\/\",\"name\":\"Contact - Institute of Life\",\"isPartOf\":{\"@id\":\"https:\\\/\\\/iolife.dope.studio\\\/fr\\\/#website\"},\"primaryImageOfPage\":{\"@id\":\"https:\\\/\\\/iolife.dope.studio\\\/fr\\\/contact\\\/#primaryimage\"},\"image\":{\"@id\":\"https:\\\/\\\/iolife.dope.studio\\\/fr\\\/contact\\\/#primaryimage\"},\"thumbnailUrl\":\"https:\\\/\\\/iolife.dope.studiowp-content\\\/uploads\\\/2019\\\/05\\\/logo-new-big-300x300.png\",\"datePublished\":\"2019-07-11T08:08:58+00:00\",\"dateModified\":\"2025-03-31T09:52:59+00:00\",\"breadcrumb\":{\"@id\":\"https:\\\/\\\/iolife.dope.studio\\\/fr\\\/contact\\\/#breadcrumb\"},\"inLanguage\":\"fr-FR\",\"potentialAction\":[{\"@type\":\"ReadAction\",\"target\":[\"https:\\\/\\\/iolife.dope.studio\\\/fr\\\/contact\\\/\"]}]},{\"@type\":\"ImageObject\",\"inLanguage\":\"fr-FR\",\"@id\":\"https:\\\/\\\/iolife.dope.studio\\\/fr\\\/contact\\\/#primaryimage\",\"url\":\"https:\\\/\\\/iolife.dope.studiowp-content\\\/uploads\\\/2019\\\/05\\\/logo-new-big-300x300.png\",\"contentUrl\":\"https:\\\/\\\/iolife.dope.studiowp-content\\\/uploads\\\/2019\\\/05\\\/logo-new-big-300x300.png\"},{\"@type\":\"BreadcrumbList\",\"@id\":\"https:\\\/\\\/iolife.dope.studio\\\/fr\\\/contact\\\/#breadcrumb\",\"itemListElement\":[{\"@type\":\"ListItem\",\"position\":1,\"name\":\"Home\",\"item\":\"https:\\\/\\\/iolife.dope.studio\\\/fr\\\/\"},{\"@type\":\"ListItem\",\"position\":2,\"name\":\"Contact\"}]},{\"@type\":\"WebSite\",\"@id\":\"https:\\\/\\\/iolife.dope.studio\\\/fr\\\/#website\",\"url\":\"https:\\\/\\\/iolife.dope.studio\\\/fr\\\/\",\"name\":\"Institute of Life\",\"description\":\"\",\"publisher\":{\"@id\":\"https:\\\/\\\/iolife.dope.studio\\\/fr\\\/#organization\"},\"potentialAction\":[{\"@type\":\"SearchAction\",\"target\":{\"@type\":\"EntryPoint\",\"urlTemplate\":\"https:\\\/\\\/iolife.dope.studio\\\/fr\\\/?s={search_term_string}\"},\"query-input\":{\"@type\":\"PropertyValueSpecification\",\"valueRequired\":true,\"valueName\":\"search_term_string\"}}],\"inLanguage\":\"fr-FR\"},{\"@type\":\"Organization\",\"@id\":\"https:\\\/\\\/iolife.dope.studio\\\/fr\\\/#organization\",\"name\":\"Institute of Life\",\"url\":\"https:\\\/\\\/iolife.dope.studio\\\/fr\\\/\",\"logo\":{\"@type\":\"ImageObject\",\"inLanguage\":\"fr-FR\",\"@id\":\"https:\\\/\\\/iolife.dope.studio\\\/fr\\\/#\\\/schema\\\/logo\\\/image\\\/\",\"url\":\"https:\\\/\\\/iolife.dope.studiowp-content\\\/uploads\\\/2020\\\/05\\\/4.png\",\"contentUrl\":\"https:\\\/\\\/iolife.dope.studiowp-content\\\/uploads\\\/2020\\\/05\\\/4.png\",\"width\":908,\"height\":908,\"caption\":\"Institute of Life\"},\"image\":{\"@id\":\"https:\\\/\\\/iolife.dope.studio\\\/fr\\\/#\\\/schema\\\/logo\\\/image\\\/\"},\"sameAs\":[\"https:\\\/\\\/web.facebook.com\\\/iolifeiaso?_rdc=1&amp;amp;amp;amp;amp;amp;amp;amp;amp;amp;amp;amp;amp;amp;amp;amp;amp;_rdr\",\"https:\\\/\\\/www.youtube.com\\\/channel\\\/UCyIFMT16nMiZR0jGOyAJBTw\"]}]}<\/script>\n<!-- \/ Yoast SEO Premium plugin. -->","yoast_head_json":{"title":"Contact - Institute of Life","robots":{"index":"index","follow":"follow","max-snippet":"max-snippet:-1","max-image-preview":"max-image-preview:large","max-video-preview":"max-video-preview:-1"},"canonical":"https:\/\/iolife.dope.studio\/fr\/contact\/","og_locale":"fr_FR","og_type":"article","og_title":"Contact","og_description":"[vc_row equal_height=\u00a0\u00bbyes\u00a0\u00bb content_placement=\u00a0\u00bbtop\u00a0\u00bb inner_container=\u00a0\u00bbno\u00a0\u00bb text_color=\u00a0\u00bb#ffffff\u00a0\u00bb type=\u00a0\u00bbimage\u00a0\u00bb bg_color=\u00a0\u00bbrgba(221,221,221,0.43)\u00a0\u00bb bg_position_horizontal=\u00a0\u00bbcenter\u00a0\u00bb enable_parallax=\u00a0\u00bbfalse\u00a0\u00bb padding_top=\u00a0\u00bb\u00a0\u00bb padding_bottom=\u00a0\u00bb\u00a0\u00bb][vc_column width=\u00a0\u00bb1\/6&Prime;][\/vc_column][vc_column width=\u00a0\u00bb2\/3&Prime; css=\u00a0\u00bb.vc_custom_1594119366073{margin-bottom: 0px !important;border-right-width: 0px !important;background-color: #ac6bbc !important;}\u00a0\u00bb][vc_empty_space height=\u00a0\u00bb100px\u00a0\u00bb][vc_column_text css=\u00a0\u00bb.vc_custom_1607617459846{padding-right: 50px !important;padding-left: 50px !important;}\u00a0\u00bb] Prenez rendez-vous maintenant et informez-vous aupr\u00e8s de nos sp\u00e9cialistes. [\/vc_column_text][vc_row_inner content_placement=\u00a0\u00bbmiddle\u00a0\u00bb css=\u00a0\u00bb.vc_custom_1579035965915{border-top-width: 1px !important;border-top-color: rgba(234,234,234,0.72) !important;border-top-style: solid !important;}\u00a0\u00bb][vc_column_inner width=\u00a0\u00bb1\/2&Prime; css=\u00a0\u00bb.vc_custom_1608223047064{background-image: url(https:\/\/iolife.dope.studiowp-content\/uploads\/2020\/12\/iolife-epikoinonia.jpg?id=31058) !important;background-position: center !important;background-repeat: no-repeat !important;background-size: cover !important;}\u00a0\u00bb][vc_empty_space height=\u00a0\u00bb402px\u00a0\u00bb][\/vc_column_inner][vc_column_inner width=\u00a0\u00bb1\/2&Prime;][vc_column_text css=\u00a0\u00bb.vc_custom_1607617490335{padding-top: 50px !important;padding-right: 50px [&hellip;]","og_url":"https:\/\/iolife.dope.studio\/fr\/contact\/","og_site_name":"Institute of Life","article_publisher":"https:\/\/web.facebook.com\/iolifeiaso?_rdc=1&amp%3bamp%3bamp%3bamp%3bamp%3bamp%3bamp%3bamp%3bamp%3bamp%3bamp%3bamp%3bamp%3bamp%3bamp%3bamp%3bamp%3b_rdr","article_modified_time":"2025-03-31T09:52:59+00:00","og_image":[{"url":"https:\/\/iolife.dope.studiowp-content\/uploads\/2019\/05\/logo-new-big-300x300.png","type":"","width":"","height":""}],"twitter_card":"summary_large_image","twitter_misc":{"Dur\u00e9e de lecture estim\u00e9e":"2 minutes"},"schema":{"@context":"https:\/\/schema.org","@graph":[{"@type":"WebPage","@id":"https:\/\/iolife.dope.studio\/fr\/contact\/","url":"https:\/\/iolife.dope.studio\/fr\/contact\/","name":"Contact - Institute of Life","isPartOf":{"@id":"https:\/\/iolife.dope.studio\/fr\/#website"},"primaryImageOfPage":{"@id":"https:\/\/iolife.dope.studio\/fr\/contact\/#primaryimage"},"image":{"@id":"https:\/\/iolife.dope.studio\/fr\/contact\/#primaryimage"},"thumbnailUrl":"https:\/\/iolife.dope.studiowp-content\/uploads\/2019\/05\/logo-new-big-300x300.png","datePublished":"2019-07-11T08:08:58+00:00","dateModified":"2025-03-31T09:52:59+00:00","breadcrumb":{"@id":"https:\/\/iolife.dope.studio\/fr\/contact\/#breadcrumb"},"inLanguage":"fr-FR","potentialAction":[{"@type":"ReadAction","target":["https:\/\/iolife.dope.studio\/fr\/contact\/"]}]},{"@type":"ImageObject","inLanguage":"fr-FR","@id":"https:\/\/iolife.dope.studio\/fr\/contact\/#primaryimage","url":"https:\/\/iolife.dope.studiowp-content\/uploads\/2019\/05\/logo-new-big-300x300.png","contentUrl":"https:\/\/iolife.dope.studiowp-content\/uploads\/2019\/05\/logo-new-big-300x300.png"},{"@type":"BreadcrumbList","@id":"https:\/\/iolife.dope.studio\/fr\/contact\/#breadcrumb","itemListElement":[{"@type":"ListItem","position":1,"name":"Home","item":"https:\/\/iolife.dope.studio\/fr\/"},{"@type":"ListItem","position":2,"name":"Contact"}]},{"@type":"WebSite","@id":"https:\/\/iolife.dope.studio\/fr\/#website","url":"https:\/\/iolife.dope.studio\/fr\/","name":"Institute of Life","description":"","publisher":{"@id":"https:\/\/iolife.dope.studio\/fr\/#organization"},"potentialAction":[{"@type":"SearchAction","target":{"@type":"EntryPoint","urlTemplate":"https:\/\/iolife.dope.studio\/fr\/?s={search_term_string}"},"query-input":{"@type":"PropertyValueSpecification","valueRequired":true,"valueName":"search_term_string"}}],"inLanguage":"fr-FR"},{"@type":"Organization","@id":"https:\/\/iolife.dope.studio\/fr\/#organization","name":"Institute of Life","url":"https:\/\/iolife.dope.studio\/fr\/","logo":{"@type":"ImageObject","inLanguage":"fr-FR","@id":"https:\/\/iolife.dope.studio\/fr\/#\/schema\/logo\/image\/","url":"https:\/\/iolife.dope.studiowp-content\/uploads\/2020\/05\/4.png","contentUrl":"https:\/\/iolife.dope.studiowp-content\/uploads\/2020\/05\/4.png","width":908,"height":908,"caption":"Institute of Life"},"image":{"@id":"https:\/\/iolife.dope.studio\/fr\/#\/schema\/logo\/image\/"},"sameAs":["https:\/\/web.facebook.com\/iolifeiaso?_rdc=1&amp;amp;amp;amp;amp;amp;amp;amp;amp;amp;amp;amp;amp;amp;amp;amp;amp;_rdr","https:\/\/www.youtube.com\/channel\/UCyIFMT16nMiZR0jGOyAJBTw"]}]}},"_links":{"self":[{"href":"https:\/\/iolife.dope.studio\/fr\/wp-json\/wp\/v2\/pages\/30029","targetHints":{"allow":["GET"]}}],"collection":[{"href":"https:\/\/iolife.dope.studio\/fr\/wp-json\/wp\/v2\/pages"}],"about":[{"href":"https:\/\/iolife.dope.studio\/fr\/wp-json\/wp\/v2\/types\/page"}],"author":[{"embeddable":true,"href":"https:\/\/iolife.dope.studio\/fr\/wp-json\/wp\/v2\/users\/1"}],"replies":[{"embeddable":true,"href":"https:\/\/iolife.dope.studio\/fr\/wp-json\/wp\/v2\/comments?post=30029"}],"version-history":[{"count":2,"href":"https:\/\/iolife.dope.studio\/fr\/wp-json\/wp\/v2\/pages\/30029\/revisions"}],"predecessor-version":[{"id":35547,"href":"https:\/\/iolife.dope.studio\/fr\/wp-json\/wp\/v2\/pages\/30029\/revisions\/35547"}],"wp:attachment":[{"href":"https:\/\/iolife.dope.studio\/fr\/wp-json\/wp\/v2\/media?parent=30029"}],"wp:term":[{"taxonomy":"category","embeddable":true,"href":"https:\/\/iolife.dope.studio\/fr\/wp-json\/wp\/v2\/categories?post=30029"},{"taxonomy":"post_tag","embeddable":true,"href":"https:\/\/iolife.dope.studio\/fr\/wp-json\/wp\/v2\/tags?post=30029"}],"curies":[{"name":"wp","href":"https:\/\/api.w.org\/{rel}","templated":true}]}}