{"id":29909,"date":"2020-07-13T10:03:40","date_gmt":"2020-07-13T10:03:40","guid":{"rendered":"https:\/\/www.iolife.eu\/nous-creons-ensemble\/psychological-support\/"},"modified":"2020-12-11T12:46:14","modified_gmt":"2020-12-11T10:46:14","slug":"soutien-psychologique","status":"publish","type":"page","link":"https:\/\/iolife.dope.studio\/fr\/nous-creons-ensemble\/soutien-psychologique\/","title":{"rendered":"Soutien Psychologique"},"content":{"rendered":"<div class=\"wpb-content-wrapper\"><p>[vc_row][vc_column width=\u00a0\u00bb1\/2&Prime;][vc_single_image image=\u00a0\u00bb26112&Prime; img_size=\u00a0\u00bblarge\u00a0\u00bb full_width=\u00a0\u00bbyes\u00a0\u00bb][\/vc_column][vc_column width=\u00a0\u00bb1\/2&Prime;][vc_column_text]La f\u00e9condation in vitro est un processus qui donne beaucoup d&rsquo;espoir aux couples confront\u00e9s \u00e0 des probl\u00e8mes d&rsquo;infertilit\u00e9, d&rsquo;avoir enfin l&rsquo;enfant qu&rsquo;ils d\u00e9sirent. Les progr\u00e8s scientifiques continus et les am\u00e9liorations dans ce domaine rendent de plus en plus probable l&rsquo;obtention d\u2019un r\u00e9sultat positif.<\/p>\n<p>L&rsquo;infertilit\u00e9 et son traitement peuvent parfois entra\u00eener une augmentation des niveaux de stress et d&rsquo;anxi\u00e9t\u00e9 qui peuvent \u00eatre \u00e0 la fois g\u00eanants et douloureux pour la sant\u00e9 mentale des couples. De nombreuses personnes vivent l&rsquo;infertilit\u00e9 comme l\u2019\u00e9chec de leur r\u00f4le, la traduisant comme un d\u00e9fi \u00e0 leur f\u00e9minit\u00e9 ou \u00e0 leur masculinit\u00e9.<\/p>\n<p>Vous n&rsquo;\u00eates pas seuls sur ce parcours, \u00e0 l&rsquo;Institute of Life, nous sommes \u00e0 vos c\u00f4t\u00e9s avec des services de conseil b\u00e9n\u00e9fiques pour la sant\u00e9 et qui, dans le m\u00eame temps am\u00e9liorent l&rsquo;\u00e9quilibre mental des couples infertiles pendant le traitement et apr\u00e8s son ach\u00e8vement.[\/vc_column_text][\/vc_column][\/vc_row][vc_row padding_top=\u00a0\u00bb\u00a0\u00bb][vc_column][vc_separator][vc_row_inner equal_height=\u00a0\u00bbyes\u00a0\u00bb content_placement=\u00a0\u00bbtop\u00a0\u00bb gap=\u00a0\u00bb20&Prime;][vc_column_inner width=\u00a0\u00bb1\/2&Prime; css=\u00a0\u00bb.vc_custom_1594637655735{border-top-width: 2px !important;border-right-width: 2px !important;border-bottom-width: 2px !important;border-left-width: 2px !important;border-left-color: #eaeaea !important;border-left-style: solid !important;border-right-color: #eaeaea !important;border-right-style: solid !important;border-top-color: #eaeaea !important;border-top-style: solid !important;border-bottom-color: #eaeaea !important;border-bottom-style: solid !important;}\u00a0\u00bb][vc_column_text css=\u00a0\u00bb.vc_custom_1607683571132{padding-top: 10px !important;padding-bottom: 20px !important;}\u00a0\u00bb]<\/p>\n<h3>En quoi un psychologue sp\u00e9cialis\u00e9 peut-il m&rsquo;aider?<\/h3>\n<p>Le service de soutien et de conseil psychologique de l&rsquo;Institute of Life fournit des informations pr\u00e9cieuses concernant la gestion des pens\u00e9es et des \u00e9motions (gestion des pens\u00e9es n\u00e9gatives, apprentissage des techniques de relaxation) favorisant ainsi la sant\u00e9 mentale et l&rsquo;\u00e9quilibre des couples.<\/p>\n<p>Le principal objectif du sp\u00e9cialiste est d&rsquo;aider les femmes, individuellement ou en couple, \u00e0 apprendre:<\/p>\n<ul>\n<li>\u00e0 g\u00e9rer les changements \u00e9motionnels intenses qu&rsquo;elles subissent (anxi\u00e9t\u00e9, stress);<\/li>\n<li>\u00e0 s&rsquo;adapter aux circonstances du traitement, \u00e0 y r\u00e9pondre avec r\u00e9alisme et optimisme;<\/li>\n<li>\u00e0 g\u00e9rer les sentiments de culpabilit\u00e9 et de tristesse, surtout apr\u00e8s l&rsquo;\u00e9chec d\u2019une tentative;<\/li>\n<li>\u00e0 renforcer l\u2019estime de soi et la confiance en soi;<\/li>\n<li>\u00e0 g\u00e9rer efficacement les pressions externes (par exemple de la part de la famille, de l&rsquo;environnement social) qui peuvent exacerber le stress.<\/li>\n<\/ul>\n<p>[\/vc_column_text][\/vc_column_inner][vc_column_inner width=\u00a0\u00bb1\/2&Prime; css=\u00a0\u00bb.vc_custom_1594637591092{border-top-width: 2px !important;border-right-width: 2px !important;border-bottom-width: 2px !important;border-left-width: 2px !important;border-left-color: #ededed !important;border-left-style: solid !important;border-right-color: #ededed !important;border-right-style: solid !important;border-top-color: #ededed !important;border-top-style: solid !important;border-bottom-color: #ededed !important;border-bottom-style: solid !important;}\u00a0\u00bb][vc_column_text css=\u00a0\u00bb.vc_custom_1607595153539{padding-top: 10px !important;padding-bottom: 20px !important;}\u00a0\u00bb]<\/p>\n<h3>Quels services de conseil sont disponibles?<\/h3>\n<p>Les services disponibles \u00e0 tous les couples \u00e0 l\u2019Institute of Life sont les suivants:<\/p>\n<ul>\n<li>Conseil individuel<\/li>\n<li>Conseils aux couples<\/li>\n<\/ul>\n<p>Le service de conseil est <strong>un service gratuit et confidentiel<\/strong> pour tous les patients qui viennent \u00e0 la clinique de l&rsquo;Institute of Life pour y suivre un traitement.<\/p>\n<p>Les entretiens avec un psychologue sont sur rendez-vous, pris aupr\u00e8s du secr\u00e9tariat du centre au <strong>210 6184030 et 2106184022<\/strong>.<\/p>\n<p>[\/vc_column_text][\/vc_column_inner][\/vc_row_inner][\/vc_column][\/vc_row]<\/p>\n<\/div>","protected":false},"excerpt":{"rendered":"<p>[vc_row][vc_column width=\u00a0\u00bb1\/2&Prime;][vc_single_image image=\u00a0\u00bb26112&Prime; img_size=\u00a0\u00bblarge\u00a0\u00bb full_width=\u00a0\u00bbyes\u00a0\u00bb][\/vc_column][vc_column width=\u00a0\u00bb1\/2&Prime;][vc_column_text]La f\u00e9condation in vitro est un processus qui donne beaucoup d&rsquo;espoir aux couples confront\u00e9s \u00e0 des probl\u00e8mes d&rsquo;infertilit\u00e9, d&rsquo;avoir enfin l&rsquo;enfant qu&rsquo;ils d\u00e9sirent. Les progr\u00e8s scientifiques continus et les am\u00e9liorations dans ce domaine rendent de plus en plus probable l&rsquo;obtention d\u2019un r\u00e9sultat positif. L&rsquo;infertilit\u00e9 et son traitement peuvent parfois entra\u00eener une augmentation des niveaux de [&hellip;]<\/p>\n","protected":false},"author":1,"featured_media":0,"parent":29567,"menu_order":0,"comment_status":"closed","ping_status":"closed","template":"","meta":{"footnotes":""},"categories":[],"tags":[],"class_list":["post-29909","page","type-page","status-publish","hentry"],"yoast_head":"<!-- This site is optimized with the Yoast SEO Premium plugin v27.3 (Yoast SEO v27.3) - https:\/\/yoast.com\/product\/yoast-seo-premium-wordpress\/ -->\n<title>Soutien Psychologique - Institute of Life<\/title>\n<meta name=\"robots\" content=\"index, follow, max-snippet:-1, max-image-preview:large, max-video-preview:-1\" \/>\n<link rel=\"canonical\" href=\"https:\/\/iolife.dope.studio\/fr\/nous-creons-ensemble\/soutien-psychologique\/\" \/>\n<meta property=\"og:locale\" content=\"fr_FR\" \/>\n<meta property=\"og:type\" content=\"article\" \/>\n<meta property=\"og:title\" content=\"Soutien Psychologique\" \/>\n<meta property=\"og:description\" content=\"[vc_row][vc_column width=\u00a0\u00bb1\/2&Prime;][vc_single_image image=\u00a0\u00bb26112&Prime; img_size=\u00a0\u00bblarge\u00a0\u00bb full_width=\u00a0\u00bbyes\u00a0\u00bb][\/vc_column][vc_column width=\u00a0\u00bb1\/2&Prime;][vc_column_text]La f\u00e9condation in vitro est un processus qui donne beaucoup d&rsquo;espoir aux couples confront\u00e9s \u00e0 des probl\u00e8mes d&rsquo;infertilit\u00e9, d&rsquo;avoir enfin l&rsquo;enfant qu&rsquo;ils d\u00e9sirent. Les progr\u00e8s scientifiques continus et les am\u00e9liorations dans ce domaine rendent de plus en plus probable l&rsquo;obtention d\u2019un r\u00e9sultat positif. L&rsquo;infertilit\u00e9 et son traitement peuvent parfois entra\u00eener une augmentation des niveaux de [&hellip;]\" \/>\n<meta property=\"og:url\" content=\"https:\/\/iolife.dope.studio\/fr\/nous-creons-ensemble\/soutien-psychologique\/\" \/>\n<meta property=\"og:site_name\" content=\"Institute of Life\" \/>\n<meta property=\"article:publisher\" content=\"https:\/\/web.facebook.com\/iolifeiaso?_rdc=1&amp;amp%3bamp%3bamp%3bamp%3bamp%3bamp%3bamp%3bamp%3bamp%3bamp%3bamp%3bamp%3bamp%3bamp%3bamp%3bamp%3bamp%3b_rdr\" \/>\n<meta property=\"article:modified_time\" content=\"2020-12-11T10:46:14+00:00\" \/>\n<meta name=\"twitter:card\" content=\"summary_large_image\" \/>\n<meta name=\"twitter:label1\" content=\"Dur\u00e9e de lecture estim\u00e9e\" \/>\n\t<meta name=\"twitter:data1\" content=\"3 minutes\" \/>\n<script type=\"application\/ld+json\" class=\"yoast-schema-graph\">{\"@context\":\"https:\\\/\\\/schema.org\",\"@graph\":[{\"@type\":\"WebPage\",\"@id\":\"https:\\\/\\\/iolife.dope.studio\\\/fr\\\/nous-creons-ensemble\\\/soutien-psychologique\\\/\",\"url\":\"https:\\\/\\\/iolife.dope.studio\\\/fr\\\/nous-creons-ensemble\\\/soutien-psychologique\\\/\",\"name\":\"Soutien Psychologique - Institute of Life\",\"isPartOf\":{\"@id\":\"https:\\\/\\\/iolife.dope.studio\\\/fr\\\/#website\"},\"datePublished\":\"2020-07-13T10:03:40+00:00\",\"dateModified\":\"2020-12-11T10:46:14+00:00\",\"breadcrumb\":{\"@id\":\"https:\\\/\\\/iolife.dope.studio\\\/fr\\\/nous-creons-ensemble\\\/soutien-psychologique\\\/#breadcrumb\"},\"inLanguage\":\"fr-FR\",\"potentialAction\":[{\"@type\":\"ReadAction\",\"target\":[\"https:\\\/\\\/iolife.dope.studio\\\/fr\\\/nous-creons-ensemble\\\/soutien-psychologique\\\/\"]}]},{\"@type\":\"BreadcrumbList\",\"@id\":\"https:\\\/\\\/iolife.dope.studio\\\/fr\\\/nous-creons-ensemble\\\/soutien-psychologique\\\/#breadcrumb\",\"itemListElement\":[{\"@type\":\"ListItem\",\"position\":1,\"name\":\"Home\",\"item\":\"https:\\\/\\\/iolife.dope.studio\\\/fr\\\/\"},{\"@type\":\"ListItem\",\"position\":2,\"name\":\"Nous Cr\u00e9ons ensemble\",\"item\":\"https:\\\/\\\/iolife.dope.studio\\\/fr\\\/nous-creons-ensemble\\\/\"},{\"@type\":\"ListItem\",\"position\":3,\"name\":\"Soutien Psychologique\"}]},{\"@type\":\"WebSite\",\"@id\":\"https:\\\/\\\/iolife.dope.studio\\\/fr\\\/#website\",\"url\":\"https:\\\/\\\/iolife.dope.studio\\\/fr\\\/\",\"name\":\"Institute of Life\",\"description\":\"\",\"publisher\":{\"@id\":\"https:\\\/\\\/iolife.dope.studio\\\/fr\\\/#organization\"},\"potentialAction\":[{\"@type\":\"SearchAction\",\"target\":{\"@type\":\"EntryPoint\",\"urlTemplate\":\"https:\\\/\\\/iolife.dope.studio\\\/fr\\\/?s={search_term_string}\"},\"query-input\":{\"@type\":\"PropertyValueSpecification\",\"valueRequired\":true,\"valueName\":\"search_term_string\"}}],\"inLanguage\":\"fr-FR\"},{\"@type\":\"Organization\",\"@id\":\"https:\\\/\\\/iolife.dope.studio\\\/fr\\\/#organization\",\"name\":\"Institute of Life\",\"url\":\"https:\\\/\\\/iolife.dope.studio\\\/fr\\\/\",\"logo\":{\"@type\":\"ImageObject\",\"inLanguage\":\"fr-FR\",\"@id\":\"https:\\\/\\\/iolife.dope.studio\\\/fr\\\/#\\\/schema\\\/logo\\\/image\\\/\",\"url\":\"https:\\\/\\\/iolife.dope.studiowp-content\\\/uploads\\\/2020\\\/05\\\/4.png\",\"contentUrl\":\"https:\\\/\\\/iolife.dope.studiowp-content\\\/uploads\\\/2020\\\/05\\\/4.png\",\"width\":908,\"height\":908,\"caption\":\"Institute of Life\"},\"image\":{\"@id\":\"https:\\\/\\\/iolife.dope.studio\\\/fr\\\/#\\\/schema\\\/logo\\\/image\\\/\"},\"sameAs\":[\"https:\\\/\\\/web.facebook.com\\\/iolifeiaso?_rdc=1&amp;amp;amp;amp;amp;amp;amp;amp;amp;amp;amp;amp;amp;amp;amp;amp;amp;_rdr\",\"https:\\\/\\\/www.youtube.com\\\/channel\\\/UCyIFMT16nMiZR0jGOyAJBTw\"]}]}<\/script>\n<!-- \/ Yoast SEO Premium plugin. -->","yoast_head_json":{"title":"Soutien Psychologique - Institute of Life","robots":{"index":"index","follow":"follow","max-snippet":"max-snippet:-1","max-image-preview":"max-image-preview:large","max-video-preview":"max-video-preview:-1"},"canonical":"https:\/\/iolife.dope.studio\/fr\/nous-creons-ensemble\/soutien-psychologique\/","og_locale":"fr_FR","og_type":"article","og_title":"Soutien Psychologique","og_description":"[vc_row][vc_column width=\u00a0\u00bb1\/2&Prime;][vc_single_image image=\u00a0\u00bb26112&Prime; img_size=\u00a0\u00bblarge\u00a0\u00bb full_width=\u00a0\u00bbyes\u00a0\u00bb][\/vc_column][vc_column width=\u00a0\u00bb1\/2&Prime;][vc_column_text]La f\u00e9condation in vitro est un processus qui donne beaucoup d&rsquo;espoir aux couples confront\u00e9s \u00e0 des probl\u00e8mes d&rsquo;infertilit\u00e9, d&rsquo;avoir enfin l&rsquo;enfant qu&rsquo;ils d\u00e9sirent. Les progr\u00e8s scientifiques continus et les am\u00e9liorations dans ce domaine rendent de plus en plus probable l&rsquo;obtention d\u2019un r\u00e9sultat positif. L&rsquo;infertilit\u00e9 et son traitement peuvent parfois entra\u00eener une augmentation des niveaux de [&hellip;]","og_url":"https:\/\/iolife.dope.studio\/fr\/nous-creons-ensemble\/soutien-psychologique\/","og_site_name":"Institute of Life","article_publisher":"https:\/\/web.facebook.com\/iolifeiaso?_rdc=1&amp%3bamp%3bamp%3bamp%3bamp%3bamp%3bamp%3bamp%3bamp%3bamp%3bamp%3bamp%3bamp%3bamp%3bamp%3bamp%3bamp%3b_rdr","article_modified_time":"2020-12-11T10:46:14+00:00","twitter_card":"summary_large_image","twitter_misc":{"Dur\u00e9e de lecture estim\u00e9e":"3 minutes"},"schema":{"@context":"https:\/\/schema.org","@graph":[{"@type":"WebPage","@id":"https:\/\/iolife.dope.studio\/fr\/nous-creons-ensemble\/soutien-psychologique\/","url":"https:\/\/iolife.dope.studio\/fr\/nous-creons-ensemble\/soutien-psychologique\/","name":"Soutien Psychologique - Institute of Life","isPartOf":{"@id":"https:\/\/iolife.dope.studio\/fr\/#website"},"datePublished":"2020-07-13T10:03:40+00:00","dateModified":"2020-12-11T10:46:14+00:00","breadcrumb":{"@id":"https:\/\/iolife.dope.studio\/fr\/nous-creons-ensemble\/soutien-psychologique\/#breadcrumb"},"inLanguage":"fr-FR","potentialAction":[{"@type":"ReadAction","target":["https:\/\/iolife.dope.studio\/fr\/nous-creons-ensemble\/soutien-psychologique\/"]}]},{"@type":"BreadcrumbList","@id":"https:\/\/iolife.dope.studio\/fr\/nous-creons-ensemble\/soutien-psychologique\/#breadcrumb","itemListElement":[{"@type":"ListItem","position":1,"name":"Home","item":"https:\/\/iolife.dope.studio\/fr\/"},{"@type":"ListItem","position":2,"name":"Nous Cr\u00e9ons ensemble","item":"https:\/\/iolife.dope.studio\/fr\/nous-creons-ensemble\/"},{"@type":"ListItem","position":3,"name":"Soutien Psychologique"}]},{"@type":"WebSite","@id":"https:\/\/iolife.dope.studio\/fr\/#website","url":"https:\/\/iolife.dope.studio\/fr\/","name":"Institute of Life","description":"","publisher":{"@id":"https:\/\/iolife.dope.studio\/fr\/#organization"},"potentialAction":[{"@type":"SearchAction","target":{"@type":"EntryPoint","urlTemplate":"https:\/\/iolife.dope.studio\/fr\/?s={search_term_string}"},"query-input":{"@type":"PropertyValueSpecification","valueRequired":true,"valueName":"search_term_string"}}],"inLanguage":"fr-FR"},{"@type":"Organization","@id":"https:\/\/iolife.dope.studio\/fr\/#organization","name":"Institute of Life","url":"https:\/\/iolife.dope.studio\/fr\/","logo":{"@type":"ImageObject","inLanguage":"fr-FR","@id":"https:\/\/iolife.dope.studio\/fr\/#\/schema\/logo\/image\/","url":"https:\/\/iolife.dope.studiowp-content\/uploads\/2020\/05\/4.png","contentUrl":"https:\/\/iolife.dope.studiowp-content\/uploads\/2020\/05\/4.png","width":908,"height":908,"caption":"Institute of Life"},"image":{"@id":"https:\/\/iolife.dope.studio\/fr\/#\/schema\/logo\/image\/"},"sameAs":["https:\/\/web.facebook.com\/iolifeiaso?_rdc=1&amp;amp;amp;amp;amp;amp;amp;amp;amp;amp;amp;amp;amp;amp;amp;amp;amp;_rdr","https:\/\/www.youtube.com\/channel\/UCyIFMT16nMiZR0jGOyAJBTw"]}]}},"_links":{"self":[{"href":"https:\/\/iolife.dope.studio\/fr\/wp-json\/wp\/v2\/pages\/29909","targetHints":{"allow":["GET"]}}],"collection":[{"href":"https:\/\/iolife.dope.studio\/fr\/wp-json\/wp\/v2\/pages"}],"about":[{"href":"https:\/\/iolife.dope.studio\/fr\/wp-json\/wp\/v2\/types\/page"}],"author":[{"embeddable":true,"href":"https:\/\/iolife.dope.studio\/fr\/wp-json\/wp\/v2\/users\/1"}],"replies":[{"embeddable":true,"href":"https:\/\/iolife.dope.studio\/fr\/wp-json\/wp\/v2\/comments?post=29909"}],"version-history":[{"count":0,"href":"https:\/\/iolife.dope.studio\/fr\/wp-json\/wp\/v2\/pages\/29909\/revisions"}],"up":[{"embeddable":true,"href":"https:\/\/iolife.dope.studio\/fr\/wp-json\/wp\/v2\/pages\/29567"}],"wp:attachment":[{"href":"https:\/\/iolife.dope.studio\/fr\/wp-json\/wp\/v2\/media?parent=29909"}],"wp:term":[{"taxonomy":"category","embeddable":true,"href":"https:\/\/iolife.dope.studio\/fr\/wp-json\/wp\/v2\/categories?post=29909"},{"taxonomy":"post_tag","embeddable":true,"href":"https:\/\/iolife.dope.studio\/fr\/wp-json\/wp\/v2\/tags?post=29909"}],"curies":[{"name":"wp","href":"https:\/\/api.w.org\/{rel}","templated":true}]}}