{"id":29065,"date":"2020-04-22T13:04:16","date_gmt":"2020-04-22T13:04:16","guid":{"rendered":"https:\/\/www.iolife.eu\/nos-locaux\/absolute-safety\/"},"modified":"2020-11-24T21:57:26","modified_gmt":"2020-11-24T19:57:26","slug":"la-securite-absolue","status":"publish","type":"page","link":"https:\/\/iolife.dope.studio\/fr\/nous\/nos-locaux\/la-securite-absolue\/","title":{"rendered":"La s\u00e9curit\u00e9 absolue"},"content":{"rendered":"<div class=\"wpb-content-wrapper\"><p>[vc_row equal_height=\u00a0\u00bbyes\u00a0\u00bb type=\u00a0\u00bbcolor\u00a0\u00bb vertical_align=\u00a0\u00bbyes\u00a0\u00bb column_gap=\u00a0\u00bbno\u00a0\u00bb padding_top=\u00a0\u00bb0&Prime; padding_bottom=\u00a0\u00bb\u00a0\u00bb margin_top=\u00a0\u00bb0&Prime;][vc_column width=\u00a0\u00bb1\/3&Prime;][vc_column_text]<\/p>\n<h2>La s\u00e9curit\u00e9 absolue<\/h2>\n<p>[\/vc_column_text][vc_empty_space height=\u00a0\u00bb80&Prime;][\/vc_column][vc_column width=\u00a0\u00bb1\/3&Prime; css=\u00a0\u00bb.vc_custom_1585738318112{padding-right: 10% !important;padding-left: 10% !important;}\u00a0\u00bb][\/vc_column][vc_column width=\u00a0\u00bb1\/3&Prime;][vc_single_image image=\u00a0\u00bb25564&Prime; img_size=\u00a0\u00bbfull\u00a0\u00bb alignment=\u00a0\u00bbright\u00a0\u00bb full_width=\u00a0\u00bbyes\u00a0\u00bb][vc_empty_space height=\u00a0\u00bb80&Prime;][\/vc_column][\/vc_row][vc_row type=\u00a0\u00bbcolor\u00a0\u00bb bg_color=\u00a0\u00bb#e8e8e8&Prime;][vc_column width=\u00a0\u00bb1\/3&Prime;][vc_column_text text_color=\u00a0\u00bb#ffffff\u00a0\u00bb css=\u00a0\u00bb.vc_custom_1606247751803{margin-top: -150px !important;padding-top: 25% !important;padding-right: 12% !important;padding-bottom: 25% !important;padding-left: 12% !important;background-color: #ac6bbc !important;}\u00a0\u00bb]<\/p>\n<h3><span style=\"color: #f7f5f5;\">L\u2019Institute of Life est l&rsquo;un des plus importants centres de procr\u00e9ation m\u00e9dicalement assist\u00e9e en Europe, mais aussi le plus avanc\u00e9<\/span><\/h3>\n<p>[\/vc_column_text][\/vc_column][vc_column width=\u00a0\u00bb2\/3&Prime;][vc_column_text]L&rsquo;Institute of Life, l&rsquo;un des centres de procr\u00e9ation assist\u00e9e les plus importants et les plus avanc\u00e9s d&rsquo;Europe, a \u00e9t\u00e9 cr\u00e9\u00e9 au sein de \u00abIASO\u00bb, l\u2019une des meilleures clinique d&rsquo;obst\u00e9trique et de gyn\u00e9cologie en Gr\u00e8ce.<\/p>\n<p>Le fonctionnement d&rsquo;une unit\u00e9 de procr\u00e9ation assist\u00e9e \u00e0 l&rsquo;int\u00e9rieur d&rsquo;une grande clinique assure la s\u00e9curit\u00e9 m\u00e9dicale absolue des couples, car ils ont ainsi un acc\u00e8s rapide \u00e0 un large \u00e9ventail de sp\u00e9cialit\u00e9s et de services m\u00e9dicaux, si n\u00e9cessaire.[\/vc_column_text][\/vc_column][\/vc_row][vc_row][vc_column][vc_text_separator title=\u00a0\u00bbSujets pertinents\u00a0\u00bb]\n\t<div class=\"kleo-carousel-container \">\n\t\t<div class=\"kleo-carousel-items kleo-carousel-post\" data-min-items=\"1\" data-max-items=\"6\">\n\t\t\t<ul class=\"kleo-carousel\">\n\n\t\t\t\t\n<li id=\"post-29072\" class=\"post-item col-sm-4 post-29072 page type-page status-publish has-post-thumbnail hentry category-iol-institute-en-fr\">\n    <article>\n\n\t\t<div class=\"post-image\"><a href=\"https:\/\/iolife.dope.studio\/fr\/nous\/nos-locaux\/autorisation-d-exploitation\/\" class=\"element-wrap\"><img loading=\"lazy\" decoding=\"async\" width=\"480\" height=\"480\" src=\"https:\/\/iolife.dope.studio\/wp-content\/uploads\/2020\/05\/o-xwros-mas.jpg\" class=\"attachment-kleo-post-gallery size-kleo-post-gallery wp-post-image\" alt=\"\" srcset=\"https:\/\/iolife.dope.studio\/wp-content\/uploads\/2020\/05\/o-xwros-mas.jpg 1000w, https:\/\/iolife.dope.studio\/wp-content\/uploads\/2020\/05\/o-xwros-mas-300x300.jpg 300w, https:\/\/iolife.dope.studio\/wp-content\/uploads\/2020\/05\/o-xwros-mas-150x150.jpg 150w, https:\/\/iolife.dope.studio\/wp-content\/uploads\/2020\/05\/o-xwros-mas-768x768.jpg 768w, https:\/\/iolife.dope.studio\/wp-content\/uploads\/2020\/05\/o-xwros-mas-672x672.jpg 672w\" sizes=\"auto, (max-width: 480px) 100vw, 480px\" \/><span class=\"hover-element\"><i>+<\/i><\/span><\/a><\/div><!--end post-image-->\n        <div class=\"entry-content\">\n            <h4 class=\"post-title entry-title\"><a href=\"https:\/\/iolife.dope.studio\/fr\/nous\/nos-locaux\/autorisation-d-exploitation\/\">Autorisation d\u2019exploitation<\/a><\/h4>\n\n\t\t\t                <hr>\n                <div class=\"entry-summary\">\n\t\t\t\t\t<p> Autorisation d\u2019exploitation  L&rsquo;autorisation de l&rsquo;Unit\u00e9 de l&rsquo;Institute of Life a \u00e9t\u00e9 attribu\u00e9e par l&rsquo;Autorit\u00e9 nationale pour la...<\/p>                <\/div><!-- .entry-summary -->\n\t\t\t        <\/div><!--end post-info-->\n\n    <\/article>\n<\/li>\n<li id=\"post-29065\" class=\"post-item col-sm-4 post-29065 page type-page status-publish has-post-thumbnail hentry category-iol-institute-en-fr\">\n    <article>\n\n\t\t<div class=\"post-image\"><a href=\"https:\/\/iolife.dope.studio\/fr\/nous\/nos-locaux\/la-securite-absolue\/\" class=\"element-wrap\"><img loading=\"lazy\" decoding=\"async\" width=\"480\" height=\"480\" src=\"https:\/\/iolife.dope.studio\/wp-content\/uploads\/2020\/11\/iaso4-480x480.jpg\" class=\"attachment-kleo-post-gallery size-kleo-post-gallery wp-post-image\" alt=\"\" srcset=\"https:\/\/iolife.dope.studio\/wp-content\/uploads\/2020\/11\/iaso4-480x480.jpg 480w, https:\/\/iolife.dope.studio\/wp-content\/uploads\/2020\/11\/iaso4-300x300.jpg 300w, https:\/\/iolife.dope.studio\/wp-content\/uploads\/2020\/11\/iaso4-150x150.jpg 150w, https:\/\/iolife.dope.studio\/wp-content\/uploads\/2020\/11\/iaso4-768x768.jpg 768w, https:\/\/iolife.dope.studio\/wp-content\/uploads\/2020\/11\/iaso4-672x672.jpg 672w, https:\/\/iolife.dope.studio\/wp-content\/uploads\/2020\/11\/iaso4.jpg 1000w\" sizes=\"auto, (max-width: 480px) 100vw, 480px\" \/><span class=\"hover-element\"><i>+<\/i><\/span><\/a><\/div><!--end post-image-->\n        <div class=\"entry-content\">\n            <h4 class=\"post-title entry-title\"><a href=\"https:\/\/iolife.dope.studio\/fr\/nous\/nos-locaux\/la-securite-absolue\/\">La s\u00e9curit\u00e9 absolue<\/a><\/h4>\n\n\t\t\t                <hr>\n                <div class=\"entry-summary\">\n\t\t\t\t\t<p> La s\u00e9curit\u00e9 absolue  L\u2019Institute of Life est l&rsquo;un des plus importants centres de procr\u00e9ation m\u00e9dicalement assist\u00e9e en...<\/p>                <\/div><!-- .entry-summary -->\n\t\t\t        <\/div><!--end post-info-->\n\n    <\/article>\n<\/li>\n<li id=\"post-29471\" class=\"post-item col-sm-4 post-29471 page type-page status-publish has-post-thumbnail hentry category-iol-institute-en-fr\">\n    <article>\n\n\t\t<div class=\"post-image\"><a href=\"https:\/\/iolife.dope.studio\/fr\/nous\/nos-locaux\/des-certifications-prestigieuses\/\" class=\"element-wrap\"><img loading=\"lazy\" decoding=\"async\" width=\"480\" height=\"480\" src=\"https:\/\/iolife.dope.studio\/wp-content\/uploads\/2020\/11\/koryfaies-pistopoiseis-square-480x480.jpg\" class=\"attachment-kleo-post-gallery size-kleo-post-gallery wp-post-image\" alt=\"\" srcset=\"https:\/\/iolife.dope.studio\/wp-content\/uploads\/2020\/11\/koryfaies-pistopoiseis-square-480x480.jpg 480w, https:\/\/iolife.dope.studio\/wp-content\/uploads\/2020\/11\/koryfaies-pistopoiseis-square-300x300.jpg 300w, https:\/\/iolife.dope.studio\/wp-content\/uploads\/2020\/11\/koryfaies-pistopoiseis-square-150x150.jpg 150w, https:\/\/iolife.dope.studio\/wp-content\/uploads\/2020\/11\/koryfaies-pistopoiseis-square-768x768.jpg 768w, https:\/\/iolife.dope.studio\/wp-content\/uploads\/2020\/11\/koryfaies-pistopoiseis-square-672x672.jpg 672w, https:\/\/iolife.dope.studio\/wp-content\/uploads\/2020\/11\/koryfaies-pistopoiseis-square.jpg 1007w\" sizes=\"auto, (max-width: 480px) 100vw, 480px\" \/><span class=\"hover-element\"><i>+<\/i><\/span><\/a><\/div><!--end post-image-->\n        <div class=\"entry-content\">\n            <h4 class=\"post-title entry-title\"><a href=\"https:\/\/iolife.dope.studio\/fr\/nous\/nos-locaux\/des-certifications-prestigieuses\/\">Des Certifications Prestigieuses<\/a><\/h4>\n\n\t\t\t                <hr>\n                <div class=\"entry-summary\">\n\t\t\t\t\t<p> Des Certifications Prestigieuses  Avec ses installations ultramodernes, \u00e9quip\u00e9es de technologies de pointe, elle constitue une unit\u00e9 mod\u00e8le,...<\/p>                <\/div><!-- .entry-summary -->\n\t\t\t        <\/div><!--end post-info-->\n\n    <\/article>\n<\/li>\n<li id=\"post-29447\" class=\"post-item col-sm-4 post-29447 page type-page status-publish has-post-thumbnail hentry category-iol-institute-en-fr\">\n    <article>\n\n\t\t<div class=\"post-image\"><a href=\"https:\/\/iolife.dope.studio\/fr\/nous\/la-recherche-sur-le-mst-maternal-spindle-transfer\/\" class=\"element-wrap\"><img loading=\"lazy\" decoding=\"async\" width=\"480\" height=\"480\" src=\"https:\/\/iolife.dope.studio\/wp-content\/uploads\/2020\/11\/mst2020-480x480.jpg\" class=\"attachment-kleo-post-gallery size-kleo-post-gallery wp-post-image\" alt=\"\u03b5\u03c1\u03b3\u03b1\u03c3\u03c4\u03ae\u03c1\u03b9\u03bf Institute of Life \u03b5\u03b9\u03b4\u03b9\u03ba\u03cc\u03c2 \u03c3\u03b5 \u03bc\u03b7\u03c7\u03b1\u03bd\u03bf\u03bb\u03bf\u03b3\u03b9\u03ba\u03cc \u03b5\u03be\u03bf\u03c0\u03bb\u03b9\u03c3\u03bc\u03cc \u03c7\u03c9\u03c1\u03af\u03c2 \u03b5\u03b9\u03ba\u03b1\u03c3\u03c4\u03b9\u03ba\u03cc \u03c3\u03c4\u03bf\u03b9\u03c7\u03b5\u03af\u03bf\u03c5 \u03bb\u03bf\u03b3\u03bf\u03c4\u03cd\u03c0\u03bf\u03c5\" srcset=\"https:\/\/iolife.dope.studio\/wp-content\/uploads\/2020\/11\/mst2020-480x480.jpg 480w, https:\/\/iolife.dope.studio\/wp-content\/uploads\/2020\/11\/mst2020-300x300.jpg 300w, https:\/\/iolife.dope.studio\/wp-content\/uploads\/2020\/11\/mst2020-1024x1024.jpg 1024w, https:\/\/iolife.dope.studio\/wp-content\/uploads\/2020\/11\/mst2020-150x150.jpg 150w, https:\/\/iolife.dope.studio\/wp-content\/uploads\/2020\/11\/mst2020-768x768.jpg 768w, https:\/\/iolife.dope.studio\/wp-content\/uploads\/2020\/11\/mst2020-672x672.jpg 672w, https:\/\/iolife.dope.studio\/wp-content\/uploads\/2020\/11\/mst2020-1038x1038.jpg 1038w, https:\/\/iolife.dope.studio\/wp-content\/uploads\/2020\/11\/mst2020.jpg 1200w\" sizes=\"auto, (max-width: 480px) 100vw, 480px\" \/><span class=\"hover-element\"><i>+<\/i><\/span><\/a><\/div><!--end post-image-->\n        <div class=\"entry-content\">\n            <h4 class=\"post-title entry-title\"><a href=\"https:\/\/iolife.dope.studio\/fr\/nous\/la-recherche-sur-le-mst-maternal-spindle-transfer\/\">La recherche sur le MST (maternal spindle transfer)<\/a><\/h4>\n\n\t\t\t                <hr>\n                <div class=\"entry-summary\">\n\t\t\t\t\t<p> La recherche sur le MST (maternal spindle transfer)  La recherche clinique innovante de la m\u00e9thode de transfert...<\/p>                <\/div><!-- .entry-summary -->\n\t\t\t        <\/div><!--end post-info-->\n\n    <\/article>\n<\/li>\n\t\t\t<\/ul>\n\t\t<\/div>\n\t\t<div class=\"carousel-arrow\">\n\t\t\t<a class=\"carousel-prev\" href=\"#\"><i class=\"icon-angle-left\"><\/i><\/a>\n\t\t\t<a class=\"carousel-next\" href=\"#\"><i class=\"icon-angle-right\"><\/i><\/a>\n\t\t<\/div>\n\t\t<div class=\"kleo-carousel-post-pager carousel-pager\"><\/div>\n\t<\/div><!--end carousel-container-->\n\n[\/vc_column][\/vc_row]<\/p>\n<\/div>","protected":false},"excerpt":{"rendered":"<p>[vc_row equal_height=\u00a0\u00bbyes\u00a0\u00bb type=\u00a0\u00bbcolor\u00a0\u00bb vertical_align=\u00a0\u00bbyes\u00a0\u00bb column_gap=\u00a0\u00bbno\u00a0\u00bb padding_top=\u00a0\u00bb0&Prime; padding_bottom=\u00a0\u00bb\u00a0\u00bb margin_top=\u00a0\u00bb0&Prime;][vc_column width=\u00a0\u00bb1\/3&Prime;][vc_column_text] La s\u00e9curit\u00e9 absolue [\/vc_column_text][vc_empty_space height=\u00a0\u00bb80&Prime;][\/vc_column][vc_column width=\u00a0\u00bb1\/3&Prime; css=\u00a0\u00bb.vc_custom_1585738318112{padding-right: 10% !important;padding-left: 10% !important;}\u00a0\u00bb][\/vc_column][vc_column width=\u00a0\u00bb1\/3&Prime;][vc_single_image image=\u00a0\u00bb25564&Prime; img_size=\u00a0\u00bbfull\u00a0\u00bb alignment=\u00a0\u00bbright\u00a0\u00bb full_width=\u00a0\u00bbyes\u00a0\u00bb][vc_empty_space height=\u00a0\u00bb80&Prime;][\/vc_column][\/vc_row][vc_row type=\u00a0\u00bbcolor\u00a0\u00bb bg_color=\u00a0\u00bb#e8e8e8&Prime;][vc_column width=\u00a0\u00bb1\/3&Prime;][vc_column_text text_color=\u00a0\u00bb#ffffff\u00a0\u00bb css=\u00a0\u00bb.vc_custom_1606247751803{margin-top: -150px !important;padding-top: 25% !important;padding-right: 12% !important;padding-bottom: 25% !important;padding-left: 12% !important;background-color: #ac6bbc !important;}\u00a0\u00bb] L\u2019Institute of Life est l&rsquo;un des plus importants centres de procr\u00e9ation m\u00e9dicalement assist\u00e9e en Europe, mais aussi [&hellip;]<\/p>\n","protected":false},"author":1,"featured_media":28509,"parent":29058,"menu_order":0,"comment_status":"closed","ping_status":"closed","template":"page-templates\/full-width.php","meta":{"footnotes":""},"categories":[384],"tags":[],"class_list":["post-29065","page","type-page","status-publish","has-post-thumbnail","hentry","category-iol-institute-en-fr"],"yoast_head":"<!-- This site is optimized with the Yoast SEO Premium plugin v27.3 (Yoast SEO v27.3) - https:\/\/yoast.com\/product\/yoast-seo-premium-wordpress\/ -->\n<title>La s\u00e9curit\u00e9 absolue - Institute of Life<\/title>\n<meta name=\"robots\" content=\"index, follow, max-snippet:-1, max-image-preview:large, max-video-preview:-1\" \/>\n<link rel=\"canonical\" href=\"https:\/\/iolife.dope.studio\/fr\/nous\/nos-locaux\/la-securite-absolue\/\" \/>\n<meta property=\"og:locale\" content=\"fr_FR\" \/>\n<meta property=\"og:type\" content=\"article\" \/>\n<meta property=\"og:title\" content=\"La s\u00e9curit\u00e9 absolue\" \/>\n<meta property=\"og:description\" content=\"[vc_row equal_height=\u00a0\u00bbyes\u00a0\u00bb type=\u00a0\u00bbcolor\u00a0\u00bb vertical_align=\u00a0\u00bbyes\u00a0\u00bb column_gap=\u00a0\u00bbno\u00a0\u00bb padding_top=\u00a0\u00bb0&Prime; padding_bottom=\u00a0\u00bb\u00a0\u00bb margin_top=\u00a0\u00bb0&Prime;][vc_column width=\u00a0\u00bb1\/3&Prime;][vc_column_text] La s\u00e9curit\u00e9 absolue [\/vc_column_text][vc_empty_space height=\u00a0\u00bb80&Prime;][\/vc_column][vc_column width=\u00a0\u00bb1\/3&Prime; css=\u00a0\u00bb.vc_custom_1585738318112{padding-right: 10% !important;padding-left: 10% !important;}\u00a0\u00bb][\/vc_column][vc_column width=\u00a0\u00bb1\/3&Prime;][vc_single_image image=\u00a0\u00bb25564&Prime; img_size=\u00a0\u00bbfull\u00a0\u00bb alignment=\u00a0\u00bbright\u00a0\u00bb full_width=\u00a0\u00bbyes\u00a0\u00bb][vc_empty_space height=\u00a0\u00bb80&Prime;][\/vc_column][\/vc_row][vc_row type=\u00a0\u00bbcolor\u00a0\u00bb bg_color=\u00a0\u00bb#e8e8e8&Prime;][vc_column width=\u00a0\u00bb1\/3&Prime;][vc_column_text text_color=\u00a0\u00bb#ffffff\u00a0\u00bb css=\u00a0\u00bb.vc_custom_1606247751803{margin-top: -150px !important;padding-top: 25% !important;padding-right: 12% !important;padding-bottom: 25% !important;padding-left: 12% !important;background-color: #ac6bbc !important;}\u00a0\u00bb] L\u2019Institute of Life est l&rsquo;un des plus importants centres de procr\u00e9ation m\u00e9dicalement assist\u00e9e en Europe, mais aussi [&hellip;]\" \/>\n<meta property=\"og:url\" content=\"https:\/\/iolife.dope.studio\/fr\/nous\/nos-locaux\/la-securite-absolue\/\" \/>\n<meta property=\"og:site_name\" content=\"Institute of Life\" \/>\n<meta property=\"article:publisher\" content=\"https:\/\/web.facebook.com\/iolifeiaso?_rdc=1&amp;amp%3bamp%3bamp%3bamp%3bamp%3bamp%3bamp%3bamp%3bamp%3bamp%3bamp%3bamp%3bamp%3bamp%3bamp%3bamp%3bamp%3b_rdr\" \/>\n<meta property=\"article:modified_time\" content=\"2020-11-24T19:57:26+00:00\" \/>\n<meta property=\"og:image\" content=\"https:\/\/iolife.dope.studio\/wp-content\/uploads\/2020\/11\/iaso4.jpg\" \/>\n\t<meta property=\"og:image:width\" content=\"1000\" \/>\n\t<meta property=\"og:image:height\" content=\"1000\" \/>\n\t<meta property=\"og:image:type\" content=\"image\/jpeg\" \/>\n<meta name=\"twitter:card\" content=\"summary_large_image\" \/>\n<meta name=\"twitter:label1\" content=\"Dur\u00e9e de lecture estim\u00e9e\" \/>\n\t<meta name=\"twitter:data1\" content=\"1 minute\" \/>\n<script type=\"application\/ld+json\" class=\"yoast-schema-graph\">{\"@context\":\"https:\\\/\\\/schema.org\",\"@graph\":[{\"@type\":\"WebPage\",\"@id\":\"https:\\\/\\\/iolife.dope.studio\\\/fr\\\/nous\\\/nos-locaux\\\/la-securite-absolue\\\/\",\"url\":\"https:\\\/\\\/iolife.dope.studio\\\/fr\\\/nous\\\/nos-locaux\\\/la-securite-absolue\\\/\",\"name\":\"La s\u00e9curit\u00e9 absolue - Institute of Life\",\"isPartOf\":{\"@id\":\"https:\\\/\\\/iolife.dope.studio\\\/fr\\\/#website\"},\"primaryImageOfPage\":{\"@id\":\"https:\\\/\\\/iolife.dope.studio\\\/fr\\\/nous\\\/nos-locaux\\\/la-securite-absolue\\\/#primaryimage\"},\"image\":{\"@id\":\"https:\\\/\\\/iolife.dope.studio\\\/fr\\\/nous\\\/nos-locaux\\\/la-securite-absolue\\\/#primaryimage\"},\"thumbnailUrl\":\"https:\\\/\\\/iolife.dope.studio\\\/wp-content\\\/uploads\\\/2020\\\/11\\\/iaso4.jpg\",\"datePublished\":\"2020-04-22T13:04:16+00:00\",\"dateModified\":\"2020-11-24T19:57:26+00:00\",\"breadcrumb\":{\"@id\":\"https:\\\/\\\/iolife.dope.studio\\\/fr\\\/nous\\\/nos-locaux\\\/la-securite-absolue\\\/#breadcrumb\"},\"inLanguage\":\"fr-FR\",\"potentialAction\":[{\"@type\":\"ReadAction\",\"target\":[\"https:\\\/\\\/iolife.dope.studio\\\/fr\\\/nous\\\/nos-locaux\\\/la-securite-absolue\\\/\"]}]},{\"@type\":\"ImageObject\",\"inLanguage\":\"fr-FR\",\"@id\":\"https:\\\/\\\/iolife.dope.studio\\\/fr\\\/nous\\\/nos-locaux\\\/la-securite-absolue\\\/#primaryimage\",\"url\":\"https:\\\/\\\/iolife.dope.studio\\\/wp-content\\\/uploads\\\/2020\\\/11\\\/iaso4.jpg\",\"contentUrl\":\"https:\\\/\\\/iolife.dope.studio\\\/wp-content\\\/uploads\\\/2020\\\/11\\\/iaso4.jpg\",\"width\":1000,\"height\":1000},{\"@type\":\"BreadcrumbList\",\"@id\":\"https:\\\/\\\/iolife.dope.studio\\\/fr\\\/nous\\\/nos-locaux\\\/la-securite-absolue\\\/#breadcrumb\",\"itemListElement\":[{\"@type\":\"ListItem\",\"position\":1,\"name\":\"Home\",\"item\":\"https:\\\/\\\/iolife.dope.studio\\\/fr\\\/\"},{\"@type\":\"ListItem\",\"position\":2,\"name\":\"Nous\",\"item\":\"https:\\\/\\\/iolife.dope.studio\\\/fr\\\/nous\\\/\"},{\"@type\":\"ListItem\",\"position\":3,\"name\":\"Nos locaux\",\"item\":\"https:\\\/\\\/iolife.dope.studio\\\/fr\\\/nous\\\/nos-locaux\\\/\"},{\"@type\":\"ListItem\",\"position\":4,\"name\":\"La s\u00e9curit\u00e9 absolue\"}]},{\"@type\":\"WebSite\",\"@id\":\"https:\\\/\\\/iolife.dope.studio\\\/fr\\\/#website\",\"url\":\"https:\\\/\\\/iolife.dope.studio\\\/fr\\\/\",\"name\":\"Institute of Life\",\"description\":\"\",\"publisher\":{\"@id\":\"https:\\\/\\\/iolife.dope.studio\\\/fr\\\/#organization\"},\"potentialAction\":[{\"@type\":\"SearchAction\",\"target\":{\"@type\":\"EntryPoint\",\"urlTemplate\":\"https:\\\/\\\/iolife.dope.studio\\\/fr\\\/?s={search_term_string}\"},\"query-input\":{\"@type\":\"PropertyValueSpecification\",\"valueRequired\":true,\"valueName\":\"search_term_string\"}}],\"inLanguage\":\"fr-FR\"},{\"@type\":\"Organization\",\"@id\":\"https:\\\/\\\/iolife.dope.studio\\\/fr\\\/#organization\",\"name\":\"Institute of Life\",\"url\":\"https:\\\/\\\/iolife.dope.studio\\\/fr\\\/\",\"logo\":{\"@type\":\"ImageObject\",\"inLanguage\":\"fr-FR\",\"@id\":\"https:\\\/\\\/iolife.dope.studio\\\/fr\\\/#\\\/schema\\\/logo\\\/image\\\/\",\"url\":\"https:\\\/\\\/iolife.dope.studiowp-content\\\/uploads\\\/2020\\\/05\\\/4.png\",\"contentUrl\":\"https:\\\/\\\/iolife.dope.studiowp-content\\\/uploads\\\/2020\\\/05\\\/4.png\",\"width\":908,\"height\":908,\"caption\":\"Institute of Life\"},\"image\":{\"@id\":\"https:\\\/\\\/iolife.dope.studio\\\/fr\\\/#\\\/schema\\\/logo\\\/image\\\/\"},\"sameAs\":[\"https:\\\/\\\/web.facebook.com\\\/iolifeiaso?_rdc=1&amp;amp;amp;amp;amp;amp;amp;amp;amp;amp;amp;amp;amp;amp;amp;amp;amp;_rdr\",\"https:\\\/\\\/www.youtube.com\\\/channel\\\/UCyIFMT16nMiZR0jGOyAJBTw\"]}]}<\/script>\n<!-- \/ Yoast SEO Premium plugin. -->","yoast_head_json":{"title":"La s\u00e9curit\u00e9 absolue - Institute of Life","robots":{"index":"index","follow":"follow","max-snippet":"max-snippet:-1","max-image-preview":"max-image-preview:large","max-video-preview":"max-video-preview:-1"},"canonical":"https:\/\/iolife.dope.studio\/fr\/nous\/nos-locaux\/la-securite-absolue\/","og_locale":"fr_FR","og_type":"article","og_title":"La s\u00e9curit\u00e9 absolue","og_description":"[vc_row equal_height=\u00a0\u00bbyes\u00a0\u00bb type=\u00a0\u00bbcolor\u00a0\u00bb vertical_align=\u00a0\u00bbyes\u00a0\u00bb column_gap=\u00a0\u00bbno\u00a0\u00bb padding_top=\u00a0\u00bb0&Prime; padding_bottom=\u00a0\u00bb\u00a0\u00bb margin_top=\u00a0\u00bb0&Prime;][vc_column width=\u00a0\u00bb1\/3&Prime;][vc_column_text] La s\u00e9curit\u00e9 absolue [\/vc_column_text][vc_empty_space height=\u00a0\u00bb80&Prime;][\/vc_column][vc_column width=\u00a0\u00bb1\/3&Prime; css=\u00a0\u00bb.vc_custom_1585738318112{padding-right: 10% !important;padding-left: 10% !important;}\u00a0\u00bb][\/vc_column][vc_column width=\u00a0\u00bb1\/3&Prime;][vc_single_image image=\u00a0\u00bb25564&Prime; img_size=\u00a0\u00bbfull\u00a0\u00bb alignment=\u00a0\u00bbright\u00a0\u00bb full_width=\u00a0\u00bbyes\u00a0\u00bb][vc_empty_space height=\u00a0\u00bb80&Prime;][\/vc_column][\/vc_row][vc_row type=\u00a0\u00bbcolor\u00a0\u00bb bg_color=\u00a0\u00bb#e8e8e8&Prime;][vc_column width=\u00a0\u00bb1\/3&Prime;][vc_column_text text_color=\u00a0\u00bb#ffffff\u00a0\u00bb css=\u00a0\u00bb.vc_custom_1606247751803{margin-top: -150px !important;padding-top: 25% !important;padding-right: 12% !important;padding-bottom: 25% !important;padding-left: 12% !important;background-color: #ac6bbc !important;}\u00a0\u00bb] L\u2019Institute of Life est l&rsquo;un des plus importants centres de procr\u00e9ation m\u00e9dicalement assist\u00e9e en Europe, mais aussi [&hellip;]","og_url":"https:\/\/iolife.dope.studio\/fr\/nous\/nos-locaux\/la-securite-absolue\/","og_site_name":"Institute of Life","article_publisher":"https:\/\/web.facebook.com\/iolifeiaso?_rdc=1&amp%3bamp%3bamp%3bamp%3bamp%3bamp%3bamp%3bamp%3bamp%3bamp%3bamp%3bamp%3bamp%3bamp%3bamp%3bamp%3bamp%3b_rdr","article_modified_time":"2020-11-24T19:57:26+00:00","og_image":[{"width":1000,"height":1000,"url":"https:\/\/iolife.dope.studio\/wp-content\/uploads\/2020\/11\/iaso4.jpg","type":"image\/jpeg"}],"twitter_card":"summary_large_image","twitter_misc":{"Dur\u00e9e de lecture estim\u00e9e":"1 minute"},"schema":{"@context":"https:\/\/schema.org","@graph":[{"@type":"WebPage","@id":"https:\/\/iolife.dope.studio\/fr\/nous\/nos-locaux\/la-securite-absolue\/","url":"https:\/\/iolife.dope.studio\/fr\/nous\/nos-locaux\/la-securite-absolue\/","name":"La s\u00e9curit\u00e9 absolue - Institute of Life","isPartOf":{"@id":"https:\/\/iolife.dope.studio\/fr\/#website"},"primaryImageOfPage":{"@id":"https:\/\/iolife.dope.studio\/fr\/nous\/nos-locaux\/la-securite-absolue\/#primaryimage"},"image":{"@id":"https:\/\/iolife.dope.studio\/fr\/nous\/nos-locaux\/la-securite-absolue\/#primaryimage"},"thumbnailUrl":"https:\/\/iolife.dope.studio\/wp-content\/uploads\/2020\/11\/iaso4.jpg","datePublished":"2020-04-22T13:04:16+00:00","dateModified":"2020-11-24T19:57:26+00:00","breadcrumb":{"@id":"https:\/\/iolife.dope.studio\/fr\/nous\/nos-locaux\/la-securite-absolue\/#breadcrumb"},"inLanguage":"fr-FR","potentialAction":[{"@type":"ReadAction","target":["https:\/\/iolife.dope.studio\/fr\/nous\/nos-locaux\/la-securite-absolue\/"]}]},{"@type":"ImageObject","inLanguage":"fr-FR","@id":"https:\/\/iolife.dope.studio\/fr\/nous\/nos-locaux\/la-securite-absolue\/#primaryimage","url":"https:\/\/iolife.dope.studio\/wp-content\/uploads\/2020\/11\/iaso4.jpg","contentUrl":"https:\/\/iolife.dope.studio\/wp-content\/uploads\/2020\/11\/iaso4.jpg","width":1000,"height":1000},{"@type":"BreadcrumbList","@id":"https:\/\/iolife.dope.studio\/fr\/nous\/nos-locaux\/la-securite-absolue\/#breadcrumb","itemListElement":[{"@type":"ListItem","position":1,"name":"Home","item":"https:\/\/iolife.dope.studio\/fr\/"},{"@type":"ListItem","position":2,"name":"Nous","item":"https:\/\/iolife.dope.studio\/fr\/nous\/"},{"@type":"ListItem","position":3,"name":"Nos locaux","item":"https:\/\/iolife.dope.studio\/fr\/nous\/nos-locaux\/"},{"@type":"ListItem","position":4,"name":"La s\u00e9curit\u00e9 absolue"}]},{"@type":"WebSite","@id":"https:\/\/iolife.dope.studio\/fr\/#website","url":"https:\/\/iolife.dope.studio\/fr\/","name":"Institute of Life","description":"","publisher":{"@id":"https:\/\/iolife.dope.studio\/fr\/#organization"},"potentialAction":[{"@type":"SearchAction","target":{"@type":"EntryPoint","urlTemplate":"https:\/\/iolife.dope.studio\/fr\/?s={search_term_string}"},"query-input":{"@type":"PropertyValueSpecification","valueRequired":true,"valueName":"search_term_string"}}],"inLanguage":"fr-FR"},{"@type":"Organization","@id":"https:\/\/iolife.dope.studio\/fr\/#organization","name":"Institute of Life","url":"https:\/\/iolife.dope.studio\/fr\/","logo":{"@type":"ImageObject","inLanguage":"fr-FR","@id":"https:\/\/iolife.dope.studio\/fr\/#\/schema\/logo\/image\/","url":"https:\/\/iolife.dope.studiowp-content\/uploads\/2020\/05\/4.png","contentUrl":"https:\/\/iolife.dope.studiowp-content\/uploads\/2020\/05\/4.png","width":908,"height":908,"caption":"Institute of Life"},"image":{"@id":"https:\/\/iolife.dope.studio\/fr\/#\/schema\/logo\/image\/"},"sameAs":["https:\/\/web.facebook.com\/iolifeiaso?_rdc=1&amp;amp;amp;amp;amp;amp;amp;amp;amp;amp;amp;amp;amp;amp;amp;amp;amp;_rdr","https:\/\/www.youtube.com\/channel\/UCyIFMT16nMiZR0jGOyAJBTw"]}]}},"_links":{"self":[{"href":"https:\/\/iolife.dope.studio\/fr\/wp-json\/wp\/v2\/pages\/29065","targetHints":{"allow":["GET"]}}],"collection":[{"href":"https:\/\/iolife.dope.studio\/fr\/wp-json\/wp\/v2\/pages"}],"about":[{"href":"https:\/\/iolife.dope.studio\/fr\/wp-json\/wp\/v2\/types\/page"}],"author":[{"embeddable":true,"href":"https:\/\/iolife.dope.studio\/fr\/wp-json\/wp\/v2\/users\/1"}],"replies":[{"embeddable":true,"href":"https:\/\/iolife.dope.studio\/fr\/wp-json\/wp\/v2\/comments?post=29065"}],"version-history":[{"count":0,"href":"https:\/\/iolife.dope.studio\/fr\/wp-json\/wp\/v2\/pages\/29065\/revisions"}],"up":[{"embeddable":true,"href":"https:\/\/iolife.dope.studio\/fr\/wp-json\/wp\/v2\/pages\/29058"}],"wp:featuredmedia":[{"embeddable":true,"href":"https:\/\/iolife.dope.studio\/fr\/wp-json\/wp\/v2\/media\/28509"}],"wp:attachment":[{"href":"https:\/\/iolife.dope.studio\/fr\/wp-json\/wp\/v2\/media?parent=29065"}],"wp:term":[{"taxonomy":"category","embeddable":true,"href":"https:\/\/iolife.dope.studio\/fr\/wp-json\/wp\/v2\/categories?post=29065"},{"taxonomy":"post_tag","embeddable":true,"href":"https:\/\/iolife.dope.studio\/fr\/wp-json\/wp\/v2\/tags?post=29065"}],"curies":[{"name":"wp","href":"https:\/\/api.w.org\/{rel}","templated":true}]}}