{"id":28173,"date":"2020-05-21T13:21:13","date_gmt":"2020-05-21T13:21:13","guid":{"rendered":"https:\/\/www.iolife.eu\/trouver-la-bonne-alternative\/sperm-donation\/"},"modified":"2020-11-10T19:18:26","modified_gmt":"2020-11-10T17:18:26","slug":"le-don-de-sperme","status":"publish","type":"page","link":"https:\/\/iolife.dope.studio\/fr\/trouver-la-bonne-alternative\/le-don-de-sperme\/","title":{"rendered":"Le don de sperme"},"content":{"rendered":"<div class=\"wpb-content-wrapper\"><p>[vc_row equal_height=\u00a0\u00bbyes\u00a0\u00bb type=\u00a0\u00bbcolor\u00a0\u00bb vertical_align=\u00a0\u00bbyes\u00a0\u00bb column_gap=\u00a0\u00bbno\u00a0\u00bb padding_top=\u00a0\u00bb0&Prime; padding_bottom=\u00a0\u00bb\u00a0\u00bb margin_top=\u00a0\u00bb0&Prime;][vc_column width=\u00a0\u00bb1\/3&Prime;][vc_column_text]<\/p>\n<h2>Le don de sperme<\/h2>\n<p>[\/vc_column_text][vc_empty_space height=\u00a0\u00bb80&Prime;][\/vc_column][vc_column width=\u00a0\u00bb1\/3&Prime; css=\u00a0\u00bb.vc_custom_1585738318112{padding-right: 10% !important;padding-left: 10% !important;}\u00a0\u00bb][\/vc_column][vc_column width=\u00a0\u00bb1\/3&Prime;][vc_single_image image=\u00a0\u00bb25764&Prime; img_size=\u00a0\u00bbfull\u00a0\u00bb alignment=\u00a0\u00bbright\u00a0\u00bb full_width=\u00a0\u00bbyes\u00a0\u00bb][vc_empty_space height=\u00a0\u00bb80&Prime;][\/vc_column][\/vc_row][vc_row type=\u00a0\u00bbcolor\u00a0\u00bb bg_color=\u00a0\u00bb#e8e8e8&Prime;][vc_column width=\u00a0\u00bb1\/3&Prime;][vc_column_text text_color=\u00a0\u00bb#ffffff\u00a0\u00bb css=\u00a0\u00bb.vc_custom_1605028635260{margin-top: -150px !important;padding-top: 25% !important;padding-right: 12% !important;padding-bottom: 25% !important;padding-left: 12% !important;background-color: #ac6bbc !important;}\u00a0\u00bb]<\/p>\n<h3><span style=\"color: #f7f5f5;\">Lorsque le sperme du partenaire n&rsquo;est pas apte \u00e0 f\u00e9conder les ovocytes et pr\u00e9sente apr\u00e8s un examen andrologique sp\u00e9cialis\u00e9 des param\u00e8tres spermatiques pathologiques, la solution du don de sperme est indiqu\u00e9e.<\/span><\/h3>\n<p>[\/vc_column_text][\/vc_column][vc_column width=\u00a0\u00bb2\/3&Prime;][vc_column_text]L&rsquo;utilisation de sperme d\u2019un donneur est indiqu\u00e9e dans les cas suivants:<\/p>\n<ul>\n<li>Le sperme du partenaire n&rsquo;est pas apte \u00e0 f\u00e9conder les ovocytes et pr\u00e9sente apr\u00e8s un examen andrologique sp\u00e9cialis\u00e9 des param\u00e8tres spermatiques pathologiques;<\/li>\n<li>Lorsqu\u2019une azoospermie compl\u00e8te (de nature non obstructive) a \u00e9t\u00e9 diagnostiqu\u00e9e chez le partenaire et que le pr\u00e9l\u00e8vement de spermatozo\u00efdes par biopsie testiculaire a \u00e9chou\u00e9 ou n&rsquo;est pas le choix m\u00e9dical appropri\u00e9;<\/li>\n<li>Il existe un risque \u00e9lev\u00e9 de transmission d&rsquo;une maladie h\u00e9r\u00e9ditaire lorsque et le diagnostic pr\u00e9implantatoire ne pas \u00eatre pr\u00e9cis.<\/li>\n<li>Votre partenaire a subi une ligature du canal spermatique (vasectomie)<\/li>\n<li>\u00c9checs multiples du recours \u00e0 la reproduction m\u00e9dicalement assist\u00e9e en raison de la mauvaise qualit\u00e9 du sperme.<\/li>\n<\/ul>\n<p>[\/vc_column_text][\/vc_column][\/vc_row][vc_row][vc_column][vc_text_separator title=\u00a0\u00bbSujets pertinents\u00a0\u00bb]\n\t<div class=\"kleo-carousel-container \">\n\t\t<div class=\"kleo-carousel-items kleo-carousel-post\" data-min-items=\"1\" data-max-items=\"6\">\n\t\t\t<ul class=\"kleo-carousel\">\n\n\t\t\t\t\n<li id=\"post-28173\" class=\"post-item col-sm-4 post-28173 page type-page status-publish has-post-thumbnail hentry category-alternatives-en-fr\">\n    <article>\n\n\t\t<div class=\"post-image\"><a href=\"https:\/\/iolife.dope.studio\/fr\/trouver-la-bonne-alternative\/le-don-de-sperme\/\" class=\"element-wrap\"><img loading=\"lazy\" decoding=\"async\" width=\"480\" height=\"480\" src=\"https:\/\/iolife.dope.studio\/wp-content\/uploads\/2020\/07\/dwrea-spermatos.jpg\" class=\"attachment-kleo-post-gallery size-kleo-post-gallery wp-post-image\" alt=\"\" srcset=\"https:\/\/iolife.dope.studio\/wp-content\/uploads\/2020\/07\/dwrea-spermatos.jpg 1000w, https:\/\/iolife.dope.studio\/wp-content\/uploads\/2020\/07\/dwrea-spermatos-300x300.jpg 300w, https:\/\/iolife.dope.studio\/wp-content\/uploads\/2020\/07\/dwrea-spermatos-150x150.jpg 150w, https:\/\/iolife.dope.studio\/wp-content\/uploads\/2020\/07\/dwrea-spermatos-768x768.jpg 768w, https:\/\/iolife.dope.studio\/wp-content\/uploads\/2020\/07\/dwrea-spermatos-672x672.jpg 672w\" sizes=\"auto, (max-width: 480px) 100vw, 480px\" \/><span class=\"hover-element\"><i>+<\/i><\/span><\/a><\/div><!--end post-image-->\n        <div class=\"entry-content\">\n            <h4 class=\"post-title entry-title\"><a href=\"https:\/\/iolife.dope.studio\/fr\/trouver-la-bonne-alternative\/le-don-de-sperme\/\">Le don de sperme<\/a><\/h4>\n\n\t\t\t                <hr>\n                <div class=\"entry-summary\">\n\t\t\t\t\t<p> Le don de sperme  Lorsque le sperme du partenaire n&rsquo;est pas apte \u00e0 f\u00e9conder les ovocytes et...<\/p>                <\/div><!-- .entry-summary -->\n\t\t\t        <\/div><!--end post-info-->\n\n    <\/article>\n<\/li>\n<li id=\"post-28167\" class=\"post-item col-sm-4 post-28167 page type-page status-publish has-post-thumbnail hentry category-alternatives-en-fr\">\n    <article>\n\n\t\t<div class=\"post-image\"><a href=\"https:\/\/iolife.dope.studio\/fr\/trouver-la-bonne-alternative\/le-don-d-ovocytes\/\" class=\"element-wrap\"><img loading=\"lazy\" decoding=\"async\" width=\"480\" height=\"480\" src=\"https:\/\/iolife.dope.studio\/wp-content\/uploads\/2020\/06\/dwrea-wariwn.jpg\" class=\"attachment-kleo-post-gallery size-kleo-post-gallery wp-post-image\" alt=\"\" srcset=\"https:\/\/iolife.dope.studio\/wp-content\/uploads\/2020\/06\/dwrea-wariwn.jpg 1000w, https:\/\/iolife.dope.studio\/wp-content\/uploads\/2020\/06\/dwrea-wariwn-300x300.jpg 300w, https:\/\/iolife.dope.studio\/wp-content\/uploads\/2020\/06\/dwrea-wariwn-150x150.jpg 150w, https:\/\/iolife.dope.studio\/wp-content\/uploads\/2020\/06\/dwrea-wariwn-768x768.jpg 768w, https:\/\/iolife.dope.studio\/wp-content\/uploads\/2020\/06\/dwrea-wariwn-672x672.jpg 672w\" sizes=\"auto, (max-width: 480px) 100vw, 480px\" \/><span class=\"hover-element\"><i>+<\/i><\/span><\/a><\/div><!--end post-image-->\n        <div class=\"entry-content\">\n            <h4 class=\"post-title entry-title\"><a href=\"https:\/\/iolife.dope.studio\/fr\/trouver-la-bonne-alternative\/le-don-d-ovocytes\/\">Le don d\u2019ovocytes<\/a><\/h4>\n\n\t\t\t                <hr>\n                <div class=\"entry-summary\">\n\t\t\t\t\t<p> Le don d\u2019ovocytes Il y a de l&rsquo;espoir pour toute femme qui souhaite devenir m\u00e8re et ne produit...<\/p>                <\/div><!-- .entry-summary -->\n\t\t\t        <\/div><!--end post-info-->\n\n    <\/article>\n<\/li>\n<li id=\"post-28161\" class=\"post-item col-sm-4 post-28161 page type-page status-publish has-post-thumbnail hentry category-alternatives-en-fr\">\n    <article>\n\n\t\t<div class=\"post-image\"><a href=\"https:\/\/iolife.dope.studio\/fr\/trouver-la-bonne-alternative\/la-gestation-pour-autrui\/\" class=\"element-wrap\"><img loading=\"lazy\" decoding=\"async\" width=\"480\" height=\"480\" src=\"https:\/\/iolife.dope.studio\/wp-content\/uploads\/2020\/11\/parentheti-square-4-480x480.jpg\" class=\"attachment-kleo-post-gallery size-kleo-post-gallery wp-post-image\" alt=\"\" srcset=\"https:\/\/iolife.dope.studio\/wp-content\/uploads\/2020\/11\/parentheti-square-4-480x480.jpg 480w, https:\/\/iolife.dope.studio\/wp-content\/uploads\/2020\/11\/parentheti-square-4-300x300.jpg 300w, https:\/\/iolife.dope.studio\/wp-content\/uploads\/2020\/11\/parentheti-square-4-150x150.jpg 150w, https:\/\/iolife.dope.studio\/wp-content\/uploads\/2020\/11\/parentheti-square-4-768x768.jpg 768w, https:\/\/iolife.dope.studio\/wp-content\/uploads\/2020\/11\/parentheti-square-4-672x672.jpg 672w, https:\/\/iolife.dope.studio\/wp-content\/uploads\/2020\/11\/parentheti-square-4.jpg 1000w\" sizes=\"auto, (max-width: 480px) 100vw, 480px\" \/><span class=\"hover-element\"><i>+<\/i><\/span><\/a><\/div><!--end post-image-->\n        <div class=\"entry-content\">\n            <h4 class=\"post-title entry-title\"><a href=\"https:\/\/iolife.dope.studio\/fr\/trouver-la-bonne-alternative\/la-gestation-pour-autrui\/\">La gestation pour autrui<\/a><\/h4>\n\n\t\t\t                <hr>\n                <div class=\"entry-summary\">\n\t\t\t\t\t<p> La gestation pour autrui  Une m\u00e8re porteuse est une femme qui porte le f\u0153tus destin\u00e9 \u00e0 un...<\/p>                <\/div><!-- .entry-summary -->\n\t\t\t        <\/div><!--end post-info-->\n\n    <\/article>\n<\/li>\n\t\t\t<\/ul>\n\t\t<\/div>\n\t\t<div class=\"carousel-arrow\">\n\t\t\t<a class=\"carousel-prev\" href=\"#\"><i class=\"icon-angle-left\"><\/i><\/a>\n\t\t\t<a class=\"carousel-next\" href=\"#\"><i class=\"icon-angle-right\"><\/i><\/a>\n\t\t<\/div>\n\t\t<div class=\"kleo-carousel-post-pager carousel-pager\"><\/div>\n\t<\/div><!--end carousel-container-->\n\n[\/vc_column][\/vc_row]<\/p>\n<\/div>","protected":false},"excerpt":{"rendered":"<p>[vc_row equal_height=\u00a0\u00bbyes\u00a0\u00bb type=\u00a0\u00bbcolor\u00a0\u00bb vertical_align=\u00a0\u00bbyes\u00a0\u00bb column_gap=\u00a0\u00bbno\u00a0\u00bb padding_top=\u00a0\u00bb0&Prime; padding_bottom=\u00a0\u00bb\u00a0\u00bb margin_top=\u00a0\u00bb0&Prime;][vc_column width=\u00a0\u00bb1\/3&Prime;][vc_column_text] Le don de sperme [\/vc_column_text][vc_empty_space height=\u00a0\u00bb80&Prime;][\/vc_column][vc_column width=\u00a0\u00bb1\/3&Prime; css=\u00a0\u00bb.vc_custom_1585738318112{padding-right: 10% !important;padding-left: 10% !important;}\u00a0\u00bb][\/vc_column][vc_column width=\u00a0\u00bb1\/3&Prime;][vc_single_image image=\u00a0\u00bb25764&Prime; img_size=\u00a0\u00bbfull\u00a0\u00bb alignment=\u00a0\u00bbright\u00a0\u00bb full_width=\u00a0\u00bbyes\u00a0\u00bb][vc_empty_space height=\u00a0\u00bb80&Prime;][\/vc_column][\/vc_row][vc_row type=\u00a0\u00bbcolor\u00a0\u00bb bg_color=\u00a0\u00bb#e8e8e8&Prime;][vc_column width=\u00a0\u00bb1\/3&Prime;][vc_column_text text_color=\u00a0\u00bb#ffffff\u00a0\u00bb css=\u00a0\u00bb.vc_custom_1605028635260{margin-top: -150px !important;padding-top: 25% !important;padding-right: 12% !important;padding-bottom: 25% !important;padding-left: 12% !important;background-color: #ac6bbc !important;}\u00a0\u00bb] Lorsque le sperme du partenaire n&rsquo;est pas apte \u00e0 f\u00e9conder les ovocytes et pr\u00e9sente apr\u00e8s un [&hellip;]<\/p>\n","protected":false},"author":1,"featured_media":25745,"parent":28154,"menu_order":0,"comment_status":"closed","ping_status":"closed","template":"page-templates\/full-width.php","meta":{"footnotes":""},"categories":[361],"tags":[],"class_list":["post-28173","page","type-page","status-publish","has-post-thumbnail","hentry","category-alternatives-en-fr"],"yoast_head":"<!-- This site is optimized with the Yoast SEO Premium plugin v27.3 (Yoast SEO v27.3) - https:\/\/yoast.com\/product\/yoast-seo-premium-wordpress\/ -->\n<title>Le don de sperme - Institute of Life<\/title>\n<meta name=\"robots\" content=\"index, follow, max-snippet:-1, max-image-preview:large, max-video-preview:-1\" \/>\n<link rel=\"canonical\" href=\"https:\/\/iolife.dope.studio\/fr\/trouver-la-bonne-alternative\/le-don-de-sperme\/\" \/>\n<meta property=\"og:locale\" content=\"fr_FR\" \/>\n<meta property=\"og:type\" content=\"article\" \/>\n<meta property=\"og:title\" content=\"Le don de sperme\" \/>\n<meta property=\"og:description\" content=\"[vc_row equal_height=\u00a0\u00bbyes\u00a0\u00bb type=\u00a0\u00bbcolor\u00a0\u00bb vertical_align=\u00a0\u00bbyes\u00a0\u00bb column_gap=\u00a0\u00bbno\u00a0\u00bb padding_top=\u00a0\u00bb0&Prime; padding_bottom=\u00a0\u00bb\u00a0\u00bb margin_top=\u00a0\u00bb0&Prime;][vc_column width=\u00a0\u00bb1\/3&Prime;][vc_column_text] Le don de sperme [\/vc_column_text][vc_empty_space height=\u00a0\u00bb80&Prime;][\/vc_column][vc_column width=\u00a0\u00bb1\/3&Prime; css=\u00a0\u00bb.vc_custom_1585738318112{padding-right: 10% !important;padding-left: 10% !important;}\u00a0\u00bb][\/vc_column][vc_column width=\u00a0\u00bb1\/3&Prime;][vc_single_image image=\u00a0\u00bb25764&Prime; img_size=\u00a0\u00bbfull\u00a0\u00bb alignment=\u00a0\u00bbright\u00a0\u00bb full_width=\u00a0\u00bbyes\u00a0\u00bb][vc_empty_space height=\u00a0\u00bb80&Prime;][\/vc_column][\/vc_row][vc_row type=\u00a0\u00bbcolor\u00a0\u00bb bg_color=\u00a0\u00bb#e8e8e8&Prime;][vc_column width=\u00a0\u00bb1\/3&Prime;][vc_column_text text_color=\u00a0\u00bb#ffffff\u00a0\u00bb css=\u00a0\u00bb.vc_custom_1605028635260{margin-top: -150px !important;padding-top: 25% !important;padding-right: 12% !important;padding-bottom: 25% !important;padding-left: 12% !important;background-color: #ac6bbc !important;}\u00a0\u00bb] Lorsque le sperme du partenaire n&rsquo;est pas apte \u00e0 f\u00e9conder les ovocytes et pr\u00e9sente apr\u00e8s un [&hellip;]\" \/>\n<meta property=\"og:url\" content=\"https:\/\/iolife.dope.studio\/fr\/trouver-la-bonne-alternative\/le-don-de-sperme\/\" \/>\n<meta property=\"og:site_name\" content=\"Institute of Life\" \/>\n<meta property=\"article:publisher\" content=\"https:\/\/web.facebook.com\/iolifeiaso?_rdc=1&amp;amp%3bamp%3bamp%3bamp%3bamp%3bamp%3bamp%3bamp%3bamp%3bamp%3bamp%3bamp%3bamp%3bamp%3bamp%3bamp%3bamp%3b_rdr\" \/>\n<meta property=\"article:modified_time\" content=\"2020-11-10T17:18:26+00:00\" \/>\n<meta property=\"og:image\" content=\"https:\/\/iolife.dope.studio\/wp-content\/uploads\/2020\/07\/dwrea-spermatos.jpg\" \/>\n\t<meta property=\"og:image:width\" content=\"1000\" \/>\n\t<meta property=\"og:image:height\" content=\"1000\" \/>\n\t<meta property=\"og:image:type\" content=\"image\/jpeg\" \/>\n<meta name=\"twitter:card\" content=\"summary_large_image\" \/>\n<meta name=\"twitter:label1\" content=\"Dur\u00e9e de lecture estim\u00e9e\" \/>\n\t<meta name=\"twitter:data1\" content=\"2 minutes\" \/>\n<script type=\"application\/ld+json\" class=\"yoast-schema-graph\">{\"@context\":\"https:\\\/\\\/schema.org\",\"@graph\":[{\"@type\":\"WebPage\",\"@id\":\"https:\\\/\\\/iolife.dope.studio\\\/fr\\\/trouver-la-bonne-alternative\\\/le-don-de-sperme\\\/\",\"url\":\"https:\\\/\\\/iolife.dope.studio\\\/fr\\\/trouver-la-bonne-alternative\\\/le-don-de-sperme\\\/\",\"name\":\"Le don de sperme - Institute of Life\",\"isPartOf\":{\"@id\":\"https:\\\/\\\/iolife.dope.studio\\\/fr\\\/#website\"},\"primaryImageOfPage\":{\"@id\":\"https:\\\/\\\/iolife.dope.studio\\\/fr\\\/trouver-la-bonne-alternative\\\/le-don-de-sperme\\\/#primaryimage\"},\"image\":{\"@id\":\"https:\\\/\\\/iolife.dope.studio\\\/fr\\\/trouver-la-bonne-alternative\\\/le-don-de-sperme\\\/#primaryimage\"},\"thumbnailUrl\":\"https:\\\/\\\/iolife.dope.studio\\\/wp-content\\\/uploads\\\/2020\\\/07\\\/dwrea-spermatos.jpg\",\"datePublished\":\"2020-05-21T13:21:13+00:00\",\"dateModified\":\"2020-11-10T17:18:26+00:00\",\"breadcrumb\":{\"@id\":\"https:\\\/\\\/iolife.dope.studio\\\/fr\\\/trouver-la-bonne-alternative\\\/le-don-de-sperme\\\/#breadcrumb\"},\"inLanguage\":\"fr-FR\",\"potentialAction\":[{\"@type\":\"ReadAction\",\"target\":[\"https:\\\/\\\/iolife.dope.studio\\\/fr\\\/trouver-la-bonne-alternative\\\/le-don-de-sperme\\\/\"]}]},{\"@type\":\"ImageObject\",\"inLanguage\":\"fr-FR\",\"@id\":\"https:\\\/\\\/iolife.dope.studio\\\/fr\\\/trouver-la-bonne-alternative\\\/le-don-de-sperme\\\/#primaryimage\",\"url\":\"https:\\\/\\\/iolife.dope.studio\\\/wp-content\\\/uploads\\\/2020\\\/07\\\/dwrea-spermatos.jpg\",\"contentUrl\":\"https:\\\/\\\/iolife.dope.studio\\\/wp-content\\\/uploads\\\/2020\\\/07\\\/dwrea-spermatos.jpg\",\"width\":1000,\"height\":1000},{\"@type\":\"BreadcrumbList\",\"@id\":\"https:\\\/\\\/iolife.dope.studio\\\/fr\\\/trouver-la-bonne-alternative\\\/le-don-de-sperme\\\/#breadcrumb\",\"itemListElement\":[{\"@type\":\"ListItem\",\"position\":1,\"name\":\"Home\",\"item\":\"https:\\\/\\\/iolife.dope.studio\\\/fr\\\/\"},{\"@type\":\"ListItem\",\"position\":2,\"name\":\"Trouver la bonne alternative\",\"item\":\"https:\\\/\\\/iolife.dope.studio\\\/fr\\\/trouver-la-bonne-alternative\\\/\"},{\"@type\":\"ListItem\",\"position\":3,\"name\":\"Le don de sperme\"}]},{\"@type\":\"WebSite\",\"@id\":\"https:\\\/\\\/iolife.dope.studio\\\/fr\\\/#website\",\"url\":\"https:\\\/\\\/iolife.dope.studio\\\/fr\\\/\",\"name\":\"Institute of Life\",\"description\":\"\",\"publisher\":{\"@id\":\"https:\\\/\\\/iolife.dope.studio\\\/fr\\\/#organization\"},\"potentialAction\":[{\"@type\":\"SearchAction\",\"target\":{\"@type\":\"EntryPoint\",\"urlTemplate\":\"https:\\\/\\\/iolife.dope.studio\\\/fr\\\/?s={search_term_string}\"},\"query-input\":{\"@type\":\"PropertyValueSpecification\",\"valueRequired\":true,\"valueName\":\"search_term_string\"}}],\"inLanguage\":\"fr-FR\"},{\"@type\":\"Organization\",\"@id\":\"https:\\\/\\\/iolife.dope.studio\\\/fr\\\/#organization\",\"name\":\"Institute of Life\",\"url\":\"https:\\\/\\\/iolife.dope.studio\\\/fr\\\/\",\"logo\":{\"@type\":\"ImageObject\",\"inLanguage\":\"fr-FR\",\"@id\":\"https:\\\/\\\/iolife.dope.studio\\\/fr\\\/#\\\/schema\\\/logo\\\/image\\\/\",\"url\":\"https:\\\/\\\/iolife.dope.studiowp-content\\\/uploads\\\/2020\\\/05\\\/4.png\",\"contentUrl\":\"https:\\\/\\\/iolife.dope.studiowp-content\\\/uploads\\\/2020\\\/05\\\/4.png\",\"width\":908,\"height\":908,\"caption\":\"Institute of Life\"},\"image\":{\"@id\":\"https:\\\/\\\/iolife.dope.studio\\\/fr\\\/#\\\/schema\\\/logo\\\/image\\\/\"},\"sameAs\":[\"https:\\\/\\\/web.facebook.com\\\/iolifeiaso?_rdc=1&amp;amp;amp;amp;amp;amp;amp;amp;amp;amp;amp;amp;amp;amp;amp;amp;amp;_rdr\",\"https:\\\/\\\/www.youtube.com\\\/channel\\\/UCyIFMT16nMiZR0jGOyAJBTw\"]}]}<\/script>\n<!-- \/ Yoast SEO Premium plugin. -->","yoast_head_json":{"title":"Le don de sperme - Institute of Life","robots":{"index":"index","follow":"follow","max-snippet":"max-snippet:-1","max-image-preview":"max-image-preview:large","max-video-preview":"max-video-preview:-1"},"canonical":"https:\/\/iolife.dope.studio\/fr\/trouver-la-bonne-alternative\/le-don-de-sperme\/","og_locale":"fr_FR","og_type":"article","og_title":"Le don de sperme","og_description":"[vc_row equal_height=\u00a0\u00bbyes\u00a0\u00bb type=\u00a0\u00bbcolor\u00a0\u00bb vertical_align=\u00a0\u00bbyes\u00a0\u00bb column_gap=\u00a0\u00bbno\u00a0\u00bb padding_top=\u00a0\u00bb0&Prime; padding_bottom=\u00a0\u00bb\u00a0\u00bb margin_top=\u00a0\u00bb0&Prime;][vc_column width=\u00a0\u00bb1\/3&Prime;][vc_column_text] Le don de sperme [\/vc_column_text][vc_empty_space height=\u00a0\u00bb80&Prime;][\/vc_column][vc_column width=\u00a0\u00bb1\/3&Prime; css=\u00a0\u00bb.vc_custom_1585738318112{padding-right: 10% !important;padding-left: 10% !important;}\u00a0\u00bb][\/vc_column][vc_column width=\u00a0\u00bb1\/3&Prime;][vc_single_image image=\u00a0\u00bb25764&Prime; img_size=\u00a0\u00bbfull\u00a0\u00bb alignment=\u00a0\u00bbright\u00a0\u00bb full_width=\u00a0\u00bbyes\u00a0\u00bb][vc_empty_space height=\u00a0\u00bb80&Prime;][\/vc_column][\/vc_row][vc_row type=\u00a0\u00bbcolor\u00a0\u00bb bg_color=\u00a0\u00bb#e8e8e8&Prime;][vc_column width=\u00a0\u00bb1\/3&Prime;][vc_column_text text_color=\u00a0\u00bb#ffffff\u00a0\u00bb css=\u00a0\u00bb.vc_custom_1605028635260{margin-top: -150px !important;padding-top: 25% !important;padding-right: 12% !important;padding-bottom: 25% !important;padding-left: 12% !important;background-color: #ac6bbc !important;}\u00a0\u00bb] Lorsque le sperme du partenaire n&rsquo;est pas apte \u00e0 f\u00e9conder les ovocytes et pr\u00e9sente apr\u00e8s un [&hellip;]","og_url":"https:\/\/iolife.dope.studio\/fr\/trouver-la-bonne-alternative\/le-don-de-sperme\/","og_site_name":"Institute of Life","article_publisher":"https:\/\/web.facebook.com\/iolifeiaso?_rdc=1&amp%3bamp%3bamp%3bamp%3bamp%3bamp%3bamp%3bamp%3bamp%3bamp%3bamp%3bamp%3bamp%3bamp%3bamp%3bamp%3bamp%3b_rdr","article_modified_time":"2020-11-10T17:18:26+00:00","og_image":[{"width":1000,"height":1000,"url":"https:\/\/iolife.dope.studio\/wp-content\/uploads\/2020\/07\/dwrea-spermatos.jpg","type":"image\/jpeg"}],"twitter_card":"summary_large_image","twitter_misc":{"Dur\u00e9e de lecture estim\u00e9e":"2 minutes"},"schema":{"@context":"https:\/\/schema.org","@graph":[{"@type":"WebPage","@id":"https:\/\/iolife.dope.studio\/fr\/trouver-la-bonne-alternative\/le-don-de-sperme\/","url":"https:\/\/iolife.dope.studio\/fr\/trouver-la-bonne-alternative\/le-don-de-sperme\/","name":"Le don de sperme - Institute of Life","isPartOf":{"@id":"https:\/\/iolife.dope.studio\/fr\/#website"},"primaryImageOfPage":{"@id":"https:\/\/iolife.dope.studio\/fr\/trouver-la-bonne-alternative\/le-don-de-sperme\/#primaryimage"},"image":{"@id":"https:\/\/iolife.dope.studio\/fr\/trouver-la-bonne-alternative\/le-don-de-sperme\/#primaryimage"},"thumbnailUrl":"https:\/\/iolife.dope.studio\/wp-content\/uploads\/2020\/07\/dwrea-spermatos.jpg","datePublished":"2020-05-21T13:21:13+00:00","dateModified":"2020-11-10T17:18:26+00:00","breadcrumb":{"@id":"https:\/\/iolife.dope.studio\/fr\/trouver-la-bonne-alternative\/le-don-de-sperme\/#breadcrumb"},"inLanguage":"fr-FR","potentialAction":[{"@type":"ReadAction","target":["https:\/\/iolife.dope.studio\/fr\/trouver-la-bonne-alternative\/le-don-de-sperme\/"]}]},{"@type":"ImageObject","inLanguage":"fr-FR","@id":"https:\/\/iolife.dope.studio\/fr\/trouver-la-bonne-alternative\/le-don-de-sperme\/#primaryimage","url":"https:\/\/iolife.dope.studio\/wp-content\/uploads\/2020\/07\/dwrea-spermatos.jpg","contentUrl":"https:\/\/iolife.dope.studio\/wp-content\/uploads\/2020\/07\/dwrea-spermatos.jpg","width":1000,"height":1000},{"@type":"BreadcrumbList","@id":"https:\/\/iolife.dope.studio\/fr\/trouver-la-bonne-alternative\/le-don-de-sperme\/#breadcrumb","itemListElement":[{"@type":"ListItem","position":1,"name":"Home","item":"https:\/\/iolife.dope.studio\/fr\/"},{"@type":"ListItem","position":2,"name":"Trouver la bonne alternative","item":"https:\/\/iolife.dope.studio\/fr\/trouver-la-bonne-alternative\/"},{"@type":"ListItem","position":3,"name":"Le don de sperme"}]},{"@type":"WebSite","@id":"https:\/\/iolife.dope.studio\/fr\/#website","url":"https:\/\/iolife.dope.studio\/fr\/","name":"Institute of Life","description":"","publisher":{"@id":"https:\/\/iolife.dope.studio\/fr\/#organization"},"potentialAction":[{"@type":"SearchAction","target":{"@type":"EntryPoint","urlTemplate":"https:\/\/iolife.dope.studio\/fr\/?s={search_term_string}"},"query-input":{"@type":"PropertyValueSpecification","valueRequired":true,"valueName":"search_term_string"}}],"inLanguage":"fr-FR"},{"@type":"Organization","@id":"https:\/\/iolife.dope.studio\/fr\/#organization","name":"Institute of Life","url":"https:\/\/iolife.dope.studio\/fr\/","logo":{"@type":"ImageObject","inLanguage":"fr-FR","@id":"https:\/\/iolife.dope.studio\/fr\/#\/schema\/logo\/image\/","url":"https:\/\/iolife.dope.studiowp-content\/uploads\/2020\/05\/4.png","contentUrl":"https:\/\/iolife.dope.studiowp-content\/uploads\/2020\/05\/4.png","width":908,"height":908,"caption":"Institute of Life"},"image":{"@id":"https:\/\/iolife.dope.studio\/fr\/#\/schema\/logo\/image\/"},"sameAs":["https:\/\/web.facebook.com\/iolifeiaso?_rdc=1&amp;amp;amp;amp;amp;amp;amp;amp;amp;amp;amp;amp;amp;amp;amp;amp;amp;_rdr","https:\/\/www.youtube.com\/channel\/UCyIFMT16nMiZR0jGOyAJBTw"]}]}},"_links":{"self":[{"href":"https:\/\/iolife.dope.studio\/fr\/wp-json\/wp\/v2\/pages\/28173","targetHints":{"allow":["GET"]}}],"collection":[{"href":"https:\/\/iolife.dope.studio\/fr\/wp-json\/wp\/v2\/pages"}],"about":[{"href":"https:\/\/iolife.dope.studio\/fr\/wp-json\/wp\/v2\/types\/page"}],"author":[{"embeddable":true,"href":"https:\/\/iolife.dope.studio\/fr\/wp-json\/wp\/v2\/users\/1"}],"replies":[{"embeddable":true,"href":"https:\/\/iolife.dope.studio\/fr\/wp-json\/wp\/v2\/comments?post=28173"}],"version-history":[{"count":0,"href":"https:\/\/iolife.dope.studio\/fr\/wp-json\/wp\/v2\/pages\/28173\/revisions"}],"up":[{"embeddable":true,"href":"https:\/\/iolife.dope.studio\/fr\/wp-json\/wp\/v2\/pages\/28154"}],"wp:featuredmedia":[{"embeddable":true,"href":"https:\/\/iolife.dope.studio\/fr\/wp-json\/wp\/v2\/media\/25745"}],"wp:attachment":[{"href":"https:\/\/iolife.dope.studio\/fr\/wp-json\/wp\/v2\/media?parent=28173"}],"wp:term":[{"taxonomy":"category","embeddable":true,"href":"https:\/\/iolife.dope.studio\/fr\/wp-json\/wp\/v2\/categories?post=28173"},{"taxonomy":"post_tag","embeddable":true,"href":"https:\/\/iolife.dope.studio\/fr\/wp-json\/wp\/v2\/tags?post=28173"}],"curies":[{"name":"wp","href":"https:\/\/api.w.org\/{rel}","templated":true}]}}