{"id":27771,"date":"2020-05-21T10:06:19","date_gmt":"2020-05-21T10:06:19","guid":{"rendered":"https:\/\/www.iolife.eu\/je-souhaite-tomber-enceinte\/pre-ivf-tests\/"},"modified":"2020-11-06T21:40:56","modified_gmt":"2020-11-06T19:40:56","slug":"pre-ivf-tests","status":"publish","type":"page","link":"https:\/\/iolife.dope.studio\/fr\/je-souhaite-tomber-enceinte\/pre-ivf-tests\/","title":{"rendered":"Examens pr\u00e9-FIV"},"content":{"rendered":"<div class=\"wpb-content-wrapper\"><p>[vc_row equal_height=\u00a0\u00bbyes\u00a0\u00bb type=\u00a0\u00bbcolor\u00a0\u00bb vertical_align=\u00a0\u00bbyes\u00a0\u00bb column_gap=\u00a0\u00bbno\u00a0\u00bb padding_top=\u00a0\u00bb0&Prime; padding_bottom=\u00a0\u00bb\u00a0\u00bb margin_top=\u00a0\u00bb0&Prime;][vc_column width=\u00a0\u00bb1\/3&Prime;][vc_column_text]<\/p>\n<h2>Examens pr\u00e9-FIV<\/h2>\n<p>[\/vc_column_text][vc_empty_space height=\u00a0\u00bb80&Prime;][\/vc_column][vc_column width=\u00a0\u00bb1\/3&Prime; css=\u00a0\u00bb.vc_custom_1585738318112{padding-right: 10% !important;padding-left: 10% !important;}\u00a0\u00bb][\/vc_column][vc_column width=\u00a0\u00bb1\/3&Prime;][vc_single_image image=\u00a0\u00bb22397&Prime; img_size=\u00a0\u00bbfull\u00a0\u00bb alignment=\u00a0\u00bbright\u00a0\u00bb full_width=\u00a0\u00bbyes\u00a0\u00bb][vc_empty_space height=\u00a0\u00bb80&Prime;][\/vc_column][\/vc_row][vc_row type=\u00a0\u00bbcolor\u00a0\u00bb bg_color=\u00a0\u00bb#e8e8e8&Prime;][vc_column width=\u00a0\u00bb1\/3&Prime;][vc_column_text text_color=\u00a0\u00bb#ffffff\u00a0\u00bb css=\u00a0\u00bb.vc_custom_1604691324274{margin-top: -150px !important;padding-top: 25% !important;padding-right: 12% !important;padding-bottom: 25% !important;padding-left: 12% !important;background-color: #ac6bbc !important;}\u00a0\u00bb]<\/p>\n<h3><span style=\"color: #f7f5f5;\">Pour de meilleurs r\u00e9sultats, il est n\u00e9cessaire de r\u00e9aliser certains tests avant de commencer la proc\u00e9dure de FIV.<\/span><\/h3>\n<p>[\/vc_column_text][\/vc_column][vc_column width=\u00a0\u00bb2\/3&Prime;][vc_column_text]<\/p>\n<h3>Examens requis<\/h3>\n<ul>\n<li>D\u00e9pistage chez les deux membres du couple du VIH I\/II, le HBsAg (antig\u00e8ne australien), des anticorps anti-HCV, et test VDRL.<\/li>\n<li>Par ailleurs, une mammographie\/\u00e9chographie mammaire est requise pour les femmes de plus de 35 ans.<\/li>\n<\/ul>\n<p>[\/vc_column_text][vc_column_text]<em>Examens suppl\u00e9mentaires sugg\u00e9r\u00e9s:<\/em><\/p>\n<p><em>\u00a0<\/em><\/p>\n<p><em>\u00a0<\/em>[\/vc_column_text][vc_row_inner equal_height=\u00a0\u00bbyes\u00a0\u00bb content_placement=\u00a0\u00bbtop\u00a0\u00bb][vc_column_inner width=\u00a0\u00bb1\/2&Prime; css=\u00a0\u00bb.vc_custom_1590056026367{background-color: #ffdbf1 !important;}\u00a0\u00bb][vc_column_text css=\u00a0\u00bb.vc_custom_1604691560512{padding-top: 30px !important;padding-bottom: 30px !important;}\u00a0\u00bb]<\/p>\n<h3 style=\"text-align: center;\">Pour la femme<\/h3>\n<ul>\n<li>Anti-IgG, anti-IgM<\/li>\n<li>CMV IgG et IgM<\/li>\n<li>Toxoplasma gondi IgG et IgM<\/li>\n<li>TSH<\/li>\n<li>Culture compl\u00e8te des s\u00e9cr\u00e9tions vaginales<\/li>\n<li>\u00c9lectrophor\u00e8se de l&rsquo;h\u00e9moglobine \/bilan sanguin\/Fer<\/li>\n<li>Ferritine\/D\u00e9pistage de la dr\u00e9panocytose<\/li>\n<li>Groupe sanguin &#8211; Rh\u00e9sus<\/li>\n<\/ul>\n<p>[\/vc_column_text][\/vc_column_inner][vc_column_inner width=\u00a0\u00bb1\/2&Prime; css=\u00a0\u00bb.vc_custom_1590057042765{background-color: #d9f4ef !important;}\u00a0\u00bb][vc_column_text css=\u00a0\u00bb.vc_custom_1604691600695{padding-top: 30px !important;padding-bottom: 30px !important;}\u00a0\u00bb]<\/p>\n<h3 style=\"text-align: center;\">Pour l\u2019homme<\/h3>\n<ul>\n<li>CMV IgG et IgM<\/li>\n<li>Traitement et culture spermatique<\/li>\n<li>\u00c9lectrophor\u00e8se de l&rsquo;h\u00e9moglobine \/bilan sanguin\/Fer<\/li>\n<li>Ferritine\/D\u00e9pistage de la dr\u00e9panocytose<\/li>\n<li>Groupe sanguin &#8211; Rh\u00e9sus<\/li>\n<li>Fibrose kystique\/caryotype sanguin<\/li>\n<\/ul>\n<p>[\/vc_column_text][vc_empty_space][\/vc_column_inner][\/vc_row_inner][\/vc_column][\/vc_row][vc_row][vc_column][vc_text_separator title=\u00a0\u00bbSujets pertinents\u00a0\u00bb][vc_column_text]<\/p>\n<p>[\/vc_column_text]\n\t<div class=\"kleo-carousel-container \">\n\t\t<div class=\"kleo-carousel-items kleo-carousel-post\" data-min-items=\"3\" data-max-items=\"6\">\n\t\t\t<ul class=\"kleo-carousel\">\n\n\t\t\t\t\n<li id=\"post-27771\" class=\"post-item col-sm-4 post-27771 page type-page status-publish has-post-thumbnail hentry category-i-want-to-get-pregnent-en-fr\">\n    <article>\n\n\t\t<div class=\"post-image\"><a href=\"https:\/\/iolife.dope.studio\/fr\/je-souhaite-tomber-enceinte\/pre-ivf-tests\/\" class=\"element-wrap\"><img loading=\"lazy\" decoding=\"async\" width=\"480\" height=\"480\" src=\"https:\/\/iolife.dope.studio\/wp-content\/uploads\/2020\/05\/examinations-before-ivf.jpg\" class=\"attachment-kleo-post-gallery size-kleo-post-gallery wp-post-image\" alt=\"\u03b3\u03b9\u03b1\u03c4\u03c1\u03cc\u03c2 \u03bc\u03b5 \u03ac\u03c3\u03c0\u03c1\u03b7 \u03c0\u03bf\u03b4\u03b9\u03ac \u03ba\u03c1\u03b1\u03c4\u03ac\u03b5\u03b9 \u03c3\u03b7\u03bc\u03b5\u03b9\u03ce\u03c3\u03b5\u03b9\u03c2 \u03ba\u03b1\u03b9 \u03c3\u03c5\u03bc\u03b2\u03bf\u03c5\u03bb\u03b5\u03cd\u03b5\u03b9 \u03b1\u03c3\u03b8\u03b5\u03bd\u03ae\" srcset=\"https:\/\/iolife.dope.studio\/wp-content\/uploads\/2020\/05\/examinations-before-ivf.jpg 1000w, https:\/\/iolife.dope.studio\/wp-content\/uploads\/2020\/05\/examinations-before-ivf-300x300.jpg 300w, https:\/\/iolife.dope.studio\/wp-content\/uploads\/2020\/05\/examinations-before-ivf-150x150.jpg 150w, https:\/\/iolife.dope.studio\/wp-content\/uploads\/2020\/05\/examinations-before-ivf-768x768.jpg 768w, https:\/\/iolife.dope.studio\/wp-content\/uploads\/2020\/05\/examinations-before-ivf-672x672.jpg 672w\" sizes=\"auto, (max-width: 480px) 100vw, 480px\" \/><span class=\"hover-element\"><i>+<\/i><\/span><\/a><\/div><!--end post-image-->\n        <div class=\"entry-content\">\n            <h4 class=\"post-title entry-title\"><a href=\"https:\/\/iolife.dope.studio\/fr\/je-souhaite-tomber-enceinte\/pre-ivf-tests\/\">Examens pr\u00e9-FIV<\/a><\/h4>\n\n\t\t\t                <hr>\n                <div class=\"entry-summary\">\n\t\t\t\t\t<p> Examens pr\u00e9-FIV  Pour de meilleurs r\u00e9sultats, il est n\u00e9cessaire de r\u00e9aliser certains tests avant de commencer la...<\/p>                <\/div><!-- .entry-summary -->\n\t\t\t        <\/div><!--end post-info-->\n\n    <\/article>\n<\/li>\n<li id=\"post-27765\" class=\"post-item col-sm-4 post-27765 page type-page status-publish has-post-thumbnail hentry category-i-want-to-get-pregnent-en-fr\">\n    <article>\n\n\t\t<div class=\"post-image\"><a href=\"https:\/\/iolife.dope.studio\/fr\/je-souhaite-tomber-enceinte\/quand-faut-il-consulter\/\" class=\"element-wrap\"><img loading=\"lazy\" decoding=\"async\" width=\"480\" height=\"480\" src=\"https:\/\/iolife.dope.studio\/wp-content\/uploads\/2020\/04\/sec02_photo02c.jpg\" class=\"attachment-kleo-post-gallery size-kleo-post-gallery wp-post-image\" alt=\"\u03c7\u03b1\u03c1\u03bf\u03cd\u03bc\u03b5\u03bd\u03bf \u03b6\u03b5\u03c5\u03b3\u03ac\u03c1\u03b9 \u03b1\u03b3\u03ba\u03b1\u03bb\u03b9\u03ac \u03c3\u03c5\u03bc\u03b2\u03bf\u03c5\u03bb\u03b5\u03cd\u03b5\u03c4\u03b1\u03b9 \u03b3\u03b9\u03b1\u03c4\u03c1\u03cc Institute of Life \u03b3\u03b9\u03b1\u03c4\u03c1\u03cc\u03c2 \u03ba\u03c1\u03b1\u03c4\u03ac\u03b5\u03b9 \u03c3\u03b7\u03bc\u03b5\u03b9\u03ce\u03c3\u03b5\u03b9\u03c2\" srcset=\"https:\/\/iolife.dope.studio\/wp-content\/uploads\/2020\/04\/sec02_photo02c.jpg 1000w, https:\/\/iolife.dope.studio\/wp-content\/uploads\/2020\/04\/sec02_photo02c-300x300.jpg 300w, https:\/\/iolife.dope.studio\/wp-content\/uploads\/2020\/04\/sec02_photo02c-150x150.jpg 150w, https:\/\/iolife.dope.studio\/wp-content\/uploads\/2020\/04\/sec02_photo02c-768x768.jpg 768w, https:\/\/iolife.dope.studio\/wp-content\/uploads\/2020\/04\/sec02_photo02c-672x672.jpg 672w\" sizes=\"auto, (max-width: 480px) 100vw, 480px\" \/><span class=\"hover-element\"><i>+<\/i><\/span><\/a><\/div><!--end post-image-->\n        <div class=\"entry-content\">\n            <h4 class=\"post-title entry-title\"><a href=\"https:\/\/iolife.dope.studio\/fr\/je-souhaite-tomber-enceinte\/quand-faut-il-consulter\/\">Quand faut-il consulter?<\/a><\/h4>\n\n\t\t\t                <hr>\n                <div class=\"entry-summary\">\n\t\t\t\t\t<p> Quand faut-il consulter?  On entend par infertilit\u00e9 le fait qu\u2019aucune grossesse n&rsquo;intervienne apr\u00e8s 1 an (12 mois)...<\/p>                <\/div><!-- .entry-summary -->\n\t\t\t        <\/div><!--end post-info-->\n\n    <\/article>\n<\/li>\n<li id=\"post-27757\" class=\"post-item col-sm-4 post-27757 page type-page status-publish has-post-thumbnail hentry category-i-want-to-get-pregnent-en-fr\">\n    <article>\n\n\t\t<div class=\"post-image\"><a href=\"https:\/\/iolife.dope.studio\/fr\/je-souhaite-tomber-enceinte\/calcul-de-la-periode-de-fertilite\/\" class=\"element-wrap\"><img loading=\"lazy\" decoding=\"async\" width=\"480\" height=\"480\" src=\"https:\/\/iolife.dope.studio\/wp-content\/uploads\/2020\/11\/Ovul2-480x480.jpg\" class=\"attachment-kleo-post-gallery size-kleo-post-gallery wp-post-image\" alt=\"\u03c4\u03b5\u03c3\u03c4 \u03b5\u03b3\u03ba\u03c5\u03bc\u03bf\u03c3\u03cd\u03bd\u03b7\u03c2 \u03c0\u03ac\u03bd\u03c9 \u03c3\u03b5 \u03b7\u03bc\u03b5\u03c1\u03bf\u03bb\u03cc\u03b3\u03b9\u03bf\" srcset=\"https:\/\/iolife.dope.studio\/wp-content\/uploads\/2020\/11\/Ovul2-480x480.jpg 480w, https:\/\/iolife.dope.studio\/wp-content\/uploads\/2020\/11\/Ovul2-300x300.jpg 300w, https:\/\/iolife.dope.studio\/wp-content\/uploads\/2020\/11\/Ovul2-150x150.jpg 150w, https:\/\/iolife.dope.studio\/wp-content\/uploads\/2020\/11\/Ovul2-768x768.jpg 768w, https:\/\/iolife.dope.studio\/wp-content\/uploads\/2020\/11\/Ovul2-672x672.jpg 672w, https:\/\/iolife.dope.studio\/wp-content\/uploads\/2020\/11\/Ovul2.jpg 1000w\" sizes=\"auto, (max-width: 480px) 100vw, 480px\" \/><span class=\"hover-element\"><i>+<\/i><\/span><\/a><\/div><!--end post-image-->\n        <div class=\"entry-content\">\n            <h4 class=\"post-title entry-title\"><a href=\"https:\/\/iolife.dope.studio\/fr\/je-souhaite-tomber-enceinte\/calcul-de-la-periode-de-fertilite\/\">Calcul de la p\u00e9riode de fertilit\u00e9<\/a><\/h4>\n\n\t\t\t                <hr>\n                <div class=\"entry-summary\">\n\t\t\t\t\t<p> Calcul de la p\u00e9riode de fertilit\u00e9 Les jours fertiles peuvent varier d&rsquo;une femme \u00e0 l&rsquo;autre, selon le cycle....<\/p>                <\/div><!-- .entry-summary -->\n\t\t\t        <\/div><!--end post-info-->\n\n    <\/article>\n<\/li>\n\t\t\t<\/ul>\n\t\t<\/div>\n\t\t<div class=\"carousel-arrow\">\n\t\t\t<a class=\"carousel-prev\" href=\"#\"><i class=\"icon-angle-left\"><\/i><\/a>\n\t\t\t<a class=\"carousel-next\" href=\"#\"><i class=\"icon-angle-right\"><\/i><\/a>\n\t\t<\/div>\n\t\t<div class=\"kleo-carousel-post-pager carousel-pager\"><\/div>\n\t<\/div><!--end carousel-container-->\n\n[\/vc_column][\/vc_row]<\/p>\n<\/div>","protected":false},"excerpt":{"rendered":"<p>[vc_row equal_height=\u00a0\u00bbyes\u00a0\u00bb type=\u00a0\u00bbcolor\u00a0\u00bb vertical_align=\u00a0\u00bbyes\u00a0\u00bb column_gap=\u00a0\u00bbno\u00a0\u00bb padding_top=\u00a0\u00bb0&Prime; padding_bottom=\u00a0\u00bb\u00a0\u00bb margin_top=\u00a0\u00bb0&Prime;][vc_column width=\u00a0\u00bb1\/3&Prime;][vc_column_text] Examens pr\u00e9-FIV [\/vc_column_text][vc_empty_space height=\u00a0\u00bb80&Prime;][\/vc_column][vc_column width=\u00a0\u00bb1\/3&Prime; css=\u00a0\u00bb.vc_custom_1585738318112{padding-right: 10% !important;padding-left: 10% !important;}\u00a0\u00bb][\/vc_column][vc_column width=\u00a0\u00bb1\/3&Prime;][vc_single_image image=\u00a0\u00bb22397&Prime; img_size=\u00a0\u00bbfull\u00a0\u00bb alignment=\u00a0\u00bbright\u00a0\u00bb full_width=\u00a0\u00bbyes\u00a0\u00bb][vc_empty_space height=\u00a0\u00bb80&Prime;][\/vc_column][\/vc_row][vc_row type=\u00a0\u00bbcolor\u00a0\u00bb bg_color=\u00a0\u00bb#e8e8e8&Prime;][vc_column width=\u00a0\u00bb1\/3&Prime;][vc_column_text text_color=\u00a0\u00bb#ffffff\u00a0\u00bb css=\u00a0\u00bb.vc_custom_1604691324274{margin-top: -150px !important;padding-top: 25% !important;padding-right: 12% !important;padding-bottom: 25% !important;padding-left: 12% !important;background-color: #ac6bbc !important;}\u00a0\u00bb] Pour de meilleurs r\u00e9sultats, il est n\u00e9cessaire de r\u00e9aliser certains tests avant de commencer la proc\u00e9dure de FIV. [&hellip;]<\/p>\n","protected":false},"author":1,"featured_media":24995,"parent":27748,"menu_order":0,"comment_status":"closed","ping_status":"closed","template":"page-templates\/full-width.php","meta":{"footnotes":""},"categories":[357],"tags":[],"class_list":["post-27771","page","type-page","status-publish","has-post-thumbnail","hentry","category-i-want-to-get-pregnent-en-fr"],"yoast_head":"<!-- This site is optimized with the Yoast SEO Premium plugin v27.3 (Yoast SEO v27.3) - https:\/\/yoast.com\/product\/yoast-seo-premium-wordpress\/ -->\n<title>Examens pr\u00e9-FIV - Institute of Life<\/title>\n<meta name=\"robots\" content=\"index, follow, max-snippet:-1, max-image-preview:large, max-video-preview:-1\" \/>\n<link rel=\"canonical\" href=\"https:\/\/iolife.dope.studio\/fr\/je-souhaite-tomber-enceinte\/pre-ivf-tests\/\" \/>\n<meta property=\"og:locale\" content=\"fr_FR\" \/>\n<meta property=\"og:type\" content=\"article\" \/>\n<meta property=\"og:title\" content=\"Examens pr\u00e9-FIV\" \/>\n<meta property=\"og:description\" content=\"[vc_row equal_height=\u00a0\u00bbyes\u00a0\u00bb type=\u00a0\u00bbcolor\u00a0\u00bb vertical_align=\u00a0\u00bbyes\u00a0\u00bb column_gap=\u00a0\u00bbno\u00a0\u00bb padding_top=\u00a0\u00bb0&Prime; padding_bottom=\u00a0\u00bb\u00a0\u00bb margin_top=\u00a0\u00bb0&Prime;][vc_column width=\u00a0\u00bb1\/3&Prime;][vc_column_text] Examens pr\u00e9-FIV [\/vc_column_text][vc_empty_space height=\u00a0\u00bb80&Prime;][\/vc_column][vc_column width=\u00a0\u00bb1\/3&Prime; css=\u00a0\u00bb.vc_custom_1585738318112{padding-right: 10% !important;padding-left: 10% !important;}\u00a0\u00bb][\/vc_column][vc_column width=\u00a0\u00bb1\/3&Prime;][vc_single_image image=\u00a0\u00bb22397&Prime; img_size=\u00a0\u00bbfull\u00a0\u00bb alignment=\u00a0\u00bbright\u00a0\u00bb full_width=\u00a0\u00bbyes\u00a0\u00bb][vc_empty_space height=\u00a0\u00bb80&Prime;][\/vc_column][\/vc_row][vc_row type=\u00a0\u00bbcolor\u00a0\u00bb bg_color=\u00a0\u00bb#e8e8e8&Prime;][vc_column width=\u00a0\u00bb1\/3&Prime;][vc_column_text text_color=\u00a0\u00bb#ffffff\u00a0\u00bb css=\u00a0\u00bb.vc_custom_1604691324274{margin-top: -150px !important;padding-top: 25% !important;padding-right: 12% !important;padding-bottom: 25% !important;padding-left: 12% !important;background-color: #ac6bbc !important;}\u00a0\u00bb] Pour de meilleurs r\u00e9sultats, il est n\u00e9cessaire de r\u00e9aliser certains tests avant de commencer la proc\u00e9dure de FIV. [&hellip;]\" \/>\n<meta property=\"og:url\" content=\"https:\/\/iolife.dope.studio\/fr\/je-souhaite-tomber-enceinte\/pre-ivf-tests\/\" \/>\n<meta property=\"og:site_name\" content=\"Institute of Life\" \/>\n<meta property=\"article:publisher\" content=\"https:\/\/web.facebook.com\/iolifeiaso?_rdc=1&amp;amp%3bamp%3bamp%3bamp%3bamp%3bamp%3bamp%3bamp%3bamp%3bamp%3bamp%3bamp%3bamp%3bamp%3bamp%3bamp%3bamp%3b_rdr\" \/>\n<meta property=\"article:modified_time\" content=\"2020-11-06T19:40:56+00:00\" \/>\n<meta property=\"og:image\" content=\"https:\/\/iolife.dope.studio\/wp-content\/uploads\/2020\/05\/examinations-before-ivf.jpg\" \/>\n\t<meta property=\"og:image:width\" content=\"1000\" \/>\n\t<meta property=\"og:image:height\" content=\"1000\" \/>\n\t<meta property=\"og:image:type\" content=\"image\/jpeg\" \/>\n<meta name=\"twitter:card\" content=\"summary_large_image\" \/>\n<meta name=\"twitter:label1\" content=\"Dur\u00e9e de lecture estim\u00e9e\" \/>\n\t<meta name=\"twitter:data1\" content=\"2 minutes\" \/>\n<script type=\"application\/ld+json\" class=\"yoast-schema-graph\">{\"@context\":\"https:\\\/\\\/schema.org\",\"@graph\":[{\"@type\":\"WebPage\",\"@id\":\"https:\\\/\\\/iolife.dope.studio\\\/fr\\\/je-souhaite-tomber-enceinte\\\/pre-ivf-tests\\\/\",\"url\":\"https:\\\/\\\/iolife.dope.studio\\\/fr\\\/je-souhaite-tomber-enceinte\\\/pre-ivf-tests\\\/\",\"name\":\"Examens pr\u00e9-FIV - Institute of Life\",\"isPartOf\":{\"@id\":\"https:\\\/\\\/iolife.dope.studio\\\/fr\\\/#website\"},\"primaryImageOfPage\":{\"@id\":\"https:\\\/\\\/iolife.dope.studio\\\/fr\\\/je-souhaite-tomber-enceinte\\\/pre-ivf-tests\\\/#primaryimage\"},\"image\":{\"@id\":\"https:\\\/\\\/iolife.dope.studio\\\/fr\\\/je-souhaite-tomber-enceinte\\\/pre-ivf-tests\\\/#primaryimage\"},\"thumbnailUrl\":\"https:\\\/\\\/iolife.dope.studio\\\/wp-content\\\/uploads\\\/2020\\\/05\\\/examinations-before-ivf.jpg\",\"datePublished\":\"2020-05-21T10:06:19+00:00\",\"dateModified\":\"2020-11-06T19:40:56+00:00\",\"breadcrumb\":{\"@id\":\"https:\\\/\\\/iolife.dope.studio\\\/fr\\\/je-souhaite-tomber-enceinte\\\/pre-ivf-tests\\\/#breadcrumb\"},\"inLanguage\":\"fr-FR\",\"potentialAction\":[{\"@type\":\"ReadAction\",\"target\":[\"https:\\\/\\\/iolife.dope.studio\\\/fr\\\/je-souhaite-tomber-enceinte\\\/pre-ivf-tests\\\/\"]}]},{\"@type\":\"ImageObject\",\"inLanguage\":\"fr-FR\",\"@id\":\"https:\\\/\\\/iolife.dope.studio\\\/fr\\\/je-souhaite-tomber-enceinte\\\/pre-ivf-tests\\\/#primaryimage\",\"url\":\"https:\\\/\\\/iolife.dope.studio\\\/wp-content\\\/uploads\\\/2020\\\/05\\\/examinations-before-ivf.jpg\",\"contentUrl\":\"https:\\\/\\\/iolife.dope.studio\\\/wp-content\\\/uploads\\\/2020\\\/05\\\/examinations-before-ivf.jpg\",\"width\":1000,\"height\":1000,\"caption\":\"\u03b3\u03b9\u03b1\u03c4\u03c1\u03cc\u03c2 \u03bc\u03b5 \u03ac\u03c3\u03c0\u03c1\u03b7 \u03c0\u03bf\u03b4\u03b9\u03ac \u03ba\u03c1\u03b1\u03c4\u03ac\u03b5\u03b9 \u03c3\u03b7\u03bc\u03b5\u03b9\u03ce\u03c3\u03b5\u03b9\u03c2 \u03ba\u03b1\u03b9 \u03c3\u03c5\u03bc\u03b2\u03bf\u03c5\u03bb\u03b5\u03cd\u03b5\u03b9 \u03b1\u03c3\u03b8\u03b5\u03bd\u03ae\"},{\"@type\":\"BreadcrumbList\",\"@id\":\"https:\\\/\\\/iolife.dope.studio\\\/fr\\\/je-souhaite-tomber-enceinte\\\/pre-ivf-tests\\\/#breadcrumb\",\"itemListElement\":[{\"@type\":\"ListItem\",\"position\":1,\"name\":\"Home\",\"item\":\"https:\\\/\\\/iolife.dope.studio\\\/fr\\\/\"},{\"@type\":\"ListItem\",\"position\":2,\"name\":\"Je souhaite tomber enceinte\",\"item\":\"https:\\\/\\\/iolife.dope.studio\\\/fr\\\/je-souhaite-tomber-enceinte\\\/\"},{\"@type\":\"ListItem\",\"position\":3,\"name\":\"Examens pr\u00e9-FIV\"}]},{\"@type\":\"WebSite\",\"@id\":\"https:\\\/\\\/iolife.dope.studio\\\/fr\\\/#website\",\"url\":\"https:\\\/\\\/iolife.dope.studio\\\/fr\\\/\",\"name\":\"Institute of Life\",\"description\":\"\",\"publisher\":{\"@id\":\"https:\\\/\\\/iolife.dope.studio\\\/fr\\\/#organization\"},\"potentialAction\":[{\"@type\":\"SearchAction\",\"target\":{\"@type\":\"EntryPoint\",\"urlTemplate\":\"https:\\\/\\\/iolife.dope.studio\\\/fr\\\/?s={search_term_string}\"},\"query-input\":{\"@type\":\"PropertyValueSpecification\",\"valueRequired\":true,\"valueName\":\"search_term_string\"}}],\"inLanguage\":\"fr-FR\"},{\"@type\":\"Organization\",\"@id\":\"https:\\\/\\\/iolife.dope.studio\\\/fr\\\/#organization\",\"name\":\"Institute of Life\",\"url\":\"https:\\\/\\\/iolife.dope.studio\\\/fr\\\/\",\"logo\":{\"@type\":\"ImageObject\",\"inLanguage\":\"fr-FR\",\"@id\":\"https:\\\/\\\/iolife.dope.studio\\\/fr\\\/#\\\/schema\\\/logo\\\/image\\\/\",\"url\":\"https:\\\/\\\/iolife.dope.studiowp-content\\\/uploads\\\/2020\\\/05\\\/4.png\",\"contentUrl\":\"https:\\\/\\\/iolife.dope.studiowp-content\\\/uploads\\\/2020\\\/05\\\/4.png\",\"width\":908,\"height\":908,\"caption\":\"Institute of Life\"},\"image\":{\"@id\":\"https:\\\/\\\/iolife.dope.studio\\\/fr\\\/#\\\/schema\\\/logo\\\/image\\\/\"},\"sameAs\":[\"https:\\\/\\\/web.facebook.com\\\/iolifeiaso?_rdc=1&amp;amp;amp;amp;amp;amp;amp;amp;amp;amp;amp;amp;amp;amp;amp;amp;amp;_rdr\",\"https:\\\/\\\/www.youtube.com\\\/channel\\\/UCyIFMT16nMiZR0jGOyAJBTw\"]}]}<\/script>\n<!-- \/ Yoast SEO Premium plugin. -->","yoast_head_json":{"title":"Examens pr\u00e9-FIV - Institute of Life","robots":{"index":"index","follow":"follow","max-snippet":"max-snippet:-1","max-image-preview":"max-image-preview:large","max-video-preview":"max-video-preview:-1"},"canonical":"https:\/\/iolife.dope.studio\/fr\/je-souhaite-tomber-enceinte\/pre-ivf-tests\/","og_locale":"fr_FR","og_type":"article","og_title":"Examens pr\u00e9-FIV","og_description":"[vc_row equal_height=\u00a0\u00bbyes\u00a0\u00bb type=\u00a0\u00bbcolor\u00a0\u00bb vertical_align=\u00a0\u00bbyes\u00a0\u00bb column_gap=\u00a0\u00bbno\u00a0\u00bb padding_top=\u00a0\u00bb0&Prime; padding_bottom=\u00a0\u00bb\u00a0\u00bb margin_top=\u00a0\u00bb0&Prime;][vc_column width=\u00a0\u00bb1\/3&Prime;][vc_column_text] Examens pr\u00e9-FIV [\/vc_column_text][vc_empty_space height=\u00a0\u00bb80&Prime;][\/vc_column][vc_column width=\u00a0\u00bb1\/3&Prime; css=\u00a0\u00bb.vc_custom_1585738318112{padding-right: 10% !important;padding-left: 10% !important;}\u00a0\u00bb][\/vc_column][vc_column width=\u00a0\u00bb1\/3&Prime;][vc_single_image image=\u00a0\u00bb22397&Prime; img_size=\u00a0\u00bbfull\u00a0\u00bb alignment=\u00a0\u00bbright\u00a0\u00bb full_width=\u00a0\u00bbyes\u00a0\u00bb][vc_empty_space height=\u00a0\u00bb80&Prime;][\/vc_column][\/vc_row][vc_row type=\u00a0\u00bbcolor\u00a0\u00bb bg_color=\u00a0\u00bb#e8e8e8&Prime;][vc_column width=\u00a0\u00bb1\/3&Prime;][vc_column_text text_color=\u00a0\u00bb#ffffff\u00a0\u00bb css=\u00a0\u00bb.vc_custom_1604691324274{margin-top: -150px !important;padding-top: 25% !important;padding-right: 12% !important;padding-bottom: 25% !important;padding-left: 12% !important;background-color: #ac6bbc !important;}\u00a0\u00bb] Pour de meilleurs r\u00e9sultats, il est n\u00e9cessaire de r\u00e9aliser certains tests avant de commencer la proc\u00e9dure de FIV. [&hellip;]","og_url":"https:\/\/iolife.dope.studio\/fr\/je-souhaite-tomber-enceinte\/pre-ivf-tests\/","og_site_name":"Institute of Life","article_publisher":"https:\/\/web.facebook.com\/iolifeiaso?_rdc=1&amp%3bamp%3bamp%3bamp%3bamp%3bamp%3bamp%3bamp%3bamp%3bamp%3bamp%3bamp%3bamp%3bamp%3bamp%3bamp%3bamp%3b_rdr","article_modified_time":"2020-11-06T19:40:56+00:00","og_image":[{"width":1000,"height":1000,"url":"https:\/\/iolife.dope.studio\/wp-content\/uploads\/2020\/05\/examinations-before-ivf.jpg","type":"image\/jpeg"}],"twitter_card":"summary_large_image","twitter_misc":{"Dur\u00e9e de lecture estim\u00e9e":"2 minutes"},"schema":{"@context":"https:\/\/schema.org","@graph":[{"@type":"WebPage","@id":"https:\/\/iolife.dope.studio\/fr\/je-souhaite-tomber-enceinte\/pre-ivf-tests\/","url":"https:\/\/iolife.dope.studio\/fr\/je-souhaite-tomber-enceinte\/pre-ivf-tests\/","name":"Examens pr\u00e9-FIV - Institute of Life","isPartOf":{"@id":"https:\/\/iolife.dope.studio\/fr\/#website"},"primaryImageOfPage":{"@id":"https:\/\/iolife.dope.studio\/fr\/je-souhaite-tomber-enceinte\/pre-ivf-tests\/#primaryimage"},"image":{"@id":"https:\/\/iolife.dope.studio\/fr\/je-souhaite-tomber-enceinte\/pre-ivf-tests\/#primaryimage"},"thumbnailUrl":"https:\/\/iolife.dope.studio\/wp-content\/uploads\/2020\/05\/examinations-before-ivf.jpg","datePublished":"2020-05-21T10:06:19+00:00","dateModified":"2020-11-06T19:40:56+00:00","breadcrumb":{"@id":"https:\/\/iolife.dope.studio\/fr\/je-souhaite-tomber-enceinte\/pre-ivf-tests\/#breadcrumb"},"inLanguage":"fr-FR","potentialAction":[{"@type":"ReadAction","target":["https:\/\/iolife.dope.studio\/fr\/je-souhaite-tomber-enceinte\/pre-ivf-tests\/"]}]},{"@type":"ImageObject","inLanguage":"fr-FR","@id":"https:\/\/iolife.dope.studio\/fr\/je-souhaite-tomber-enceinte\/pre-ivf-tests\/#primaryimage","url":"https:\/\/iolife.dope.studio\/wp-content\/uploads\/2020\/05\/examinations-before-ivf.jpg","contentUrl":"https:\/\/iolife.dope.studio\/wp-content\/uploads\/2020\/05\/examinations-before-ivf.jpg","width":1000,"height":1000,"caption":"\u03b3\u03b9\u03b1\u03c4\u03c1\u03cc\u03c2 \u03bc\u03b5 \u03ac\u03c3\u03c0\u03c1\u03b7 \u03c0\u03bf\u03b4\u03b9\u03ac \u03ba\u03c1\u03b1\u03c4\u03ac\u03b5\u03b9 \u03c3\u03b7\u03bc\u03b5\u03b9\u03ce\u03c3\u03b5\u03b9\u03c2 \u03ba\u03b1\u03b9 \u03c3\u03c5\u03bc\u03b2\u03bf\u03c5\u03bb\u03b5\u03cd\u03b5\u03b9 \u03b1\u03c3\u03b8\u03b5\u03bd\u03ae"},{"@type":"BreadcrumbList","@id":"https:\/\/iolife.dope.studio\/fr\/je-souhaite-tomber-enceinte\/pre-ivf-tests\/#breadcrumb","itemListElement":[{"@type":"ListItem","position":1,"name":"Home","item":"https:\/\/iolife.dope.studio\/fr\/"},{"@type":"ListItem","position":2,"name":"Je souhaite tomber enceinte","item":"https:\/\/iolife.dope.studio\/fr\/je-souhaite-tomber-enceinte\/"},{"@type":"ListItem","position":3,"name":"Examens pr\u00e9-FIV"}]},{"@type":"WebSite","@id":"https:\/\/iolife.dope.studio\/fr\/#website","url":"https:\/\/iolife.dope.studio\/fr\/","name":"Institute of Life","description":"","publisher":{"@id":"https:\/\/iolife.dope.studio\/fr\/#organization"},"potentialAction":[{"@type":"SearchAction","target":{"@type":"EntryPoint","urlTemplate":"https:\/\/iolife.dope.studio\/fr\/?s={search_term_string}"},"query-input":{"@type":"PropertyValueSpecification","valueRequired":true,"valueName":"search_term_string"}}],"inLanguage":"fr-FR"},{"@type":"Organization","@id":"https:\/\/iolife.dope.studio\/fr\/#organization","name":"Institute of Life","url":"https:\/\/iolife.dope.studio\/fr\/","logo":{"@type":"ImageObject","inLanguage":"fr-FR","@id":"https:\/\/iolife.dope.studio\/fr\/#\/schema\/logo\/image\/","url":"https:\/\/iolife.dope.studiowp-content\/uploads\/2020\/05\/4.png","contentUrl":"https:\/\/iolife.dope.studiowp-content\/uploads\/2020\/05\/4.png","width":908,"height":908,"caption":"Institute of Life"},"image":{"@id":"https:\/\/iolife.dope.studio\/fr\/#\/schema\/logo\/image\/"},"sameAs":["https:\/\/web.facebook.com\/iolifeiaso?_rdc=1&amp;amp;amp;amp;amp;amp;amp;amp;amp;amp;amp;amp;amp;amp;amp;amp;amp;_rdr","https:\/\/www.youtube.com\/channel\/UCyIFMT16nMiZR0jGOyAJBTw"]}]}},"_links":{"self":[{"href":"https:\/\/iolife.dope.studio\/fr\/wp-json\/wp\/v2\/pages\/27771","targetHints":{"allow":["GET"]}}],"collection":[{"href":"https:\/\/iolife.dope.studio\/fr\/wp-json\/wp\/v2\/pages"}],"about":[{"href":"https:\/\/iolife.dope.studio\/fr\/wp-json\/wp\/v2\/types\/page"}],"author":[{"embeddable":true,"href":"https:\/\/iolife.dope.studio\/fr\/wp-json\/wp\/v2\/users\/1"}],"replies":[{"embeddable":true,"href":"https:\/\/iolife.dope.studio\/fr\/wp-json\/wp\/v2\/comments?post=27771"}],"version-history":[{"count":0,"href":"https:\/\/iolife.dope.studio\/fr\/wp-json\/wp\/v2\/pages\/27771\/revisions"}],"up":[{"embeddable":true,"href":"https:\/\/iolife.dope.studio\/fr\/wp-json\/wp\/v2\/pages\/27748"}],"wp:featuredmedia":[{"embeddable":true,"href":"https:\/\/iolife.dope.studio\/fr\/wp-json\/wp\/v2\/media\/24995"}],"wp:attachment":[{"href":"https:\/\/iolife.dope.studio\/fr\/wp-json\/wp\/v2\/media?parent=27771"}],"wp:term":[{"taxonomy":"category","embeddable":true,"href":"https:\/\/iolife.dope.studio\/fr\/wp-json\/wp\/v2\/categories?post=27771"},{"taxonomy":"post_tag","embeddable":true,"href":"https:\/\/iolife.dope.studio\/fr\/wp-json\/wp\/v2\/tags?post=27771"}],"curies":[{"name":"wp","href":"https:\/\/api.w.org\/{rel}","templated":true}]}}