{"id":29966,"date":"2020-07-02T10:16:18","date_gmt":"2020-07-02T10:16:18","guid":{"rendered":"https:\/\/www.iolife.eu\/articles\/"},"modified":"2020-12-10T17:18:01","modified_gmt":"2020-12-10T15:18:01","slug":"artikel","status":"publish","type":"page","link":"https:\/\/iolife.dope.studio\/de\/artikel\/","title":{"rendered":"Artikel"},"content":{"rendered":"<div class=\"wpb-content-wrapper\"><p>[vc_row][vc_column]\n\t<div class=\"sq-posts-data\" style=\"display: none;\">\n\t\t\t\t<input type=\"hidden\" name=\"pitem\" value=\"0\">\n\t\t<input type=\"hidden\" name=\"post_id\" value=\"29966\">\n\t<\/div>\n\n\t\n\t\t<div class=\"kleo-view-switch\" data-identifier=\"29966\"><ul><li><span data-type=\"masonry\" class=\"switch-masonry active\"><\/span><\/li><li><span data-type=\"small\" class=\"switch-small\"><\/span><\/li><li><span data-type=\"standard\" class=\"switch-standard\"><\/span><\/li><\/ul><\/div><div class=\"clearfix\"><\/div>\n\t\t\n\t\n\t\n\t\t<div class=\"posts-listing responsive-cols kleo-masonry per-row-4 with-meta masonry-listing\">\n\n\t\n\t\n<article id=\"post-29972\" class=\"post-item post-29972 post type-post status-publish format-standard has-post-thumbnail hentry category-male-infertility-en-arthra-en-de\">\n    <div class=\"post-content animated animate-when-almost-visible el-appear\">\n\n\t\t<div class=\"post-image\"><a href=\"https:\/\/iolife.dope.studio\/de\/die-maennlichen-fertilitaetsraten-gehen-aufgrund-schlechter-lebensgewohnheiten-allmaehlich-zurueck\/\" class=\"element-wrap\"><img loading=\"lazy\" decoding=\"async\" width=\"480\" height=\"321\" src=\"https:\/\/iolife.dope.studio\/wp-content\/uploads\/2019\/07\/4.jpg\" class=\"attachment-kleo-post-grid size-kleo-post-grid wp-post-image\" alt=\"\" srcset=\"https:\/\/iolife.dope.studio\/wp-content\/uploads\/2019\/07\/4.jpg 1267w, https:\/\/iolife.dope.studio\/wp-content\/uploads\/2019\/07\/4-300x200.jpg 300w, https:\/\/iolife.dope.studio\/wp-content\/uploads\/2019\/07\/4-1024x684.jpg 1024w, https:\/\/iolife.dope.studio\/wp-content\/uploads\/2019\/07\/4-768x513.jpg 768w, https:\/\/iolife.dope.studio\/wp-content\/uploads\/2019\/07\/4-800x534.jpg 800w, https:\/\/iolife.dope.studio\/wp-content\/uploads\/2019\/07\/4-672x449.jpg 672w, https:\/\/iolife.dope.studio\/wp-content\/uploads\/2019\/07\/4-1038x693.jpg 1038w, https:\/\/iolife.dope.studio\/wp-content\/uploads\/2019\/07\/4-480x320.jpg 480w\" sizes=\"auto, (max-width: 480px) 100vw, 480px\" \/><span class=\"hover-element\"><i>+<\/i><\/span><\/a><\/div><!--end post-image-->\n\t\t\n            <div class=\"post-header\">\n\n\t\t\t\t                    <h3 class=\"post-title entry-title\"><a href=\"https:\/\/iolife.dope.studio\/de\/die-maennlichen-fertilitaetsraten-gehen-aufgrund-schlechter-lebensgewohnheiten-allmaehlich-zurueck\/\">Die m\u00e4nnlichen Fertilit\u00e4tsraten gehen aufgrund schlechter Lebensgewohnheiten allm\u00e4hlich zur\u00fcck<\/a>\n                    <\/h3>\n\t\t\t\t\n                <span class=\"post-meta\">\n                    <small class=\"meta-author author vcard\"><a class=\"url fn n\" href=\"https:\/\/iolife.dope.studio\/de\/author\/artcom\/\" title=\"View all POSTS by artcom\" rel=\"author\"> <span class=\"author-name\">artcom<\/span><\/a><\/small>, <small><a href=\"https:\/\/iolife.dope.studio\/de\/die-maennlichen-fertilitaetsraten-gehen-aufgrund-schlechter-lebensgewohnheiten-allmaehlich-zurueck\/\" rel=\"bookmark\" class=\"post-time\"><time class=\"entry-date\" datetime=\"2019-07-15T17:04:29+03:00\">15. Juli 2019<\/time><time class=\"modify-date hide hidden updated\" datetime=\"2020-12-10T17:49:04+02:00\">10. Dezember 2020<\/time><\/a><\/small>, <small class=\"meta-category\"><a href=\"https:\/\/iolife.dope.studio\/de\/category\/male-infertility-en-arthra-en-de\/\" rel=\"category tag\">Male Inferitlity<\/a><\/small>, <small class=\"meta-comment-count\"><a href=\"https:\/\/iolife.dope.studio\/de\/die-maennlichen-fertilitaetsraten-gehen-aufgrund-schlechter-lebensgewohnheiten-allmaehlich-zurueck\/#comments\">0 <i class=\"icon-chat-1 hover-tip\" data-original-title=\"This article has 0 comments\" data-toggle=\"tooltip\" data-placement=\"top\"><\/i><\/a><\/small>                <\/span>\n\n            <\/div><!--end post-header-->\n\n\t\t\t\n\t\t\t\t                    <div class=\"post-info\">\n\n                        <div class=\"entry-summary\">\n\t\t\t\t\t\t\t<p>Lebensgewohnheiten. Die Ergebnisse von zwei Studien, die auf der Jahreskonferenz der American Society for Reproductive Medicine vorgestellt wurden, zeigten,...<\/p>                        <\/div><!-- .entry-summary -->\n\n                    <\/div><!--end post-info-->\n\t\t\t\t\n\t\t\t\n\t\t\n        <div class=\"post-footer\">\n            <small>\n\t\t\t\t<a href=\"#\" class=\"item-likes\" id=\"item-likes-10324\" title=\"Like this\"><span class=\"item-likes-count\">1<\/span> <span class=\"item-likes-postfix\">like<\/span><\/a>\n\t\t\t\t                    <a href=\"https:\/\/iolife.dope.studio\/de\/die-maennlichen-fertilitaetsraten-gehen-aufgrund-schlechter-lebensgewohnheiten-allmaehlich-zurueck\/\"><span class=\"muted pull-right\">\n\t\t\t\t\t\tRead more<\/span>\n                    <\/a>\n\t\t\t\t\n            <\/small>\n        <\/div><!--end post-footer-->\n\n    <\/div><!--end post-content-->\n<\/article>\n\n\n<article id=\"post-29986\" class=\"post-item post-29986 post type-post status-publish format-standard has-post-thumbnail hentry category-articles-en-de category-male-infertility-en-arthra-en-de\">\n    <div class=\"post-content animated animate-when-almost-visible el-appear\">\n\n\t\t<div class=\"post-image\"><a href=\"https:\/\/iolife.dope.studio\/de\/wie-wirken-sich-wlan-geraete-auf-die-spermienproduktion-aus\/\" class=\"element-wrap\"><img loading=\"lazy\" decoding=\"async\" width=\"480\" height=\"320\" src=\"https:\/\/iolife.dope.studio\/wp-content\/uploads\/2019\/07\/3.jpg\" class=\"attachment-kleo-post-grid size-kleo-post-grid wp-post-image\" alt=\"\" srcset=\"https:\/\/iolife.dope.studio\/wp-content\/uploads\/2019\/07\/3.jpg 1269w, https:\/\/iolife.dope.studio\/wp-content\/uploads\/2019\/07\/3-300x200.jpg 300w, https:\/\/iolife.dope.studio\/wp-content\/uploads\/2019\/07\/3-1024x682.jpg 1024w, https:\/\/iolife.dope.studio\/wp-content\/uploads\/2019\/07\/3-768x511.jpg 768w, https:\/\/iolife.dope.studio\/wp-content\/uploads\/2019\/07\/3-800x533.jpg 800w, https:\/\/iolife.dope.studio\/wp-content\/uploads\/2019\/07\/3-672x447.jpg 672w, https:\/\/iolife.dope.studio\/wp-content\/uploads\/2019\/07\/3-1038x691.jpg 1038w, https:\/\/iolife.dope.studio\/wp-content\/uploads\/2019\/07\/3-480x319.jpg 480w\" sizes=\"auto, (max-width: 480px) 100vw, 480px\" \/><span class=\"hover-element\"><i>+<\/i><\/span><\/a><\/div><!--end post-image-->\n\t\t\n            <div class=\"post-header\">\n\n\t\t\t\t                    <h3 class=\"post-title entry-title\"><a href=\"https:\/\/iolife.dope.studio\/de\/wie-wirken-sich-wlan-geraete-auf-die-spermienproduktion-aus\/\">Wie wirken sich WLAN-Ger\u00e4te auf die Spermienproduktion aus?<\/a>\n                    <\/h3>\n\t\t\t\t\n                <span class=\"post-meta\">\n                    <small class=\"meta-author author vcard\"><a class=\"url fn n\" href=\"https:\/\/iolife.dope.studio\/de\/author\/artcom\/\" title=\"View all POSTS by artcom\" rel=\"author\"> <span class=\"author-name\">artcom<\/span><\/a><\/small>, <small><a href=\"https:\/\/iolife.dope.studio\/de\/wie-wirken-sich-wlan-geraete-auf-die-spermienproduktion-aus\/\" rel=\"bookmark\" class=\"post-time\"><time class=\"entry-date\" datetime=\"2019-07-15T17:03:56+03:00\">15. Juli 2019<\/time><time class=\"modify-date hide hidden updated\" datetime=\"2020-12-10T17:53:50+02:00\">10. Dezember 2020<\/time><\/a><\/small>, <small class=\"meta-category\"><a href=\"https:\/\/iolife.dope.studio\/de\/category\/articles-en-de\/\" rel=\"category tag\">Articles<\/a>, <a href=\"https:\/\/iolife.dope.studio\/de\/category\/male-infertility-en-arthra-en-de\/\" rel=\"category tag\">Male Inferitlity<\/a><\/small>, <small class=\"meta-comment-count\"><a href=\"https:\/\/iolife.dope.studio\/de\/wie-wirken-sich-wlan-geraete-auf-die-spermienproduktion-aus\/#comments\">0 <i class=\"icon-chat-1 hover-tip\" data-original-title=\"This article has 0 comments\" data-toggle=\"tooltip\" data-placement=\"top\"><\/i><\/a><\/small>                <\/span>\n\n            <\/div><!--end post-header-->\n\n\t\t\t\n\t\t\t\t                    <div class=\"post-info\">\n\n                        <div class=\"entry-summary\">\n\t\t\t\t\t\t\t<p>Eine kleine Studie, die von Forschern in Japan durchgef\u00fchrt wurde, zeigte, dass sich die Exposition gegen\u00fcber WLAN-Ger\u00e4ten negativ auf...<\/p>                        <\/div><!-- .entry-summary -->\n\n                    <\/div><!--end post-info-->\n\t\t\t\t\n\t\t\t\n\t\t\n        <div class=\"post-footer\">\n            <small>\n\t\t\t\t<a href=\"#\" class=\"item-likes\" id=\"item-likes-10322\" title=\"Like this\"><span class=\"item-likes-count\">0<\/span> <span class=\"item-likes-postfix\">likes<\/span><\/a>\n\t\t\t\t                    <a href=\"https:\/\/iolife.dope.studio\/de\/wie-wirken-sich-wlan-geraete-auf-die-spermienproduktion-aus\/\"><span class=\"muted pull-right\">\n\t\t\t\t\t\tRead more<\/span>\n                    <\/a>\n\t\t\t\t\n            <\/small>\n        <\/div><!--end post-footer-->\n\n    <\/div><!--end post-content-->\n<\/article>\n\n\n<article id=\"post-29995\" class=\"post-item post-29995 post type-post status-publish format-standard has-post-thumbnail hentry category-articles-en-de category-male-infertility-en-arthra-en-de\">\n    <div class=\"post-content animated animate-when-almost-visible el-appear\">\n\n\t\t<div class=\"post-image\"><a href=\"https:\/\/iolife.dope.studio\/de\/was-sind-die-ursachen-fuer-maennliche-unfruchtbarkeit-und-wie-haeufig-ist-unfruchtbarkeit-bei-maennern\/\" class=\"element-wrap\"><img loading=\"lazy\" decoding=\"async\" width=\"480\" height=\"320\" src=\"https:\/\/iolife.dope.studio\/wp-content\/uploads\/2019\/07\/1.jpg\" class=\"attachment-kleo-post-grid size-kleo-post-grid wp-post-image\" alt=\"Concerned Man Institute of Life IASO Heart Logo\" srcset=\"https:\/\/iolife.dope.studio\/wp-content\/uploads\/2019\/07\/1.jpg 1320w, https:\/\/iolife.dope.studio\/wp-content\/uploads\/2019\/07\/1-300x200.jpg 300w, https:\/\/iolife.dope.studio\/wp-content\/uploads\/2019\/07\/1-1024x683.jpg 1024w, https:\/\/iolife.dope.studio\/wp-content\/uploads\/2019\/07\/1-768x512.jpg 768w, https:\/\/iolife.dope.studio\/wp-content\/uploads\/2019\/07\/1-800x533.jpg 800w, https:\/\/iolife.dope.studio\/wp-content\/uploads\/2019\/07\/1-672x448.jpg 672w, https:\/\/iolife.dope.studio\/wp-content\/uploads\/2019\/07\/1-1038x692.jpg 1038w, https:\/\/iolife.dope.studio\/wp-content\/uploads\/2019\/07\/1-480x320.jpg 480w\" sizes=\"auto, (max-width: 480px) 100vw, 480px\" \/><span class=\"hover-element\"><i>+<\/i><\/span><\/a><\/div><!--end post-image-->\n\t\t\n            <div class=\"post-header\">\n\n\t\t\t\t                    <h3 class=\"post-title entry-title\"><a href=\"https:\/\/iolife.dope.studio\/de\/was-sind-die-ursachen-fuer-maennliche-unfruchtbarkeit-und-wie-haeufig-ist-unfruchtbarkeit-bei-maennern\/\">Was sind die Ursachen f\u00fcr m\u00e4nnliche Unfruchtbarkeit und wie h\u00e4ufig ist Unfruchtbarkeit bei M\u00e4nnern?<\/a>\n                    <\/h3>\n\t\t\t\t\n                <span class=\"post-meta\">\n                    <small class=\"meta-author author vcard\"><a class=\"url fn n\" href=\"https:\/\/iolife.dope.studio\/de\/author\/artcom\/\" title=\"View all POSTS by artcom\" rel=\"author\"> <span class=\"author-name\">artcom<\/span><\/a><\/small>, <small><a href=\"https:\/\/iolife.dope.studio\/de\/was-sind-die-ursachen-fuer-maennliche-unfruchtbarkeit-und-wie-haeufig-ist-unfruchtbarkeit-bei-maennern\/\" rel=\"bookmark\" class=\"post-time\"><time class=\"entry-date\" datetime=\"2019-07-15T17:02:42+03:00\">15. Juli 2019<\/time><time class=\"modify-date hide hidden updated\" datetime=\"2020-12-10T17:59:05+02:00\">10. Dezember 2020<\/time><\/a><\/small>, <small class=\"meta-category\"><a href=\"https:\/\/iolife.dope.studio\/de\/category\/articles-en-de\/\" rel=\"category tag\">Articles<\/a>, <a href=\"https:\/\/iolife.dope.studio\/de\/category\/male-infertility-en-arthra-en-de\/\" rel=\"category tag\">Male Inferitlity<\/a><\/small>, <small class=\"meta-comment-count\"><a href=\"https:\/\/iolife.dope.studio\/de\/was-sind-die-ursachen-fuer-maennliche-unfruchtbarkeit-und-wie-haeufig-ist-unfruchtbarkeit-bei-maennern\/#comments\">0 <i class=\"icon-chat-1 hover-tip\" data-original-title=\"This article has 0 comments\" data-toggle=\"tooltip\" data-placement=\"top\"><\/i><\/a><\/small>                <\/span>\n\n            <\/div><!--end post-header-->\n\n\t\t\t\n\t\t\t\t                    <div class=\"post-info\">\n\n                        <div class=\"entry-summary\">\n\t\t\t\t\t\t\t<p>Mehr als 90\u00a0% der m\u00e4nnlichen Unfruchtbarkeit wird durch Anomalien der Spermien verursacht, darunter eine schlechte Spermienqualit\u00e4t, eine niedrige Spermienzahl,...<\/p>                        <\/div><!-- .entry-summary -->\n\n                    <\/div><!--end post-info-->\n\t\t\t\t\n\t\t\t\n\t\t\n        <div class=\"post-footer\">\n            <small>\n\t\t\t\t<a href=\"#\" class=\"item-likes\" id=\"item-likes-10314\" title=\"Like this\"><span class=\"item-likes-count\">1<\/span> <span class=\"item-likes-postfix\">like<\/span><\/a>\n\t\t\t\t                    <a href=\"https:\/\/iolife.dope.studio\/de\/was-sind-die-ursachen-fuer-maennliche-unfruchtbarkeit-und-wie-haeufig-ist-unfruchtbarkeit-bei-maennern\/\"><span class=\"muted pull-right\">\n\t\t\t\t\t\tRead more<\/span>\n                    <\/a>\n\t\t\t\t\n            <\/small>\n        <\/div><!--end post-footer-->\n\n    <\/div><!--end post-content-->\n<\/article>\n\n\n\t<\/div> <!-- END post listing -->\n\n\t\n[\/vc_column][\/vc_row]<\/p>\n<\/div>","protected":false},"excerpt":{"rendered":"<p>[vc_row][vc_column][\/vc_column][\/vc_row]<\/p>\n","protected":false},"author":1,"featured_media":0,"parent":0,"menu_order":0,"comment_status":"closed","ping_status":"closed","template":"","meta":{"footnotes":""},"categories":[],"tags":[],"class_list":["post-29966","page","type-page","status-publish","hentry"],"yoast_head":"<!-- This site is optimized with the Yoast SEO Premium plugin v27.3 (Yoast SEO v27.3) - https:\/\/yoast.com\/product\/yoast-seo-premium-wordpress\/ -->\n<title>Artikel - Institute of Life<\/title>\n<meta name=\"robots\" content=\"index, follow, max-snippet:-1, max-image-preview:large, max-video-preview:-1\" \/>\n<link rel=\"canonical\" href=\"https:\/\/iolife.dope.studio\/de\/artikel\/\" \/>\n<meta property=\"og:locale\" content=\"de_DE\" \/>\n<meta property=\"og:type\" content=\"article\" \/>\n<meta property=\"og:title\" content=\"Artikel\" \/>\n<meta property=\"og:description\" content=\"[vc_row][vc_column][\/vc_column][\/vc_row]\" \/>\n<meta property=\"og:url\" content=\"https:\/\/iolife.dope.studio\/de\/artikel\/\" \/>\n<meta property=\"og:site_name\" content=\"Institute of Life\" \/>\n<meta property=\"article:publisher\" content=\"https:\/\/web.facebook.com\/iolifeiaso?_rdc=1&amp;amp%3bamp%3bamp%3bamp%3bamp%3bamp%3bamp%3bamp%3bamp%3bamp%3bamp%3bamp%3bamp%3bamp%3bamp%3bamp%3bamp%3b_rdr\" \/>\n<meta property=\"article:modified_time\" content=\"2020-12-10T15:18:01+00:00\" \/>\n<meta name=\"twitter:card\" content=\"summary_large_image\" \/>\n<script type=\"application\/ld+json\" class=\"yoast-schema-graph\">{\"@context\":\"https:\\\/\\\/schema.org\",\"@graph\":[{\"@type\":\"WebPage\",\"@id\":\"https:\\\/\\\/iolife.dope.studio\\\/de\\\/artikel\\\/\",\"url\":\"https:\\\/\\\/iolife.dope.studio\\\/de\\\/artikel\\\/\",\"name\":\"Artikel - Institute of Life\",\"isPartOf\":{\"@id\":\"https:\\\/\\\/iolife.dope.studio\\\/de\\\/#website\"},\"datePublished\":\"2020-07-02T10:16:18+00:00\",\"dateModified\":\"2020-12-10T15:18:01+00:00\",\"breadcrumb\":{\"@id\":\"https:\\\/\\\/iolife.dope.studio\\\/de\\\/artikel\\\/#breadcrumb\"},\"inLanguage\":\"de-DE\",\"potentialAction\":[{\"@type\":\"ReadAction\",\"target\":[\"https:\\\/\\\/iolife.dope.studio\\\/de\\\/artikel\\\/\"]}]},{\"@type\":\"BreadcrumbList\",\"@id\":\"https:\\\/\\\/iolife.dope.studio\\\/de\\\/artikel\\\/#breadcrumb\",\"itemListElement\":[{\"@type\":\"ListItem\",\"position\":1,\"name\":\"Home\",\"item\":\"https:\\\/\\\/iolife.dope.studio\\\/de\\\/\"},{\"@type\":\"ListItem\",\"position\":2,\"name\":\"Artikel\"}]},{\"@type\":\"WebSite\",\"@id\":\"https:\\\/\\\/iolife.dope.studio\\\/de\\\/#website\",\"url\":\"https:\\\/\\\/iolife.dope.studio\\\/de\\\/\",\"name\":\"Institute of Life\",\"description\":\"\",\"publisher\":{\"@id\":\"https:\\\/\\\/iolife.dope.studio\\\/de\\\/#organization\"},\"potentialAction\":[{\"@type\":\"SearchAction\",\"target\":{\"@type\":\"EntryPoint\",\"urlTemplate\":\"https:\\\/\\\/iolife.dope.studio\\\/de\\\/?s={search_term_string}\"},\"query-input\":{\"@type\":\"PropertyValueSpecification\",\"valueRequired\":true,\"valueName\":\"search_term_string\"}}],\"inLanguage\":\"de-DE\"},{\"@type\":\"Organization\",\"@id\":\"https:\\\/\\\/iolife.dope.studio\\\/de\\\/#organization\",\"name\":\"Institute of Life\",\"url\":\"https:\\\/\\\/iolife.dope.studio\\\/de\\\/\",\"logo\":{\"@type\":\"ImageObject\",\"inLanguage\":\"de-DE\",\"@id\":\"https:\\\/\\\/iolife.dope.studio\\\/de\\\/#\\\/schema\\\/logo\\\/image\\\/\",\"url\":\"https:\\\/\\\/iolife.dope.studiowp-content\\\/uploads\\\/2020\\\/05\\\/4.png\",\"contentUrl\":\"https:\\\/\\\/iolife.dope.studiowp-content\\\/uploads\\\/2020\\\/05\\\/4.png\",\"width\":908,\"height\":908,\"caption\":\"Institute of Life\"},\"image\":{\"@id\":\"https:\\\/\\\/iolife.dope.studio\\\/de\\\/#\\\/schema\\\/logo\\\/image\\\/\"},\"sameAs\":[\"https:\\\/\\\/web.facebook.com\\\/iolifeiaso?_rdc=1&amp;amp;amp;amp;amp;amp;amp;amp;amp;amp;amp;amp;amp;amp;amp;amp;amp;_rdr\",\"https:\\\/\\\/www.youtube.com\\\/channel\\\/UCyIFMT16nMiZR0jGOyAJBTw\"]}]}<\/script>\n<!-- \/ Yoast SEO Premium plugin. -->","yoast_head_json":{"title":"Artikel - Institute of Life","robots":{"index":"index","follow":"follow","max-snippet":"max-snippet:-1","max-image-preview":"max-image-preview:large","max-video-preview":"max-video-preview:-1"},"canonical":"https:\/\/iolife.dope.studio\/de\/artikel\/","og_locale":"de_DE","og_type":"article","og_title":"Artikel","og_description":"[vc_row][vc_column][\/vc_column][\/vc_row]","og_url":"https:\/\/iolife.dope.studio\/de\/artikel\/","og_site_name":"Institute of Life","article_publisher":"https:\/\/web.facebook.com\/iolifeiaso?_rdc=1&amp%3bamp%3bamp%3bamp%3bamp%3bamp%3bamp%3bamp%3bamp%3bamp%3bamp%3bamp%3bamp%3bamp%3bamp%3bamp%3bamp%3b_rdr","article_modified_time":"2020-12-10T15:18:01+00:00","twitter_card":"summary_large_image","schema":{"@context":"https:\/\/schema.org","@graph":[{"@type":"WebPage","@id":"https:\/\/iolife.dope.studio\/de\/artikel\/","url":"https:\/\/iolife.dope.studio\/de\/artikel\/","name":"Artikel - Institute of Life","isPartOf":{"@id":"https:\/\/iolife.dope.studio\/de\/#website"},"datePublished":"2020-07-02T10:16:18+00:00","dateModified":"2020-12-10T15:18:01+00:00","breadcrumb":{"@id":"https:\/\/iolife.dope.studio\/de\/artikel\/#breadcrumb"},"inLanguage":"de-DE","potentialAction":[{"@type":"ReadAction","target":["https:\/\/iolife.dope.studio\/de\/artikel\/"]}]},{"@type":"BreadcrumbList","@id":"https:\/\/iolife.dope.studio\/de\/artikel\/#breadcrumb","itemListElement":[{"@type":"ListItem","position":1,"name":"Home","item":"https:\/\/iolife.dope.studio\/de\/"},{"@type":"ListItem","position":2,"name":"Artikel"}]},{"@type":"WebSite","@id":"https:\/\/iolife.dope.studio\/de\/#website","url":"https:\/\/iolife.dope.studio\/de\/","name":"Institute of Life","description":"","publisher":{"@id":"https:\/\/iolife.dope.studio\/de\/#organization"},"potentialAction":[{"@type":"SearchAction","target":{"@type":"EntryPoint","urlTemplate":"https:\/\/iolife.dope.studio\/de\/?s={search_term_string}"},"query-input":{"@type":"PropertyValueSpecification","valueRequired":true,"valueName":"search_term_string"}}],"inLanguage":"de-DE"},{"@type":"Organization","@id":"https:\/\/iolife.dope.studio\/de\/#organization","name":"Institute of Life","url":"https:\/\/iolife.dope.studio\/de\/","logo":{"@type":"ImageObject","inLanguage":"de-DE","@id":"https:\/\/iolife.dope.studio\/de\/#\/schema\/logo\/image\/","url":"https:\/\/iolife.dope.studiowp-content\/uploads\/2020\/05\/4.png","contentUrl":"https:\/\/iolife.dope.studiowp-content\/uploads\/2020\/05\/4.png","width":908,"height":908,"caption":"Institute of Life"},"image":{"@id":"https:\/\/iolife.dope.studio\/de\/#\/schema\/logo\/image\/"},"sameAs":["https:\/\/web.facebook.com\/iolifeiaso?_rdc=1&amp;amp;amp;amp;amp;amp;amp;amp;amp;amp;amp;amp;amp;amp;amp;amp;amp;_rdr","https:\/\/www.youtube.com\/channel\/UCyIFMT16nMiZR0jGOyAJBTw"]}]}},"_links":{"self":[{"href":"https:\/\/iolife.dope.studio\/de\/wp-json\/wp\/v2\/pages\/29966","targetHints":{"allow":["GET"]}}],"collection":[{"href":"https:\/\/iolife.dope.studio\/de\/wp-json\/wp\/v2\/pages"}],"about":[{"href":"https:\/\/iolife.dope.studio\/de\/wp-json\/wp\/v2\/types\/page"}],"author":[{"embeddable":true,"href":"https:\/\/iolife.dope.studio\/de\/wp-json\/wp\/v2\/users\/1"}],"replies":[{"embeddable":true,"href":"https:\/\/iolife.dope.studio\/de\/wp-json\/wp\/v2\/comments?post=29966"}],"version-history":[{"count":0,"href":"https:\/\/iolife.dope.studio\/de\/wp-json\/wp\/v2\/pages\/29966\/revisions"}],"wp:attachment":[{"href":"https:\/\/iolife.dope.studio\/de\/wp-json\/wp\/v2\/media?parent=29966"}],"wp:term":[{"taxonomy":"category","embeddable":true,"href":"https:\/\/iolife.dope.studio\/de\/wp-json\/wp\/v2\/categories?post=29966"},{"taxonomy":"post_tag","embeddable":true,"href":"https:\/\/iolife.dope.studio\/de\/wp-json\/wp\/v2\/tags?post=29966"}],"curies":[{"name":"wp","href":"https:\/\/api.w.org\/{rel}","templated":true}]}}