{"id":29910,"date":"2020-07-13T10:03:40","date_gmt":"2020-07-13T10:03:40","guid":{"rendered":"https:\/\/www.iolife.eu\/wir-schaffen-gemeinsam\/psychological-support\/"},"modified":"2020-12-11T12:46:30","modified_gmt":"2020-12-11T10:46:30","slug":"psychologische-unterstuetzung","status":"publish","type":"page","link":"https:\/\/iolife.dope.studio\/de\/wir-schaffen-gemeinsam\/psychologische-unterstuetzung\/","title":{"rendered":"Psychologische Unterst\u00fctzung"},"content":{"rendered":"<div class=\"wpb-content-wrapper\"><p>[vc_row][vc_column width=&#8220;1\/2&#8243;][vc_single_image image=&#8220;26112&#8243; img_size=&#8220;large&#8220; full_width=&#8220;yes&#8220;][\/vc_column][vc_column width=&#8220;1\/2&#8243;][vc_column_text]Die In-vitro-Fertilisation ist ein Prozess, der Paaren mit Unfruchtbarkeitsproblemen gro\u00dfe Hoffnung gibt, endlich das Kind zu bekommen, das sie sich so sehr w\u00fcnschen. St\u00e4ndige wissenschaftliche Entwicklungen und Verbesserungen auf diesem Gebiet lassen ein positives Ergebnis immer wahrscheinlicher werden.<\/p>\n<p>Unfruchtbarkeit und ihre Behandlung k\u00f6nnen manchmal erh\u00f6hte Belastungen und \u00c4ngste verursachen, die f\u00fcr die psychische Gesundheit der Paare unangenehm und schmerzhaft sind. Viele Menschen empfinden Unfruchtbarkeit als Rollenverlust und \u00fcbersetzen sie als eine Herausforderung f\u00fcr ihre Weiblichkeit oder M\u00e4nnlichkeit.<\/p>\n<p>Sie sind mit diesem Prozess nicht allein. Im Institute of Life stehen wir Ihnen mit Beratungsdiensten zur Seite, die der Gesundheit zugutekommen und gleichzeitig das psychische Gleichgewicht unfruchtbarer Paare sowohl w\u00e4hrend der Behandlung als auch nach deren Abschluss verbessern.[\/vc_column_text][\/vc_column][\/vc_row][vc_row padding_top=&#8220;&#8220;][vc_column][vc_separator][vc_row_inner equal_height=&#8220;yes&#8220; content_placement=&#8220;top&#8220; gap=&#8220;20&#8243;][vc_column_inner width=&#8220;1\/2&#8243; css=&#8220;.vc_custom_1594637655735{border-top-width: 2px !important;border-right-width: 2px !important;border-bottom-width: 2px !important;border-left-width: 2px !important;border-left-color: #eaeaea !important;border-left-style: solid !important;border-right-color: #eaeaea !important;border-right-style: solid !important;border-top-color: #eaeaea !important;border-top-style: solid !important;border-bottom-color: #eaeaea !important;border-bottom-style: solid !important;}&#8220;][vc_column_text css=&#8220;.vc_custom_1607683587686{padding-top: 10px !important;padding-bottom: 20px !important;}&#8220;]<\/p>\n<h3>Wobei hilft mir der Fachpsychologe?<\/h3>\n<p>Die Abteilung Psychologie\/Beratung des Institute of Life konzentriert sich auf Informationen \u00fcber den Umgang mit Gedanken und Emotionen (Umgang mit negativen Gedanken, Erlernen von Entspannungstechniken) und f\u00f6rdert so die psychische Gesundheit und das psychische Gleichgewicht von Paaren.<\/p>\n<p>Das vorrangige Ziel der Fachperson ist es, entweder Frauen einzeln oder Paaren dabei beim Umgang mit folgenden Situationen zu helfen:<\/p>\n<ul>\n<li>die intensiven emotionalen Ver\u00e4nderungen, die sie erleben (Angst, Stress), zu verarbeiten<\/li>\n<li>sich an die Umst\u00e4nde der Behandlung anzupassen und mit Realismus und Optimismus auf sie zu reagieren.<\/li>\n<li>Gef\u00fchle von Schuld und Trauer zu verarbeiten, insbesondere nach einem gescheiterten Versuch<\/li>\n<li>ihr Selbstwertgef\u00fchl und Selbstvertrauen zu st\u00e4rken<\/li>\n<li>effektiv mit externem Druck (z.\u00a0B. Familie, soziales Umfeld) umzugehen, der den Stress verst\u00e4rken kann.<\/li>\n<\/ul>\n<p>[\/vc_column_text][\/vc_column_inner][vc_column_inner width=&#8220;1\/2&#8243; css=&#8220;.vc_custom_1594637591092{border-top-width: 2px !important;border-right-width: 2px !important;border-bottom-width: 2px !important;border-left-width: 2px !important;border-left-color: #ededed !important;border-left-style: solid !important;border-right-color: #ededed !important;border-right-style: solid !important;border-top-color: #ededed !important;border-top-style: solid !important;border-bottom-color: #ededed !important;border-bottom-style: solid !important;}&#8220;][vc_column_text css=&#8220;.vc_custom_1607595536464{padding-top: 10px !important;padding-bottom: 20px !important;}&#8220;]<\/p>\n<h3>Welche Beratungsdienste sind verf\u00fcgbar?<\/h3>\n<p>Die Dienstleistungen, die allen Paaren im Institute of Life zur Verf\u00fcgung stehen, sind folgende:<\/p>\n<ul>\n<li>Individuelle Beratung<\/li>\n<li>Paarberatung<\/li>\n<\/ul>\n<p>Der Beratungsdienst ist ein <strong>kostenloser und vertraulicher<\/strong> Service f\u00fcr alle Patienten, die zur Behandlung in die Klinik des Institute of Life kommen.<\/p>\n<p>Die Treffen mit einem Psychologen erfolgen nach R\u00fccksprache mit dem Sekretariat des Zentrums unter <strong>+30 210 6184030 &amp; +30 2106184022.<\/strong><\/p>\n<p>[\/vc_column_text][\/vc_column_inner][\/vc_row_inner][\/vc_column][\/vc_row]<\/p>\n<\/div>","protected":false},"excerpt":{"rendered":"<p>[vc_row][vc_column width=&#8220;1\/2&#8243;][vc_single_image image=&#8220;26112&#8243; img_size=&#8220;large&#8220; full_width=&#8220;yes&#8220;][\/vc_column][vc_column width=&#8220;1\/2&#8243;][vc_column_text]Die In-vitro-Fertilisation ist ein Prozess, der Paaren mit Unfruchtbarkeitsproblemen gro\u00dfe Hoffnung gibt, endlich das Kind zu bekommen, das sie sich so sehr w\u00fcnschen. St\u00e4ndige wissenschaftliche Entwicklungen und Verbesserungen auf diesem Gebiet lassen ein positives Ergebnis immer wahrscheinlicher werden. Unfruchtbarkeit und ihre Behandlung k\u00f6nnen manchmal erh\u00f6hte Belastungen und \u00c4ngste verursachen, die f\u00fcr die psychische Gesundheit der [&hellip;]<\/p>\n","protected":false},"author":1,"featured_media":0,"parent":29568,"menu_order":0,"comment_status":"closed","ping_status":"closed","template":"","meta":{"footnotes":""},"categories":[],"tags":[],"class_list":["post-29910","page","type-page","status-publish","hentry"],"yoast_head":"<!-- This site is optimized with the Yoast SEO Premium plugin v27.3 (Yoast SEO v27.3) - https:\/\/yoast.com\/product\/yoast-seo-premium-wordpress\/ -->\n<title>Psychologische Unterst\u00fctzung - Institute of Life<\/title>\n<meta name=\"robots\" content=\"index, follow, max-snippet:-1, max-image-preview:large, max-video-preview:-1\" \/>\n<link rel=\"canonical\" href=\"https:\/\/iolife.dope.studio\/de\/wir-schaffen-gemeinsam\/psychologische-unterstuetzung\/\" \/>\n<meta property=\"og:locale\" content=\"de_DE\" \/>\n<meta property=\"og:type\" content=\"article\" \/>\n<meta property=\"og:title\" content=\"Psychologische Unterst\u00fctzung\" \/>\n<meta property=\"og:description\" content=\"[vc_row][vc_column width=&#8220;1\/2&#8243;][vc_single_image image=&#8220;26112&#8243; img_size=&#8220;large&#8220; full_width=&#8220;yes&#8220;][\/vc_column][vc_column width=&#8220;1\/2&#8243;][vc_column_text]Die In-vitro-Fertilisation ist ein Prozess, der Paaren mit Unfruchtbarkeitsproblemen gro\u00dfe Hoffnung gibt, endlich das Kind zu bekommen, das sie sich so sehr w\u00fcnschen. St\u00e4ndige wissenschaftliche Entwicklungen und Verbesserungen auf diesem Gebiet lassen ein positives Ergebnis immer wahrscheinlicher werden. Unfruchtbarkeit und ihre Behandlung k\u00f6nnen manchmal erh\u00f6hte Belastungen und \u00c4ngste verursachen, die f\u00fcr die psychische Gesundheit der [&hellip;]\" \/>\n<meta property=\"og:url\" content=\"https:\/\/iolife.dope.studio\/de\/wir-schaffen-gemeinsam\/psychologische-unterstuetzung\/\" \/>\n<meta property=\"og:site_name\" content=\"Institute of Life\" \/>\n<meta property=\"article:publisher\" content=\"https:\/\/web.facebook.com\/iolifeiaso?_rdc=1&amp;amp%3bamp%3bamp%3bamp%3bamp%3bamp%3bamp%3bamp%3bamp%3bamp%3bamp%3bamp%3bamp%3bamp%3bamp%3bamp%3bamp%3b_rdr\" \/>\n<meta property=\"article:modified_time\" content=\"2020-12-11T10:46:30+00:00\" \/>\n<meta name=\"twitter:card\" content=\"summary_large_image\" \/>\n<meta name=\"twitter:label1\" content=\"Gesch\u00e4tzte Lesezeit\" \/>\n\t<meta name=\"twitter:data1\" content=\"2 Minuten\" \/>\n<script type=\"application\/ld+json\" class=\"yoast-schema-graph\">{\"@context\":\"https:\\\/\\\/schema.org\",\"@graph\":[{\"@type\":\"WebPage\",\"@id\":\"https:\\\/\\\/iolife.dope.studio\\\/de\\\/wir-schaffen-gemeinsam\\\/psychologische-unterstuetzung\\\/\",\"url\":\"https:\\\/\\\/iolife.dope.studio\\\/de\\\/wir-schaffen-gemeinsam\\\/psychologische-unterstuetzung\\\/\",\"name\":\"Psychologische Unterst\u00fctzung - Institute of Life\",\"isPartOf\":{\"@id\":\"https:\\\/\\\/iolife.dope.studio\\\/de\\\/#website\"},\"datePublished\":\"2020-07-13T10:03:40+00:00\",\"dateModified\":\"2020-12-11T10:46:30+00:00\",\"breadcrumb\":{\"@id\":\"https:\\\/\\\/iolife.dope.studio\\\/de\\\/wir-schaffen-gemeinsam\\\/psychologische-unterstuetzung\\\/#breadcrumb\"},\"inLanguage\":\"de-DE\",\"potentialAction\":[{\"@type\":\"ReadAction\",\"target\":[\"https:\\\/\\\/iolife.dope.studio\\\/de\\\/wir-schaffen-gemeinsam\\\/psychologische-unterstuetzung\\\/\"]}]},{\"@type\":\"BreadcrumbList\",\"@id\":\"https:\\\/\\\/iolife.dope.studio\\\/de\\\/wir-schaffen-gemeinsam\\\/psychologische-unterstuetzung\\\/#breadcrumb\",\"itemListElement\":[{\"@type\":\"ListItem\",\"position\":1,\"name\":\"Home\",\"item\":\"https:\\\/\\\/iolife.dope.studio\\\/de\\\/\"},{\"@type\":\"ListItem\",\"position\":2,\"name\":\"Wir Schaffen Gemeinsam\",\"item\":\"https:\\\/\\\/iolife.dope.studio\\\/de\\\/wir-schaffen-gemeinsam\\\/\"},{\"@type\":\"ListItem\",\"position\":3,\"name\":\"Psychologische Unterst\u00fctzung\"}]},{\"@type\":\"WebSite\",\"@id\":\"https:\\\/\\\/iolife.dope.studio\\\/de\\\/#website\",\"url\":\"https:\\\/\\\/iolife.dope.studio\\\/de\\\/\",\"name\":\"Institute of Life\",\"description\":\"\",\"publisher\":{\"@id\":\"https:\\\/\\\/iolife.dope.studio\\\/de\\\/#organization\"},\"potentialAction\":[{\"@type\":\"SearchAction\",\"target\":{\"@type\":\"EntryPoint\",\"urlTemplate\":\"https:\\\/\\\/iolife.dope.studio\\\/de\\\/?s={search_term_string}\"},\"query-input\":{\"@type\":\"PropertyValueSpecification\",\"valueRequired\":true,\"valueName\":\"search_term_string\"}}],\"inLanguage\":\"de-DE\"},{\"@type\":\"Organization\",\"@id\":\"https:\\\/\\\/iolife.dope.studio\\\/de\\\/#organization\",\"name\":\"Institute of Life\",\"url\":\"https:\\\/\\\/iolife.dope.studio\\\/de\\\/\",\"logo\":{\"@type\":\"ImageObject\",\"inLanguage\":\"de-DE\",\"@id\":\"https:\\\/\\\/iolife.dope.studio\\\/de\\\/#\\\/schema\\\/logo\\\/image\\\/\",\"url\":\"https:\\\/\\\/iolife.dope.studiowp-content\\\/uploads\\\/2020\\\/05\\\/4.png\",\"contentUrl\":\"https:\\\/\\\/iolife.dope.studiowp-content\\\/uploads\\\/2020\\\/05\\\/4.png\",\"width\":908,\"height\":908,\"caption\":\"Institute of Life\"},\"image\":{\"@id\":\"https:\\\/\\\/iolife.dope.studio\\\/de\\\/#\\\/schema\\\/logo\\\/image\\\/\"},\"sameAs\":[\"https:\\\/\\\/web.facebook.com\\\/iolifeiaso?_rdc=1&amp;amp;amp;amp;amp;amp;amp;amp;amp;amp;amp;amp;amp;amp;amp;amp;amp;_rdr\",\"https:\\\/\\\/www.youtube.com\\\/channel\\\/UCyIFMT16nMiZR0jGOyAJBTw\"]}]}<\/script>\n<!-- \/ Yoast SEO Premium plugin. -->","yoast_head_json":{"title":"Psychologische Unterst\u00fctzung - Institute of Life","robots":{"index":"index","follow":"follow","max-snippet":"max-snippet:-1","max-image-preview":"max-image-preview:large","max-video-preview":"max-video-preview:-1"},"canonical":"https:\/\/iolife.dope.studio\/de\/wir-schaffen-gemeinsam\/psychologische-unterstuetzung\/","og_locale":"de_DE","og_type":"article","og_title":"Psychologische Unterst\u00fctzung","og_description":"[vc_row][vc_column width=&#8220;1\/2&#8243;][vc_single_image image=&#8220;26112&#8243; img_size=&#8220;large&#8220; full_width=&#8220;yes&#8220;][\/vc_column][vc_column width=&#8220;1\/2&#8243;][vc_column_text]Die In-vitro-Fertilisation ist ein Prozess, der Paaren mit Unfruchtbarkeitsproblemen gro\u00dfe Hoffnung gibt, endlich das Kind zu bekommen, das sie sich so sehr w\u00fcnschen. St\u00e4ndige wissenschaftliche Entwicklungen und Verbesserungen auf diesem Gebiet lassen ein positives Ergebnis immer wahrscheinlicher werden. Unfruchtbarkeit und ihre Behandlung k\u00f6nnen manchmal erh\u00f6hte Belastungen und \u00c4ngste verursachen, die f\u00fcr die psychische Gesundheit der [&hellip;]","og_url":"https:\/\/iolife.dope.studio\/de\/wir-schaffen-gemeinsam\/psychologische-unterstuetzung\/","og_site_name":"Institute of Life","article_publisher":"https:\/\/web.facebook.com\/iolifeiaso?_rdc=1&amp%3bamp%3bamp%3bamp%3bamp%3bamp%3bamp%3bamp%3bamp%3bamp%3bamp%3bamp%3bamp%3bamp%3bamp%3bamp%3bamp%3b_rdr","article_modified_time":"2020-12-11T10:46:30+00:00","twitter_card":"summary_large_image","twitter_misc":{"Gesch\u00e4tzte Lesezeit":"2 Minuten"},"schema":{"@context":"https:\/\/schema.org","@graph":[{"@type":"WebPage","@id":"https:\/\/iolife.dope.studio\/de\/wir-schaffen-gemeinsam\/psychologische-unterstuetzung\/","url":"https:\/\/iolife.dope.studio\/de\/wir-schaffen-gemeinsam\/psychologische-unterstuetzung\/","name":"Psychologische Unterst\u00fctzung - Institute of Life","isPartOf":{"@id":"https:\/\/iolife.dope.studio\/de\/#website"},"datePublished":"2020-07-13T10:03:40+00:00","dateModified":"2020-12-11T10:46:30+00:00","breadcrumb":{"@id":"https:\/\/iolife.dope.studio\/de\/wir-schaffen-gemeinsam\/psychologische-unterstuetzung\/#breadcrumb"},"inLanguage":"de-DE","potentialAction":[{"@type":"ReadAction","target":["https:\/\/iolife.dope.studio\/de\/wir-schaffen-gemeinsam\/psychologische-unterstuetzung\/"]}]},{"@type":"BreadcrumbList","@id":"https:\/\/iolife.dope.studio\/de\/wir-schaffen-gemeinsam\/psychologische-unterstuetzung\/#breadcrumb","itemListElement":[{"@type":"ListItem","position":1,"name":"Home","item":"https:\/\/iolife.dope.studio\/de\/"},{"@type":"ListItem","position":2,"name":"Wir Schaffen Gemeinsam","item":"https:\/\/iolife.dope.studio\/de\/wir-schaffen-gemeinsam\/"},{"@type":"ListItem","position":3,"name":"Psychologische Unterst\u00fctzung"}]},{"@type":"WebSite","@id":"https:\/\/iolife.dope.studio\/de\/#website","url":"https:\/\/iolife.dope.studio\/de\/","name":"Institute of Life","description":"","publisher":{"@id":"https:\/\/iolife.dope.studio\/de\/#organization"},"potentialAction":[{"@type":"SearchAction","target":{"@type":"EntryPoint","urlTemplate":"https:\/\/iolife.dope.studio\/de\/?s={search_term_string}"},"query-input":{"@type":"PropertyValueSpecification","valueRequired":true,"valueName":"search_term_string"}}],"inLanguage":"de-DE"},{"@type":"Organization","@id":"https:\/\/iolife.dope.studio\/de\/#organization","name":"Institute of Life","url":"https:\/\/iolife.dope.studio\/de\/","logo":{"@type":"ImageObject","inLanguage":"de-DE","@id":"https:\/\/iolife.dope.studio\/de\/#\/schema\/logo\/image\/","url":"https:\/\/iolife.dope.studiowp-content\/uploads\/2020\/05\/4.png","contentUrl":"https:\/\/iolife.dope.studiowp-content\/uploads\/2020\/05\/4.png","width":908,"height":908,"caption":"Institute of Life"},"image":{"@id":"https:\/\/iolife.dope.studio\/de\/#\/schema\/logo\/image\/"},"sameAs":["https:\/\/web.facebook.com\/iolifeiaso?_rdc=1&amp;amp;amp;amp;amp;amp;amp;amp;amp;amp;amp;amp;amp;amp;amp;amp;amp;_rdr","https:\/\/www.youtube.com\/channel\/UCyIFMT16nMiZR0jGOyAJBTw"]}]}},"_links":{"self":[{"href":"https:\/\/iolife.dope.studio\/de\/wp-json\/wp\/v2\/pages\/29910","targetHints":{"allow":["GET"]}}],"collection":[{"href":"https:\/\/iolife.dope.studio\/de\/wp-json\/wp\/v2\/pages"}],"about":[{"href":"https:\/\/iolife.dope.studio\/de\/wp-json\/wp\/v2\/types\/page"}],"author":[{"embeddable":true,"href":"https:\/\/iolife.dope.studio\/de\/wp-json\/wp\/v2\/users\/1"}],"replies":[{"embeddable":true,"href":"https:\/\/iolife.dope.studio\/de\/wp-json\/wp\/v2\/comments?post=29910"}],"version-history":[{"count":0,"href":"https:\/\/iolife.dope.studio\/de\/wp-json\/wp\/v2\/pages\/29910\/revisions"}],"up":[{"embeddable":true,"href":"https:\/\/iolife.dope.studio\/de\/wp-json\/wp\/v2\/pages\/29568"}],"wp:attachment":[{"href":"https:\/\/iolife.dope.studio\/de\/wp-json\/wp\/v2\/media?parent=29910"}],"wp:term":[{"taxonomy":"category","embeddable":true,"href":"https:\/\/iolife.dope.studio\/de\/wp-json\/wp\/v2\/categories?post=29910"},{"taxonomy":"post_tag","embeddable":true,"href":"https:\/\/iolife.dope.studio\/de\/wp-json\/wp\/v2\/tags?post=29910"}],"curies":[{"name":"wp","href":"https:\/\/api.w.org\/{rel}","templated":true}]}}