{"id":29384,"date":"2020-11-24T21:17:22","date_gmt":"2020-11-24T19:17:22","guid":{"rendered":"https:\/\/www.iolife.eu\/unser-labor\/ri-witness-system\/"},"modified":"2020-12-04T16:52:36","modified_gmt":"2020-12-04T14:52:36","slug":"ri-witness-system","status":"publish","type":"page","link":"https:\/\/iolife.dope.studio\/de\/wir\/unser-labor\/ri-witness-system\/","title":{"rendered":"RI Witness System"},"content":{"rendered":"<div class=\"wpb-content-wrapper\"><p>[vc_row equal_height=&#8220;yes&#8220; type=&#8220;color&#8220; vertical_align=&#8220;yes&#8220; column_gap=&#8220;no&#8220; padding_top=&#8220;0&#8243; padding_bottom=&#8220;&#8220; margin_top=&#8220;0&#8243;][vc_column width=&#8220;1\/3&#8243;][vc_column_text]<\/p>\n<h2>RI Witness-System<\/h2>\n<p>[\/vc_column_text][vc_empty_space height=&#8220;80&#8243;][\/vc_column][vc_column width=&#8220;1\/3&#8243; css=&#8220;.vc_custom_1585738318112{padding-right: 10% !important;padding-left: 10% !important;}&#8220;][\/vc_column][vc_column width=&#8220;1\/3&#8243;][vc_single_image image=&#8220;28700&#8243; img_size=&#8220;full&#8220; alignment=&#8220;right&#8220; full_width=&#8220;yes&#8220;][vc_empty_space height=&#8220;80&#8243;][\/vc_column][\/vc_row][vc_row type=&#8220;color&#8220; bg_color=&#8220;#e8e8e8&#8243;][vc_column width=&#8220;1\/3&#8243;][vc_column_text text_color=&#8220;#ffffff&#8220; css=&#8220;.vc_custom_1606245369781{margin-top: -150px !important;padding-top: 25% !important;padding-right: 12% !important;padding-bottom: 25% !important;padding-left: 12% !important;background-color: #ac6bbc !important;}&#8220;]<\/p>\n<h3><span style=\"color: #f7f5f5;\">One of the major advantages of the Institute of Life is its state-of-the-art Embryology Lab, equipped with the latest innovative and quality technology, it is considered one the best in Europe.<\/span><\/h3>\n<p>[\/vc_column_text][\/vc_column][vc_column width=&#8220;2\/3&#8243;][vc_column_text]Das RI Witness Management- und elektronische Identifizierungssystem erfasst und verfolgt alle Labor- und klinischen Verfahren. Mit anderen Worten, es fungiert als elektronisches Sicherheitsventil, da die Proben der Paare bei jedem Schritt des assistierten Reproduktionsprozesses zur\u00fcckverfolgt werden, wodurch menschliche Fehler ausgeschlossen werden. Das RI Witness-System erh\u00f6ht das Gef\u00fchl der Sicherheit w\u00e4hrend der gesamten Behandlung f\u00fcr Paare, die uns vertrauen.[\/vc_column_text][\/vc_column][\/vc_row][vc_row][vc_column][vc_text_separator title=&#8220;Relevante Themen&#8220;]\n\t<div class=\"kleo-carousel-container \">\n\t\t<div class=\"kleo-carousel-items kleo-carousel-post\" data-min-items=\"1\" data-max-items=\"6\">\n\t\t\t<ul class=\"kleo-carousel\">\n\n\t\t\t\t\n<li id=\"post-29433\" class=\"post-item col-sm-4 post-29433 page type-page status-publish has-post-thumbnail hentry category-ergastirio-en-de\">\n    <article>\n\n\t\t<div class=\"post-image\"><a href=\"https:\/\/iolife.dope.studio\/de\/wir\/unser-labor\/hydraulische-antivibrationstische-tmc\/\" class=\"element-wrap\"><img loading=\"lazy\" decoding=\"async\" width=\"480\" height=\"480\" src=\"https:\/\/iolife.dope.studio\/wp-content\/uploads\/2020\/11\/tmc1-newb-480x480.jpg\" class=\"attachment-kleo-post-gallery size-kleo-post-gallery wp-post-image\" alt=\"\u03c5\u03b4\u03c1\u03b1\u03c5\u03bb\u03b9\u03ba\u03cc \u03b1\u03bd\u03c4\u03b9\u03ba\u03c1\u03b1\u03b4\u03b1\u03c3\u03bc\u03b9\u03ba\u03cc \u03c4\u03c1\u03b1\u03c0\u03b5\u03b6\u03b9 TMC Institute of Life\" srcset=\"https:\/\/iolife.dope.studio\/wp-content\/uploads\/2020\/11\/tmc1-newb-480x480.jpg 480w, https:\/\/iolife.dope.studio\/wp-content\/uploads\/2020\/11\/tmc1-newb-300x300.jpg 300w, https:\/\/iolife.dope.studio\/wp-content\/uploads\/2020\/11\/tmc1-newb-150x150.jpg 150w, https:\/\/iolife.dope.studio\/wp-content\/uploads\/2020\/11\/tmc1-newb.jpg 500w\" sizes=\"auto, (max-width: 480px) 100vw, 480px\" \/><span class=\"hover-element\"><i>+<\/i><\/span><\/a><\/div><!--end post-image-->\n        <div class=\"entry-content\">\n            <h4 class=\"post-title entry-title\"><a href=\"https:\/\/iolife.dope.studio\/de\/wir\/unser-labor\/hydraulische-antivibrationstische-tmc\/\">Hydraulische Antivibrationstische \u2013 TMC<\/a><\/h4>\n\n\t\t\t                <hr>\n                <div class=\"entry-summary\">\n\t\t\t\t\t<p> Hydraulische Antivibrationstische \u2013 TMC  One of the major advantages of the Institute of Life is its state-of-the-art...<\/p>                <\/div><!-- .entry-summary -->\n\t\t\t        <\/div><!--end post-info-->\n\n    <\/article>\n<\/li>\n<li id=\"post-29412\" class=\"post-item col-sm-4 post-29412 page type-page status-publish has-post-thumbnail hentry category-ergastirio-en-de\">\n    <article>\n\n\t\t<div class=\"post-image\"><a href=\"https:\/\/iolife.dope.studio\/de\/wir\/unser-labor\/olympus-slicsi-und-polaraide-polskop-mikroskopie\/\" class=\"element-wrap\"><img loading=\"lazy\" decoding=\"async\" width=\"480\" height=\"480\" src=\"https:\/\/iolife.dope.studio\/wp-content\/uploads\/2020\/11\/olumpus-480x480.jpg\" class=\"attachment-kleo-post-gallery size-kleo-post-gallery wp-post-image\" alt=\"OLYMPUS Iolife \u03bc\u03b7\u03c7\u03ac\u03bd\u03b7\u03bc\u03b1 \u03bc\u03b9\u03ba\u03c1\u03bf\u03b3\u03bf\u03bd\u03b9\u03bc\u03bf\u03c0\u03bf\u03af\u03b7\u03c3\u03b7\u03c2\" srcset=\"https:\/\/iolife.dope.studio\/wp-content\/uploads\/2020\/11\/olumpus-480x480.jpg 480w, https:\/\/iolife.dope.studio\/wp-content\/uploads\/2020\/11\/olumpus-300x300.jpg 300w, https:\/\/iolife.dope.studio\/wp-content\/uploads\/2020\/11\/olumpus-1024x1024.jpg 1024w, https:\/\/iolife.dope.studio\/wp-content\/uploads\/2020\/11\/olumpus-150x150.jpg 150w, https:\/\/iolife.dope.studio\/wp-content\/uploads\/2020\/11\/olumpus-768x768.jpg 768w, https:\/\/iolife.dope.studio\/wp-content\/uploads\/2020\/11\/olumpus-672x672.jpg 672w, https:\/\/iolife.dope.studio\/wp-content\/uploads\/2020\/11\/olumpus-1038x1038.jpg 1038w, https:\/\/iolife.dope.studio\/wp-content\/uploads\/2020\/11\/olumpus.jpg 1200w\" sizes=\"auto, (max-width: 480px) 100vw, 480px\" \/><span class=\"hover-element\"><i>+<\/i><\/span><\/a><\/div><!--end post-image-->\n        <div class=\"entry-content\">\n            <h4 class=\"post-title entry-title\"><a href=\"https:\/\/iolife.dope.studio\/de\/wir\/unser-labor\/olympus-slicsi-und-polaraide-polskop-mikroskopie\/\">Olympus &#8211; SLICSI- und PolarAIDE-Polskop-Mikroskopie<\/a><\/h4>\n\n\t\t\t                <hr>\n                <div class=\"entry-summary\">\n\t\t\t\t\t<p> Olympus &#8211; SLICSI- und PolarAIDE-Polskop-Mikroskopie  One of the major advantages of the Institute of Life is its...<\/p>                <\/div><!-- .entry-summary -->\n\t\t\t        <\/div><!--end post-info-->\n\n    <\/article>\n<\/li>\n<li id=\"post-29396\" class=\"post-item col-sm-4 post-29396 page type-page status-publish has-post-thumbnail hentry category-ergastirio-en-de\">\n    <article>\n\n\t\t<div class=\"post-image\"><a href=\"https:\/\/iolife.dope.studio\/de\/wir\/unser-labor\/fortschrittliche-luftfilterung-hvac\/\" class=\"element-wrap\"><img loading=\"lazy\" decoding=\"async\" width=\"480\" height=\"480\" src=\"https:\/\/iolife.dope.studio\/wp-content\/uploads\/2020\/11\/Advanced-Air-Filtering-HVAC-480x480.jpg\" class=\"attachment-kleo-post-gallery size-kleo-post-gallery wp-post-image\" alt=\"Advanced Air Filtering Institute of Life \u03ba\u03bf\u03c1\u03c5\u03c6\u03b1\u03af\u03bf\u03c2 \u03b5\u03be\u03bf\u03c0\u03bb\u03b9\u03c3\u03bc\u03cc\u03c2\" srcset=\"https:\/\/iolife.dope.studio\/wp-content\/uploads\/2020\/11\/Advanced-Air-Filtering-HVAC-480x480.jpg 480w, https:\/\/iolife.dope.studio\/wp-content\/uploads\/2020\/11\/Advanced-Air-Filtering-HVAC-300x300.jpg 300w, https:\/\/iolife.dope.studio\/wp-content\/uploads\/2020\/11\/Advanced-Air-Filtering-HVAC-150x150.jpg 150w, https:\/\/iolife.dope.studio\/wp-content\/uploads\/2020\/11\/Advanced-Air-Filtering-HVAC-768x768.jpg 768w, https:\/\/iolife.dope.studio\/wp-content\/uploads\/2020\/11\/Advanced-Air-Filtering-HVAC-672x672.jpg 672w, https:\/\/iolife.dope.studio\/wp-content\/uploads\/2020\/11\/Advanced-Air-Filtering-HVAC.jpg 1000w\" sizes=\"auto, (max-width: 480px) 100vw, 480px\" \/><span class=\"hover-element\"><i>+<\/i><\/span><\/a><\/div><!--end post-image-->\n        <div class=\"entry-content\">\n            <h4 class=\"post-title entry-title\"><a href=\"https:\/\/iolife.dope.studio\/de\/wir\/unser-labor\/fortschrittliche-luftfilterung-hvac\/\">Fortschrittliche Luftfilterung (HVAC)<\/a><\/h4>\n\n\t\t\t                <hr>\n                <div class=\"entry-summary\">\n\t\t\t\t\t<p> Fortschrittliche Luftfilterung (HVAC)  One of the major advantages of the Institute of Life is its state-of-the-art Embryology...<\/p>                <\/div><!-- .entry-summary -->\n\t\t\t        <\/div><!--end post-info-->\n\n    <\/article>\n<\/li>\n<li id=\"post-29384\" class=\"post-item col-sm-4 post-29384 page type-page status-publish has-post-thumbnail hentry category-ergastirio-en-de\">\n    <article>\n\n\t\t<div class=\"post-image\"><a href=\"https:\/\/iolife.dope.studio\/de\/wir\/unser-labor\/ri-witness-system\/\" class=\"element-wrap\"><img loading=\"lazy\" decoding=\"async\" width=\"480\" height=\"480\" src=\"https:\/\/iolife.dope.studio\/wp-content\/uploads\/2020\/11\/RI-witness-480x480.jpg\" class=\"attachment-kleo-post-gallery size-kleo-post-gallery wp-post-image\" alt=\"\" srcset=\"https:\/\/iolife.dope.studio\/wp-content\/uploads\/2020\/11\/RI-witness-480x480.jpg 480w, https:\/\/iolife.dope.studio\/wp-content\/uploads\/2020\/11\/RI-witness-300x300.jpg 300w, https:\/\/iolife.dope.studio\/wp-content\/uploads\/2020\/11\/RI-witness-1024x1024.jpg 1024w, https:\/\/iolife.dope.studio\/wp-content\/uploads\/2020\/11\/RI-witness-150x150.jpg 150w, https:\/\/iolife.dope.studio\/wp-content\/uploads\/2020\/11\/RI-witness-768x768.jpg 768w, https:\/\/iolife.dope.studio\/wp-content\/uploads\/2020\/11\/RI-witness-672x672.jpg 672w, https:\/\/iolife.dope.studio\/wp-content\/uploads\/2020\/11\/RI-witness-1038x1038.jpg 1038w, https:\/\/iolife.dope.studio\/wp-content\/uploads\/2020\/11\/RI-witness.jpg 1200w\" sizes=\"auto, (max-width: 480px) 100vw, 480px\" \/><span class=\"hover-element\"><i>+<\/i><\/span><\/a><\/div><!--end post-image-->\n        <div class=\"entry-content\">\n            <h4 class=\"post-title entry-title\"><a href=\"https:\/\/iolife.dope.studio\/de\/wir\/unser-labor\/ri-witness-system\/\">RI Witness System<\/a><\/h4>\n\n\t\t\t                <hr>\n                <div class=\"entry-summary\">\n\t\t\t\t\t<p> RI Witness-System  One of the major advantages of the Institute of Life is its state-of-the-art Embryology Lab,...<\/p>                <\/div><!-- .entry-summary -->\n\t\t\t        <\/div><!--end post-info-->\n\n    <\/article>\n<\/li>\n<li id=\"post-29367\" class=\"post-item col-sm-4 post-29367 page type-page status-publish has-post-thumbnail hentry category-ergastirio-en-de\">\n    <article>\n\n\t\t<div class=\"post-image\"><a href=\"https:\/\/iolife.dope.studio\/de\/wir\/unser-labor\/embryoscope-plus\/\" class=\"element-wrap\"><img loading=\"lazy\" decoding=\"async\" width=\"480\" height=\"480\" src=\"https:\/\/iolife.dope.studio\/wp-content\/uploads\/2021\/04\/embryoscope-3-480x480.jpg\" class=\"attachment-kleo-post-gallery size-kleo-post-gallery wp-post-image\" alt=\"\u0395\u03be\u03bf\u03c0\u03bb\u03b9\u03c3\u03bc\u03cc\u03c2 Embryoscope Iolife \u039c\u03b7\u03c7\u03ac\u03bd\u03b7\u03bc\u03b1 \u0395\u03bc\u03b2\u03c1\u03c5\u03bf\u03c3\u03ba\u03cc\u03c0\u03b9\u03bf\" srcset=\"https:\/\/iolife.dope.studio\/wp-content\/uploads\/2021\/04\/embryoscope-3-480x480.jpg 480w, https:\/\/iolife.dope.studio\/wp-content\/uploads\/2021\/04\/embryoscope-3-150x150.jpg 150w\" sizes=\"auto, (max-width: 480px) 100vw, 480px\" \/><span class=\"hover-element\"><i>+<\/i><\/span><\/a><\/div><!--end post-image-->\n        <div class=\"entry-content\">\n            <h4 class=\"post-title entry-title\"><a href=\"https:\/\/iolife.dope.studio\/de\/wir\/unser-labor\/embryoscope-plus\/\">Embryoscope Plus<\/a><\/h4>\n\n\t\t\t                <hr>\n                <div class=\"entry-summary\">\n\t\t\t\t\t<p> Embryoscope Plus  One of the major advantages of the Institute of Life is its state-of-the-art Embryology Lab,...<\/p>                <\/div><!-- .entry-summary -->\n\t\t\t        <\/div><!--end post-info-->\n\n    <\/article>\n<\/li>\n\t\t\t<\/ul>\n\t\t<\/div>\n\t\t<div class=\"carousel-arrow\">\n\t\t\t<a class=\"carousel-prev\" href=\"#\"><i class=\"icon-angle-left\"><\/i><\/a>\n\t\t\t<a class=\"carousel-next\" href=\"#\"><i class=\"icon-angle-right\"><\/i><\/a>\n\t\t<\/div>\n\t\t<div class=\"kleo-carousel-post-pager carousel-pager\"><\/div>\n\t<\/div><!--end carousel-container-->\n\n[\/vc_column][\/vc_row]<\/p>\n<\/div>","protected":false},"excerpt":{"rendered":"<p>[vc_row equal_height=&#8220;yes&#8220; type=&#8220;color&#8220; vertical_align=&#8220;yes&#8220; column_gap=&#8220;no&#8220; padding_top=&#8220;0&#8243; padding_bottom=&#8220;&#8220; margin_top=&#8220;0&#8243;][vc_column width=&#8220;1\/3&#8243;][vc_column_text] RI Witness-System [\/vc_column_text][vc_empty_space height=&#8220;80&#8243;][\/vc_column][vc_column width=&#8220;1\/3&#8243; css=&#8220;.vc_custom_1585738318112{padding-right: 10% !important;padding-left: 10% !important;}&#8220;][\/vc_column][vc_column width=&#8220;1\/3&#8243;][vc_single_image image=&#8220;28700&#8243; img_size=&#8220;full&#8220; alignment=&#8220;right&#8220; full_width=&#8220;yes&#8220;][vc_empty_space height=&#8220;80&#8243;][\/vc_column][\/vc_row][vc_row type=&#8220;color&#8220; bg_color=&#8220;#e8e8e8&#8243;][vc_column width=&#8220;1\/3&#8243;][vc_column_text text_color=&#8220;#ffffff&#8220; css=&#8220;.vc_custom_1606245369781{margin-top: -150px !important;padding-top: 25% !important;padding-right: 12% !important;padding-bottom: 25% !important;padding-left: 12% !important;background-color: #ac6bbc !important;}&#8220;] One of the major advantages of the Institute of Life is its state-of-the-art Embryology Lab, equipped with the [&hellip;]<\/p>\n","protected":false},"author":1,"featured_media":28998,"parent":29227,"menu_order":0,"comment_status":"closed","ping_status":"closed","template":"page-templates\/full-width.php","meta":{"footnotes":""},"categories":[387],"tags":[],"class_list":["post-29384","page","type-page","status-publish","has-post-thumbnail","hentry","category-ergastirio-en-de"],"yoast_head":"<!-- This site is optimized with the Yoast SEO Premium plugin v27.3 (Yoast SEO v27.3) - https:\/\/yoast.com\/product\/yoast-seo-premium-wordpress\/ -->\n<title>RI Witness System - Institute of Life<\/title>\n<meta name=\"robots\" content=\"index, follow, max-snippet:-1, max-image-preview:large, max-video-preview:-1\" \/>\n<link rel=\"canonical\" href=\"https:\/\/iolife.dope.studio\/de\/wir\/unser-labor\/ri-witness-system\/\" \/>\n<meta property=\"og:locale\" content=\"de_DE\" \/>\n<meta property=\"og:type\" content=\"article\" \/>\n<meta property=\"og:title\" content=\"RI Witness System\" \/>\n<meta property=\"og:description\" content=\"[vc_row equal_height=&#8220;yes&#8220; type=&#8220;color&#8220; vertical_align=&#8220;yes&#8220; column_gap=&#8220;no&#8220; padding_top=&#8220;0&#8243; padding_bottom=&#8220;&#8220; margin_top=&#8220;0&#8243;][vc_column width=&#8220;1\/3&#8243;][vc_column_text] RI Witness-System [\/vc_column_text][vc_empty_space height=&#8220;80&#8243;][\/vc_column][vc_column width=&#8220;1\/3&#8243; css=&#8220;.vc_custom_1585738318112{padding-right: 10% !important;padding-left: 10% !important;}&#8220;][\/vc_column][vc_column width=&#8220;1\/3&#8243;][vc_single_image image=&#8220;28700&#8243; img_size=&#8220;full&#8220; alignment=&#8220;right&#8220; full_width=&#8220;yes&#8220;][vc_empty_space height=&#8220;80&#8243;][\/vc_column][\/vc_row][vc_row type=&#8220;color&#8220; bg_color=&#8220;#e8e8e8&#8243;][vc_column width=&#8220;1\/3&#8243;][vc_column_text text_color=&#8220;#ffffff&#8220; css=&#8220;.vc_custom_1606245369781{margin-top: -150px !important;padding-top: 25% !important;padding-right: 12% !important;padding-bottom: 25% !important;padding-left: 12% !important;background-color: #ac6bbc !important;}&#8220;] One of the major advantages of the Institute of Life is its state-of-the-art Embryology Lab, equipped with the [&hellip;]\" \/>\n<meta property=\"og:url\" content=\"https:\/\/iolife.dope.studio\/de\/wir\/unser-labor\/ri-witness-system\/\" \/>\n<meta property=\"og:site_name\" content=\"Institute of Life\" \/>\n<meta property=\"article:publisher\" content=\"https:\/\/web.facebook.com\/iolifeiaso?_rdc=1&amp;amp%3bamp%3bamp%3bamp%3bamp%3bamp%3bamp%3bamp%3bamp%3bamp%3bamp%3bamp%3bamp%3bamp%3bamp%3bamp%3bamp%3b_rdr\" \/>\n<meta property=\"article:modified_time\" content=\"2020-12-04T14:52:36+00:00\" \/>\n<meta property=\"og:image\" content=\"https:\/\/iolife.dope.studio\/wp-content\/uploads\/2020\/11\/RI-witness.jpg\" \/>\n\t<meta property=\"og:image:width\" content=\"1200\" \/>\n\t<meta property=\"og:image:height\" content=\"1200\" \/>\n\t<meta property=\"og:image:type\" content=\"image\/jpeg\" \/>\n<meta name=\"twitter:card\" content=\"summary_large_image\" \/>\n<meta name=\"twitter:label1\" content=\"Gesch\u00e4tzte Lesezeit\" \/>\n\t<meta name=\"twitter:data1\" content=\"1 Minute\" \/>\n<script type=\"application\/ld+json\" class=\"yoast-schema-graph\">{\"@context\":\"https:\\\/\\\/schema.org\",\"@graph\":[{\"@type\":\"WebPage\",\"@id\":\"https:\\\/\\\/iolife.dope.studio\\\/de\\\/wir\\\/unser-labor\\\/ri-witness-system\\\/\",\"url\":\"https:\\\/\\\/iolife.dope.studio\\\/de\\\/wir\\\/unser-labor\\\/ri-witness-system\\\/\",\"name\":\"RI Witness System - Institute of Life\",\"isPartOf\":{\"@id\":\"https:\\\/\\\/iolife.dope.studio\\\/de\\\/#website\"},\"primaryImageOfPage\":{\"@id\":\"https:\\\/\\\/iolife.dope.studio\\\/de\\\/wir\\\/unser-labor\\\/ri-witness-system\\\/#primaryimage\"},\"image\":{\"@id\":\"https:\\\/\\\/iolife.dope.studio\\\/de\\\/wir\\\/unser-labor\\\/ri-witness-system\\\/#primaryimage\"},\"thumbnailUrl\":\"https:\\\/\\\/iolife.dope.studio\\\/wp-content\\\/uploads\\\/2020\\\/11\\\/RI-witness.jpg\",\"datePublished\":\"2020-11-24T19:17:22+00:00\",\"dateModified\":\"2020-12-04T14:52:36+00:00\",\"breadcrumb\":{\"@id\":\"https:\\\/\\\/iolife.dope.studio\\\/de\\\/wir\\\/unser-labor\\\/ri-witness-system\\\/#breadcrumb\"},\"inLanguage\":\"de-DE\",\"potentialAction\":[{\"@type\":\"ReadAction\",\"target\":[\"https:\\\/\\\/iolife.dope.studio\\\/de\\\/wir\\\/unser-labor\\\/ri-witness-system\\\/\"]}]},{\"@type\":\"ImageObject\",\"inLanguage\":\"de-DE\",\"@id\":\"https:\\\/\\\/iolife.dope.studio\\\/de\\\/wir\\\/unser-labor\\\/ri-witness-system\\\/#primaryimage\",\"url\":\"https:\\\/\\\/iolife.dope.studio\\\/wp-content\\\/uploads\\\/2020\\\/11\\\/RI-witness.jpg\",\"contentUrl\":\"https:\\\/\\\/iolife.dope.studio\\\/wp-content\\\/uploads\\\/2020\\\/11\\\/RI-witness.jpg\",\"width\":1200,\"height\":1200,\"caption\":\"Newborn baby sleeping covered in white blanket in a selective focus, maternity and babyhood concept - Image\"},{\"@type\":\"BreadcrumbList\",\"@id\":\"https:\\\/\\\/iolife.dope.studio\\\/de\\\/wir\\\/unser-labor\\\/ri-witness-system\\\/#breadcrumb\",\"itemListElement\":[{\"@type\":\"ListItem\",\"position\":1,\"name\":\"Home\",\"item\":\"https:\\\/\\\/iolife.dope.studio\\\/de\\\/\"},{\"@type\":\"ListItem\",\"position\":2,\"name\":\"Wir\",\"item\":\"https:\\\/\\\/iolife.dope.studio\\\/de\\\/wir\\\/\"},{\"@type\":\"ListItem\",\"position\":3,\"name\":\"Unser Labor\",\"item\":\"https:\\\/\\\/iolife.dope.studio\\\/de\\\/wir\\\/unser-labor\\\/\"},{\"@type\":\"ListItem\",\"position\":4,\"name\":\"RI Witness System\"}]},{\"@type\":\"WebSite\",\"@id\":\"https:\\\/\\\/iolife.dope.studio\\\/de\\\/#website\",\"url\":\"https:\\\/\\\/iolife.dope.studio\\\/de\\\/\",\"name\":\"Institute of Life\",\"description\":\"\",\"publisher\":{\"@id\":\"https:\\\/\\\/iolife.dope.studio\\\/de\\\/#organization\"},\"potentialAction\":[{\"@type\":\"SearchAction\",\"target\":{\"@type\":\"EntryPoint\",\"urlTemplate\":\"https:\\\/\\\/iolife.dope.studio\\\/de\\\/?s={search_term_string}\"},\"query-input\":{\"@type\":\"PropertyValueSpecification\",\"valueRequired\":true,\"valueName\":\"search_term_string\"}}],\"inLanguage\":\"de-DE\"},{\"@type\":\"Organization\",\"@id\":\"https:\\\/\\\/iolife.dope.studio\\\/de\\\/#organization\",\"name\":\"Institute of Life\",\"url\":\"https:\\\/\\\/iolife.dope.studio\\\/de\\\/\",\"logo\":{\"@type\":\"ImageObject\",\"inLanguage\":\"de-DE\",\"@id\":\"https:\\\/\\\/iolife.dope.studio\\\/de\\\/#\\\/schema\\\/logo\\\/image\\\/\",\"url\":\"https:\\\/\\\/iolife.dope.studiowp-content\\\/uploads\\\/2020\\\/05\\\/4.png\",\"contentUrl\":\"https:\\\/\\\/iolife.dope.studiowp-content\\\/uploads\\\/2020\\\/05\\\/4.png\",\"width\":908,\"height\":908,\"caption\":\"Institute of Life\"},\"image\":{\"@id\":\"https:\\\/\\\/iolife.dope.studio\\\/de\\\/#\\\/schema\\\/logo\\\/image\\\/\"},\"sameAs\":[\"https:\\\/\\\/web.facebook.com\\\/iolifeiaso?_rdc=1&amp;amp;amp;amp;amp;amp;amp;amp;amp;amp;amp;amp;amp;amp;amp;amp;amp;_rdr\",\"https:\\\/\\\/www.youtube.com\\\/channel\\\/UCyIFMT16nMiZR0jGOyAJBTw\"]}]}<\/script>\n<!-- \/ Yoast SEO Premium plugin. -->","yoast_head_json":{"title":"RI Witness System - Institute of Life","robots":{"index":"index","follow":"follow","max-snippet":"max-snippet:-1","max-image-preview":"max-image-preview:large","max-video-preview":"max-video-preview:-1"},"canonical":"https:\/\/iolife.dope.studio\/de\/wir\/unser-labor\/ri-witness-system\/","og_locale":"de_DE","og_type":"article","og_title":"RI Witness System","og_description":"[vc_row equal_height=&#8220;yes&#8220; type=&#8220;color&#8220; vertical_align=&#8220;yes&#8220; column_gap=&#8220;no&#8220; padding_top=&#8220;0&#8243; padding_bottom=&#8220;&#8220; margin_top=&#8220;0&#8243;][vc_column width=&#8220;1\/3&#8243;][vc_column_text] RI Witness-System [\/vc_column_text][vc_empty_space height=&#8220;80&#8243;][\/vc_column][vc_column width=&#8220;1\/3&#8243; css=&#8220;.vc_custom_1585738318112{padding-right: 10% !important;padding-left: 10% !important;}&#8220;][\/vc_column][vc_column width=&#8220;1\/3&#8243;][vc_single_image image=&#8220;28700&#8243; img_size=&#8220;full&#8220; alignment=&#8220;right&#8220; full_width=&#8220;yes&#8220;][vc_empty_space height=&#8220;80&#8243;][\/vc_column][\/vc_row][vc_row type=&#8220;color&#8220; bg_color=&#8220;#e8e8e8&#8243;][vc_column width=&#8220;1\/3&#8243;][vc_column_text text_color=&#8220;#ffffff&#8220; css=&#8220;.vc_custom_1606245369781{margin-top: -150px !important;padding-top: 25% !important;padding-right: 12% !important;padding-bottom: 25% !important;padding-left: 12% !important;background-color: #ac6bbc !important;}&#8220;] One of the major advantages of the Institute of Life is its state-of-the-art Embryology Lab, equipped with the [&hellip;]","og_url":"https:\/\/iolife.dope.studio\/de\/wir\/unser-labor\/ri-witness-system\/","og_site_name":"Institute of Life","article_publisher":"https:\/\/web.facebook.com\/iolifeiaso?_rdc=1&amp%3bamp%3bamp%3bamp%3bamp%3bamp%3bamp%3bamp%3bamp%3bamp%3bamp%3bamp%3bamp%3bamp%3bamp%3bamp%3bamp%3b_rdr","article_modified_time":"2020-12-04T14:52:36+00:00","og_image":[{"width":1200,"height":1200,"url":"https:\/\/iolife.dope.studio\/wp-content\/uploads\/2020\/11\/RI-witness.jpg","type":"image\/jpeg"}],"twitter_card":"summary_large_image","twitter_misc":{"Gesch\u00e4tzte Lesezeit":"1 Minute"},"schema":{"@context":"https:\/\/schema.org","@graph":[{"@type":"WebPage","@id":"https:\/\/iolife.dope.studio\/de\/wir\/unser-labor\/ri-witness-system\/","url":"https:\/\/iolife.dope.studio\/de\/wir\/unser-labor\/ri-witness-system\/","name":"RI Witness System - Institute of Life","isPartOf":{"@id":"https:\/\/iolife.dope.studio\/de\/#website"},"primaryImageOfPage":{"@id":"https:\/\/iolife.dope.studio\/de\/wir\/unser-labor\/ri-witness-system\/#primaryimage"},"image":{"@id":"https:\/\/iolife.dope.studio\/de\/wir\/unser-labor\/ri-witness-system\/#primaryimage"},"thumbnailUrl":"https:\/\/iolife.dope.studio\/wp-content\/uploads\/2020\/11\/RI-witness.jpg","datePublished":"2020-11-24T19:17:22+00:00","dateModified":"2020-12-04T14:52:36+00:00","breadcrumb":{"@id":"https:\/\/iolife.dope.studio\/de\/wir\/unser-labor\/ri-witness-system\/#breadcrumb"},"inLanguage":"de-DE","potentialAction":[{"@type":"ReadAction","target":["https:\/\/iolife.dope.studio\/de\/wir\/unser-labor\/ri-witness-system\/"]}]},{"@type":"ImageObject","inLanguage":"de-DE","@id":"https:\/\/iolife.dope.studio\/de\/wir\/unser-labor\/ri-witness-system\/#primaryimage","url":"https:\/\/iolife.dope.studio\/wp-content\/uploads\/2020\/11\/RI-witness.jpg","contentUrl":"https:\/\/iolife.dope.studio\/wp-content\/uploads\/2020\/11\/RI-witness.jpg","width":1200,"height":1200,"caption":"Newborn baby sleeping covered in white blanket in a selective focus, maternity and babyhood concept - Image"},{"@type":"BreadcrumbList","@id":"https:\/\/iolife.dope.studio\/de\/wir\/unser-labor\/ri-witness-system\/#breadcrumb","itemListElement":[{"@type":"ListItem","position":1,"name":"Home","item":"https:\/\/iolife.dope.studio\/de\/"},{"@type":"ListItem","position":2,"name":"Wir","item":"https:\/\/iolife.dope.studio\/de\/wir\/"},{"@type":"ListItem","position":3,"name":"Unser Labor","item":"https:\/\/iolife.dope.studio\/de\/wir\/unser-labor\/"},{"@type":"ListItem","position":4,"name":"RI Witness System"}]},{"@type":"WebSite","@id":"https:\/\/iolife.dope.studio\/de\/#website","url":"https:\/\/iolife.dope.studio\/de\/","name":"Institute of Life","description":"","publisher":{"@id":"https:\/\/iolife.dope.studio\/de\/#organization"},"potentialAction":[{"@type":"SearchAction","target":{"@type":"EntryPoint","urlTemplate":"https:\/\/iolife.dope.studio\/de\/?s={search_term_string}"},"query-input":{"@type":"PropertyValueSpecification","valueRequired":true,"valueName":"search_term_string"}}],"inLanguage":"de-DE"},{"@type":"Organization","@id":"https:\/\/iolife.dope.studio\/de\/#organization","name":"Institute of Life","url":"https:\/\/iolife.dope.studio\/de\/","logo":{"@type":"ImageObject","inLanguage":"de-DE","@id":"https:\/\/iolife.dope.studio\/de\/#\/schema\/logo\/image\/","url":"https:\/\/iolife.dope.studiowp-content\/uploads\/2020\/05\/4.png","contentUrl":"https:\/\/iolife.dope.studiowp-content\/uploads\/2020\/05\/4.png","width":908,"height":908,"caption":"Institute of Life"},"image":{"@id":"https:\/\/iolife.dope.studio\/de\/#\/schema\/logo\/image\/"},"sameAs":["https:\/\/web.facebook.com\/iolifeiaso?_rdc=1&amp;amp;amp;amp;amp;amp;amp;amp;amp;amp;amp;amp;amp;amp;amp;amp;amp;_rdr","https:\/\/www.youtube.com\/channel\/UCyIFMT16nMiZR0jGOyAJBTw"]}]}},"_links":{"self":[{"href":"https:\/\/iolife.dope.studio\/de\/wp-json\/wp\/v2\/pages\/29384","targetHints":{"allow":["GET"]}}],"collection":[{"href":"https:\/\/iolife.dope.studio\/de\/wp-json\/wp\/v2\/pages"}],"about":[{"href":"https:\/\/iolife.dope.studio\/de\/wp-json\/wp\/v2\/types\/page"}],"author":[{"embeddable":true,"href":"https:\/\/iolife.dope.studio\/de\/wp-json\/wp\/v2\/users\/1"}],"replies":[{"embeddable":true,"href":"https:\/\/iolife.dope.studio\/de\/wp-json\/wp\/v2\/comments?post=29384"}],"version-history":[{"count":0,"href":"https:\/\/iolife.dope.studio\/de\/wp-json\/wp\/v2\/pages\/29384\/revisions"}],"up":[{"embeddable":true,"href":"https:\/\/iolife.dope.studio\/de\/wp-json\/wp\/v2\/pages\/29227"}],"wp:featuredmedia":[{"embeddable":true,"href":"https:\/\/iolife.dope.studio\/de\/wp-json\/wp\/v2\/media\/28998"}],"wp:attachment":[{"href":"https:\/\/iolife.dope.studio\/de\/wp-json\/wp\/v2\/media?parent=29384"}],"wp:term":[{"taxonomy":"category","embeddable":true,"href":"https:\/\/iolife.dope.studio\/de\/wp-json\/wp\/v2\/categories?post=29384"},{"taxonomy":"post_tag","embeddable":true,"href":"https:\/\/iolife.dope.studio\/de\/wp-json\/wp\/v2\/tags?post=29384"}],"curies":[{"name":"wp","href":"https:\/\/api.w.org\/{rel}","templated":true}]}}