{"id":29066,"date":"2020-04-22T13:04:16","date_gmt":"2020-04-22T13:04:16","guid":{"rendered":"https:\/\/www.iolife.eu\/unser-standort\/absolute-safety\/"},"modified":"2020-11-24T22:00:37","modified_gmt":"2020-11-24T20:00:37","slug":"absolute-sicherheit","status":"publish","type":"page","link":"https:\/\/iolife.dope.studio\/de\/wir\/unser-standort\/absolute-sicherheit\/","title":{"rendered":"Absolute Sicherheit"},"content":{"rendered":"<div class=\"wpb-content-wrapper\"><p>[vc_row equal_height=&#8220;yes&#8220; type=&#8220;color&#8220; vertical_align=&#8220;yes&#8220; column_gap=&#8220;no&#8220; padding_top=&#8220;0&#8243; padding_bottom=&#8220;&#8220; margin_top=&#8220;0&#8243;][vc_column width=&#8220;1\/3&#8243;][vc_column_text]<\/p>\n<h2>Absolute Sicherheit<\/h2>\n<p>[\/vc_column_text][vc_empty_space height=&#8220;80&#8243;][\/vc_column][vc_column width=&#8220;1\/3&#8243; css=&#8220;.vc_custom_1585738318112{padding-right: 10% !important;padding-left: 10% !important;}&#8220;][\/vc_column][vc_column width=&#8220;1\/3&#8243;][vc_single_image image=&#8220;25564&#8243; img_size=&#8220;full&#8220; alignment=&#8220;right&#8220; full_width=&#8220;yes&#8220;][vc_empty_space height=&#8220;80&#8243;][\/vc_column][\/vc_row][vc_row type=&#8220;color&#8220; bg_color=&#8220;#e8e8e8&#8243;][vc_column width=&#8220;1\/3&#8243;][vc_column_text text_color=&#8220;#ffffff&#8220; css=&#8220;.vc_custom_1606247967170{margin-top: -150px !important;padding-top: 25% !important;padding-right: 12% !important;padding-bottom: 25% !important;padding-left: 12% !important;background-color: #ac6bbc !important;}&#8220;]<\/p>\n<h3><span style=\"color: #f7f5f5;\">Das Institute of Life, eines der gr\u00f6\u00dften und fortschrittlichsten Zentren f\u00fcr assistierte Reproduktion in Europa<\/span><\/h3>\n<p>[\/vc_column_text][\/vc_column][vc_column width=&#8220;2\/3&#8243;][vc_column_text]Das Institute of Life, eines der gr\u00f6\u00dften und fortschrittlichsten Zentren f\u00fcr assistierte Reproduktion in Europa, wurde innerhalb der \u201eIASO\u201c, der f\u00fchrenden Klinik f\u00fcr Geburtshilfe und Gyn\u00e4kologie in Griechenland, gegr\u00fcndet.<\/p>\n<p>Der Betrieb einer Abteilung f\u00fcr assistierte Reproduktion innerhalb einer gro\u00dfen Klinik gew\u00e4hrleistet die absolute medizinische Sicherheit der Paare, da im Bedarfsfall ein schneller Zugang zu einer breiten Palette von medizinischen Dienstleistungen und Fachgebieten besteht.[\/vc_column_text][\/vc_column][\/vc_row][vc_row][vc_column][vc_text_separator title=&#8220;Relevante Themen&#8220;]\n\t<div class=\"kleo-carousel-container \">\n\t\t<div class=\"kleo-carousel-items kleo-carousel-post\" data-min-items=\"1\" data-max-items=\"6\">\n\t\t\t<ul class=\"kleo-carousel\">\n\n\t\t\t\t\n<li id=\"post-29073\" class=\"post-item col-sm-4 post-29073 page type-page status-publish has-post-thumbnail hentry category-iol-institute-en-de\">\n    <article>\n\n\t\t<div class=\"post-image\"><a href=\"https:\/\/iolife.dope.studio\/de\/wir\/unser-standort\/betriebsgenehmigung\/\" class=\"element-wrap\"><img loading=\"lazy\" decoding=\"async\" width=\"480\" height=\"480\" src=\"https:\/\/iolife.dope.studio\/wp-content\/uploads\/2020\/05\/o-xwros-mas.jpg\" class=\"attachment-kleo-post-gallery size-kleo-post-gallery wp-post-image\" alt=\"\" srcset=\"https:\/\/iolife.dope.studio\/wp-content\/uploads\/2020\/05\/o-xwros-mas.jpg 1000w, https:\/\/iolife.dope.studio\/wp-content\/uploads\/2020\/05\/o-xwros-mas-300x300.jpg 300w, https:\/\/iolife.dope.studio\/wp-content\/uploads\/2020\/05\/o-xwros-mas-150x150.jpg 150w, https:\/\/iolife.dope.studio\/wp-content\/uploads\/2020\/05\/o-xwros-mas-768x768.jpg 768w, https:\/\/iolife.dope.studio\/wp-content\/uploads\/2020\/05\/o-xwros-mas-672x672.jpg 672w\" sizes=\"auto, (max-width: 480px) 100vw, 480px\" \/><span class=\"hover-element\"><i>+<\/i><\/span><\/a><\/div><!--end post-image-->\n        <div class=\"entry-content\">\n            <h4 class=\"post-title entry-title\"><a href=\"https:\/\/iolife.dope.studio\/de\/wir\/unser-standort\/betriebsgenehmigung\/\">Betriebsgenehmigung<\/a><\/h4>\n\n\t\t\t                <hr>\n                <div class=\"entry-summary\">\n\t\t\t\t\t<p> Betriebsgenehmigung  Die Betriebsgenehmigung des Zentrums Institute of Life wurde von der griechischen Nationalen Beh\u00f6rde f\u00fcr Medizinisch Unterst\u00fctzte...<\/p>                <\/div><!-- .entry-summary -->\n\t\t\t        <\/div><!--end post-info-->\n\n    <\/article>\n<\/li>\n<li id=\"post-29066\" class=\"post-item col-sm-4 post-29066 page type-page status-publish has-post-thumbnail hentry category-iol-institute-en-de\">\n    <article>\n\n\t\t<div class=\"post-image\"><a href=\"https:\/\/iolife.dope.studio\/de\/wir\/unser-standort\/absolute-sicherheit\/\" class=\"element-wrap\"><img loading=\"lazy\" decoding=\"async\" width=\"480\" height=\"480\" src=\"https:\/\/iolife.dope.studio\/wp-content\/uploads\/2020\/11\/iaso4-480x480.jpg\" class=\"attachment-kleo-post-gallery size-kleo-post-gallery wp-post-image\" alt=\"\" srcset=\"https:\/\/iolife.dope.studio\/wp-content\/uploads\/2020\/11\/iaso4-480x480.jpg 480w, https:\/\/iolife.dope.studio\/wp-content\/uploads\/2020\/11\/iaso4-300x300.jpg 300w, https:\/\/iolife.dope.studio\/wp-content\/uploads\/2020\/11\/iaso4-150x150.jpg 150w, https:\/\/iolife.dope.studio\/wp-content\/uploads\/2020\/11\/iaso4-768x768.jpg 768w, https:\/\/iolife.dope.studio\/wp-content\/uploads\/2020\/11\/iaso4-672x672.jpg 672w, https:\/\/iolife.dope.studio\/wp-content\/uploads\/2020\/11\/iaso4.jpg 1000w\" sizes=\"auto, (max-width: 480px) 100vw, 480px\" \/><span class=\"hover-element\"><i>+<\/i><\/span><\/a><\/div><!--end post-image-->\n        <div class=\"entry-content\">\n            <h4 class=\"post-title entry-title\"><a href=\"https:\/\/iolife.dope.studio\/de\/wir\/unser-standort\/absolute-sicherheit\/\">Absolute Sicherheit<\/a><\/h4>\n\n\t\t\t                <hr>\n                <div class=\"entry-summary\">\n\t\t\t\t\t<p> Absolute Sicherheit  Das Institute of Life, eines der gr\u00f6\u00dften und fortschrittlichsten Zentren f\u00fcr assistierte Reproduktion in Europa...<\/p>                <\/div><!-- .entry-summary -->\n\t\t\t        <\/div><!--end post-info-->\n\n    <\/article>\n<\/li>\n<li id=\"post-29472\" class=\"post-item col-sm-4 post-29472 page type-page status-publish has-post-thumbnail hentry category-iol-institute-en-de\">\n    <article>\n\n\t\t<div class=\"post-image\"><a href=\"https:\/\/iolife.dope.studio\/de\/wir\/unser-standort\/top-zertifizierungen\/\" class=\"element-wrap\"><img loading=\"lazy\" decoding=\"async\" width=\"480\" height=\"480\" src=\"https:\/\/iolife.dope.studio\/wp-content\/uploads\/2020\/11\/koryfaies-pistopoiseis-square-480x480.jpg\" class=\"attachment-kleo-post-gallery size-kleo-post-gallery wp-post-image\" alt=\"\" srcset=\"https:\/\/iolife.dope.studio\/wp-content\/uploads\/2020\/11\/koryfaies-pistopoiseis-square-480x480.jpg 480w, https:\/\/iolife.dope.studio\/wp-content\/uploads\/2020\/11\/koryfaies-pistopoiseis-square-300x300.jpg 300w, https:\/\/iolife.dope.studio\/wp-content\/uploads\/2020\/11\/koryfaies-pistopoiseis-square-150x150.jpg 150w, https:\/\/iolife.dope.studio\/wp-content\/uploads\/2020\/11\/koryfaies-pistopoiseis-square-768x768.jpg 768w, https:\/\/iolife.dope.studio\/wp-content\/uploads\/2020\/11\/koryfaies-pistopoiseis-square-672x672.jpg 672w, https:\/\/iolife.dope.studio\/wp-content\/uploads\/2020\/11\/koryfaies-pistopoiseis-square.jpg 1007w\" sizes=\"auto, (max-width: 480px) 100vw, 480px\" \/><span class=\"hover-element\"><i>+<\/i><\/span><\/a><\/div><!--end post-image-->\n        <div class=\"entry-content\">\n            <h4 class=\"post-title entry-title\"><a href=\"https:\/\/iolife.dope.studio\/de\/wir\/unser-standort\/top-zertifizierungen\/\">Top-Zertifizierungen<\/a><\/h4>\n\n\t\t\t                <hr>\n                <div class=\"entry-summary\">\n\t\t\t\t\t<p> Top-Zertifizierungen  Dank seiner hochmodernen Einrichtungen, die mit modernster Technologie ausgestattet sind, ist es eine vorbildliche Anlage, die...<\/p>                <\/div><!-- .entry-summary -->\n\t\t\t        <\/div><!--end post-info-->\n\n    <\/article>\n<\/li>\n<li id=\"post-29448\" class=\"post-item col-sm-4 post-29448 page type-page status-publish has-post-thumbnail hentry category-iol-institute-en-de\">\n    <article>\n\n\t\t<div class=\"post-image\"><a href=\"https:\/\/iolife.dope.studio\/de\/wir\/mst-forschung\/\" class=\"element-wrap\"><img loading=\"lazy\" decoding=\"async\" width=\"480\" height=\"480\" src=\"https:\/\/iolife.dope.studio\/wp-content\/uploads\/2020\/11\/mst2020-480x480.jpg\" class=\"attachment-kleo-post-gallery size-kleo-post-gallery wp-post-image\" alt=\"\u03b5\u03c1\u03b3\u03b1\u03c3\u03c4\u03ae\u03c1\u03b9\u03bf Institute of Life \u03b5\u03b9\u03b4\u03b9\u03ba\u03cc\u03c2 \u03c3\u03b5 \u03bc\u03b7\u03c7\u03b1\u03bd\u03bf\u03bb\u03bf\u03b3\u03b9\u03ba\u03cc \u03b5\u03be\u03bf\u03c0\u03bb\u03b9\u03c3\u03bc\u03cc \u03c7\u03c9\u03c1\u03af\u03c2 \u03b5\u03b9\u03ba\u03b1\u03c3\u03c4\u03b9\u03ba\u03cc \u03c3\u03c4\u03bf\u03b9\u03c7\u03b5\u03af\u03bf\u03c5 \u03bb\u03bf\u03b3\u03bf\u03c4\u03cd\u03c0\u03bf\u03c5\" srcset=\"https:\/\/iolife.dope.studio\/wp-content\/uploads\/2020\/11\/mst2020-480x480.jpg 480w, https:\/\/iolife.dope.studio\/wp-content\/uploads\/2020\/11\/mst2020-300x300.jpg 300w, https:\/\/iolife.dope.studio\/wp-content\/uploads\/2020\/11\/mst2020-1024x1024.jpg 1024w, https:\/\/iolife.dope.studio\/wp-content\/uploads\/2020\/11\/mst2020-150x150.jpg 150w, https:\/\/iolife.dope.studio\/wp-content\/uploads\/2020\/11\/mst2020-768x768.jpg 768w, https:\/\/iolife.dope.studio\/wp-content\/uploads\/2020\/11\/mst2020-672x672.jpg 672w, https:\/\/iolife.dope.studio\/wp-content\/uploads\/2020\/11\/mst2020-1038x1038.jpg 1038w, https:\/\/iolife.dope.studio\/wp-content\/uploads\/2020\/11\/mst2020.jpg 1200w\" sizes=\"auto, (max-width: 480px) 100vw, 480px\" \/><span class=\"hover-element\"><i>+<\/i><\/span><\/a><\/div><!--end post-image-->\n        <div class=\"entry-content\">\n            <h4 class=\"post-title entry-title\"><a href=\"https:\/\/iolife.dope.studio\/de\/wir\/mst-forschung\/\">MST-Forschung<\/a><\/h4>\n\n\t\t\t                <hr>\n                <div class=\"entry-summary\">\n\t\t\t\t\t<p> MST-Forschung  Die innovative klinische Forschung der Mutter-Spindel-Transfer-Methode (MRT) dient dem mitochondrialen Ersatz in Die klinische Forschung der...<\/p>                <\/div><!-- .entry-summary -->\n\t\t\t        <\/div><!--end post-info-->\n\n    <\/article>\n<\/li>\n\t\t\t<\/ul>\n\t\t<\/div>\n\t\t<div class=\"carousel-arrow\">\n\t\t\t<a class=\"carousel-prev\" href=\"#\"><i class=\"icon-angle-left\"><\/i><\/a>\n\t\t\t<a class=\"carousel-next\" href=\"#\"><i class=\"icon-angle-right\"><\/i><\/a>\n\t\t<\/div>\n\t\t<div class=\"kleo-carousel-post-pager carousel-pager\"><\/div>\n\t<\/div><!--end carousel-container-->\n\n[\/vc_column][\/vc_row]<\/p>\n<\/div>","protected":false},"excerpt":{"rendered":"<p>[vc_row equal_height=&#8220;yes&#8220; type=&#8220;color&#8220; vertical_align=&#8220;yes&#8220; column_gap=&#8220;no&#8220; padding_top=&#8220;0&#8243; padding_bottom=&#8220;&#8220; margin_top=&#8220;0&#8243;][vc_column width=&#8220;1\/3&#8243;][vc_column_text] Absolute Sicherheit [\/vc_column_text][vc_empty_space height=&#8220;80&#8243;][\/vc_column][vc_column width=&#8220;1\/3&#8243; css=&#8220;.vc_custom_1585738318112{padding-right: 10% !important;padding-left: 10% !important;}&#8220;][\/vc_column][vc_column width=&#8220;1\/3&#8243;][vc_single_image image=&#8220;25564&#8243; img_size=&#8220;full&#8220; alignment=&#8220;right&#8220; full_width=&#8220;yes&#8220;][vc_empty_space height=&#8220;80&#8243;][\/vc_column][\/vc_row][vc_row type=&#8220;color&#8220; bg_color=&#8220;#e8e8e8&#8243;][vc_column width=&#8220;1\/3&#8243;][vc_column_text text_color=&#8220;#ffffff&#8220; css=&#8220;.vc_custom_1606247967170{margin-top: -150px !important;padding-top: 25% !important;padding-right: 12% !important;padding-bottom: 25% !important;padding-left: 12% !important;background-color: #ac6bbc !important;}&#8220;] Das Institute of Life, eines der gr\u00f6\u00dften und fortschrittlichsten Zentren f\u00fcr assistierte Reproduktion in Europa [\/vc_column_text][\/vc_column][vc_column width=&#8220;2\/3&#8243;][vc_column_text]Das Institute [&hellip;]<\/p>\n","protected":false},"author":1,"featured_media":28510,"parent":29061,"menu_order":0,"comment_status":"closed","ping_status":"closed","template":"page-templates\/full-width.php","meta":{"footnotes":""},"categories":[385],"tags":[],"class_list":["post-29066","page","type-page","status-publish","has-post-thumbnail","hentry","category-iol-institute-en-de"],"yoast_head":"<!-- This site is optimized with the Yoast SEO Premium plugin v27.3 (Yoast SEO v27.3) - https:\/\/yoast.com\/product\/yoast-seo-premium-wordpress\/ -->\n<title>Absolute Sicherheit - Institute of Life<\/title>\n<meta name=\"robots\" content=\"index, follow, max-snippet:-1, max-image-preview:large, max-video-preview:-1\" \/>\n<link rel=\"canonical\" href=\"https:\/\/iolife.dope.studio\/de\/wir\/unser-standort\/absolute-sicherheit\/\" \/>\n<meta property=\"og:locale\" content=\"de_DE\" \/>\n<meta property=\"og:type\" content=\"article\" \/>\n<meta property=\"og:title\" content=\"Absolute Sicherheit\" \/>\n<meta property=\"og:description\" content=\"[vc_row equal_height=&#8220;yes&#8220; type=&#8220;color&#8220; vertical_align=&#8220;yes&#8220; column_gap=&#8220;no&#8220; padding_top=&#8220;0&#8243; padding_bottom=&#8220;&#8220; margin_top=&#8220;0&#8243;][vc_column width=&#8220;1\/3&#8243;][vc_column_text] Absolute Sicherheit [\/vc_column_text][vc_empty_space height=&#8220;80&#8243;][\/vc_column][vc_column width=&#8220;1\/3&#8243; css=&#8220;.vc_custom_1585738318112{padding-right: 10% !important;padding-left: 10% !important;}&#8220;][\/vc_column][vc_column width=&#8220;1\/3&#8243;][vc_single_image image=&#8220;25564&#8243; img_size=&#8220;full&#8220; alignment=&#8220;right&#8220; full_width=&#8220;yes&#8220;][vc_empty_space height=&#8220;80&#8243;][\/vc_column][\/vc_row][vc_row type=&#8220;color&#8220; bg_color=&#8220;#e8e8e8&#8243;][vc_column width=&#8220;1\/3&#8243;][vc_column_text text_color=&#8220;#ffffff&#8220; css=&#8220;.vc_custom_1606247967170{margin-top: -150px !important;padding-top: 25% !important;padding-right: 12% !important;padding-bottom: 25% !important;padding-left: 12% !important;background-color: #ac6bbc !important;}&#8220;] Das Institute of Life, eines der gr\u00f6\u00dften und fortschrittlichsten Zentren f\u00fcr assistierte Reproduktion in Europa [\/vc_column_text][\/vc_column][vc_column width=&#8220;2\/3&#8243;][vc_column_text]Das Institute [&hellip;]\" \/>\n<meta property=\"og:url\" content=\"https:\/\/iolife.dope.studio\/de\/wir\/unser-standort\/absolute-sicherheit\/\" \/>\n<meta property=\"og:site_name\" content=\"Institute of Life\" \/>\n<meta property=\"article:publisher\" content=\"https:\/\/web.facebook.com\/iolifeiaso?_rdc=1&amp;amp%3bamp%3bamp%3bamp%3bamp%3bamp%3bamp%3bamp%3bamp%3bamp%3bamp%3bamp%3bamp%3bamp%3bamp%3bamp%3bamp%3b_rdr\" \/>\n<meta property=\"article:modified_time\" content=\"2020-11-24T20:00:37+00:00\" \/>\n<meta property=\"og:image\" content=\"https:\/\/iolife.dope.studio\/wp-content\/uploads\/2020\/11\/iaso4.jpg\" \/>\n\t<meta property=\"og:image:width\" content=\"1000\" \/>\n\t<meta property=\"og:image:height\" content=\"1000\" \/>\n\t<meta property=\"og:image:type\" content=\"image\/jpeg\" \/>\n<meta name=\"twitter:card\" content=\"summary_large_image\" \/>\n<meta name=\"twitter:label1\" content=\"Gesch\u00e4tzte Lesezeit\" \/>\n\t<meta name=\"twitter:data1\" content=\"1 Minute\" \/>\n<script type=\"application\/ld+json\" class=\"yoast-schema-graph\">{\"@context\":\"https:\\\/\\\/schema.org\",\"@graph\":[{\"@type\":\"WebPage\",\"@id\":\"https:\\\/\\\/iolife.dope.studio\\\/de\\\/wir\\\/unser-standort\\\/absolute-sicherheit\\\/\",\"url\":\"https:\\\/\\\/iolife.dope.studio\\\/de\\\/wir\\\/unser-standort\\\/absolute-sicherheit\\\/\",\"name\":\"Absolute Sicherheit - Institute of Life\",\"isPartOf\":{\"@id\":\"https:\\\/\\\/iolife.dope.studio\\\/de\\\/#website\"},\"primaryImageOfPage\":{\"@id\":\"https:\\\/\\\/iolife.dope.studio\\\/de\\\/wir\\\/unser-standort\\\/absolute-sicherheit\\\/#primaryimage\"},\"image\":{\"@id\":\"https:\\\/\\\/iolife.dope.studio\\\/de\\\/wir\\\/unser-standort\\\/absolute-sicherheit\\\/#primaryimage\"},\"thumbnailUrl\":\"https:\\\/\\\/iolife.dope.studio\\\/wp-content\\\/uploads\\\/2020\\\/11\\\/iaso4.jpg\",\"datePublished\":\"2020-04-22T13:04:16+00:00\",\"dateModified\":\"2020-11-24T20:00:37+00:00\",\"breadcrumb\":{\"@id\":\"https:\\\/\\\/iolife.dope.studio\\\/de\\\/wir\\\/unser-standort\\\/absolute-sicherheit\\\/#breadcrumb\"},\"inLanguage\":\"de-DE\",\"potentialAction\":[{\"@type\":\"ReadAction\",\"target\":[\"https:\\\/\\\/iolife.dope.studio\\\/de\\\/wir\\\/unser-standort\\\/absolute-sicherheit\\\/\"]}]},{\"@type\":\"ImageObject\",\"inLanguage\":\"de-DE\",\"@id\":\"https:\\\/\\\/iolife.dope.studio\\\/de\\\/wir\\\/unser-standort\\\/absolute-sicherheit\\\/#primaryimage\",\"url\":\"https:\\\/\\\/iolife.dope.studio\\\/wp-content\\\/uploads\\\/2020\\\/11\\\/iaso4.jpg\",\"contentUrl\":\"https:\\\/\\\/iolife.dope.studio\\\/wp-content\\\/uploads\\\/2020\\\/11\\\/iaso4.jpg\",\"width\":1000,\"height\":1000},{\"@type\":\"BreadcrumbList\",\"@id\":\"https:\\\/\\\/iolife.dope.studio\\\/de\\\/wir\\\/unser-standort\\\/absolute-sicherheit\\\/#breadcrumb\",\"itemListElement\":[{\"@type\":\"ListItem\",\"position\":1,\"name\":\"Home\",\"item\":\"https:\\\/\\\/iolife.dope.studio\\\/de\\\/\"},{\"@type\":\"ListItem\",\"position\":2,\"name\":\"Wir\",\"item\":\"https:\\\/\\\/iolife.dope.studio\\\/de\\\/wir\\\/\"},{\"@type\":\"ListItem\",\"position\":3,\"name\":\"Unser Standort\",\"item\":\"https:\\\/\\\/iolife.dope.studio\\\/de\\\/wir\\\/unser-standort\\\/\"},{\"@type\":\"ListItem\",\"position\":4,\"name\":\"Absolute Sicherheit\"}]},{\"@type\":\"WebSite\",\"@id\":\"https:\\\/\\\/iolife.dope.studio\\\/de\\\/#website\",\"url\":\"https:\\\/\\\/iolife.dope.studio\\\/de\\\/\",\"name\":\"Institute of Life\",\"description\":\"\",\"publisher\":{\"@id\":\"https:\\\/\\\/iolife.dope.studio\\\/de\\\/#organization\"},\"potentialAction\":[{\"@type\":\"SearchAction\",\"target\":{\"@type\":\"EntryPoint\",\"urlTemplate\":\"https:\\\/\\\/iolife.dope.studio\\\/de\\\/?s={search_term_string}\"},\"query-input\":{\"@type\":\"PropertyValueSpecification\",\"valueRequired\":true,\"valueName\":\"search_term_string\"}}],\"inLanguage\":\"de-DE\"},{\"@type\":\"Organization\",\"@id\":\"https:\\\/\\\/iolife.dope.studio\\\/de\\\/#organization\",\"name\":\"Institute of Life\",\"url\":\"https:\\\/\\\/iolife.dope.studio\\\/de\\\/\",\"logo\":{\"@type\":\"ImageObject\",\"inLanguage\":\"de-DE\",\"@id\":\"https:\\\/\\\/iolife.dope.studio\\\/de\\\/#\\\/schema\\\/logo\\\/image\\\/\",\"url\":\"https:\\\/\\\/iolife.dope.studiowp-content\\\/uploads\\\/2020\\\/05\\\/4.png\",\"contentUrl\":\"https:\\\/\\\/iolife.dope.studiowp-content\\\/uploads\\\/2020\\\/05\\\/4.png\",\"width\":908,\"height\":908,\"caption\":\"Institute of Life\"},\"image\":{\"@id\":\"https:\\\/\\\/iolife.dope.studio\\\/de\\\/#\\\/schema\\\/logo\\\/image\\\/\"},\"sameAs\":[\"https:\\\/\\\/web.facebook.com\\\/iolifeiaso?_rdc=1&amp;amp;amp;amp;amp;amp;amp;amp;amp;amp;amp;amp;amp;amp;amp;amp;amp;_rdr\",\"https:\\\/\\\/www.youtube.com\\\/channel\\\/UCyIFMT16nMiZR0jGOyAJBTw\"]}]}<\/script>\n<!-- \/ Yoast SEO Premium plugin. -->","yoast_head_json":{"title":"Absolute Sicherheit - Institute of Life","robots":{"index":"index","follow":"follow","max-snippet":"max-snippet:-1","max-image-preview":"max-image-preview:large","max-video-preview":"max-video-preview:-1"},"canonical":"https:\/\/iolife.dope.studio\/de\/wir\/unser-standort\/absolute-sicherheit\/","og_locale":"de_DE","og_type":"article","og_title":"Absolute Sicherheit","og_description":"[vc_row equal_height=&#8220;yes&#8220; type=&#8220;color&#8220; vertical_align=&#8220;yes&#8220; column_gap=&#8220;no&#8220; padding_top=&#8220;0&#8243; padding_bottom=&#8220;&#8220; margin_top=&#8220;0&#8243;][vc_column width=&#8220;1\/3&#8243;][vc_column_text] Absolute Sicherheit [\/vc_column_text][vc_empty_space height=&#8220;80&#8243;][\/vc_column][vc_column width=&#8220;1\/3&#8243; css=&#8220;.vc_custom_1585738318112{padding-right: 10% !important;padding-left: 10% !important;}&#8220;][\/vc_column][vc_column width=&#8220;1\/3&#8243;][vc_single_image image=&#8220;25564&#8243; img_size=&#8220;full&#8220; alignment=&#8220;right&#8220; full_width=&#8220;yes&#8220;][vc_empty_space height=&#8220;80&#8243;][\/vc_column][\/vc_row][vc_row type=&#8220;color&#8220; bg_color=&#8220;#e8e8e8&#8243;][vc_column width=&#8220;1\/3&#8243;][vc_column_text text_color=&#8220;#ffffff&#8220; css=&#8220;.vc_custom_1606247967170{margin-top: -150px !important;padding-top: 25% !important;padding-right: 12% !important;padding-bottom: 25% !important;padding-left: 12% !important;background-color: #ac6bbc !important;}&#8220;] Das Institute of Life, eines der gr\u00f6\u00dften und fortschrittlichsten Zentren f\u00fcr assistierte Reproduktion in Europa [\/vc_column_text][\/vc_column][vc_column width=&#8220;2\/3&#8243;][vc_column_text]Das Institute [&hellip;]","og_url":"https:\/\/iolife.dope.studio\/de\/wir\/unser-standort\/absolute-sicherheit\/","og_site_name":"Institute of Life","article_publisher":"https:\/\/web.facebook.com\/iolifeiaso?_rdc=1&amp%3bamp%3bamp%3bamp%3bamp%3bamp%3bamp%3bamp%3bamp%3bamp%3bamp%3bamp%3bamp%3bamp%3bamp%3bamp%3bamp%3b_rdr","article_modified_time":"2020-11-24T20:00:37+00:00","og_image":[{"width":1000,"height":1000,"url":"https:\/\/iolife.dope.studio\/wp-content\/uploads\/2020\/11\/iaso4.jpg","type":"image\/jpeg"}],"twitter_card":"summary_large_image","twitter_misc":{"Gesch\u00e4tzte Lesezeit":"1 Minute"},"schema":{"@context":"https:\/\/schema.org","@graph":[{"@type":"WebPage","@id":"https:\/\/iolife.dope.studio\/de\/wir\/unser-standort\/absolute-sicherheit\/","url":"https:\/\/iolife.dope.studio\/de\/wir\/unser-standort\/absolute-sicherheit\/","name":"Absolute Sicherheit - Institute of Life","isPartOf":{"@id":"https:\/\/iolife.dope.studio\/de\/#website"},"primaryImageOfPage":{"@id":"https:\/\/iolife.dope.studio\/de\/wir\/unser-standort\/absolute-sicherheit\/#primaryimage"},"image":{"@id":"https:\/\/iolife.dope.studio\/de\/wir\/unser-standort\/absolute-sicherheit\/#primaryimage"},"thumbnailUrl":"https:\/\/iolife.dope.studio\/wp-content\/uploads\/2020\/11\/iaso4.jpg","datePublished":"2020-04-22T13:04:16+00:00","dateModified":"2020-11-24T20:00:37+00:00","breadcrumb":{"@id":"https:\/\/iolife.dope.studio\/de\/wir\/unser-standort\/absolute-sicherheit\/#breadcrumb"},"inLanguage":"de-DE","potentialAction":[{"@type":"ReadAction","target":["https:\/\/iolife.dope.studio\/de\/wir\/unser-standort\/absolute-sicherheit\/"]}]},{"@type":"ImageObject","inLanguage":"de-DE","@id":"https:\/\/iolife.dope.studio\/de\/wir\/unser-standort\/absolute-sicherheit\/#primaryimage","url":"https:\/\/iolife.dope.studio\/wp-content\/uploads\/2020\/11\/iaso4.jpg","contentUrl":"https:\/\/iolife.dope.studio\/wp-content\/uploads\/2020\/11\/iaso4.jpg","width":1000,"height":1000},{"@type":"BreadcrumbList","@id":"https:\/\/iolife.dope.studio\/de\/wir\/unser-standort\/absolute-sicherheit\/#breadcrumb","itemListElement":[{"@type":"ListItem","position":1,"name":"Home","item":"https:\/\/iolife.dope.studio\/de\/"},{"@type":"ListItem","position":2,"name":"Wir","item":"https:\/\/iolife.dope.studio\/de\/wir\/"},{"@type":"ListItem","position":3,"name":"Unser Standort","item":"https:\/\/iolife.dope.studio\/de\/wir\/unser-standort\/"},{"@type":"ListItem","position":4,"name":"Absolute Sicherheit"}]},{"@type":"WebSite","@id":"https:\/\/iolife.dope.studio\/de\/#website","url":"https:\/\/iolife.dope.studio\/de\/","name":"Institute of Life","description":"","publisher":{"@id":"https:\/\/iolife.dope.studio\/de\/#organization"},"potentialAction":[{"@type":"SearchAction","target":{"@type":"EntryPoint","urlTemplate":"https:\/\/iolife.dope.studio\/de\/?s={search_term_string}"},"query-input":{"@type":"PropertyValueSpecification","valueRequired":true,"valueName":"search_term_string"}}],"inLanguage":"de-DE"},{"@type":"Organization","@id":"https:\/\/iolife.dope.studio\/de\/#organization","name":"Institute of Life","url":"https:\/\/iolife.dope.studio\/de\/","logo":{"@type":"ImageObject","inLanguage":"de-DE","@id":"https:\/\/iolife.dope.studio\/de\/#\/schema\/logo\/image\/","url":"https:\/\/iolife.dope.studiowp-content\/uploads\/2020\/05\/4.png","contentUrl":"https:\/\/iolife.dope.studiowp-content\/uploads\/2020\/05\/4.png","width":908,"height":908,"caption":"Institute of Life"},"image":{"@id":"https:\/\/iolife.dope.studio\/de\/#\/schema\/logo\/image\/"},"sameAs":["https:\/\/web.facebook.com\/iolifeiaso?_rdc=1&amp;amp;amp;amp;amp;amp;amp;amp;amp;amp;amp;amp;amp;amp;amp;amp;amp;_rdr","https:\/\/www.youtube.com\/channel\/UCyIFMT16nMiZR0jGOyAJBTw"]}]}},"_links":{"self":[{"href":"https:\/\/iolife.dope.studio\/de\/wp-json\/wp\/v2\/pages\/29066","targetHints":{"allow":["GET"]}}],"collection":[{"href":"https:\/\/iolife.dope.studio\/de\/wp-json\/wp\/v2\/pages"}],"about":[{"href":"https:\/\/iolife.dope.studio\/de\/wp-json\/wp\/v2\/types\/page"}],"author":[{"embeddable":true,"href":"https:\/\/iolife.dope.studio\/de\/wp-json\/wp\/v2\/users\/1"}],"replies":[{"embeddable":true,"href":"https:\/\/iolife.dope.studio\/de\/wp-json\/wp\/v2\/comments?post=29066"}],"version-history":[{"count":0,"href":"https:\/\/iolife.dope.studio\/de\/wp-json\/wp\/v2\/pages\/29066\/revisions"}],"up":[{"embeddable":true,"href":"https:\/\/iolife.dope.studio\/de\/wp-json\/wp\/v2\/pages\/29061"}],"wp:featuredmedia":[{"embeddable":true,"href":"https:\/\/iolife.dope.studio\/de\/wp-json\/wp\/v2\/media\/28510"}],"wp:attachment":[{"href":"https:\/\/iolife.dope.studio\/de\/wp-json\/wp\/v2\/media?parent=29066"}],"wp:term":[{"taxonomy":"category","embeddable":true,"href":"https:\/\/iolife.dope.studio\/de\/wp-json\/wp\/v2\/categories?post=29066"},{"taxonomy":"post_tag","embeddable":true,"href":"https:\/\/iolife.dope.studio\/de\/wp-json\/wp\/v2\/tags?post=29066"}],"curies":[{"name":"wp","href":"https:\/\/api.w.org\/{rel}","templated":true}]}}