{"id":28168,"date":"2020-05-21T13:19:46","date_gmt":"2020-05-21T13:19:46","guid":{"rendered":"https:\/\/www.iolife.eu\/geeignete-alternative-finden\/egg-donation\/"},"modified":"2020-11-14T17:23:48","modified_gmt":"2020-11-14T15:23:48","slug":"eizellspende","status":"publish","type":"page","link":"https:\/\/iolife.dope.studio\/de\/geeignete-alternative-finden\/eizellspende\/","title":{"rendered":"Eizellspende"},"content":{"rendered":"<div class=\"wpb-content-wrapper\"><p>[vc_row equal_height=&#8220;yes&#8220; type=&#8220;color&#8220; vertical_align=&#8220;yes&#8220; column_gap=&#8220;no&#8220; padding_top=&#8220;0&#8243; padding_bottom=&#8220;&#8220; margin_top=&#8220;0&#8243;][vc_column width=&#8220;1\/3&#8243;][vc_column_text]<\/p>\n<h2>Eizellspende<\/h2>\n<p>[\/vc_column_text][vc_empty_space height=&#8220;80&#8243;][\/vc_column][vc_column width=&#8220;1\/3&#8243; css=&#8220;.vc_custom_1585738318112{padding-right: 10% !important;padding-left: 10% !important;}&#8220;][\/vc_column][vc_column width=&#8220;1\/3&#8243;][vc_single_image image=&#8220;22885&#8243; img_size=&#8220;full&#8220; alignment=&#8220;right&#8220; full_width=&#8220;yes&#8220;][vc_empty_space height=&#8220;80&#8243;][\/vc_column][\/vc_row][vc_row type=&#8220;color&#8220; bg_color=&#8220;#e8e8e8&#8243;][vc_column width=&#8220;1\/3&#8243;][vc_column_text text_color=&#8220;#ffffff&#8220; el_class=&#8220;.iol_lead_text&#8220; css=&#8220;.vc_custom_1605028260917{margin-top: -150px !important;padding-top: 25% !important;padding-right: 12% !important;padding-bottom: 25% !important;padding-left: 12% !important;background-color: #ac6bbc !important;}&#8220;]Es gibt Hoffnung f\u00fcr jede Frau, die Mutter werden will und keine eigenen Eizellen produziert.[\/vc_column_text][\/vc_column][vc_column width=&#8220;2\/3&#8243;][vc_column_text]Die Eizellspende erm\u00f6glicht es jeder Frau, ihren Wunsch, Mutter zu werden, mit gesunden Spendereizellen zu erf\u00fcllen.<\/p>\n<h4>Welchen Frauen kann damit geholfen werden?<\/h4>\n<p>In der Regel richtet sich die Eizellspende an Frauen im hohen Fortpflanzungsalter, ohne Eizellen oder mit wenigen Eizellen von schlechter Qualit\u00e4t. Sie richtet sich auch an Frauen mit Krebs, vorzeitiger Ovarialinsuffizienz oder einer genetischen oder Autoimmunerkrankung, die ihre Eierst\u00f6cke gesch\u00e4digt haben k\u00f6nnte. In jedem Fall kann eine L\u00f6sung gefunden werden.<\/p>\n<h4>Wie erfolgt dies?<\/h4>\n<p>Zu Beginn der Behandlung beginnt die gesunde Spenderin mit einer Hormontherapie, wie sie auch in einem nat\u00fcrlichen IVF-Zyklus durchgef\u00fchrt wird. Es folgt die Eizellentnahme und die Befruchtung mit den Spermien des Partners der Empf\u00e4ngerin. Bei dem einfachen Verfahren des Embryonentransfers werden die befruchteten Embryonen in die Geb\u00e4rmutter der Empf\u00e4ngerin \u00fcbertragen oder kryokonserviert, damit sie \u00fcbertragen werden k\u00f6nnen, wann immer die Empf\u00e4ngerin dies w\u00fcnscht.<\/p>\n<h4>Was gilt in Griechenland?<\/h4>\n<p>Nach griechischem Recht ist die Eizellspende anonym und durch einen strengen Rahmen von Regeln gesch\u00fctzt, die das Paar und die Spenderin sch\u00fctzen. Demnach muss die Spenderin unter 35\u00a0Jahre alt sein, eine normale medizinische Vorgeschichte und normale Testergebnisse haben. Insgesamt k\u00f6nnen bis zu 2\u00a0Embryonen in die Geb\u00e4rmutter der Empf\u00e4ngerin \u00fcbertragen werden.[\/vc_column_text][\/vc_column][\/vc_row][vc_row][vc_column][vc_text_separator title=&#8220;Relevante Themen&#8220;]\n\t<div class=\"kleo-carousel-container \">\n\t\t<div class=\"kleo-carousel-items kleo-carousel-post\" data-min-items=\"1\" data-max-items=\"6\">\n\t\t\t<ul class=\"kleo-carousel\">\n\n\t\t\t\t\n<li id=\"post-28174\" class=\"post-item col-sm-4 post-28174 page type-page status-publish has-post-thumbnail hentry category-alternatives-en-de\">\n    <article>\n\n\t\t<div class=\"post-image\"><a href=\"https:\/\/iolife.dope.studio\/de\/geeignete-alternative-finden\/samenspende\/\" class=\"element-wrap\"><img loading=\"lazy\" decoding=\"async\" width=\"480\" height=\"480\" src=\"https:\/\/iolife.dope.studio\/wp-content\/uploads\/2020\/07\/dwrea-spermatos.jpg\" class=\"attachment-kleo-post-gallery size-kleo-post-gallery wp-post-image\" alt=\"\" srcset=\"https:\/\/iolife.dope.studio\/wp-content\/uploads\/2020\/07\/dwrea-spermatos.jpg 1000w, https:\/\/iolife.dope.studio\/wp-content\/uploads\/2020\/07\/dwrea-spermatos-300x300.jpg 300w, https:\/\/iolife.dope.studio\/wp-content\/uploads\/2020\/07\/dwrea-spermatos-150x150.jpg 150w, https:\/\/iolife.dope.studio\/wp-content\/uploads\/2020\/07\/dwrea-spermatos-768x768.jpg 768w, https:\/\/iolife.dope.studio\/wp-content\/uploads\/2020\/07\/dwrea-spermatos-672x672.jpg 672w\" sizes=\"auto, (max-width: 480px) 100vw, 480px\" \/><span class=\"hover-element\"><i>+<\/i><\/span><\/a><\/div><!--end post-image-->\n        <div class=\"entry-content\">\n            <h4 class=\"post-title entry-title\"><a href=\"https:\/\/iolife.dope.studio\/de\/geeignete-alternative-finden\/samenspende\/\">Samenspende<\/a><\/h4>\n\n\t\t\t                <hr>\n                <div class=\"entry-summary\">\n\t\t\t\t\t<p> Samenspende  Wenn der Samen des Partners nicht zur Befruchtung der Eizellen imstande ist und nach spezialisierter andrologischer...<\/p>                <\/div><!-- .entry-summary -->\n\t\t\t        <\/div><!--end post-info-->\n\n    <\/article>\n<\/li>\n<li id=\"post-28168\" class=\"post-item col-sm-4 post-28168 page type-page status-publish has-post-thumbnail hentry category-alternatives-en-de\">\n    <article>\n\n\t\t<div class=\"post-image\"><a href=\"https:\/\/iolife.dope.studio\/de\/geeignete-alternative-finden\/eizellspende\/\" class=\"element-wrap\"><img loading=\"lazy\" decoding=\"async\" width=\"480\" height=\"480\" src=\"https:\/\/iolife.dope.studio\/wp-content\/uploads\/2020\/06\/dwrea-wariwn.jpg\" class=\"attachment-kleo-post-gallery size-kleo-post-gallery wp-post-image\" alt=\"\" srcset=\"https:\/\/iolife.dope.studio\/wp-content\/uploads\/2020\/06\/dwrea-wariwn.jpg 1000w, https:\/\/iolife.dope.studio\/wp-content\/uploads\/2020\/06\/dwrea-wariwn-300x300.jpg 300w, https:\/\/iolife.dope.studio\/wp-content\/uploads\/2020\/06\/dwrea-wariwn-150x150.jpg 150w, https:\/\/iolife.dope.studio\/wp-content\/uploads\/2020\/06\/dwrea-wariwn-768x768.jpg 768w, https:\/\/iolife.dope.studio\/wp-content\/uploads\/2020\/06\/dwrea-wariwn-672x672.jpg 672w\" sizes=\"auto, (max-width: 480px) 100vw, 480px\" \/><span class=\"hover-element\"><i>+<\/i><\/span><\/a><\/div><!--end post-image-->\n        <div class=\"entry-content\">\n            <h4 class=\"post-title entry-title\"><a href=\"https:\/\/iolife.dope.studio\/de\/geeignete-alternative-finden\/eizellspende\/\">Eizellspende<\/a><\/h4>\n\n\t\t\t                <hr>\n                <div class=\"entry-summary\">\n\t\t\t\t\t<p> Eizellspende Es gibt Hoffnung f\u00fcr jede Frau, die Mutter werden will und keine eigenen Eizellen produziert.Die Eizellspende erm\u00f6glicht...<\/p>                <\/div><!-- .entry-summary -->\n\t\t\t        <\/div><!--end post-info-->\n\n    <\/article>\n<\/li>\n<li id=\"post-28162\" class=\"post-item col-sm-4 post-28162 page type-page status-publish has-post-thumbnail hentry category-alternatives-en-de\">\n    <article>\n\n\t\t<div class=\"post-image\"><a href=\"https:\/\/iolife.dope.studio\/de\/geeignete-alternative-finden\/leihmutterschaft\/\" class=\"element-wrap\"><img loading=\"lazy\" decoding=\"async\" width=\"480\" height=\"480\" src=\"https:\/\/iolife.dope.studio\/wp-content\/uploads\/2020\/11\/parentheti-square-4-480x480.jpg\" class=\"attachment-kleo-post-gallery size-kleo-post-gallery wp-post-image\" alt=\"\" srcset=\"https:\/\/iolife.dope.studio\/wp-content\/uploads\/2020\/11\/parentheti-square-4-480x480.jpg 480w, https:\/\/iolife.dope.studio\/wp-content\/uploads\/2020\/11\/parentheti-square-4-300x300.jpg 300w, https:\/\/iolife.dope.studio\/wp-content\/uploads\/2020\/11\/parentheti-square-4-150x150.jpg 150w, https:\/\/iolife.dope.studio\/wp-content\/uploads\/2020\/11\/parentheti-square-4-768x768.jpg 768w, https:\/\/iolife.dope.studio\/wp-content\/uploads\/2020\/11\/parentheti-square-4-672x672.jpg 672w, https:\/\/iolife.dope.studio\/wp-content\/uploads\/2020\/11\/parentheti-square-4.jpg 1000w\" sizes=\"auto, (max-width: 480px) 100vw, 480px\" \/><span class=\"hover-element\"><i>+<\/i><\/span><\/a><\/div><!--end post-image-->\n        <div class=\"entry-content\">\n            <h4 class=\"post-title entry-title\"><a href=\"https:\/\/iolife.dope.studio\/de\/geeignete-alternative-finden\/leihmutterschaft\/\">Leihmutterschaft<\/a><\/h4>\n\n\t\t\t                <hr>\n                <div class=\"entry-summary\">\n\t\t\t\t\t<p> Leihmutterschaft  Leihmutter ist die Frau, die den F\u00f6tus empf\u00e4ngt, der f\u00fcr ein Paar bestimmt ist, bei dem...<\/p>                <\/div><!-- .entry-summary -->\n\t\t\t        <\/div><!--end post-info-->\n\n    <\/article>\n<\/li>\n\t\t\t<\/ul>\n\t\t<\/div>\n\t\t<div class=\"carousel-arrow\">\n\t\t\t<a class=\"carousel-prev\" href=\"#\"><i class=\"icon-angle-left\"><\/i><\/a>\n\t\t\t<a class=\"carousel-next\" href=\"#\"><i class=\"icon-angle-right\"><\/i><\/a>\n\t\t<\/div>\n\t\t<div class=\"kleo-carousel-post-pager carousel-pager\"><\/div>\n\t<\/div><!--end carousel-container-->\n\n[\/vc_column][\/vc_row]<\/p>\n<\/div>","protected":false},"excerpt":{"rendered":"<p>[vc_row equal_height=&#8220;yes&#8220; type=&#8220;color&#8220; vertical_align=&#8220;yes&#8220; column_gap=&#8220;no&#8220; padding_top=&#8220;0&#8243; padding_bottom=&#8220;&#8220; margin_top=&#8220;0&#8243;][vc_column width=&#8220;1\/3&#8243;][vc_column_text] Eizellspende [\/vc_column_text][vc_empty_space height=&#8220;80&#8243;][\/vc_column][vc_column width=&#8220;1\/3&#8243; css=&#8220;.vc_custom_1585738318112{padding-right: 10% !important;padding-left: 10% !important;}&#8220;][\/vc_column][vc_column width=&#8220;1\/3&#8243;][vc_single_image image=&#8220;22885&#8243; img_size=&#8220;full&#8220; alignment=&#8220;right&#8220; full_width=&#8220;yes&#8220;][vc_empty_space height=&#8220;80&#8243;][\/vc_column][\/vc_row][vc_row type=&#8220;color&#8220; bg_color=&#8220;#e8e8e8&#8243;][vc_column width=&#8220;1\/3&#8243;][vc_column_text text_color=&#8220;#ffffff&#8220; el_class=&#8220;.iol_lead_text&#8220; css=&#8220;.vc_custom_1605028260917{margin-top: -150px !important;padding-top: 25% !important;padding-right: 12% !important;padding-bottom: 25% !important;padding-left: 12% !important;background-color: #ac6bbc !important;}&#8220;]Es gibt Hoffnung f\u00fcr jede Frau, die Mutter werden will und keine eigenen Eizellen produziert.[\/vc_column_text][\/vc_column][vc_column width=&#8220;2\/3&#8243;][vc_column_text]Die Eizellspende erm\u00f6glicht es [&hellip;]<\/p>\n","protected":false},"author":1,"featured_media":22881,"parent":28155,"menu_order":0,"comment_status":"closed","ping_status":"closed","template":"page-templates\/full-width.php","meta":{"footnotes":""},"categories":[362],"tags":[],"class_list":["post-28168","page","type-page","status-publish","has-post-thumbnail","hentry","category-alternatives-en-de"],"yoast_head":"<!-- This site is optimized with the Yoast SEO Premium plugin v27.3 (Yoast SEO v27.3) - https:\/\/yoast.com\/product\/yoast-seo-premium-wordpress\/ -->\n<title>Eizellspende - Institute of Life<\/title>\n<meta name=\"robots\" content=\"index, follow, max-snippet:-1, max-image-preview:large, max-video-preview:-1\" \/>\n<link rel=\"canonical\" href=\"https:\/\/iolife.dope.studio\/de\/geeignete-alternative-finden\/eizellspende\/\" \/>\n<meta property=\"og:locale\" content=\"de_DE\" \/>\n<meta property=\"og:type\" content=\"article\" \/>\n<meta property=\"og:title\" content=\"Eizellspende\" \/>\n<meta property=\"og:description\" content=\"[vc_row equal_height=&#8220;yes&#8220; type=&#8220;color&#8220; vertical_align=&#8220;yes&#8220; column_gap=&#8220;no&#8220; padding_top=&#8220;0&#8243; padding_bottom=&#8220;&#8220; margin_top=&#8220;0&#8243;][vc_column width=&#8220;1\/3&#8243;][vc_column_text] Eizellspende [\/vc_column_text][vc_empty_space height=&#8220;80&#8243;][\/vc_column][vc_column width=&#8220;1\/3&#8243; css=&#8220;.vc_custom_1585738318112{padding-right: 10% !important;padding-left: 10% !important;}&#8220;][\/vc_column][vc_column width=&#8220;1\/3&#8243;][vc_single_image image=&#8220;22885&#8243; img_size=&#8220;full&#8220; alignment=&#8220;right&#8220; full_width=&#8220;yes&#8220;][vc_empty_space height=&#8220;80&#8243;][\/vc_column][\/vc_row][vc_row type=&#8220;color&#8220; bg_color=&#8220;#e8e8e8&#8243;][vc_column width=&#8220;1\/3&#8243;][vc_column_text text_color=&#8220;#ffffff&#8220; el_class=&#8220;.iol_lead_text&#8220; css=&#8220;.vc_custom_1605028260917{margin-top: -150px !important;padding-top: 25% !important;padding-right: 12% !important;padding-bottom: 25% !important;padding-left: 12% !important;background-color: #ac6bbc !important;}&#8220;]Es gibt Hoffnung f\u00fcr jede Frau, die Mutter werden will und keine eigenen Eizellen produziert.[\/vc_column_text][\/vc_column][vc_column width=&#8220;2\/3&#8243;][vc_column_text]Die Eizellspende erm\u00f6glicht es [&hellip;]\" \/>\n<meta property=\"og:url\" content=\"https:\/\/iolife.dope.studio\/de\/geeignete-alternative-finden\/eizellspende\/\" \/>\n<meta property=\"og:site_name\" content=\"Institute of Life\" \/>\n<meta property=\"article:publisher\" content=\"https:\/\/web.facebook.com\/iolifeiaso?_rdc=1&amp;amp%3bamp%3bamp%3bamp%3bamp%3bamp%3bamp%3bamp%3bamp%3bamp%3bamp%3bamp%3bamp%3bamp%3bamp%3bamp%3bamp%3b_rdr\" \/>\n<meta property=\"article:modified_time\" content=\"2020-11-14T15:23:48+00:00\" \/>\n<meta property=\"og:image\" content=\"https:\/\/iolife.dope.studio\/wp-content\/uploads\/2020\/06\/dwrea-wariwn.jpg\" \/>\n\t<meta property=\"og:image:width\" content=\"1000\" \/>\n\t<meta property=\"og:image:height\" content=\"1000\" \/>\n\t<meta property=\"og:image:type\" content=\"image\/jpeg\" \/>\n<meta name=\"twitter:card\" content=\"summary_large_image\" \/>\n<meta name=\"twitter:label1\" content=\"Gesch\u00e4tzte Lesezeit\" \/>\n\t<meta name=\"twitter:data1\" content=\"2 Minuten\" \/>\n<script type=\"application\/ld+json\" class=\"yoast-schema-graph\">{\"@context\":\"https:\\\/\\\/schema.org\",\"@graph\":[{\"@type\":\"WebPage\",\"@id\":\"https:\\\/\\\/iolife.dope.studio\\\/de\\\/geeignete-alternative-finden\\\/eizellspende\\\/\",\"url\":\"https:\\\/\\\/iolife.dope.studio\\\/de\\\/geeignete-alternative-finden\\\/eizellspende\\\/\",\"name\":\"Eizellspende - Institute of Life\",\"isPartOf\":{\"@id\":\"https:\\\/\\\/iolife.dope.studio\\\/de\\\/#website\"},\"primaryImageOfPage\":{\"@id\":\"https:\\\/\\\/iolife.dope.studio\\\/de\\\/geeignete-alternative-finden\\\/eizellspende\\\/#primaryimage\"},\"image\":{\"@id\":\"https:\\\/\\\/iolife.dope.studio\\\/de\\\/geeignete-alternative-finden\\\/eizellspende\\\/#primaryimage\"},\"thumbnailUrl\":\"https:\\\/\\\/iolife.dope.studio\\\/wp-content\\\/uploads\\\/2020\\\/06\\\/dwrea-wariwn.jpg\",\"datePublished\":\"2020-05-21T13:19:46+00:00\",\"dateModified\":\"2020-11-14T15:23:48+00:00\",\"breadcrumb\":{\"@id\":\"https:\\\/\\\/iolife.dope.studio\\\/de\\\/geeignete-alternative-finden\\\/eizellspende\\\/#breadcrumb\"},\"inLanguage\":\"de-DE\",\"potentialAction\":[{\"@type\":\"ReadAction\",\"target\":[\"https:\\\/\\\/iolife.dope.studio\\\/de\\\/geeignete-alternative-finden\\\/eizellspende\\\/\"]}]},{\"@type\":\"ImageObject\",\"inLanguage\":\"de-DE\",\"@id\":\"https:\\\/\\\/iolife.dope.studio\\\/de\\\/geeignete-alternative-finden\\\/eizellspende\\\/#primaryimage\",\"url\":\"https:\\\/\\\/iolife.dope.studio\\\/wp-content\\\/uploads\\\/2020\\\/06\\\/dwrea-wariwn.jpg\",\"contentUrl\":\"https:\\\/\\\/iolife.dope.studio\\\/wp-content\\\/uploads\\\/2020\\\/06\\\/dwrea-wariwn.jpg\",\"width\":1000,\"height\":1000},{\"@type\":\"BreadcrumbList\",\"@id\":\"https:\\\/\\\/iolife.dope.studio\\\/de\\\/geeignete-alternative-finden\\\/eizellspende\\\/#breadcrumb\",\"itemListElement\":[{\"@type\":\"ListItem\",\"position\":1,\"name\":\"Home\",\"item\":\"https:\\\/\\\/iolife.dope.studio\\\/de\\\/\"},{\"@type\":\"ListItem\",\"position\":2,\"name\":\"Geeignete alternative finden\",\"item\":\"https:\\\/\\\/iolife.dope.studio\\\/de\\\/geeignete-alternative-finden\\\/\"},{\"@type\":\"ListItem\",\"position\":3,\"name\":\"Eizellspende\"}]},{\"@type\":\"WebSite\",\"@id\":\"https:\\\/\\\/iolife.dope.studio\\\/de\\\/#website\",\"url\":\"https:\\\/\\\/iolife.dope.studio\\\/de\\\/\",\"name\":\"Institute of Life\",\"description\":\"\",\"publisher\":{\"@id\":\"https:\\\/\\\/iolife.dope.studio\\\/de\\\/#organization\"},\"potentialAction\":[{\"@type\":\"SearchAction\",\"target\":{\"@type\":\"EntryPoint\",\"urlTemplate\":\"https:\\\/\\\/iolife.dope.studio\\\/de\\\/?s={search_term_string}\"},\"query-input\":{\"@type\":\"PropertyValueSpecification\",\"valueRequired\":true,\"valueName\":\"search_term_string\"}}],\"inLanguage\":\"de-DE\"},{\"@type\":\"Organization\",\"@id\":\"https:\\\/\\\/iolife.dope.studio\\\/de\\\/#organization\",\"name\":\"Institute of Life\",\"url\":\"https:\\\/\\\/iolife.dope.studio\\\/de\\\/\",\"logo\":{\"@type\":\"ImageObject\",\"inLanguage\":\"de-DE\",\"@id\":\"https:\\\/\\\/iolife.dope.studio\\\/de\\\/#\\\/schema\\\/logo\\\/image\\\/\",\"url\":\"https:\\\/\\\/iolife.dope.studiowp-content\\\/uploads\\\/2020\\\/05\\\/4.png\",\"contentUrl\":\"https:\\\/\\\/iolife.dope.studiowp-content\\\/uploads\\\/2020\\\/05\\\/4.png\",\"width\":908,\"height\":908,\"caption\":\"Institute of Life\"},\"image\":{\"@id\":\"https:\\\/\\\/iolife.dope.studio\\\/de\\\/#\\\/schema\\\/logo\\\/image\\\/\"},\"sameAs\":[\"https:\\\/\\\/web.facebook.com\\\/iolifeiaso?_rdc=1&amp;amp;amp;amp;amp;amp;amp;amp;amp;amp;amp;amp;amp;amp;amp;amp;amp;_rdr\",\"https:\\\/\\\/www.youtube.com\\\/channel\\\/UCyIFMT16nMiZR0jGOyAJBTw\"]}]}<\/script>\n<!-- \/ Yoast SEO Premium plugin. -->","yoast_head_json":{"title":"Eizellspende - Institute of Life","robots":{"index":"index","follow":"follow","max-snippet":"max-snippet:-1","max-image-preview":"max-image-preview:large","max-video-preview":"max-video-preview:-1"},"canonical":"https:\/\/iolife.dope.studio\/de\/geeignete-alternative-finden\/eizellspende\/","og_locale":"de_DE","og_type":"article","og_title":"Eizellspende","og_description":"[vc_row equal_height=&#8220;yes&#8220; type=&#8220;color&#8220; vertical_align=&#8220;yes&#8220; column_gap=&#8220;no&#8220; padding_top=&#8220;0&#8243; padding_bottom=&#8220;&#8220; margin_top=&#8220;0&#8243;][vc_column width=&#8220;1\/3&#8243;][vc_column_text] Eizellspende [\/vc_column_text][vc_empty_space height=&#8220;80&#8243;][\/vc_column][vc_column width=&#8220;1\/3&#8243; css=&#8220;.vc_custom_1585738318112{padding-right: 10% !important;padding-left: 10% !important;}&#8220;][\/vc_column][vc_column width=&#8220;1\/3&#8243;][vc_single_image image=&#8220;22885&#8243; img_size=&#8220;full&#8220; alignment=&#8220;right&#8220; full_width=&#8220;yes&#8220;][vc_empty_space height=&#8220;80&#8243;][\/vc_column][\/vc_row][vc_row type=&#8220;color&#8220; bg_color=&#8220;#e8e8e8&#8243;][vc_column width=&#8220;1\/3&#8243;][vc_column_text text_color=&#8220;#ffffff&#8220; el_class=&#8220;.iol_lead_text&#8220; css=&#8220;.vc_custom_1605028260917{margin-top: -150px !important;padding-top: 25% !important;padding-right: 12% !important;padding-bottom: 25% !important;padding-left: 12% !important;background-color: #ac6bbc !important;}&#8220;]Es gibt Hoffnung f\u00fcr jede Frau, die Mutter werden will und keine eigenen Eizellen produziert.[\/vc_column_text][\/vc_column][vc_column width=&#8220;2\/3&#8243;][vc_column_text]Die Eizellspende erm\u00f6glicht es [&hellip;]","og_url":"https:\/\/iolife.dope.studio\/de\/geeignete-alternative-finden\/eizellspende\/","og_site_name":"Institute of Life","article_publisher":"https:\/\/web.facebook.com\/iolifeiaso?_rdc=1&amp%3bamp%3bamp%3bamp%3bamp%3bamp%3bamp%3bamp%3bamp%3bamp%3bamp%3bamp%3bamp%3bamp%3bamp%3bamp%3bamp%3b_rdr","article_modified_time":"2020-11-14T15:23:48+00:00","og_image":[{"width":1000,"height":1000,"url":"https:\/\/iolife.dope.studio\/wp-content\/uploads\/2020\/06\/dwrea-wariwn.jpg","type":"image\/jpeg"}],"twitter_card":"summary_large_image","twitter_misc":{"Gesch\u00e4tzte Lesezeit":"2 Minuten"},"schema":{"@context":"https:\/\/schema.org","@graph":[{"@type":"WebPage","@id":"https:\/\/iolife.dope.studio\/de\/geeignete-alternative-finden\/eizellspende\/","url":"https:\/\/iolife.dope.studio\/de\/geeignete-alternative-finden\/eizellspende\/","name":"Eizellspende - Institute of Life","isPartOf":{"@id":"https:\/\/iolife.dope.studio\/de\/#website"},"primaryImageOfPage":{"@id":"https:\/\/iolife.dope.studio\/de\/geeignete-alternative-finden\/eizellspende\/#primaryimage"},"image":{"@id":"https:\/\/iolife.dope.studio\/de\/geeignete-alternative-finden\/eizellspende\/#primaryimage"},"thumbnailUrl":"https:\/\/iolife.dope.studio\/wp-content\/uploads\/2020\/06\/dwrea-wariwn.jpg","datePublished":"2020-05-21T13:19:46+00:00","dateModified":"2020-11-14T15:23:48+00:00","breadcrumb":{"@id":"https:\/\/iolife.dope.studio\/de\/geeignete-alternative-finden\/eizellspende\/#breadcrumb"},"inLanguage":"de-DE","potentialAction":[{"@type":"ReadAction","target":["https:\/\/iolife.dope.studio\/de\/geeignete-alternative-finden\/eizellspende\/"]}]},{"@type":"ImageObject","inLanguage":"de-DE","@id":"https:\/\/iolife.dope.studio\/de\/geeignete-alternative-finden\/eizellspende\/#primaryimage","url":"https:\/\/iolife.dope.studio\/wp-content\/uploads\/2020\/06\/dwrea-wariwn.jpg","contentUrl":"https:\/\/iolife.dope.studio\/wp-content\/uploads\/2020\/06\/dwrea-wariwn.jpg","width":1000,"height":1000},{"@type":"BreadcrumbList","@id":"https:\/\/iolife.dope.studio\/de\/geeignete-alternative-finden\/eizellspende\/#breadcrumb","itemListElement":[{"@type":"ListItem","position":1,"name":"Home","item":"https:\/\/iolife.dope.studio\/de\/"},{"@type":"ListItem","position":2,"name":"Geeignete alternative finden","item":"https:\/\/iolife.dope.studio\/de\/geeignete-alternative-finden\/"},{"@type":"ListItem","position":3,"name":"Eizellspende"}]},{"@type":"WebSite","@id":"https:\/\/iolife.dope.studio\/de\/#website","url":"https:\/\/iolife.dope.studio\/de\/","name":"Institute of Life","description":"","publisher":{"@id":"https:\/\/iolife.dope.studio\/de\/#organization"},"potentialAction":[{"@type":"SearchAction","target":{"@type":"EntryPoint","urlTemplate":"https:\/\/iolife.dope.studio\/de\/?s={search_term_string}"},"query-input":{"@type":"PropertyValueSpecification","valueRequired":true,"valueName":"search_term_string"}}],"inLanguage":"de-DE"},{"@type":"Organization","@id":"https:\/\/iolife.dope.studio\/de\/#organization","name":"Institute of Life","url":"https:\/\/iolife.dope.studio\/de\/","logo":{"@type":"ImageObject","inLanguage":"de-DE","@id":"https:\/\/iolife.dope.studio\/de\/#\/schema\/logo\/image\/","url":"https:\/\/iolife.dope.studiowp-content\/uploads\/2020\/05\/4.png","contentUrl":"https:\/\/iolife.dope.studiowp-content\/uploads\/2020\/05\/4.png","width":908,"height":908,"caption":"Institute of Life"},"image":{"@id":"https:\/\/iolife.dope.studio\/de\/#\/schema\/logo\/image\/"},"sameAs":["https:\/\/web.facebook.com\/iolifeiaso?_rdc=1&amp;amp;amp;amp;amp;amp;amp;amp;amp;amp;amp;amp;amp;amp;amp;amp;amp;_rdr","https:\/\/www.youtube.com\/channel\/UCyIFMT16nMiZR0jGOyAJBTw"]}]}},"_links":{"self":[{"href":"https:\/\/iolife.dope.studio\/de\/wp-json\/wp\/v2\/pages\/28168","targetHints":{"allow":["GET"]}}],"collection":[{"href":"https:\/\/iolife.dope.studio\/de\/wp-json\/wp\/v2\/pages"}],"about":[{"href":"https:\/\/iolife.dope.studio\/de\/wp-json\/wp\/v2\/types\/page"}],"author":[{"embeddable":true,"href":"https:\/\/iolife.dope.studio\/de\/wp-json\/wp\/v2\/users\/1"}],"replies":[{"embeddable":true,"href":"https:\/\/iolife.dope.studio\/de\/wp-json\/wp\/v2\/comments?post=28168"}],"version-history":[{"count":0,"href":"https:\/\/iolife.dope.studio\/de\/wp-json\/wp\/v2\/pages\/28168\/revisions"}],"up":[{"embeddable":true,"href":"https:\/\/iolife.dope.studio\/de\/wp-json\/wp\/v2\/pages\/28155"}],"wp:featuredmedia":[{"embeddable":true,"href":"https:\/\/iolife.dope.studio\/de\/wp-json\/wp\/v2\/media\/22881"}],"wp:attachment":[{"href":"https:\/\/iolife.dope.studio\/de\/wp-json\/wp\/v2\/media?parent=28168"}],"wp:term":[{"taxonomy":"category","embeddable":true,"href":"https:\/\/iolife.dope.studio\/de\/wp-json\/wp\/v2\/categories?post=28168"},{"taxonomy":"post_tag","embeddable":true,"href":"https:\/\/iolife.dope.studio\/de\/wp-json\/wp\/v2\/tags?post=28168"}],"curies":[{"name":"wp","href":"https:\/\/api.w.org\/{rel}","templated":true}]}}