{"id":27766,"date":"2020-05-21T09:57:01","date_gmt":"2020-05-21T09:57:01","guid":{"rendered":"https:\/\/www.iolife.eu\/ich-moechte-schwanger-werden\/when-to-seek-advice\/"},"modified":"2020-12-04T16:05:50","modified_gmt":"2020-12-04T14:05:50","slug":"wann-brauche-ich-beratung","status":"publish","type":"page","link":"https:\/\/iolife.dope.studio\/de\/ich-moechte-schwanger-werden\/wann-brauche-ich-beratung\/","title":{"rendered":"Wann brauche ich Beratung?"},"content":{"rendered":"<div class=\"wpb-content-wrapper\"><p>[vc_row equal_height=&#8220;yes&#8220; type=&#8220;color&#8220; vertical_align=&#8220;yes&#8220; column_gap=&#8220;no&#8220; padding_top=&#8220;0&#8243; padding_bottom=&#8220;&#8220; margin_top=&#8220;0&#8243;][vc_column width=&#8220;1\/3&#8243;][vc_column_text]<\/p>\n<h2>Wann brauche ich Beratung?<\/h2>\n<p>[\/vc_column_text][vc_empty_space height=&#8220;80&#8243;][\/vc_column][vc_column width=&#8220;1\/3&#8243; css=&#8220;.vc_custom_1585738318112{padding-right: 10% !important;padding-left: 10% !important;}&#8220;][\/vc_column][vc_column width=&#8220;1\/3&#8243;][vc_single_image image=&#8220;14068&#8243; img_size=&#8220;full&#8220; alignment=&#8220;right&#8220; full_width=&#8220;yes&#8220;][vc_empty_space height=&#8220;80&#8243;][\/vc_column][\/vc_row][vc_row type=&#8220;color&#8220; bg_color=&#8220;#e8e8e8&#8243;][vc_column width=&#8220;1\/3&#8243;][vc_column_text text_color=&#8220;#ffffff&#8220; css=&#8220;.vc_custom_1604690987674{margin-top: -150px !important;padding-top: 25% !important;padding-right: 12% !important;padding-bottom: 25% !important;padding-left: 12% !important;background-color: #ac6bbc !important;}&#8220;]<\/p>\n<h3><span style=\"color: #f7f5f5;\">Mit dem Begriff \u201eUnfruchtbarkeit\u201c (Infertilit\u00e4t) beschreiben wir das Ausbleiben einer Schwangerschaft bei h\u00e4ufigem freien Geschlechtsverkehr nach 1 Jahr (12 Monaten).<\/span><\/h3>\n<p>[\/vc_column_text][\/vc_column][vc_column width=&#8220;2\/3&#8243;][vc_column_text]Die Planung einer Schwangerschaft kann schwierig sein. Wenn Sie bereit sind, Eltern zu werden, jedoch Schwierigkeiten haben, schwanger zu werden, ist es vielleicht an der Zeit, den Rat eines Fertilit\u00e4tsspezialisten einzuholen.<\/p>\n<p>Unfruchtbarkeit ist keineswegs nur ein Frauenproblem. Auch M\u00e4nner k\u00f6nnen unter Unfruchtbarkeitsst\u00f6rungen leiden. Folgende Kriterien sind zu beachten, wenn ein Paar Hilfe f\u00fcr ein Verfahren der assistierten Reproduktion sucht:<\/p>\n<ul>\n<li>Das Paar versucht seit mindestens 12\u00a0Monaten, Kinder zu bekommen (wenn die Frau \u00fcber 36\u00a0Jahre alt ist, ist der Zeitraum auf 6-8\u00a0Monate begrenzt).<\/li>\n<li>Das Paar hat freien, ungesch\u00fctzten Geschlechtsverkehr<\/li>\n<li>W\u00e4hrend des gesamten Zyklus gibt es eine Kontaktfrequenz alle 2 bis 3\u00a0Tage.<\/li>\n<li>Es besteht eine Vorgeschichte von Fehlgeburten.<\/li>\n<\/ul>\n<p>[\/vc_column_text][\/vc_column][\/vc_row][vc_row][vc_column][vc_column_text]Der Begriff \u201eUnfruchtbarkeit\u201c erh\u00e4lt dann Bedeutung, wenn die M\u00f6glichkeiten der nat\u00fcrlichen Zeugung ausgesch\u00f6pft sind und die oben genannten Kriterien erf\u00fcllt sind. Dann sollte das Paar mit der Abkl\u00e4rung der Infertilit\u00e4t beginnen. Die Abkl\u00e4rung sollte nach mindestens 12\u00a0Monaten beginnen, es sei denn, es liegt bereits ein bekannter medizinischer Grund vor.<\/p>\n<p>Wenn ein Paar ein offenkundiges medizinisches Problem hat, das seine Empf\u00e4ngnisf\u00e4higkeit beeintr\u00e4chtigt, z.B. vers\u00e4umte Regelblutungen, sexuelle Funktionsst\u00f6rungen, Vorgeschichte einer Beckenerkrankung oder ein fr\u00fcherer chirurgischer Eingriff, sollte es sofort mit der Abkl\u00e4rung der Unfruchtbarkeit beginnen.<\/p>\n<p>Dabei ist zu beachten, dass bei Frauen \u00fcber 36\u00a0Jahren und weil die Chancen auf eine normale Empf\u00e4ngnis vermindert sind, mit der Untersuchung der Ursachen f\u00fcr die Unfruchtbarkeit bereits fr\u00fcher als 12\u00a0Monate begonnen werden sollte. In diesen F\u00e4llen wird empfohlen, nach 6-8 Monaten erfolgloser Versuche \u00e4rztlichen Rat einzuholen. Die fr\u00fchzeitige Erkennung m\u00f6glicher Ursachen f\u00fcr die Empf\u00e4ngnisschwierigkeiten wird Ihnen helfen, in Ruhe die richtige Behandlung zu w\u00e4hlen und die Chancen auf eine erfolgreiche Schwangerschaft zu erh\u00f6hen.[\/vc_column_text][vc_text_separator title=&#8220;Relevante Themen&#8220;]\n\t<div class=\"kleo-carousel-container \">\n\t\t<div class=\"kleo-carousel-items kleo-carousel-post\" data-min-items=\"1\" data-max-items=\"6\">\n\t\t\t<ul class=\"kleo-carousel\">\n\n\t\t\t\t\n<li id=\"post-27772\" class=\"post-item col-sm-4 post-27772 page type-page status-publish has-post-thumbnail hentry category-i-want-to-get-pregnent-en-de\">\n    <article>\n\n\t\t<div class=\"post-image\"><a href=\"https:\/\/iolife.dope.studio\/de\/ich-moechte-schwanger-werden\/untersuchungen-vor-der-ivf\/\" class=\"element-wrap\"><img loading=\"lazy\" decoding=\"async\" width=\"480\" height=\"480\" src=\"https:\/\/iolife.dope.studio\/wp-content\/uploads\/2020\/05\/examinations-before-ivf.jpg\" class=\"attachment-kleo-post-gallery size-kleo-post-gallery wp-post-image\" alt=\"\u03b3\u03b9\u03b1\u03c4\u03c1\u03cc\u03c2 \u03bc\u03b5 \u03ac\u03c3\u03c0\u03c1\u03b7 \u03c0\u03bf\u03b4\u03b9\u03ac \u03ba\u03c1\u03b1\u03c4\u03ac\u03b5\u03b9 \u03c3\u03b7\u03bc\u03b5\u03b9\u03ce\u03c3\u03b5\u03b9\u03c2 \u03ba\u03b1\u03b9 \u03c3\u03c5\u03bc\u03b2\u03bf\u03c5\u03bb\u03b5\u03cd\u03b5\u03b9 \u03b1\u03c3\u03b8\u03b5\u03bd\u03ae\" srcset=\"https:\/\/iolife.dope.studio\/wp-content\/uploads\/2020\/05\/examinations-before-ivf.jpg 1000w, https:\/\/iolife.dope.studio\/wp-content\/uploads\/2020\/05\/examinations-before-ivf-300x300.jpg 300w, https:\/\/iolife.dope.studio\/wp-content\/uploads\/2020\/05\/examinations-before-ivf-150x150.jpg 150w, https:\/\/iolife.dope.studio\/wp-content\/uploads\/2020\/05\/examinations-before-ivf-768x768.jpg 768w, https:\/\/iolife.dope.studio\/wp-content\/uploads\/2020\/05\/examinations-before-ivf-672x672.jpg 672w\" sizes=\"auto, (max-width: 480px) 100vw, 480px\" \/><span class=\"hover-element\"><i>+<\/i><\/span><\/a><\/div><!--end post-image-->\n        <div class=\"entry-content\">\n            <h4 class=\"post-title entry-title\"><a href=\"https:\/\/iolife.dope.studio\/de\/ich-moechte-schwanger-werden\/untersuchungen-vor-der-ivf\/\">Untersuchungen vor der IVF<\/a><\/h4>\n\n\t\t\t                <hr>\n                <div class=\"entry-summary\">\n\t\t\t\t\t<p> Untersuchungen vor der IVF  Um beste Ergebnisse zu erzielen, sind vor Beginn des In-Vitro-Fertilisation-Verfahrens (IVF) einige Tests...<\/p>                <\/div><!-- .entry-summary -->\n\t\t\t        <\/div><!--end post-info-->\n\n    <\/article>\n<\/li>\n<li id=\"post-27766\" class=\"post-item col-sm-4 post-27766 page type-page status-publish has-post-thumbnail hentry category-i-want-to-get-pregnent-en-de\">\n    <article>\n\n\t\t<div class=\"post-image\"><a href=\"https:\/\/iolife.dope.studio\/de\/ich-moechte-schwanger-werden\/wann-brauche-ich-beratung\/\" class=\"element-wrap\"><img loading=\"lazy\" decoding=\"async\" width=\"480\" height=\"480\" src=\"https:\/\/iolife.dope.studio\/wp-content\/uploads\/2020\/04\/sec02_photo02c.jpg\" class=\"attachment-kleo-post-gallery size-kleo-post-gallery wp-post-image\" alt=\"\u03c7\u03b1\u03c1\u03bf\u03cd\u03bc\u03b5\u03bd\u03bf \u03b6\u03b5\u03c5\u03b3\u03ac\u03c1\u03b9 \u03b1\u03b3\u03ba\u03b1\u03bb\u03b9\u03ac \u03c3\u03c5\u03bc\u03b2\u03bf\u03c5\u03bb\u03b5\u03cd\u03b5\u03c4\u03b1\u03b9 \u03b3\u03b9\u03b1\u03c4\u03c1\u03cc Institute of Life \u03b3\u03b9\u03b1\u03c4\u03c1\u03cc\u03c2 \u03ba\u03c1\u03b1\u03c4\u03ac\u03b5\u03b9 \u03c3\u03b7\u03bc\u03b5\u03b9\u03ce\u03c3\u03b5\u03b9\u03c2\" srcset=\"https:\/\/iolife.dope.studio\/wp-content\/uploads\/2020\/04\/sec02_photo02c.jpg 1000w, https:\/\/iolife.dope.studio\/wp-content\/uploads\/2020\/04\/sec02_photo02c-300x300.jpg 300w, https:\/\/iolife.dope.studio\/wp-content\/uploads\/2020\/04\/sec02_photo02c-150x150.jpg 150w, https:\/\/iolife.dope.studio\/wp-content\/uploads\/2020\/04\/sec02_photo02c-768x768.jpg 768w, https:\/\/iolife.dope.studio\/wp-content\/uploads\/2020\/04\/sec02_photo02c-672x672.jpg 672w\" sizes=\"auto, (max-width: 480px) 100vw, 480px\" \/><span class=\"hover-element\"><i>+<\/i><\/span><\/a><\/div><!--end post-image-->\n        <div class=\"entry-content\">\n            <h4 class=\"post-title entry-title\"><a href=\"https:\/\/iolife.dope.studio\/de\/ich-moechte-schwanger-werden\/wann-brauche-ich-beratung\/\">Wann brauche ich Beratung?<\/a><\/h4>\n\n\t\t\t                <hr>\n                <div class=\"entry-summary\">\n\t\t\t\t\t<p> Wann brauche ich Beratung?  Mit dem Begriff \u201eUnfruchtbarkeit\u201c (Infertilit\u00e4t) beschreiben wir das Ausbleiben einer Schwangerschaft bei h\u00e4ufigem...<\/p>                <\/div><!-- .entry-summary -->\n\t\t\t        <\/div><!--end post-info-->\n\n    <\/article>\n<\/li>\n<li id=\"post-27758\" class=\"post-item col-sm-4 post-27758 page type-page status-publish has-post-thumbnail hentry category-i-want-to-get-pregnent-en-de\">\n    <article>\n\n\t\t<div class=\"post-image\"><a href=\"https:\/\/iolife.dope.studio\/de\/ich-moechte-schwanger-werden\/wie-berechne-ich-die-fruchtbaren-tage\/\" class=\"element-wrap\"><img loading=\"lazy\" decoding=\"async\" width=\"480\" height=\"480\" src=\"https:\/\/iolife.dope.studio\/wp-content\/uploads\/2020\/11\/Ovul2-480x480.jpg\" class=\"attachment-kleo-post-gallery size-kleo-post-gallery wp-post-image\" alt=\"\u03c4\u03b5\u03c3\u03c4 \u03b5\u03b3\u03ba\u03c5\u03bc\u03bf\u03c3\u03cd\u03bd\u03b7\u03c2 \u03c0\u03ac\u03bd\u03c9 \u03c3\u03b5 \u03b7\u03bc\u03b5\u03c1\u03bf\u03bb\u03cc\u03b3\u03b9\u03bf\" srcset=\"https:\/\/iolife.dope.studio\/wp-content\/uploads\/2020\/11\/Ovul2-480x480.jpg 480w, https:\/\/iolife.dope.studio\/wp-content\/uploads\/2020\/11\/Ovul2-300x300.jpg 300w, https:\/\/iolife.dope.studio\/wp-content\/uploads\/2020\/11\/Ovul2-150x150.jpg 150w, https:\/\/iolife.dope.studio\/wp-content\/uploads\/2020\/11\/Ovul2-768x768.jpg 768w, https:\/\/iolife.dope.studio\/wp-content\/uploads\/2020\/11\/Ovul2-672x672.jpg 672w, https:\/\/iolife.dope.studio\/wp-content\/uploads\/2020\/11\/Ovul2.jpg 1000w\" sizes=\"auto, (max-width: 480px) 100vw, 480px\" \/><span class=\"hover-element\"><i>+<\/i><\/span><\/a><\/div><!--end post-image-->\n        <div class=\"entry-content\">\n            <h4 class=\"post-title entry-title\"><a href=\"https:\/\/iolife.dope.studio\/de\/ich-moechte-schwanger-werden\/wie-berechne-ich-die-fruchtbaren-tage\/\">Wie berechne ich die fruchtbaren Tage?<\/a><\/h4>\n\n\t\t\t                <hr>\n                <div class=\"entry-summary\">\n\t\t\t\t\t<p> Wie berechne ich die fruchtbaren Tage? Die fruchtbaren Tage k\u00f6nnen je nach Zyklus von Frau zu Frau variieren....<\/p>                <\/div><!-- .entry-summary -->\n\t\t\t        <\/div><!--end post-info-->\n\n    <\/article>\n<\/li>\n\t\t\t<\/ul>\n\t\t<\/div>\n\t\t<div class=\"carousel-arrow\">\n\t\t\t<a class=\"carousel-prev\" href=\"#\"><i class=\"icon-angle-left\"><\/i><\/a>\n\t\t\t<a class=\"carousel-next\" href=\"#\"><i class=\"icon-angle-right\"><\/i><\/a>\n\t\t<\/div>\n\t\t<div class=\"kleo-carousel-post-pager carousel-pager\"><\/div>\n\t<\/div><!--end carousel-container-->\n\n[\/vc_column][\/vc_row]<\/p>\n<\/div>","protected":false},"excerpt":{"rendered":"<p>[vc_row equal_height=&#8220;yes&#8220; type=&#8220;color&#8220; vertical_align=&#8220;yes&#8220; column_gap=&#8220;no&#8220; padding_top=&#8220;0&#8243; padding_bottom=&#8220;&#8220; margin_top=&#8220;0&#8243;][vc_column width=&#8220;1\/3&#8243;][vc_column_text] Wann brauche ich Beratung? [\/vc_column_text][vc_empty_space height=&#8220;80&#8243;][\/vc_column][vc_column width=&#8220;1\/3&#8243; css=&#8220;.vc_custom_1585738318112{padding-right: 10% !important;padding-left: 10% !important;}&#8220;][\/vc_column][vc_column width=&#8220;1\/3&#8243;][vc_single_image image=&#8220;14068&#8243; img_size=&#8220;full&#8220; alignment=&#8220;right&#8220; full_width=&#8220;yes&#8220;][vc_empty_space height=&#8220;80&#8243;][\/vc_column][\/vc_row][vc_row type=&#8220;color&#8220; bg_color=&#8220;#e8e8e8&#8243;][vc_column width=&#8220;1\/3&#8243;][vc_column_text text_color=&#8220;#ffffff&#8220; css=&#8220;.vc_custom_1604690987674{margin-top: -150px !important;padding-top: 25% !important;padding-right: 12% !important;padding-bottom: 25% !important;padding-left: 12% !important;background-color: #ac6bbc !important;}&#8220;] Mit dem Begriff \u201eUnfruchtbarkeit\u201c (Infertilit\u00e4t) beschreiben wir das Ausbleiben einer Schwangerschaft bei h\u00e4ufigem freien Geschlechtsverkehr nach [&hellip;]<\/p>\n","protected":false},"author":1,"featured_media":24576,"parent":27749,"menu_order":0,"comment_status":"closed","ping_status":"closed","template":"page-templates\/full-width.php","meta":{"footnotes":""},"categories":[358],"tags":[],"class_list":["post-27766","page","type-page","status-publish","has-post-thumbnail","hentry","category-i-want-to-get-pregnent-en-de"],"yoast_head":"<!-- This site is optimized with the Yoast SEO Premium plugin v27.3 (Yoast SEO v27.3) - https:\/\/yoast.com\/product\/yoast-seo-premium-wordpress\/ -->\n<title>Wann brauche ich Beratung? - Institute of Life<\/title>\n<meta name=\"robots\" content=\"index, follow, max-snippet:-1, max-image-preview:large, max-video-preview:-1\" \/>\n<link rel=\"canonical\" href=\"https:\/\/iolife.dope.studio\/de\/ich-moechte-schwanger-werden\/wann-brauche-ich-beratung\/\" \/>\n<meta property=\"og:locale\" content=\"de_DE\" \/>\n<meta property=\"og:type\" content=\"article\" \/>\n<meta property=\"og:title\" content=\"Wann brauche ich Beratung?\" \/>\n<meta property=\"og:description\" content=\"[vc_row equal_height=&#8220;yes&#8220; type=&#8220;color&#8220; vertical_align=&#8220;yes&#8220; column_gap=&#8220;no&#8220; padding_top=&#8220;0&#8243; padding_bottom=&#8220;&#8220; margin_top=&#8220;0&#8243;][vc_column width=&#8220;1\/3&#8243;][vc_column_text] Wann brauche ich Beratung? [\/vc_column_text][vc_empty_space height=&#8220;80&#8243;][\/vc_column][vc_column width=&#8220;1\/3&#8243; css=&#8220;.vc_custom_1585738318112{padding-right: 10% !important;padding-left: 10% !important;}&#8220;][\/vc_column][vc_column width=&#8220;1\/3&#8243;][vc_single_image image=&#8220;14068&#8243; img_size=&#8220;full&#8220; alignment=&#8220;right&#8220; full_width=&#8220;yes&#8220;][vc_empty_space height=&#8220;80&#8243;][\/vc_column][\/vc_row][vc_row type=&#8220;color&#8220; bg_color=&#8220;#e8e8e8&#8243;][vc_column width=&#8220;1\/3&#8243;][vc_column_text text_color=&#8220;#ffffff&#8220; css=&#8220;.vc_custom_1604690987674{margin-top: -150px !important;padding-top: 25% !important;padding-right: 12% !important;padding-bottom: 25% !important;padding-left: 12% !important;background-color: #ac6bbc !important;}&#8220;] Mit dem Begriff \u201eUnfruchtbarkeit\u201c (Infertilit\u00e4t) beschreiben wir das Ausbleiben einer Schwangerschaft bei h\u00e4ufigem freien Geschlechtsverkehr nach [&hellip;]\" \/>\n<meta property=\"og:url\" content=\"https:\/\/iolife.dope.studio\/de\/ich-moechte-schwanger-werden\/wann-brauche-ich-beratung\/\" \/>\n<meta property=\"og:site_name\" content=\"Institute of Life\" \/>\n<meta property=\"article:publisher\" content=\"https:\/\/web.facebook.com\/iolifeiaso?_rdc=1&amp;amp%3bamp%3bamp%3bamp%3bamp%3bamp%3bamp%3bamp%3bamp%3bamp%3bamp%3bamp%3bamp%3bamp%3bamp%3bamp%3bamp%3b_rdr\" \/>\n<meta property=\"article:modified_time\" content=\"2020-12-04T14:05:50+00:00\" \/>\n<meta property=\"og:image\" content=\"https:\/\/iolife.dope.studio\/wp-content\/uploads\/2020\/04\/sec02_photo02c.jpg\" \/>\n\t<meta property=\"og:image:width\" content=\"1000\" \/>\n\t<meta property=\"og:image:height\" content=\"1000\" \/>\n\t<meta property=\"og:image:type\" content=\"image\/jpeg\" \/>\n<meta name=\"twitter:card\" content=\"summary_large_image\" \/>\n<meta name=\"twitter:label1\" content=\"Gesch\u00e4tzte Lesezeit\" \/>\n\t<meta name=\"twitter:data1\" content=\"2 Minuten\" \/>\n<script type=\"application\/ld+json\" class=\"yoast-schema-graph\">{\"@context\":\"https:\\\/\\\/schema.org\",\"@graph\":[{\"@type\":\"WebPage\",\"@id\":\"https:\\\/\\\/iolife.dope.studio\\\/de\\\/ich-moechte-schwanger-werden\\\/wann-brauche-ich-beratung\\\/\",\"url\":\"https:\\\/\\\/iolife.dope.studio\\\/de\\\/ich-moechte-schwanger-werden\\\/wann-brauche-ich-beratung\\\/\",\"name\":\"Wann brauche ich Beratung? - Institute of Life\",\"isPartOf\":{\"@id\":\"https:\\\/\\\/iolife.dope.studio\\\/de\\\/#website\"},\"primaryImageOfPage\":{\"@id\":\"https:\\\/\\\/iolife.dope.studio\\\/de\\\/ich-moechte-schwanger-werden\\\/wann-brauche-ich-beratung\\\/#primaryimage\"},\"image\":{\"@id\":\"https:\\\/\\\/iolife.dope.studio\\\/de\\\/ich-moechte-schwanger-werden\\\/wann-brauche-ich-beratung\\\/#primaryimage\"},\"thumbnailUrl\":\"https:\\\/\\\/iolife.dope.studio\\\/wp-content\\\/uploads\\\/2020\\\/04\\\/sec02_photo02c.jpg\",\"datePublished\":\"2020-05-21T09:57:01+00:00\",\"dateModified\":\"2020-12-04T14:05:50+00:00\",\"breadcrumb\":{\"@id\":\"https:\\\/\\\/iolife.dope.studio\\\/de\\\/ich-moechte-schwanger-werden\\\/wann-brauche-ich-beratung\\\/#breadcrumb\"},\"inLanguage\":\"de-DE\",\"potentialAction\":[{\"@type\":\"ReadAction\",\"target\":[\"https:\\\/\\\/iolife.dope.studio\\\/de\\\/ich-moechte-schwanger-werden\\\/wann-brauche-ich-beratung\\\/\"]}]},{\"@type\":\"ImageObject\",\"inLanguage\":\"de-DE\",\"@id\":\"https:\\\/\\\/iolife.dope.studio\\\/de\\\/ich-moechte-schwanger-werden\\\/wann-brauche-ich-beratung\\\/#primaryimage\",\"url\":\"https:\\\/\\\/iolife.dope.studio\\\/wp-content\\\/uploads\\\/2020\\\/04\\\/sec02_photo02c.jpg\",\"contentUrl\":\"https:\\\/\\\/iolife.dope.studio\\\/wp-content\\\/uploads\\\/2020\\\/04\\\/sec02_photo02c.jpg\",\"width\":1000,\"height\":1000,\"caption\":\"\u03c7\u03b1\u03c1\u03bf\u03cd\u03bc\u03b5\u03bd\u03bf \u03b6\u03b5\u03c5\u03b3\u03ac\u03c1\u03b9 \u03b1\u03b3\u03ba\u03b1\u03bb\u03b9\u03ac \u03c3\u03c5\u03bc\u03b2\u03bf\u03c5\u03bb\u03b5\u03cd\u03b5\u03c4\u03b1\u03b9 \u03b3\u03b9\u03b1\u03c4\u03c1\u03cc Institute of Life \u03b3\u03b9\u03b1\u03c4\u03c1\u03cc\u03c2 \u03ba\u03c1\u03b1\u03c4\u03ac\u03b5\u03b9 \u03c3\u03b7\u03bc\u03b5\u03b9\u03ce\u03c3\u03b5\u03b9\u03c2\"},{\"@type\":\"BreadcrumbList\",\"@id\":\"https:\\\/\\\/iolife.dope.studio\\\/de\\\/ich-moechte-schwanger-werden\\\/wann-brauche-ich-beratung\\\/#breadcrumb\",\"itemListElement\":[{\"@type\":\"ListItem\",\"position\":1,\"name\":\"Home\",\"item\":\"https:\\\/\\\/iolife.dope.studio\\\/de\\\/\"},{\"@type\":\"ListItem\",\"position\":2,\"name\":\"Ich m\u00f6chte schwanger werden\",\"item\":\"https:\\\/\\\/iolife.dope.studio\\\/de\\\/ich-moechte-schwanger-werden\\\/\"},{\"@type\":\"ListItem\",\"position\":3,\"name\":\"Wann brauche ich Beratung?\"}]},{\"@type\":\"WebSite\",\"@id\":\"https:\\\/\\\/iolife.dope.studio\\\/de\\\/#website\",\"url\":\"https:\\\/\\\/iolife.dope.studio\\\/de\\\/\",\"name\":\"Institute of Life\",\"description\":\"\",\"publisher\":{\"@id\":\"https:\\\/\\\/iolife.dope.studio\\\/de\\\/#organization\"},\"potentialAction\":[{\"@type\":\"SearchAction\",\"target\":{\"@type\":\"EntryPoint\",\"urlTemplate\":\"https:\\\/\\\/iolife.dope.studio\\\/de\\\/?s={search_term_string}\"},\"query-input\":{\"@type\":\"PropertyValueSpecification\",\"valueRequired\":true,\"valueName\":\"search_term_string\"}}],\"inLanguage\":\"de-DE\"},{\"@type\":\"Organization\",\"@id\":\"https:\\\/\\\/iolife.dope.studio\\\/de\\\/#organization\",\"name\":\"Institute of Life\",\"url\":\"https:\\\/\\\/iolife.dope.studio\\\/de\\\/\",\"logo\":{\"@type\":\"ImageObject\",\"inLanguage\":\"de-DE\",\"@id\":\"https:\\\/\\\/iolife.dope.studio\\\/de\\\/#\\\/schema\\\/logo\\\/image\\\/\",\"url\":\"https:\\\/\\\/iolife.dope.studiowp-content\\\/uploads\\\/2020\\\/05\\\/4.png\",\"contentUrl\":\"https:\\\/\\\/iolife.dope.studiowp-content\\\/uploads\\\/2020\\\/05\\\/4.png\",\"width\":908,\"height\":908,\"caption\":\"Institute of Life\"},\"image\":{\"@id\":\"https:\\\/\\\/iolife.dope.studio\\\/de\\\/#\\\/schema\\\/logo\\\/image\\\/\"},\"sameAs\":[\"https:\\\/\\\/web.facebook.com\\\/iolifeiaso?_rdc=1&amp;amp;amp;amp;amp;amp;amp;amp;amp;amp;amp;amp;amp;amp;amp;amp;amp;_rdr\",\"https:\\\/\\\/www.youtube.com\\\/channel\\\/UCyIFMT16nMiZR0jGOyAJBTw\"]}]}<\/script>\n<!-- \/ Yoast SEO Premium plugin. -->","yoast_head_json":{"title":"Wann brauche ich Beratung? - Institute of Life","robots":{"index":"index","follow":"follow","max-snippet":"max-snippet:-1","max-image-preview":"max-image-preview:large","max-video-preview":"max-video-preview:-1"},"canonical":"https:\/\/iolife.dope.studio\/de\/ich-moechte-schwanger-werden\/wann-brauche-ich-beratung\/","og_locale":"de_DE","og_type":"article","og_title":"Wann brauche ich Beratung?","og_description":"[vc_row equal_height=&#8220;yes&#8220; type=&#8220;color&#8220; vertical_align=&#8220;yes&#8220; column_gap=&#8220;no&#8220; padding_top=&#8220;0&#8243; padding_bottom=&#8220;&#8220; margin_top=&#8220;0&#8243;][vc_column width=&#8220;1\/3&#8243;][vc_column_text] Wann brauche ich Beratung? [\/vc_column_text][vc_empty_space height=&#8220;80&#8243;][\/vc_column][vc_column width=&#8220;1\/3&#8243; css=&#8220;.vc_custom_1585738318112{padding-right: 10% !important;padding-left: 10% !important;}&#8220;][\/vc_column][vc_column width=&#8220;1\/3&#8243;][vc_single_image image=&#8220;14068&#8243; img_size=&#8220;full&#8220; alignment=&#8220;right&#8220; full_width=&#8220;yes&#8220;][vc_empty_space height=&#8220;80&#8243;][\/vc_column][\/vc_row][vc_row type=&#8220;color&#8220; bg_color=&#8220;#e8e8e8&#8243;][vc_column width=&#8220;1\/3&#8243;][vc_column_text text_color=&#8220;#ffffff&#8220; css=&#8220;.vc_custom_1604690987674{margin-top: -150px !important;padding-top: 25% !important;padding-right: 12% !important;padding-bottom: 25% !important;padding-left: 12% !important;background-color: #ac6bbc !important;}&#8220;] Mit dem Begriff \u201eUnfruchtbarkeit\u201c (Infertilit\u00e4t) beschreiben wir das Ausbleiben einer Schwangerschaft bei h\u00e4ufigem freien Geschlechtsverkehr nach [&hellip;]","og_url":"https:\/\/iolife.dope.studio\/de\/ich-moechte-schwanger-werden\/wann-brauche-ich-beratung\/","og_site_name":"Institute of Life","article_publisher":"https:\/\/web.facebook.com\/iolifeiaso?_rdc=1&amp%3bamp%3bamp%3bamp%3bamp%3bamp%3bamp%3bamp%3bamp%3bamp%3bamp%3bamp%3bamp%3bamp%3bamp%3bamp%3bamp%3b_rdr","article_modified_time":"2020-12-04T14:05:50+00:00","og_image":[{"width":1000,"height":1000,"url":"https:\/\/iolife.dope.studio\/wp-content\/uploads\/2020\/04\/sec02_photo02c.jpg","type":"image\/jpeg"}],"twitter_card":"summary_large_image","twitter_misc":{"Gesch\u00e4tzte Lesezeit":"2 Minuten"},"schema":{"@context":"https:\/\/schema.org","@graph":[{"@type":"WebPage","@id":"https:\/\/iolife.dope.studio\/de\/ich-moechte-schwanger-werden\/wann-brauche-ich-beratung\/","url":"https:\/\/iolife.dope.studio\/de\/ich-moechte-schwanger-werden\/wann-brauche-ich-beratung\/","name":"Wann brauche ich Beratung? - Institute of Life","isPartOf":{"@id":"https:\/\/iolife.dope.studio\/de\/#website"},"primaryImageOfPage":{"@id":"https:\/\/iolife.dope.studio\/de\/ich-moechte-schwanger-werden\/wann-brauche-ich-beratung\/#primaryimage"},"image":{"@id":"https:\/\/iolife.dope.studio\/de\/ich-moechte-schwanger-werden\/wann-brauche-ich-beratung\/#primaryimage"},"thumbnailUrl":"https:\/\/iolife.dope.studio\/wp-content\/uploads\/2020\/04\/sec02_photo02c.jpg","datePublished":"2020-05-21T09:57:01+00:00","dateModified":"2020-12-04T14:05:50+00:00","breadcrumb":{"@id":"https:\/\/iolife.dope.studio\/de\/ich-moechte-schwanger-werden\/wann-brauche-ich-beratung\/#breadcrumb"},"inLanguage":"de-DE","potentialAction":[{"@type":"ReadAction","target":["https:\/\/iolife.dope.studio\/de\/ich-moechte-schwanger-werden\/wann-brauche-ich-beratung\/"]}]},{"@type":"ImageObject","inLanguage":"de-DE","@id":"https:\/\/iolife.dope.studio\/de\/ich-moechte-schwanger-werden\/wann-brauche-ich-beratung\/#primaryimage","url":"https:\/\/iolife.dope.studio\/wp-content\/uploads\/2020\/04\/sec02_photo02c.jpg","contentUrl":"https:\/\/iolife.dope.studio\/wp-content\/uploads\/2020\/04\/sec02_photo02c.jpg","width":1000,"height":1000,"caption":"\u03c7\u03b1\u03c1\u03bf\u03cd\u03bc\u03b5\u03bd\u03bf \u03b6\u03b5\u03c5\u03b3\u03ac\u03c1\u03b9 \u03b1\u03b3\u03ba\u03b1\u03bb\u03b9\u03ac \u03c3\u03c5\u03bc\u03b2\u03bf\u03c5\u03bb\u03b5\u03cd\u03b5\u03c4\u03b1\u03b9 \u03b3\u03b9\u03b1\u03c4\u03c1\u03cc Institute of Life \u03b3\u03b9\u03b1\u03c4\u03c1\u03cc\u03c2 \u03ba\u03c1\u03b1\u03c4\u03ac\u03b5\u03b9 \u03c3\u03b7\u03bc\u03b5\u03b9\u03ce\u03c3\u03b5\u03b9\u03c2"},{"@type":"BreadcrumbList","@id":"https:\/\/iolife.dope.studio\/de\/ich-moechte-schwanger-werden\/wann-brauche-ich-beratung\/#breadcrumb","itemListElement":[{"@type":"ListItem","position":1,"name":"Home","item":"https:\/\/iolife.dope.studio\/de\/"},{"@type":"ListItem","position":2,"name":"Ich m\u00f6chte schwanger werden","item":"https:\/\/iolife.dope.studio\/de\/ich-moechte-schwanger-werden\/"},{"@type":"ListItem","position":3,"name":"Wann brauche ich Beratung?"}]},{"@type":"WebSite","@id":"https:\/\/iolife.dope.studio\/de\/#website","url":"https:\/\/iolife.dope.studio\/de\/","name":"Institute of Life","description":"","publisher":{"@id":"https:\/\/iolife.dope.studio\/de\/#organization"},"potentialAction":[{"@type":"SearchAction","target":{"@type":"EntryPoint","urlTemplate":"https:\/\/iolife.dope.studio\/de\/?s={search_term_string}"},"query-input":{"@type":"PropertyValueSpecification","valueRequired":true,"valueName":"search_term_string"}}],"inLanguage":"de-DE"},{"@type":"Organization","@id":"https:\/\/iolife.dope.studio\/de\/#organization","name":"Institute of Life","url":"https:\/\/iolife.dope.studio\/de\/","logo":{"@type":"ImageObject","inLanguage":"de-DE","@id":"https:\/\/iolife.dope.studio\/de\/#\/schema\/logo\/image\/","url":"https:\/\/iolife.dope.studiowp-content\/uploads\/2020\/05\/4.png","contentUrl":"https:\/\/iolife.dope.studiowp-content\/uploads\/2020\/05\/4.png","width":908,"height":908,"caption":"Institute of Life"},"image":{"@id":"https:\/\/iolife.dope.studio\/de\/#\/schema\/logo\/image\/"},"sameAs":["https:\/\/web.facebook.com\/iolifeiaso?_rdc=1&amp;amp;amp;amp;amp;amp;amp;amp;amp;amp;amp;amp;amp;amp;amp;amp;amp;_rdr","https:\/\/www.youtube.com\/channel\/UCyIFMT16nMiZR0jGOyAJBTw"]}]}},"_links":{"self":[{"href":"https:\/\/iolife.dope.studio\/de\/wp-json\/wp\/v2\/pages\/27766","targetHints":{"allow":["GET"]}}],"collection":[{"href":"https:\/\/iolife.dope.studio\/de\/wp-json\/wp\/v2\/pages"}],"about":[{"href":"https:\/\/iolife.dope.studio\/de\/wp-json\/wp\/v2\/types\/page"}],"author":[{"embeddable":true,"href":"https:\/\/iolife.dope.studio\/de\/wp-json\/wp\/v2\/users\/1"}],"replies":[{"embeddable":true,"href":"https:\/\/iolife.dope.studio\/de\/wp-json\/wp\/v2\/comments?post=27766"}],"version-history":[{"count":0,"href":"https:\/\/iolife.dope.studio\/de\/wp-json\/wp\/v2\/pages\/27766\/revisions"}],"up":[{"embeddable":true,"href":"https:\/\/iolife.dope.studio\/de\/wp-json\/wp\/v2\/pages\/27749"}],"wp:featuredmedia":[{"embeddable":true,"href":"https:\/\/iolife.dope.studio\/de\/wp-json\/wp\/v2\/media\/24576"}],"wp:attachment":[{"href":"https:\/\/iolife.dope.studio\/de\/wp-json\/wp\/v2\/media?parent=27766"}],"wp:term":[{"taxonomy":"category","embeddable":true,"href":"https:\/\/iolife.dope.studio\/de\/wp-json\/wp\/v2\/categories?post=27766"},{"taxonomy":"post_tag","embeddable":true,"href":"https:\/\/iolife.dope.studio\/de\/wp-json\/wp\/v2\/tags?post=27766"}],"curies":[{"name":"wp","href":"https:\/\/api.w.org\/{rel}","templated":true}]}}